{"id":631,"date":"2023-04-07T14:57:26","date_gmt":"2023-04-07T18:57:26","guid":{"rendered":"https:\/\/lemaraichermoderne.com\/?post_type=product&#038;p=631"},"modified":"2025-09-19T14:20:01","modified_gmt":"2025-09-19T18:20:01","slug":"poissons-hydrolyses-acadie","status":"publish","type":"product","link":"https:\/\/lemaraichermoderne.com\/en\/produit\/poissons-hydrolyses-acadie\/","title":{"rendered":"Poissons hydrolys\u00e9s Acadie"},"content":{"rendered":"<div class=\"product-details__block\">\n<div class=\"product-description rte\" data-product-description=\"\">\n<h3>Les avantages du poisson hydrolys\u00e9<\/h3>\n<p>Aide \u00e0 corriger rapidement les carences en nutriments. Id\u00e9al pour la transplantation pour am\u00e9liorer la fertilit\u00e9 du sol et l&#8217;absorption des nutriments. Parfait pour les graines et les transplantations r\u00e9centes.<\/p>\n<p>\u00c0 l&#8217;aide d&#8217;un proc\u00e9d\u00e9 d&#8217;hydrolyse \u00e0 froid, cette solution pr\u00e9serve la quantit\u00e9 maximale d&#8217;acides amin\u00e9s, fournissant tous les \u00e9l\u00e9ments nutritifs n\u00e9cessaires. Il peut:<\/p>\n<ul>\n<li>Corriger rapidement les carences du sol ;<\/li>\n<li>Favoriser la croissance des bact\u00e9ries b\u00e9n\u00e9fiques dans l&#8217;\u00e9cosyst\u00e8me;<\/li>\n<li>Stimuler et optimiser la croissance des racines et la floraison ;<\/li>\n<li>Apporter des nutriments riches au sol ;<\/li>\n<li>Augmenter le taux de Brix (quantit\u00e9 de sucre) dans les fruits et les l\u00e9gumes.<\/li>\n<\/ul>\n<h3>Approuv\u00e9 pour l&#8217;agriculture biologique<\/h3>\n<p>Cet engrais est approuv\u00e9 pour la production biologique par: Ecocert-OCQV<img decoding=\"async\" class=\"alignnone size-full wp-image-622\" src=\"https:\/\/acti-sol.ca\/asmain\/wp-content\/uploads\/2016\/04\/ecocert-actisol.gif\" alt=\"\" width=\"95\" height=\"73\" \/><img decoding=\"async\" class=\"alignnone size-full wp-image-625\" src=\"https:\/\/acti-sol.ca\/asmain\/wp-content\/uploads\/2016\/04\/quebecvrai-actisol.gif\" alt=\"\" width=\"95\" height=\"73\" \/><\/p>\n<h3>Ingr\u00e9dients<\/h3>\n<ul>\n<li>Poissons hydrolys\u00e9s<\/li>\n<\/ul>\n<h3>Analyse minimale garantie<\/h3>\n<div class=\"sfr-table\">\n<div class=\"sfr-row\">\n<div class=\"sfr-cell\">Azote total (N)<\/div>\n<div class=\"sfr-cell\">\u00a02%<\/div>\n<\/div>\n<div class=\"sfr-row\">\n<div class=\"sfr-cell\">Acide phosphorique disponible (P2O5)<\/div>\n<div class=\"sfr-cell\">\u00a04%<\/div>\n<\/div>\n<div class=\"sfr-row\">\n<div class=\"sfr-cell\">Potasse soluble (K2O)<\/div>\n<div class=\"sfr-cell\">\u00a00.5%<\/div>\n<\/div>\n<div class=\"sfr-row\">\n<div class=\"sfr-cell\">Mati\u00e8re organique<\/div>\n<div class=\"sfr-cell\">\u00a037.5%<\/div>\n<\/div>\n<div class=\"sfr-row\">\n<div class=\"sfr-cell\">PH<\/div>\n<div class=\"sfr-cell\">\u00a0\u00b13.5<\/div>\n<\/div>\n<\/div>\n<p><a name=\"onglets-produit\"><\/a><\/p>\n<h3>Dose recommand\u00e9e<\/h3>\n<p>Fleurs, jardins potagers et pelouses<br \/>\nDissoudre 10 ml (2 c. \u00e0 th\u00e9) dans 1 litre d&#8217;eau (4 tasses). Bien m\u00e9langer et appliquer sur le sol autour des plantes ou sous forme de pulv\u00e9risation foliaire (brume fine).<\/p>\n<h3>Fr\u00e9quence<\/h3>\n<p>Appliquer toutes les 2 \u00e0 4 semaines. Spray foliaire suppl\u00e9mentaire possible.<\/p>\n<h3>Attention<\/h3>\n<ul>\n<li>Secouez bien avant d&#8217;utiliser.<\/li>\n<li>Pr\u00e9parez-vous pour une seule application.<\/li>\n<li>Rejeter les engrais dilu\u00e9s inutilis\u00e9s.<\/li>\n<li>Ne pas appliquer en plein soleil.<\/li>\n<li>Ne pas avalez.<\/li>\n<li>Restez dans un endroit frais loin de la lumi\u00e8re du soleil.<\/li>\n<li>Puisse la tache.<\/li>\n<\/ul>\n<p>Ce produit doit \u00eatre utilis\u00e9 dans le cadre d&#8217;un programme complet de fertilisation comme le fumier de poule d&#8217;Acti-Sol.<\/p>\n<\/div>\n<\/div>\n","protected":false},"excerpt":{"rendered":"<p>Les avantages du poisson hydrolys\u00e9 Aide \u00e0 corriger rapidement les carences en nutriments. Id\u00e9al pour la transplantation pour am\u00e9liorer la fertilit\u00e9 du sol et l&#8217;absorption des nutriments. Parfait pour les graines et les transplantations r\u00e9centes. \u00c0 l&#8217;aide d&#8217;un proc\u00e9d\u00e9 d&#8217;hydrolyse \u00e0 froid, cette solution pr\u00e9serve la quantit\u00e9 maximale d&#8217;acides amin\u00e9s, fournissant tous les \u00e9l\u00e9ments nutritifs [&hellip;]<\/p>\n","protected":false},"featured_media":2421,"template":"","meta":[],"product_brand":[],"product_cat":[21],"product_tag":[],"class_list":{"0":"post-631","1":"product","2":"type-product","3":"status-publish","4":"has-post-thumbnail","6":"product_cat-nutriments","8":"first","9":"instock","10":"taxable","11":"shipping-taxable","12":"purchasable","13":"product-type-simple"},"yoast_head":"<!-- This site is optimized with the Yoast SEO plugin v27.4 - https:\/\/yoast.com\/product\/yoast-seo-wordpress\/ -->\n<title>Poissons hydrolys\u00e9s Acadie - Le Mara\u00eecher Moderne<\/title>\n<meta name=\"robots\" content=\"index, follow, max-snippet:-1, max-image-preview:large, max-video-preview:-1\" \/>\n<link rel=\"canonical\" href=\"https:\/\/lemaraichermoderne.com\/en\/produit\/poissons-hydrolyses-acadie\/\" \/>\n<meta property=\"og:locale\" content=\"en_US\" \/>\n<meta property=\"og:type\" content=\"article\" \/>\n<meta property=\"og:title\" content=\"Poissons hydrolys\u00e9s Acadie - Le Mara\u00eecher Moderne\" \/>\n<meta property=\"og:description\" content=\"Les avantages du poisson hydrolys\u00e9 Aide \u00e0 corriger rapidement les carences en nutriments. Id\u00e9al pour la transplantation pour am\u00e9liorer la fertilit\u00e9 du sol et l&#8217;absorption des nutriments. Parfait pour les graines et les transplantations r\u00e9centes. \u00c0 l&#8217;aide d&#8217;un proc\u00e9d\u00e9 d&#8217;hydrolyse \u00e0 froid, cette solution pr\u00e9serve la quantit\u00e9 maximale d&#8217;acides amin\u00e9s, fournissant tous les \u00e9l\u00e9ments nutritifs [&hellip;]\" \/>\n<meta property=\"og:url\" content=\"https:\/\/lemaraichermoderne.com\/en\/produit\/poissons-hydrolyses-acadie\/\" \/>\n<meta property=\"og:site_name\" content=\"Le Mara\u00eecher Moderne\" \/>\n<meta property=\"article:publisher\" content=\"https:\/\/www.facebook.com\/lemaraichermoderne\" \/>\n<meta property=\"article:modified_time\" content=\"2025-09-19T18:20:01+00:00\" \/>\n<meta property=\"og:image\" content=\"https:\/\/lemaraichermoderne.com\/wp-content\/uploads\/2023\/04\/poissons-hydrolyses-acadie.jpg\" \/>\n\t<meta property=\"og:image:width\" content=\"500\" \/>\n\t<meta property=\"og:image:height\" content=\"500\" \/>\n\t<meta property=\"og:image:type\" content=\"image\/jpeg\" \/>\n<meta name=\"twitter:card\" content=\"summary_large_image\" \/>\n<meta name=\"twitter:label1\" content=\"Est. reading time\" \/>\n\t<meta name=\"twitter:data1\" content=\"2 minutes\" \/>\n<script type=\"application\/ld+json\" class=\"yoast-schema-graph\">{\"@context\":\"https:\\\/\\\/schema.org\",\"@graph\":[{\"@type\":\"WebPage\",\"@id\":\"https:\\\/\\\/lemaraichermoderne.com\\\/en\\\/produit\\\/poissons-hydrolyses-acadie\\\/\",\"url\":\"https:\\\/\\\/lemaraichermoderne.com\\\/en\\\/produit\\\/poissons-hydrolyses-acadie\\\/\",\"name\":\"Poissons hydrolys\u00e9s Acadie - Le Mara\u00eecher Moderne\",\"isPartOf\":{\"@id\":\"https:\\\/\\\/lemaraichermoderne.com\\\/en\\\/#website\"},\"primaryImageOfPage\":{\"@id\":\"https:\\\/\\\/lemaraichermoderne.com\\\/en\\\/produit\\\/poissons-hydrolyses-acadie\\\/#primaryimage\"},\"image\":{\"@id\":\"https:\\\/\\\/lemaraichermoderne.com\\\/en\\\/produit\\\/poissons-hydrolyses-acadie\\\/#primaryimage\"},\"thumbnailUrl\":\"https:\\\/\\\/lemaraichermoderne.com\\\/wp-content\\\/uploads\\\/2023\\\/04\\\/poissons-hydrolyses-acadie.jpg\",\"datePublished\":\"2023-04-07T18:57:26+00:00\",\"dateModified\":\"2025-09-19T18:20:01+00:00\",\"breadcrumb\":{\"@id\":\"https:\\\/\\\/lemaraichermoderne.com\\\/en\\\/produit\\\/poissons-hydrolyses-acadie\\\/#breadcrumb\"},\"inLanguage\":\"en-US\",\"potentialAction\":[{\"@type\":\"ReadAction\",\"target\":[\"https:\\\/\\\/lemaraichermoderne.com\\\/en\\\/produit\\\/poissons-hydrolyses-acadie\\\/\"]}]},{\"@type\":\"ImageObject\",\"inLanguage\":\"en-US\",\"@id\":\"https:\\\/\\\/lemaraichermoderne.com\\\/en\\\/produit\\\/poissons-hydrolyses-acadie\\\/#primaryimage\",\"url\":\"https:\\\/\\\/lemaraichermoderne.com\\\/wp-content\\\/uploads\\\/2023\\\/04\\\/poissons-hydrolyses-acadie.jpg\",\"contentUrl\":\"https:\\\/\\\/lemaraichermoderne.com\\\/wp-content\\\/uploads\\\/2023\\\/04\\\/poissons-hydrolyses-acadie.jpg\",\"width\":500,\"height\":500},{\"@type\":\"BreadcrumbList\",\"@id\":\"https:\\\/\\\/lemaraichermoderne.com\\\/en\\\/produit\\\/poissons-hydrolyses-acadie\\\/#breadcrumb\",\"itemListElement\":[{\"@type\":\"ListItem\",\"position\":1,\"name\":\"Accueil\",\"item\":\"https:\\\/\\\/lemaraichermoderne.com\\\/en\\\/\"},{\"@type\":\"ListItem\",\"position\":2,\"name\":\"Boutique\",\"item\":\"https:\\\/\\\/lemaraichermoderne.com\\\/boutique\\\/\"},{\"@type\":\"ListItem\",\"position\":3,\"name\":\"Poissons hydrolys\u00e9s Acadie\"}]},{\"@type\":\"WebSite\",\"@id\":\"https:\\\/\\\/lemaraichermoderne.com\\\/en\\\/#website\",\"url\":\"https:\\\/\\\/lemaraichermoderne.com\\\/en\\\/\",\"name\":\"Le Mara\u00eecher Moderne\",\"description\":\"R\u00e9f\u00e9rence en hydroponie \u00e0 Qu\u00e9bec\",\"publisher\":{\"@id\":\"https:\\\/\\\/lemaraichermoderne.com\\\/en\\\/#organization\"},\"potentialAction\":[{\"@type\":\"SearchAction\",\"target\":{\"@type\":\"EntryPoint\",\"urlTemplate\":\"https:\\\/\\\/lemaraichermoderne.com\\\/en\\\/?s={search_term_string}\"},\"query-input\":{\"@type\":\"PropertyValueSpecification\",\"valueRequired\":true,\"valueName\":\"search_term_string\"}}],\"inLanguage\":\"en-US\"},{\"@type\":\"Organization\",\"@id\":\"https:\\\/\\\/lemaraichermoderne.com\\\/en\\\/#organization\",\"name\":\"Le Mara\u00eecher Moderne\",\"url\":\"https:\\\/\\\/lemaraichermoderne.com\\\/en\\\/\",\"logo\":{\"@type\":\"ImageObject\",\"inLanguage\":\"en-US\",\"@id\":\"https:\\\/\\\/lemaraichermoderne.com\\\/en\\\/#\\\/schema\\\/logo\\\/image\\\/\",\"url\":\"https:\\\/\\\/lemaraichermoderne.com\\\/wp-content\\\/uploads\\\/2023\\\/03\\\/logo_mm1.png\",\"contentUrl\":\"https:\\\/\\\/lemaraichermoderne.com\\\/wp-content\\\/uploads\\\/2023\\\/03\\\/logo_mm1.png\",\"width\":500,\"height\":222,\"caption\":\"Le Mara\u00eecher Moderne\"},\"image\":{\"@id\":\"https:\\\/\\\/lemaraichermoderne.com\\\/en\\\/#\\\/schema\\\/logo\\\/image\\\/\"},\"sameAs\":[\"https:\\\/\\\/www.facebook.com\\\/lemaraichermoderne\",\"https:\\\/\\\/www.instagram.com\\\/lemaraichermoderne\"]}]}<\/script>\n<!-- \/ Yoast SEO plugin. -->","yoast_head_json":{"title":"Poissons hydrolys\u00e9s Acadie - Le Mara\u00eecher Moderne","robots":{"index":"index","follow":"follow","max-snippet":"max-snippet:-1","max-image-preview":"max-image-preview:large","max-video-preview":"max-video-preview:-1"},"canonical":"https:\/\/lemaraichermoderne.com\/en\/produit\/poissons-hydrolyses-acadie\/","og_locale":"en_US","og_type":"article","og_title":"Poissons hydrolys\u00e9s Acadie - Le Mara\u00eecher Moderne","og_description":"Les avantages du poisson hydrolys\u00e9 Aide \u00e0 corriger rapidement les carences en nutriments. Id\u00e9al pour la transplantation pour am\u00e9liorer la fertilit\u00e9 du sol et l&#8217;absorption des nutriments. Parfait pour les graines et les transplantations r\u00e9centes. \u00c0 l&#8217;aide d&#8217;un proc\u00e9d\u00e9 d&#8217;hydrolyse \u00e0 froid, cette solution pr\u00e9serve la quantit\u00e9 maximale d&#8217;acides amin\u00e9s, fournissant tous les \u00e9l\u00e9ments nutritifs [&hellip;]","og_url":"https:\/\/lemaraichermoderne.com\/en\/produit\/poissons-hydrolyses-acadie\/","og_site_name":"Le Mara\u00eecher Moderne","article_publisher":"https:\/\/www.facebook.com\/lemaraichermoderne","article_modified_time":"2025-09-19T18:20:01+00:00","og_image":[{"width":500,"height":500,"url":"https:\/\/lemaraichermoderne.com\/wp-content\/uploads\/2023\/04\/poissons-hydrolyses-acadie.jpg","type":"image\/jpeg"}],"twitter_card":"summary_large_image","twitter_misc":{"Est. reading time":"2 minutes"},"schema":{"@context":"https:\/\/schema.org","@graph":[{"@type":"WebPage","@id":"https:\/\/lemaraichermoderne.com\/en\/produit\/poissons-hydrolyses-acadie\/","url":"https:\/\/lemaraichermoderne.com\/en\/produit\/poissons-hydrolyses-acadie\/","name":"Poissons hydrolys\u00e9s Acadie - Le Mara\u00eecher Moderne","isPartOf":{"@id":"https:\/\/lemaraichermoderne.com\/en\/#website"},"primaryImageOfPage":{"@id":"https:\/\/lemaraichermoderne.com\/en\/produit\/poissons-hydrolyses-acadie\/#primaryimage"},"image":{"@id":"https:\/\/lemaraichermoderne.com\/en\/produit\/poissons-hydrolyses-acadie\/#primaryimage"},"thumbnailUrl":"https:\/\/lemaraichermoderne.com\/wp-content\/uploads\/2023\/04\/poissons-hydrolyses-acadie.jpg","datePublished":"2023-04-07T18:57:26+00:00","dateModified":"2025-09-19T18:20:01+00:00","breadcrumb":{"@id":"https:\/\/lemaraichermoderne.com\/en\/produit\/poissons-hydrolyses-acadie\/#breadcrumb"},"inLanguage":"en-US","potentialAction":[{"@type":"ReadAction","target":["https:\/\/lemaraichermoderne.com\/en\/produit\/poissons-hydrolyses-acadie\/"]}]},{"@type":"ImageObject","inLanguage":"en-US","@id":"https:\/\/lemaraichermoderne.com\/en\/produit\/poissons-hydrolyses-acadie\/#primaryimage","url":"https:\/\/lemaraichermoderne.com\/wp-content\/uploads\/2023\/04\/poissons-hydrolyses-acadie.jpg","contentUrl":"https:\/\/lemaraichermoderne.com\/wp-content\/uploads\/2023\/04\/poissons-hydrolyses-acadie.jpg","width":500,"height":500},{"@type":"BreadcrumbList","@id":"https:\/\/lemaraichermoderne.com\/en\/produit\/poissons-hydrolyses-acadie\/#breadcrumb","itemListElement":[{"@type":"ListItem","position":1,"name":"Accueil","item":"https:\/\/lemaraichermoderne.com\/en\/"},{"@type":"ListItem","position":2,"name":"Boutique","item":"https:\/\/lemaraichermoderne.com\/boutique\/"},{"@type":"ListItem","position":3,"name":"Poissons hydrolys\u00e9s Acadie"}]},{"@type":"WebSite","@id":"https:\/\/lemaraichermoderne.com\/en\/#website","url":"https:\/\/lemaraichermoderne.com\/en\/","name":"Le Mara\u00eecher Moderne","description":"R\u00e9f\u00e9rence en hydroponie \u00e0 Qu\u00e9bec","publisher":{"@id":"https:\/\/lemaraichermoderne.com\/en\/#organization"},"potentialAction":[{"@type":"SearchAction","target":{"@type":"EntryPoint","urlTemplate":"https:\/\/lemaraichermoderne.com\/en\/?s={search_term_string}"},"query-input":{"@type":"PropertyValueSpecification","valueRequired":true,"valueName":"search_term_string"}}],"inLanguage":"en-US"},{"@type":"Organization","@id":"https:\/\/lemaraichermoderne.com\/en\/#organization","name":"Le Mara\u00eecher Moderne","url":"https:\/\/lemaraichermoderne.com\/en\/","logo":{"@type":"ImageObject","inLanguage":"en-US","@id":"https:\/\/lemaraichermoderne.com\/en\/#\/schema\/logo\/image\/","url":"https:\/\/lemaraichermoderne.com\/wp-content\/uploads\/2023\/03\/logo_mm1.png","contentUrl":"https:\/\/lemaraichermoderne.com\/wp-content\/uploads\/2023\/03\/logo_mm1.png","width":500,"height":222,"caption":"Le Mara\u00eecher Moderne"},"image":{"@id":"https:\/\/lemaraichermoderne.com\/en\/#\/schema\/logo\/image\/"},"sameAs":["https:\/\/www.facebook.com\/lemaraichermoderne","https:\/\/www.instagram.com\/lemaraichermoderne"]}]}},"_links":{"self":[{"href":"https:\/\/lemaraichermoderne.com\/en\/wp-json\/wp\/v2\/product\/631","targetHints":{"allow":["GET"]}}],"collection":[{"href":"https:\/\/lemaraichermoderne.com\/en\/wp-json\/wp\/v2\/product"}],"about":[{"href":"https:\/\/lemaraichermoderne.com\/en\/wp-json\/wp\/v2\/types\/product"}],"wp:featuredmedia":[{"embeddable":true,"href":"https:\/\/lemaraichermoderne.com\/en\/wp-json\/wp\/v2\/media\/2421"}],"wp:attachment":[{"href":"https:\/\/lemaraichermoderne.com\/en\/wp-json\/wp\/v2\/media?parent=631"}],"wp:term":[{"taxonomy":"product_brand","embeddable":true,"href":"https:\/\/lemaraichermoderne.com\/en\/wp-json\/wp\/v2\/product_brand?post=631"},{"taxonomy":"product_cat","embeddable":true,"href":"https:\/\/lemaraichermoderne.com\/en\/wp-json\/wp\/v2\/product_cat?post=631"},{"taxonomy":"product_tag","embeddable":true,"href":"https:\/\/lemaraichermoderne.com\/en\/wp-json\/wp\/v2\/product_tag?post=631"}],"curies":[{"name":"wp","href":"https:\/\/api.w.org\/{rel}","templated":true}]}}