{"id":6442,"date":"2024-07-04T15:58:06","date_gmt":"2024-07-04T19:58:06","guid":{"rendered":"https:\/\/lemaraichermoderne.com\/?post_type=product&#038;p=6442"},"modified":"2025-03-06T12:48:09","modified_gmt":"2025-03-06T17:48:09","slug":"fredtilizer-elemental-4l","status":"publish","type":"product","link":"https:\/\/lemaraichermoderne.com\/en\/produit\/fredtilizer-elemental-4l\/","title":{"rendered":"Fredtlizer Elemental 4L"},"content":{"rendered":"<p><strong>Elemental\u00a0<\/strong><u>(<strong>ECH<\/strong>)<\/u>\u00a0<strong>(Produit attest\u00e9 pour la culture biologique)<\/strong>\u00a0est une formule biologique qui\u00a0<strong>augmente la stabilit\u00e9 du pH dans les milieux de cultures, favorise l\u2019assimilation des min\u00e9raux, diminue les stress et permet de pr\u00e9server la structure des terreaux<\/strong>\u00a0tout au long du d\u00e9veloppement des plantes.<\/p>\n<p>Elemental entretient l\u2019activit\u00e9 du microbiote, il nourrir les myc\u00e9liums et les microrrhizes et favorise les \u00e9changes ioniques, les racines peuvent mieux se d\u00e9ployer et avoir un meilleur acc\u00e8s aux nutriments.<\/p>\n<p><strong>Elemental est adapt\u00e9s \u00e0 tous les substrats<\/strong>\u00a0incluant les terres \u00e0 jardins, terreaux d\u2019empotage, tous les types de syst\u00e8mes hydroponiques et les cultures en fibre de coco. Convient \u00e9galement pour l\u2019injection dans le sol, cultures de plein champ ou sous serres.<\/p>\n<div class=\"elementor elementor-15857\" data-elementor-type=\"wp-post\" data-elementor-id=\"15857\" data-elementor-post-type=\"cms_block\">\n<div class=\"wd-negative-gap elementor-element elementor-element-2376b195 e-flex e-con-boxed e-con e-parent e-lazyloaded\" data-id=\"2376b195\" data-element_type=\"container\">\n<div class=\"e-con-inner\">\n<div class=\"elementor-element elementor-element-365c6754 elementor-widget__width-initial elementor-widget elementor-widget-wd_text_block\" data-id=\"365c6754\" data-element_type=\"widget\" data-widget_type=\"wd_text_block.default\">\n<div class=\"elementor-widget-container\">\n<div class=\"wd-text-block reset-last-child text-left\">\n<p><u>Mode d\u2019emploi\u00a0:<\/u>\u00a0Dilu\u00e9 2ml par litre d\u2019eau\u00a0et appliquer \u00e0 une fr\u00e9quence de 1 \u00e0 2 arrosages sur 3<\/p>\n<p><u>\u00c9l\u00e9ments fertilisants inclus dans Elemental\u00a0:<\/u>\u00a0K, Acide fluvique, Acide humique,<\/p>\n<p>Taux de m\u00e9taux lourds en ppm (particule par million)\u00a0:\u00a0Arsenic 0, Cadmium 0, Mercure 0, Plomb 0<\/p>\n<p>Fait de Vermicomposte, Oxyde de Potassium, Cannelle.<\/p>\n<p><u>Solubilit\u00e9\u00a0:<\/u>\u00a099%<\/p>\n<p>Formats disponibles\u00a0: 30ml, 250ml, 1L, 4L, 10L, 210L, 1000L<\/p>\n<p>VALEUR EC : 1ml d\u2019Elemental dans 1 litre d\u2019eau d\u00e9min\u00e9ralis\u00e9 donne EC 0.07 ms\/cm (35ppm TDS500)<\/p>\n<\/div>\n<\/div>\n<\/div>\n<\/div>\n<\/div>\n<\/div>\n","protected":false},"excerpt":{"rendered":"<p>Elemental\u00a0(ECH)\u00a0(Produit attest\u00e9 pour la culture biologique)\u00a0est une formule biologique qui\u00a0augmente la stabilit\u00e9 du pH dans les milieux de cultures, favorise l\u2019assimilation des min\u00e9raux, diminue les stress et permet de pr\u00e9server la structure des terreaux\u00a0tout au long du d\u00e9veloppement des plantes. Elemental entretient l\u2019activit\u00e9 du microbiote, il nourrir les myc\u00e9liums et les microrrhizes et favorise les [&hellip;]<\/p>\n","protected":false},"featured_media":7012,"template":"","meta":[],"product_brand":[],"product_cat":[21],"product_tag":[],"class_list":{"0":"post-6442","1":"product","2":"type-product","3":"status-publish","4":"has-post-thumbnail","6":"product_cat-nutriments","8":"first","9":"outofstock","10":"taxable","11":"shipping-taxable","12":"purchasable","13":"product-type-simple"},"yoast_head":"<!-- This site is optimized with the Yoast SEO plugin v27.4 - https:\/\/yoast.com\/product\/yoast-seo-wordpress\/ -->\n<title>Fredtlizer Elemental 4L - Le Mara\u00eecher Moderne<\/title>\n<meta name=\"robots\" content=\"index, follow, max-snippet:-1, max-image-preview:large, max-video-preview:-1\" \/>\n<link rel=\"canonical\" href=\"https:\/\/lemaraichermoderne.com\/en\/produit\/fredtilizer-elemental-4l\/\" \/>\n<meta property=\"og:locale\" content=\"en_US\" \/>\n<meta property=\"og:type\" content=\"article\" \/>\n<meta property=\"og:title\" content=\"Fredtlizer Elemental 4L - Le Mara\u00eecher Moderne\" \/>\n<meta property=\"og:description\" content=\"Elemental\u00a0(ECH)\u00a0(Produit attest\u00e9 pour la culture biologique)\u00a0est une formule biologique qui\u00a0augmente la stabilit\u00e9 du pH dans les milieux de cultures, favorise l\u2019assimilation des min\u00e9raux, diminue les stress et permet de pr\u00e9server la structure des terreaux\u00a0tout au long du d\u00e9veloppement des plantes. Elemental entretient l\u2019activit\u00e9 du microbiote, il nourrir les myc\u00e9liums et les microrrhizes et favorise les [&hellip;]\" \/>\n<meta property=\"og:url\" content=\"https:\/\/lemaraichermoderne.com\/en\/produit\/fredtilizer-elemental-4l\/\" \/>\n<meta property=\"og:site_name\" content=\"Le Mara\u00eecher Moderne\" \/>\n<meta property=\"article:publisher\" content=\"https:\/\/www.facebook.com\/lemaraichermoderne\" \/>\n<meta property=\"article:modified_time\" content=\"2025-03-06T17:48:09+00:00\" \/>\n<meta property=\"og:image\" content=\"https:\/\/lemaraichermoderne.com\/wp-content\/uploads\/2024\/07\/elemental-4l.png\" \/>\n\t<meta property=\"og:image:width\" content=\"600\" \/>\n\t<meta property=\"og:image:height\" content=\"800\" \/>\n\t<meta property=\"og:image:type\" content=\"image\/png\" \/>\n<meta name=\"twitter:card\" content=\"summary_large_image\" \/>\n<meta name=\"twitter:label1\" content=\"Est. reading time\" \/>\n\t<meta name=\"twitter:data1\" content=\"2 minutes\" \/>\n<script type=\"application\/ld+json\" class=\"yoast-schema-graph\">{\"@context\":\"https:\\\/\\\/schema.org\",\"@graph\":[{\"@type\":\"WebPage\",\"@id\":\"https:\\\/\\\/lemaraichermoderne.com\\\/en\\\/produit\\\/fredtilizer-elemental-4l\\\/\",\"url\":\"https:\\\/\\\/lemaraichermoderne.com\\\/en\\\/produit\\\/fredtilizer-elemental-4l\\\/\",\"name\":\"Fredtlizer Elemental 4L - Le Mara\u00eecher Moderne\",\"isPartOf\":{\"@id\":\"https:\\\/\\\/lemaraichermoderne.com\\\/en\\\/#website\"},\"primaryImageOfPage\":{\"@id\":\"https:\\\/\\\/lemaraichermoderne.com\\\/en\\\/produit\\\/fredtilizer-elemental-4l\\\/#primaryimage\"},\"image\":{\"@id\":\"https:\\\/\\\/lemaraichermoderne.com\\\/en\\\/produit\\\/fredtilizer-elemental-4l\\\/#primaryimage\"},\"thumbnailUrl\":\"https:\\\/\\\/lemaraichermoderne.com\\\/wp-content\\\/uploads\\\/2024\\\/07\\\/elemental-4l.png\",\"datePublished\":\"2024-07-04T19:58:06+00:00\",\"dateModified\":\"2025-03-06T17:48:09+00:00\",\"breadcrumb\":{\"@id\":\"https:\\\/\\\/lemaraichermoderne.com\\\/en\\\/produit\\\/fredtilizer-elemental-4l\\\/#breadcrumb\"},\"inLanguage\":\"en-US\",\"potentialAction\":[{\"@type\":\"ReadAction\",\"target\":[\"https:\\\/\\\/lemaraichermoderne.com\\\/en\\\/produit\\\/fredtilizer-elemental-4l\\\/\"]}]},{\"@type\":\"ImageObject\",\"inLanguage\":\"en-US\",\"@id\":\"https:\\\/\\\/lemaraichermoderne.com\\\/en\\\/produit\\\/fredtilizer-elemental-4l\\\/#primaryimage\",\"url\":\"https:\\\/\\\/lemaraichermoderne.com\\\/wp-content\\\/uploads\\\/2024\\\/07\\\/elemental-4l.png\",\"contentUrl\":\"https:\\\/\\\/lemaraichermoderne.com\\\/wp-content\\\/uploads\\\/2024\\\/07\\\/elemental-4l.png\",\"width\":600,\"height\":800},{\"@type\":\"BreadcrumbList\",\"@id\":\"https:\\\/\\\/lemaraichermoderne.com\\\/en\\\/produit\\\/fredtilizer-elemental-4l\\\/#breadcrumb\",\"itemListElement\":[{\"@type\":\"ListItem\",\"position\":1,\"name\":\"Accueil\",\"item\":\"https:\\\/\\\/lemaraichermoderne.com\\\/en\\\/\"},{\"@type\":\"ListItem\",\"position\":2,\"name\":\"Boutique\",\"item\":\"https:\\\/\\\/lemaraichermoderne.com\\\/boutique\\\/\"},{\"@type\":\"ListItem\",\"position\":3,\"name\":\"Fredtlizer Elemental 4L\"}]},{\"@type\":\"WebSite\",\"@id\":\"https:\\\/\\\/lemaraichermoderne.com\\\/en\\\/#website\",\"url\":\"https:\\\/\\\/lemaraichermoderne.com\\\/en\\\/\",\"name\":\"Le Mara\u00eecher Moderne\",\"description\":\"R\u00e9f\u00e9rence en hydroponie \u00e0 Qu\u00e9bec\",\"publisher\":{\"@id\":\"https:\\\/\\\/lemaraichermoderne.com\\\/en\\\/#organization\"},\"potentialAction\":[{\"@type\":\"SearchAction\",\"target\":{\"@type\":\"EntryPoint\",\"urlTemplate\":\"https:\\\/\\\/lemaraichermoderne.com\\\/en\\\/?s={search_term_string}\"},\"query-input\":{\"@type\":\"PropertyValueSpecification\",\"valueRequired\":true,\"valueName\":\"search_term_string\"}}],\"inLanguage\":\"en-US\"},{\"@type\":\"Organization\",\"@id\":\"https:\\\/\\\/lemaraichermoderne.com\\\/en\\\/#organization\",\"name\":\"Le Mara\u00eecher Moderne\",\"url\":\"https:\\\/\\\/lemaraichermoderne.com\\\/en\\\/\",\"logo\":{\"@type\":\"ImageObject\",\"inLanguage\":\"en-US\",\"@id\":\"https:\\\/\\\/lemaraichermoderne.com\\\/en\\\/#\\\/schema\\\/logo\\\/image\\\/\",\"url\":\"https:\\\/\\\/lemaraichermoderne.com\\\/wp-content\\\/uploads\\\/2023\\\/03\\\/logo_mm1.png\",\"contentUrl\":\"https:\\\/\\\/lemaraichermoderne.com\\\/wp-content\\\/uploads\\\/2023\\\/03\\\/logo_mm1.png\",\"width\":500,\"height\":222,\"caption\":\"Le Mara\u00eecher Moderne\"},\"image\":{\"@id\":\"https:\\\/\\\/lemaraichermoderne.com\\\/en\\\/#\\\/schema\\\/logo\\\/image\\\/\"},\"sameAs\":[\"https:\\\/\\\/www.facebook.com\\\/lemaraichermoderne\",\"https:\\\/\\\/www.instagram.com\\\/lemaraichermoderne\"]}]}<\/script>\n<!-- \/ Yoast SEO plugin. -->","yoast_head_json":{"title":"Fredtlizer Elemental 4L - Le Mara\u00eecher Moderne","robots":{"index":"index","follow":"follow","max-snippet":"max-snippet:-1","max-image-preview":"max-image-preview:large","max-video-preview":"max-video-preview:-1"},"canonical":"https:\/\/lemaraichermoderne.com\/en\/produit\/fredtilizer-elemental-4l\/","og_locale":"en_US","og_type":"article","og_title":"Fredtlizer Elemental 4L - Le Mara\u00eecher Moderne","og_description":"Elemental\u00a0(ECH)\u00a0(Produit attest\u00e9 pour la culture biologique)\u00a0est une formule biologique qui\u00a0augmente la stabilit\u00e9 du pH dans les milieux de cultures, favorise l\u2019assimilation des min\u00e9raux, diminue les stress et permet de pr\u00e9server la structure des terreaux\u00a0tout au long du d\u00e9veloppement des plantes. Elemental entretient l\u2019activit\u00e9 du microbiote, il nourrir les myc\u00e9liums et les microrrhizes et favorise les [&hellip;]","og_url":"https:\/\/lemaraichermoderne.com\/en\/produit\/fredtilizer-elemental-4l\/","og_site_name":"Le Mara\u00eecher Moderne","article_publisher":"https:\/\/www.facebook.com\/lemaraichermoderne","article_modified_time":"2025-03-06T17:48:09+00:00","og_image":[{"width":600,"height":800,"url":"https:\/\/lemaraichermoderne.com\/wp-content\/uploads\/2024\/07\/elemental-4l.png","type":"image\/png"}],"twitter_card":"summary_large_image","twitter_misc":{"Est. reading time":"2 minutes"},"schema":{"@context":"https:\/\/schema.org","@graph":[{"@type":"WebPage","@id":"https:\/\/lemaraichermoderne.com\/en\/produit\/fredtilizer-elemental-4l\/","url":"https:\/\/lemaraichermoderne.com\/en\/produit\/fredtilizer-elemental-4l\/","name":"Fredtlizer Elemental 4L - Le Mara\u00eecher Moderne","isPartOf":{"@id":"https:\/\/lemaraichermoderne.com\/en\/#website"},"primaryImageOfPage":{"@id":"https:\/\/lemaraichermoderne.com\/en\/produit\/fredtilizer-elemental-4l\/#primaryimage"},"image":{"@id":"https:\/\/lemaraichermoderne.com\/en\/produit\/fredtilizer-elemental-4l\/#primaryimage"},"thumbnailUrl":"https:\/\/lemaraichermoderne.com\/wp-content\/uploads\/2024\/07\/elemental-4l.png","datePublished":"2024-07-04T19:58:06+00:00","dateModified":"2025-03-06T17:48:09+00:00","breadcrumb":{"@id":"https:\/\/lemaraichermoderne.com\/en\/produit\/fredtilizer-elemental-4l\/#breadcrumb"},"inLanguage":"en-US","potentialAction":[{"@type":"ReadAction","target":["https:\/\/lemaraichermoderne.com\/en\/produit\/fredtilizer-elemental-4l\/"]}]},{"@type":"ImageObject","inLanguage":"en-US","@id":"https:\/\/lemaraichermoderne.com\/en\/produit\/fredtilizer-elemental-4l\/#primaryimage","url":"https:\/\/lemaraichermoderne.com\/wp-content\/uploads\/2024\/07\/elemental-4l.png","contentUrl":"https:\/\/lemaraichermoderne.com\/wp-content\/uploads\/2024\/07\/elemental-4l.png","width":600,"height":800},{"@type":"BreadcrumbList","@id":"https:\/\/lemaraichermoderne.com\/en\/produit\/fredtilizer-elemental-4l\/#breadcrumb","itemListElement":[{"@type":"ListItem","position":1,"name":"Accueil","item":"https:\/\/lemaraichermoderne.com\/en\/"},{"@type":"ListItem","position":2,"name":"Boutique","item":"https:\/\/lemaraichermoderne.com\/boutique\/"},{"@type":"ListItem","position":3,"name":"Fredtlizer Elemental 4L"}]},{"@type":"WebSite","@id":"https:\/\/lemaraichermoderne.com\/en\/#website","url":"https:\/\/lemaraichermoderne.com\/en\/","name":"Le Mara\u00eecher Moderne","description":"R\u00e9f\u00e9rence en hydroponie \u00e0 Qu\u00e9bec","publisher":{"@id":"https:\/\/lemaraichermoderne.com\/en\/#organization"},"potentialAction":[{"@type":"SearchAction","target":{"@type":"EntryPoint","urlTemplate":"https:\/\/lemaraichermoderne.com\/en\/?s={search_term_string}"},"query-input":{"@type":"PropertyValueSpecification","valueRequired":true,"valueName":"search_term_string"}}],"inLanguage":"en-US"},{"@type":"Organization","@id":"https:\/\/lemaraichermoderne.com\/en\/#organization","name":"Le Mara\u00eecher Moderne","url":"https:\/\/lemaraichermoderne.com\/en\/","logo":{"@type":"ImageObject","inLanguage":"en-US","@id":"https:\/\/lemaraichermoderne.com\/en\/#\/schema\/logo\/image\/","url":"https:\/\/lemaraichermoderne.com\/wp-content\/uploads\/2023\/03\/logo_mm1.png","contentUrl":"https:\/\/lemaraichermoderne.com\/wp-content\/uploads\/2023\/03\/logo_mm1.png","width":500,"height":222,"caption":"Le Mara\u00eecher Moderne"},"image":{"@id":"https:\/\/lemaraichermoderne.com\/en\/#\/schema\/logo\/image\/"},"sameAs":["https:\/\/www.facebook.com\/lemaraichermoderne","https:\/\/www.instagram.com\/lemaraichermoderne"]}]}},"_links":{"self":[{"href":"https:\/\/lemaraichermoderne.com\/en\/wp-json\/wp\/v2\/product\/6442","targetHints":{"allow":["GET"]}}],"collection":[{"href":"https:\/\/lemaraichermoderne.com\/en\/wp-json\/wp\/v2\/product"}],"about":[{"href":"https:\/\/lemaraichermoderne.com\/en\/wp-json\/wp\/v2\/types\/product"}],"wp:featuredmedia":[{"embeddable":true,"href":"https:\/\/lemaraichermoderne.com\/en\/wp-json\/wp\/v2\/media\/7012"}],"wp:attachment":[{"href":"https:\/\/lemaraichermoderne.com\/en\/wp-json\/wp\/v2\/media?parent=6442"}],"wp:term":[{"taxonomy":"product_brand","embeddable":true,"href":"https:\/\/lemaraichermoderne.com\/en\/wp-json\/wp\/v2\/product_brand?post=6442"},{"taxonomy":"product_cat","embeddable":true,"href":"https:\/\/lemaraichermoderne.com\/en\/wp-json\/wp\/v2\/product_cat?post=6442"},{"taxonomy":"product_tag","embeddable":true,"href":"https:\/\/lemaraichermoderne.com\/en\/wp-json\/wp\/v2\/product_tag?post=6442"}],"curies":[{"name":"wp","href":"https:\/\/api.w.org\/{rel}","templated":true}]}}