{"id":6464,"date":"2024-07-10T11:50:07","date_gmt":"2024-07-10T15:50:07","guid":{"rendered":"https:\/\/lemaraichermoderne.com\/?post_type=product&#038;p=6464"},"modified":"2026-04-16T10:00:34","modified_gmt":"2026-04-16T14:00:34","slug":"nutri-ph-17-potassium-carbonate","status":"publish","type":"product","link":"https:\/\/lemaraichermoderne.com\/en\/produit\/nutri-ph-17-potassium-carbonate\/","title":{"rendered":"Nutri+ PH+ 17% Potassium Carbonate"},"content":{"rendered":"<pre id=\"tw-target-text\" class=\"tw-data-text tw-text-large tw-ta\" dir=\"ltr\" data-placeholder=\"Traduction\" aria-label=\"Texte traduit\" data-ved=\"2ahUKEwjjhYTb5pyHAxWoF1kFHfG8AscQ3ewLegQIBRAT\"><span class=\"Y2IQFc\" lang=\"fr\">NUTRI+\u00ae POTASSIUM CARBONATE est une solution concentr\u00e9e utilis\u00e9e pour augmenter le pH d\u2019une solution nutritive v\u00e9g\u00e9tale.\r\n\r\nTAUX DE DEMANDE\r\nBien agiter avant de servir.\r\nDosage : Ajouter quelques gouttes \u00e0 la fois, bien m\u00e9langer et v\u00e9rifier \u00e0 nouveau le pH. R\u00e9p\u00e9tez jusqu\u2019\u00e0 ce que le pH requis soit atteint.\r\nAppliquer pendant les p\u00e9riodes v\u00e9g\u00e9tatives et de floraison.\r\n\r\nATTENTION\r\nPEUT IRRITER LES YEUX. PEUT IRRITER LA PEAU. DES VAPEURS DANGEREUSES SE FORMENT LORSQUE M\u00c9LANGE AVEC D'AUTRES PRODUITS. Ne vous mettez pas dans les yeux. Ne passez pas sur la peau ou les v\u00eatements. Ne respirez pas les vapeurs. Tenir hors de port\u00e9e des enfants. POUR OUVRIR, APPUYEZ ET TOURNEZ, FERMER BIEN.\r\nTRAITEMENT DE PREMIERS SECOURS. Contient du carbonate de potassium. En cas d'ingestion, appeler imm\u00e9diatement un centre antipoison ou un m\u00e9decin. Ne pas faire vomir. En cas de contact avec les yeux, rincer \u00e0 l'eau pendant 15 minutes. En cas de contact avec la peau, bien rincer \u00e0 l'eau.<\/span><\/pre>\n","protected":false},"excerpt":{"rendered":"<p>NUTRI+\u00ae POTASSIUM CARBONATE est une solution concentr\u00e9e utilis\u00e9e pour augmenter le pH d\u2019une solution nutritive v\u00e9g\u00e9tale. TAUX DE DEMANDE Bien agiter avant de servir. Dosage : Ajouter quelques gouttes \u00e0 la fois, bien m\u00e9langer et v\u00e9rifier \u00e0 nouveau le pH. R\u00e9p\u00e9tez jusqu\u2019\u00e0 ce que le pH requis soit atteint. Appliquer pendant les p\u00e9riodes v\u00e9g\u00e9tatives et [&hellip;]<\/p>\n","protected":false},"featured_media":6465,"template":"","meta":[],"product_brand":[],"product_cat":[32],"product_tag":[],"class_list":{"0":"post-6464","1":"product","2":"type-product","3":"status-publish","4":"has-post-thumbnail","6":"product_cat-controle-de-leau","8":"first","9":"instock","10":"taxable","11":"shipping-taxable","12":"purchasable","13":"product-type-simple"},"yoast_head":"<!-- This site is optimized with the Yoast SEO plugin v27.4 - https:\/\/yoast.com\/product\/yoast-seo-wordpress\/ -->\n<title>Nutri+ PH+ 17% Potassium Carbonate - Le Mara\u00eecher Moderne<\/title>\n<meta name=\"robots\" content=\"index, follow, max-snippet:-1, max-image-preview:large, max-video-preview:-1\" \/>\n<link rel=\"canonical\" href=\"https:\/\/lemaraichermoderne.com\/en\/produit\/nutri-ph-17-potassium-carbonate\/\" \/>\n<meta property=\"og:locale\" content=\"en_US\" \/>\n<meta property=\"og:type\" content=\"article\" \/>\n<meta property=\"og:title\" content=\"Nutri+ PH+ 17% Potassium Carbonate - Le Mara\u00eecher Moderne\" \/>\n<meta property=\"og:description\" content=\"NUTRI+\u00ae POTASSIUM CARBONATE est une solution concentr\u00e9e utilis\u00e9e pour augmenter le pH d\u2019une solution nutritive v\u00e9g\u00e9tale. TAUX DE DEMANDE Bien agiter avant de servir. Dosage : Ajouter quelques gouttes \u00e0 la fois, bien m\u00e9langer et v\u00e9rifier \u00e0 nouveau le pH. R\u00e9p\u00e9tez jusqu\u2019\u00e0 ce que le pH requis soit atteint. Appliquer pendant les p\u00e9riodes v\u00e9g\u00e9tatives et [&hellip;]\" \/>\n<meta property=\"og:url\" content=\"https:\/\/lemaraichermoderne.com\/en\/produit\/nutri-ph-17-potassium-carbonate\/\" \/>\n<meta property=\"og:site_name\" content=\"Le Mara\u00eecher Moderne\" \/>\n<meta property=\"article:publisher\" content=\"https:\/\/www.facebook.com\/lemaraichermoderne\" \/>\n<meta property=\"article:modified_time\" content=\"2026-04-16T14:00:34+00:00\" \/>\n<meta property=\"og:image\" content=\"https:\/\/lemaraichermoderne.com\/wp-content\/uploads\/2024\/07\/ph-17_.jpg\" \/>\n\t<meta property=\"og:image:width\" content=\"900\" \/>\n\t<meta property=\"og:image:height\" content=\"900\" \/>\n\t<meta property=\"og:image:type\" content=\"image\/jpeg\" \/>\n<meta name=\"twitter:card\" content=\"summary_large_image\" \/>\n<meta name=\"twitter:label1\" content=\"Est. reading time\" \/>\n\t<meta name=\"twitter:data1\" content=\"1 minute\" \/>\n<script type=\"application\/ld+json\" class=\"yoast-schema-graph\">{\"@context\":\"https:\\\/\\\/schema.org\",\"@graph\":[{\"@type\":\"WebPage\",\"@id\":\"https:\\\/\\\/lemaraichermoderne.com\\\/en\\\/produit\\\/nutri-ph-17-potassium-carbonate\\\/\",\"url\":\"https:\\\/\\\/lemaraichermoderne.com\\\/en\\\/produit\\\/nutri-ph-17-potassium-carbonate\\\/\",\"name\":\"Nutri+ PH+ 17% Potassium Carbonate - Le Mara\u00eecher Moderne\",\"isPartOf\":{\"@id\":\"https:\\\/\\\/lemaraichermoderne.com\\\/en\\\/#website\"},\"primaryImageOfPage\":{\"@id\":\"https:\\\/\\\/lemaraichermoderne.com\\\/en\\\/produit\\\/nutri-ph-17-potassium-carbonate\\\/#primaryimage\"},\"image\":{\"@id\":\"https:\\\/\\\/lemaraichermoderne.com\\\/en\\\/produit\\\/nutri-ph-17-potassium-carbonate\\\/#primaryimage\"},\"thumbnailUrl\":\"https:\\\/\\\/lemaraichermoderne.com\\\/wp-content\\\/uploads\\\/2024\\\/07\\\/ph-17_.jpg\",\"datePublished\":\"2024-07-10T15:50:07+00:00\",\"dateModified\":\"2026-04-16T14:00:34+00:00\",\"breadcrumb\":{\"@id\":\"https:\\\/\\\/lemaraichermoderne.com\\\/en\\\/produit\\\/nutri-ph-17-potassium-carbonate\\\/#breadcrumb\"},\"inLanguage\":\"en-US\",\"potentialAction\":[{\"@type\":\"ReadAction\",\"target\":[\"https:\\\/\\\/lemaraichermoderne.com\\\/en\\\/produit\\\/nutri-ph-17-potassium-carbonate\\\/\"]}]},{\"@type\":\"ImageObject\",\"inLanguage\":\"en-US\",\"@id\":\"https:\\\/\\\/lemaraichermoderne.com\\\/en\\\/produit\\\/nutri-ph-17-potassium-carbonate\\\/#primaryimage\",\"url\":\"https:\\\/\\\/lemaraichermoderne.com\\\/wp-content\\\/uploads\\\/2024\\\/07\\\/ph-17_.jpg\",\"contentUrl\":\"https:\\\/\\\/lemaraichermoderne.com\\\/wp-content\\\/uploads\\\/2024\\\/07\\\/ph-17_.jpg\",\"width\":900,\"height\":900,\"caption\":\"Nutri+ PH+ 17% Potassium Carbonate\"},{\"@type\":\"BreadcrumbList\",\"@id\":\"https:\\\/\\\/lemaraichermoderne.com\\\/en\\\/produit\\\/nutri-ph-17-potassium-carbonate\\\/#breadcrumb\",\"itemListElement\":[{\"@type\":\"ListItem\",\"position\":1,\"name\":\"Accueil\",\"item\":\"https:\\\/\\\/lemaraichermoderne.com\\\/en\\\/\"},{\"@type\":\"ListItem\",\"position\":2,\"name\":\"Boutique\",\"item\":\"https:\\\/\\\/lemaraichermoderne.com\\\/boutique\\\/\"},{\"@type\":\"ListItem\",\"position\":3,\"name\":\"Nutri+ PH+ 17% Potassium Carbonate\"}]},{\"@type\":\"WebSite\",\"@id\":\"https:\\\/\\\/lemaraichermoderne.com\\\/en\\\/#website\",\"url\":\"https:\\\/\\\/lemaraichermoderne.com\\\/en\\\/\",\"name\":\"Le Mara\u00eecher Moderne\",\"description\":\"R\u00e9f\u00e9rence en hydroponie \u00e0 Qu\u00e9bec\",\"publisher\":{\"@id\":\"https:\\\/\\\/lemaraichermoderne.com\\\/en\\\/#organization\"},\"potentialAction\":[{\"@type\":\"SearchAction\",\"target\":{\"@type\":\"EntryPoint\",\"urlTemplate\":\"https:\\\/\\\/lemaraichermoderne.com\\\/en\\\/?s={search_term_string}\"},\"query-input\":{\"@type\":\"PropertyValueSpecification\",\"valueRequired\":true,\"valueName\":\"search_term_string\"}}],\"inLanguage\":\"en-US\"},{\"@type\":\"Organization\",\"@id\":\"https:\\\/\\\/lemaraichermoderne.com\\\/en\\\/#organization\",\"name\":\"Le Mara\u00eecher Moderne\",\"url\":\"https:\\\/\\\/lemaraichermoderne.com\\\/en\\\/\",\"logo\":{\"@type\":\"ImageObject\",\"inLanguage\":\"en-US\",\"@id\":\"https:\\\/\\\/lemaraichermoderne.com\\\/en\\\/#\\\/schema\\\/logo\\\/image\\\/\",\"url\":\"https:\\\/\\\/lemaraichermoderne.com\\\/wp-content\\\/uploads\\\/2023\\\/03\\\/logo_mm1.png\",\"contentUrl\":\"https:\\\/\\\/lemaraichermoderne.com\\\/wp-content\\\/uploads\\\/2023\\\/03\\\/logo_mm1.png\",\"width\":500,\"height\":222,\"caption\":\"Le Mara\u00eecher Moderne\"},\"image\":{\"@id\":\"https:\\\/\\\/lemaraichermoderne.com\\\/en\\\/#\\\/schema\\\/logo\\\/image\\\/\"},\"sameAs\":[\"https:\\\/\\\/www.facebook.com\\\/lemaraichermoderne\",\"https:\\\/\\\/www.instagram.com\\\/lemaraichermoderne\"]}]}<\/script>\n<!-- \/ Yoast SEO plugin. -->","yoast_head_json":{"title":"Nutri+ PH+ 17% Potassium Carbonate - Le Mara\u00eecher Moderne","robots":{"index":"index","follow":"follow","max-snippet":"max-snippet:-1","max-image-preview":"max-image-preview:large","max-video-preview":"max-video-preview:-1"},"canonical":"https:\/\/lemaraichermoderne.com\/en\/produit\/nutri-ph-17-potassium-carbonate\/","og_locale":"en_US","og_type":"article","og_title":"Nutri+ PH+ 17% Potassium Carbonate - Le Mara\u00eecher Moderne","og_description":"NUTRI+\u00ae POTASSIUM CARBONATE est une solution concentr\u00e9e utilis\u00e9e pour augmenter le pH d\u2019une solution nutritive v\u00e9g\u00e9tale. TAUX DE DEMANDE Bien agiter avant de servir. Dosage : Ajouter quelques gouttes \u00e0 la fois, bien m\u00e9langer et v\u00e9rifier \u00e0 nouveau le pH. R\u00e9p\u00e9tez jusqu\u2019\u00e0 ce que le pH requis soit atteint. Appliquer pendant les p\u00e9riodes v\u00e9g\u00e9tatives et [&hellip;]","og_url":"https:\/\/lemaraichermoderne.com\/en\/produit\/nutri-ph-17-potassium-carbonate\/","og_site_name":"Le Mara\u00eecher Moderne","article_publisher":"https:\/\/www.facebook.com\/lemaraichermoderne","article_modified_time":"2026-04-16T14:00:34+00:00","og_image":[{"width":900,"height":900,"url":"https:\/\/lemaraichermoderne.com\/wp-content\/uploads\/2024\/07\/ph-17_.jpg","type":"image\/jpeg"}],"twitter_card":"summary_large_image","twitter_misc":{"Est. reading time":"1 minute"},"schema":{"@context":"https:\/\/schema.org","@graph":[{"@type":"WebPage","@id":"https:\/\/lemaraichermoderne.com\/en\/produit\/nutri-ph-17-potassium-carbonate\/","url":"https:\/\/lemaraichermoderne.com\/en\/produit\/nutri-ph-17-potassium-carbonate\/","name":"Nutri+ PH+ 17% Potassium Carbonate - Le Mara\u00eecher Moderne","isPartOf":{"@id":"https:\/\/lemaraichermoderne.com\/en\/#website"},"primaryImageOfPage":{"@id":"https:\/\/lemaraichermoderne.com\/en\/produit\/nutri-ph-17-potassium-carbonate\/#primaryimage"},"image":{"@id":"https:\/\/lemaraichermoderne.com\/en\/produit\/nutri-ph-17-potassium-carbonate\/#primaryimage"},"thumbnailUrl":"https:\/\/lemaraichermoderne.com\/wp-content\/uploads\/2024\/07\/ph-17_.jpg","datePublished":"2024-07-10T15:50:07+00:00","dateModified":"2026-04-16T14:00:34+00:00","breadcrumb":{"@id":"https:\/\/lemaraichermoderne.com\/en\/produit\/nutri-ph-17-potassium-carbonate\/#breadcrumb"},"inLanguage":"en-US","potentialAction":[{"@type":"ReadAction","target":["https:\/\/lemaraichermoderne.com\/en\/produit\/nutri-ph-17-potassium-carbonate\/"]}]},{"@type":"ImageObject","inLanguage":"en-US","@id":"https:\/\/lemaraichermoderne.com\/en\/produit\/nutri-ph-17-potassium-carbonate\/#primaryimage","url":"https:\/\/lemaraichermoderne.com\/wp-content\/uploads\/2024\/07\/ph-17_.jpg","contentUrl":"https:\/\/lemaraichermoderne.com\/wp-content\/uploads\/2024\/07\/ph-17_.jpg","width":900,"height":900,"caption":"Nutri+ PH+ 17% Potassium Carbonate"},{"@type":"BreadcrumbList","@id":"https:\/\/lemaraichermoderne.com\/en\/produit\/nutri-ph-17-potassium-carbonate\/#breadcrumb","itemListElement":[{"@type":"ListItem","position":1,"name":"Accueil","item":"https:\/\/lemaraichermoderne.com\/en\/"},{"@type":"ListItem","position":2,"name":"Boutique","item":"https:\/\/lemaraichermoderne.com\/boutique\/"},{"@type":"ListItem","position":3,"name":"Nutri+ PH+ 17% Potassium Carbonate"}]},{"@type":"WebSite","@id":"https:\/\/lemaraichermoderne.com\/en\/#website","url":"https:\/\/lemaraichermoderne.com\/en\/","name":"Le Mara\u00eecher Moderne","description":"R\u00e9f\u00e9rence en hydroponie \u00e0 Qu\u00e9bec","publisher":{"@id":"https:\/\/lemaraichermoderne.com\/en\/#organization"},"potentialAction":[{"@type":"SearchAction","target":{"@type":"EntryPoint","urlTemplate":"https:\/\/lemaraichermoderne.com\/en\/?s={search_term_string}"},"query-input":{"@type":"PropertyValueSpecification","valueRequired":true,"valueName":"search_term_string"}}],"inLanguage":"en-US"},{"@type":"Organization","@id":"https:\/\/lemaraichermoderne.com\/en\/#organization","name":"Le Mara\u00eecher Moderne","url":"https:\/\/lemaraichermoderne.com\/en\/","logo":{"@type":"ImageObject","inLanguage":"en-US","@id":"https:\/\/lemaraichermoderne.com\/en\/#\/schema\/logo\/image\/","url":"https:\/\/lemaraichermoderne.com\/wp-content\/uploads\/2023\/03\/logo_mm1.png","contentUrl":"https:\/\/lemaraichermoderne.com\/wp-content\/uploads\/2023\/03\/logo_mm1.png","width":500,"height":222,"caption":"Le Mara\u00eecher Moderne"},"image":{"@id":"https:\/\/lemaraichermoderne.com\/en\/#\/schema\/logo\/image\/"},"sameAs":["https:\/\/www.facebook.com\/lemaraichermoderne","https:\/\/www.instagram.com\/lemaraichermoderne"]}]}},"_links":{"self":[{"href":"https:\/\/lemaraichermoderne.com\/en\/wp-json\/wp\/v2\/product\/6464","targetHints":{"allow":["GET"]}}],"collection":[{"href":"https:\/\/lemaraichermoderne.com\/en\/wp-json\/wp\/v2\/product"}],"about":[{"href":"https:\/\/lemaraichermoderne.com\/en\/wp-json\/wp\/v2\/types\/product"}],"wp:featuredmedia":[{"embeddable":true,"href":"https:\/\/lemaraichermoderne.com\/en\/wp-json\/wp\/v2\/media\/6465"}],"wp:attachment":[{"href":"https:\/\/lemaraichermoderne.com\/en\/wp-json\/wp\/v2\/media?parent=6464"}],"wp:term":[{"taxonomy":"product_brand","embeddable":true,"href":"https:\/\/lemaraichermoderne.com\/en\/wp-json\/wp\/v2\/product_brand?post=6464"},{"taxonomy":"product_cat","embeddable":true,"href":"https:\/\/lemaraichermoderne.com\/en\/wp-json\/wp\/v2\/product_cat?post=6464"},{"taxonomy":"product_tag","embeddable":true,"href":"https:\/\/lemaraichermoderne.com\/en\/wp-json\/wp\/v2\/product_tag?post=6464"}],"curies":[{"name":"wp","href":"https:\/\/api.w.org\/{rel}","templated":true}]}}