{"id":6467,"date":"2024-07-10T11:54:49","date_gmt":"2024-07-10T15:54:49","guid":{"rendered":"https:\/\/lemaraichermoderne.com\/?post_type=product&#038;p=6467"},"modified":"2026-04-16T10:00:34","modified_gmt":"2026-04-16T14:00:34","slug":"nutri-34-potassium-hydroxide-1l","status":"publish","type":"product","link":"https:\/\/lemaraichermoderne.com\/en\/produit\/nutri-34-potassium-hydroxide-1l\/","title":{"rendered":"Nutri+ PH+ 34% Potassium Hydroxide 1L"},"content":{"rendered":"<p>NUTRI+\u00ae HYDROXYDE DE POTASSIUM 34%<br \/>\nNUTRI+\u00ae HYDROXYDE DE POTASSIUM est une solution tr\u00e8s concentr\u00e9e servant \u00e0 augmenter le niveau de pH d\u2019une solution nutritive pour plantes.<\/p>\n<p>APPLICATION<br \/>\nBien agiter avant l\u2019usage.<br \/>\nDosage: Ajouter quelques gouttes \u00e0 la fois, m\u00e9langer bien et v\u00e9rifier le pH de nouveau. R\u00e9p\u00e9ter jusqu\u2019\u00e0 ce que le pH requis soit atteint.<br \/>\nAppliquer durant les p\u00e9riodes de croissance et de floraison.<\/p>\n<p>ATTENTION<br \/>\nPEUT IRRITER LES YEUX. PEUT IRRITER LA PEAU. D\u00c9GAGE DES \u00c9MANATIONS DANGEREUSES SI M\u00c9LANG\u00c9 AVEC D\u2019AUTRES PRODUITS. \u00c9viter tout contact avec les yeux. \u00c9viter tout contact avec la peau ou les v\u00eatements. Ne pas respirer les \u00e9manations. Tenir hors de la port\u00e9e des enfants.\u00a0 POUR OUVRIR PRESSER EN D\u00c9VISSANT, BIEN REFERMER.<br \/>\nPERMIERS SOINS. Contient de l&#8217;hydroxyde de potassium. En cas d\u2019ingestion, appeler imm\u00e9diatement un centre antipoison ou un m\u00e9decin. Ne pas provoquer le vomissement. En cas de contact avec les yeux, rincer avec de l\u2019eau pendant 15 minutes. En cas de contact avec la peau, bien rincer avec de l\u2019eau.<\/p>\n","protected":false},"excerpt":{"rendered":"<p>NUTRI+\u00ae HYDROXYDE DE POTASSIUM 34% NUTRI+\u00ae HYDROXYDE DE POTASSIUM est une solution tr\u00e8s concentr\u00e9e servant \u00e0 augmenter le niveau de pH d\u2019une solution nutritive pour plantes. APPLICATION Bien agiter avant l\u2019usage. Dosage: Ajouter quelques gouttes \u00e0 la fois, m\u00e9langer bien et v\u00e9rifier le pH de nouveau. R\u00e9p\u00e9ter jusqu\u2019\u00e0 ce que le pH requis soit atteint. [&hellip;]<\/p>\n","protected":false},"featured_media":6470,"template":"","meta":[],"product_brand":[],"product_cat":[32],"product_tag":[],"class_list":{"0":"post-6467","1":"product","2":"type-product","3":"status-publish","4":"has-post-thumbnail","6":"product_cat-controle-de-leau","8":"first","9":"instock","10":"taxable","11":"shipping-taxable","12":"purchasable","13":"product-type-simple"},"yoast_head":"<!-- This site is optimized with the Yoast SEO plugin v27.4 - https:\/\/yoast.com\/product\/yoast-seo-wordpress\/ -->\n<title>Nutri+ PH+ 34% Potassium Hydroxide 1L - Le Mara\u00eecher Moderne<\/title>\n<meta name=\"robots\" content=\"index, follow, max-snippet:-1, max-image-preview:large, max-video-preview:-1\" \/>\n<link rel=\"canonical\" href=\"https:\/\/lemaraichermoderne.com\/en\/produit\/nutri-34-potassium-hydroxide-1l\/\" \/>\n<meta property=\"og:locale\" content=\"en_US\" \/>\n<meta property=\"og:type\" content=\"article\" \/>\n<meta property=\"og:title\" content=\"Nutri+ PH+ 34% Potassium Hydroxide 1L - Le Mara\u00eecher Moderne\" \/>\n<meta property=\"og:description\" content=\"NUTRI+\u00ae HYDROXYDE DE POTASSIUM 34% NUTRI+\u00ae HYDROXYDE DE POTASSIUM est une solution tr\u00e8s concentr\u00e9e servant \u00e0 augmenter le niveau de pH d\u2019une solution nutritive pour plantes. APPLICATION Bien agiter avant l\u2019usage. Dosage: Ajouter quelques gouttes \u00e0 la fois, m\u00e9langer bien et v\u00e9rifier le pH de nouveau. R\u00e9p\u00e9ter jusqu\u2019\u00e0 ce que le pH requis soit atteint. [&hellip;]\" \/>\n<meta property=\"og:url\" content=\"https:\/\/lemaraichermoderne.com\/en\/produit\/nutri-34-potassium-hydroxide-1l\/\" \/>\n<meta property=\"og:site_name\" content=\"Le Mara\u00eecher Moderne\" \/>\n<meta property=\"article:publisher\" content=\"https:\/\/www.facebook.com\/lemaraichermoderne\" \/>\n<meta property=\"article:modified_time\" content=\"2026-04-16T14:00:34+00:00\" \/>\n<meta property=\"og:image\" content=\"https:\/\/lemaraichermoderne.com\/wp-content\/uploads\/2024\/07\/ph-34.jpg\" \/>\n\t<meta property=\"og:image:width\" content=\"900\" \/>\n\t<meta property=\"og:image:height\" content=\"900\" \/>\n\t<meta property=\"og:image:type\" content=\"image\/jpeg\" \/>\n<meta name=\"twitter:card\" content=\"summary_large_image\" \/>\n<meta name=\"twitter:label1\" content=\"Est. reading time\" \/>\n\t<meta name=\"twitter:data1\" content=\"2 minutes\" \/>\n<script type=\"application\/ld+json\" class=\"yoast-schema-graph\">{\"@context\":\"https:\\\/\\\/schema.org\",\"@graph\":[{\"@type\":\"WebPage\",\"@id\":\"https:\\\/\\\/lemaraichermoderne.com\\\/en\\\/produit\\\/nutri-34-potassium-hydroxide-1l\\\/\",\"url\":\"https:\\\/\\\/lemaraichermoderne.com\\\/en\\\/produit\\\/nutri-34-potassium-hydroxide-1l\\\/\",\"name\":\"Nutri+ PH+ 34% Potassium Hydroxide 1L - Le Mara\u00eecher Moderne\",\"isPartOf\":{\"@id\":\"https:\\\/\\\/lemaraichermoderne.com\\\/en\\\/#website\"},\"primaryImageOfPage\":{\"@id\":\"https:\\\/\\\/lemaraichermoderne.com\\\/en\\\/produit\\\/nutri-34-potassium-hydroxide-1l\\\/#primaryimage\"},\"image\":{\"@id\":\"https:\\\/\\\/lemaraichermoderne.com\\\/en\\\/produit\\\/nutri-34-potassium-hydroxide-1l\\\/#primaryimage\"},\"thumbnailUrl\":\"https:\\\/\\\/lemaraichermoderne.com\\\/wp-content\\\/uploads\\\/2024\\\/07\\\/ph-34.jpg\",\"datePublished\":\"2024-07-10T15:54:49+00:00\",\"dateModified\":\"2026-04-16T14:00:34+00:00\",\"breadcrumb\":{\"@id\":\"https:\\\/\\\/lemaraichermoderne.com\\\/en\\\/produit\\\/nutri-34-potassium-hydroxide-1l\\\/#breadcrumb\"},\"inLanguage\":\"en-US\",\"potentialAction\":[{\"@type\":\"ReadAction\",\"target\":[\"https:\\\/\\\/lemaraichermoderne.com\\\/en\\\/produit\\\/nutri-34-potassium-hydroxide-1l\\\/\"]}]},{\"@type\":\"ImageObject\",\"inLanguage\":\"en-US\",\"@id\":\"https:\\\/\\\/lemaraichermoderne.com\\\/en\\\/produit\\\/nutri-34-potassium-hydroxide-1l\\\/#primaryimage\",\"url\":\"https:\\\/\\\/lemaraichermoderne.com\\\/wp-content\\\/uploads\\\/2024\\\/07\\\/ph-34.jpg\",\"contentUrl\":\"https:\\\/\\\/lemaraichermoderne.com\\\/wp-content\\\/uploads\\\/2024\\\/07\\\/ph-34.jpg\",\"width\":900,\"height\":900,\"caption\":\"Nutri+ 34% Potassium Hydroxide 1L\"},{\"@type\":\"BreadcrumbList\",\"@id\":\"https:\\\/\\\/lemaraichermoderne.com\\\/en\\\/produit\\\/nutri-34-potassium-hydroxide-1l\\\/#breadcrumb\",\"itemListElement\":[{\"@type\":\"ListItem\",\"position\":1,\"name\":\"Accueil\",\"item\":\"https:\\\/\\\/lemaraichermoderne.com\\\/en\\\/\"},{\"@type\":\"ListItem\",\"position\":2,\"name\":\"Boutique\",\"item\":\"https:\\\/\\\/lemaraichermoderne.com\\\/boutique\\\/\"},{\"@type\":\"ListItem\",\"position\":3,\"name\":\"Nutri+ PH+ 34% Potassium Hydroxide 1L\"}]},{\"@type\":\"WebSite\",\"@id\":\"https:\\\/\\\/lemaraichermoderne.com\\\/en\\\/#website\",\"url\":\"https:\\\/\\\/lemaraichermoderne.com\\\/en\\\/\",\"name\":\"Le Mara\u00eecher Moderne\",\"description\":\"R\u00e9f\u00e9rence en hydroponie \u00e0 Qu\u00e9bec\",\"publisher\":{\"@id\":\"https:\\\/\\\/lemaraichermoderne.com\\\/en\\\/#organization\"},\"potentialAction\":[{\"@type\":\"SearchAction\",\"target\":{\"@type\":\"EntryPoint\",\"urlTemplate\":\"https:\\\/\\\/lemaraichermoderne.com\\\/en\\\/?s={search_term_string}\"},\"query-input\":{\"@type\":\"PropertyValueSpecification\",\"valueRequired\":true,\"valueName\":\"search_term_string\"}}],\"inLanguage\":\"en-US\"},{\"@type\":\"Organization\",\"@id\":\"https:\\\/\\\/lemaraichermoderne.com\\\/en\\\/#organization\",\"name\":\"Le Mara\u00eecher Moderne\",\"url\":\"https:\\\/\\\/lemaraichermoderne.com\\\/en\\\/\",\"logo\":{\"@type\":\"ImageObject\",\"inLanguage\":\"en-US\",\"@id\":\"https:\\\/\\\/lemaraichermoderne.com\\\/en\\\/#\\\/schema\\\/logo\\\/image\\\/\",\"url\":\"https:\\\/\\\/lemaraichermoderne.com\\\/wp-content\\\/uploads\\\/2023\\\/03\\\/logo_mm1.png\",\"contentUrl\":\"https:\\\/\\\/lemaraichermoderne.com\\\/wp-content\\\/uploads\\\/2023\\\/03\\\/logo_mm1.png\",\"width\":500,\"height\":222,\"caption\":\"Le Mara\u00eecher Moderne\"},\"image\":{\"@id\":\"https:\\\/\\\/lemaraichermoderne.com\\\/en\\\/#\\\/schema\\\/logo\\\/image\\\/\"},\"sameAs\":[\"https:\\\/\\\/www.facebook.com\\\/lemaraichermoderne\",\"https:\\\/\\\/www.instagram.com\\\/lemaraichermoderne\"]}]}<\/script>\n<!-- \/ Yoast SEO plugin. -->","yoast_head_json":{"title":"Nutri+ PH+ 34% Potassium Hydroxide 1L - Le Mara\u00eecher Moderne","robots":{"index":"index","follow":"follow","max-snippet":"max-snippet:-1","max-image-preview":"max-image-preview:large","max-video-preview":"max-video-preview:-1"},"canonical":"https:\/\/lemaraichermoderne.com\/en\/produit\/nutri-34-potassium-hydroxide-1l\/","og_locale":"en_US","og_type":"article","og_title":"Nutri+ PH+ 34% Potassium Hydroxide 1L - Le Mara\u00eecher Moderne","og_description":"NUTRI+\u00ae HYDROXYDE DE POTASSIUM 34% NUTRI+\u00ae HYDROXYDE DE POTASSIUM est une solution tr\u00e8s concentr\u00e9e servant \u00e0 augmenter le niveau de pH d\u2019une solution nutritive pour plantes. APPLICATION Bien agiter avant l\u2019usage. Dosage: Ajouter quelques gouttes \u00e0 la fois, m\u00e9langer bien et v\u00e9rifier le pH de nouveau. R\u00e9p\u00e9ter jusqu\u2019\u00e0 ce que le pH requis soit atteint. [&hellip;]","og_url":"https:\/\/lemaraichermoderne.com\/en\/produit\/nutri-34-potassium-hydroxide-1l\/","og_site_name":"Le Mara\u00eecher Moderne","article_publisher":"https:\/\/www.facebook.com\/lemaraichermoderne","article_modified_time":"2026-04-16T14:00:34+00:00","og_image":[{"width":900,"height":900,"url":"https:\/\/lemaraichermoderne.com\/wp-content\/uploads\/2024\/07\/ph-34.jpg","type":"image\/jpeg"}],"twitter_card":"summary_large_image","twitter_misc":{"Est. reading time":"2 minutes"},"schema":{"@context":"https:\/\/schema.org","@graph":[{"@type":"WebPage","@id":"https:\/\/lemaraichermoderne.com\/en\/produit\/nutri-34-potassium-hydroxide-1l\/","url":"https:\/\/lemaraichermoderne.com\/en\/produit\/nutri-34-potassium-hydroxide-1l\/","name":"Nutri+ PH+ 34% Potassium Hydroxide 1L - Le Mara\u00eecher Moderne","isPartOf":{"@id":"https:\/\/lemaraichermoderne.com\/en\/#website"},"primaryImageOfPage":{"@id":"https:\/\/lemaraichermoderne.com\/en\/produit\/nutri-34-potassium-hydroxide-1l\/#primaryimage"},"image":{"@id":"https:\/\/lemaraichermoderne.com\/en\/produit\/nutri-34-potassium-hydroxide-1l\/#primaryimage"},"thumbnailUrl":"https:\/\/lemaraichermoderne.com\/wp-content\/uploads\/2024\/07\/ph-34.jpg","datePublished":"2024-07-10T15:54:49+00:00","dateModified":"2026-04-16T14:00:34+00:00","breadcrumb":{"@id":"https:\/\/lemaraichermoderne.com\/en\/produit\/nutri-34-potassium-hydroxide-1l\/#breadcrumb"},"inLanguage":"en-US","potentialAction":[{"@type":"ReadAction","target":["https:\/\/lemaraichermoderne.com\/en\/produit\/nutri-34-potassium-hydroxide-1l\/"]}]},{"@type":"ImageObject","inLanguage":"en-US","@id":"https:\/\/lemaraichermoderne.com\/en\/produit\/nutri-34-potassium-hydroxide-1l\/#primaryimage","url":"https:\/\/lemaraichermoderne.com\/wp-content\/uploads\/2024\/07\/ph-34.jpg","contentUrl":"https:\/\/lemaraichermoderne.com\/wp-content\/uploads\/2024\/07\/ph-34.jpg","width":900,"height":900,"caption":"Nutri+ 34% Potassium Hydroxide 1L"},{"@type":"BreadcrumbList","@id":"https:\/\/lemaraichermoderne.com\/en\/produit\/nutri-34-potassium-hydroxide-1l\/#breadcrumb","itemListElement":[{"@type":"ListItem","position":1,"name":"Accueil","item":"https:\/\/lemaraichermoderne.com\/en\/"},{"@type":"ListItem","position":2,"name":"Boutique","item":"https:\/\/lemaraichermoderne.com\/boutique\/"},{"@type":"ListItem","position":3,"name":"Nutri+ PH+ 34% Potassium Hydroxide 1L"}]},{"@type":"WebSite","@id":"https:\/\/lemaraichermoderne.com\/en\/#website","url":"https:\/\/lemaraichermoderne.com\/en\/","name":"Le Mara\u00eecher Moderne","description":"R\u00e9f\u00e9rence en hydroponie \u00e0 Qu\u00e9bec","publisher":{"@id":"https:\/\/lemaraichermoderne.com\/en\/#organization"},"potentialAction":[{"@type":"SearchAction","target":{"@type":"EntryPoint","urlTemplate":"https:\/\/lemaraichermoderne.com\/en\/?s={search_term_string}"},"query-input":{"@type":"PropertyValueSpecification","valueRequired":true,"valueName":"search_term_string"}}],"inLanguage":"en-US"},{"@type":"Organization","@id":"https:\/\/lemaraichermoderne.com\/en\/#organization","name":"Le Mara\u00eecher Moderne","url":"https:\/\/lemaraichermoderne.com\/en\/","logo":{"@type":"ImageObject","inLanguage":"en-US","@id":"https:\/\/lemaraichermoderne.com\/en\/#\/schema\/logo\/image\/","url":"https:\/\/lemaraichermoderne.com\/wp-content\/uploads\/2023\/03\/logo_mm1.png","contentUrl":"https:\/\/lemaraichermoderne.com\/wp-content\/uploads\/2023\/03\/logo_mm1.png","width":500,"height":222,"caption":"Le Mara\u00eecher Moderne"},"image":{"@id":"https:\/\/lemaraichermoderne.com\/en\/#\/schema\/logo\/image\/"},"sameAs":["https:\/\/www.facebook.com\/lemaraichermoderne","https:\/\/www.instagram.com\/lemaraichermoderne"]}]}},"_links":{"self":[{"href":"https:\/\/lemaraichermoderne.com\/en\/wp-json\/wp\/v2\/product\/6467","targetHints":{"allow":["GET"]}}],"collection":[{"href":"https:\/\/lemaraichermoderne.com\/en\/wp-json\/wp\/v2\/product"}],"about":[{"href":"https:\/\/lemaraichermoderne.com\/en\/wp-json\/wp\/v2\/types\/product"}],"wp:featuredmedia":[{"embeddable":true,"href":"https:\/\/lemaraichermoderne.com\/en\/wp-json\/wp\/v2\/media\/6470"}],"wp:attachment":[{"href":"https:\/\/lemaraichermoderne.com\/en\/wp-json\/wp\/v2\/media?parent=6467"}],"wp:term":[{"taxonomy":"product_brand","embeddable":true,"href":"https:\/\/lemaraichermoderne.com\/en\/wp-json\/wp\/v2\/product_brand?post=6467"},{"taxonomy":"product_cat","embeddable":true,"href":"https:\/\/lemaraichermoderne.com\/en\/wp-json\/wp\/v2\/product_cat?post=6467"},{"taxonomy":"product_tag","embeddable":true,"href":"https:\/\/lemaraichermoderne.com\/en\/wp-json\/wp\/v2\/product_tag?post=6467"}],"curies":[{"name":"wp","href":"https:\/\/api.w.org\/{rel}","templated":true}]}}