{"id":6521,"date":"2024-07-11T11:01:41","date_gmt":"2024-07-11T15:01:41","guid":{"rendered":"https:\/\/lemaraichermoderne.com\/?post_type=product&#038;p=6521"},"modified":"2026-04-13T13:39:50","modified_gmt":"2026-04-13T17:39:50","slug":"general-hydroponics-ph-down-liquid-4-l-1-gal","status":"publish","type":"product","link":"https:\/\/lemaraichermoderne.com\/en\/produit\/general-hydroponics-ph-down-liquid-4-l-1-gal\/","title":{"rendered":"General Hydroponics\u00ae Pro pH Down (4 L \/ 1 gal)"},"content":{"rendered":"<div id=\"tw-target-text-container\" class=\"tw-ta-container F0azHf tw-nfl\">\n<h3 id=\"tw-target-text\" class=\"tw-data-text tw-text-large tw-ta\" dir=\"ltr\" data-placeholder=\"Traduction\" aria-label=\"Texte traduit\" data-ved=\"2ahUKEwjciKf1m5-HAxVpLFkFHaSPDbEQ3ewLegQIBRAT\"><span class=\"Y2IQFc\" lang=\"fr\"> Ajuste le pH pour une croissance optimale des plantes dans les syst\u00e8mes bas\u00e9s sur le sol et hydroponiques. Utilise de l&#8217;acide phosphorique de qualit\u00e9 alimentaire pour abaisser les niveaux de pH selon les besoins. Les capacit\u00e9s tampons haut de gamme garantissent des niveaux de pH stables pour une croissance constante des plantes. Recommand\u00e9 pour une vari\u00e9t\u00e9 de plantes, notamment le chanvre, les l\u00e9gumes, les herbes, les fruits, les fleurs et les cultures de grande valeur. Compatible avec divers supports de culture tels que la laine de roche, le terreau, la fibre de coco, le m\u00e9lange tourbe l\u00e9ger, les syst\u00e8mes de culture en terre et en eau. Ajoutez progressivement pour atteindre efficacement les niveaux de pH souhait\u00e9s. Bouteille de 4 litres (1 gallon).<\/span><\/h3>\n<\/div>\n<div id=\"tw-target-rmn-container\" class=\"tw-target-rmn tw-ta-container F0azHf tw-nfl\">\n<pre id=\"tw-target-rmn\" class=\"tw-data-placeholder tw-text-small tw-ta\" dir=\"ltr\" data-placeholder=\"\"><\/pre>\n<\/div>\n<div class=\"iYB33c\">\n<div class=\"dlJLJe\">\n<div data-cviv=\"false\" data-ved=\"2ahUKEwjciKf1m5-HAxVpLFkFHaSPDbEQz_AEegQIBRAU\">\n<div class=\"U9URNb\"><\/div>\n<\/div>\n<\/div>\n<\/div>\n","protected":false},"excerpt":{"rendered":"<p>Ajuste le pH pour une croissance optimale des plantes dans les syst\u00e8mes bas\u00e9s sur le sol et hydroponiques. Utilise de l&#8217;acide phosphorique de qualit\u00e9 alimentaire pour abaisser les niveaux de pH selon les besoins. Les capacit\u00e9s tampons haut de gamme garantissent des niveaux de pH stables pour une croissance constante des plantes. Recommand\u00e9 pour une [&hellip;]<\/p>\n","protected":false},"featured_media":6589,"template":"","meta":[],"product_brand":[],"product_cat":[32],"product_tag":[],"class_list":{"0":"post-6521","1":"product","2":"type-product","3":"status-publish","4":"has-post-thumbnail","6":"product_cat-controle-de-leau","8":"first","9":"outofstock","10":"taxable","11":"shipping-taxable","12":"purchasable","13":"product-type-simple"},"yoast_head":"<!-- This site is optimized with the Yoast SEO plugin v27.5 - https:\/\/yoast.com\/product\/yoast-seo-wordpress\/ -->\n<title>General Hydroponics\u00ae Pro pH Down (4 L \/ 1 gal) - Le Mara\u00eecher Moderne<\/title>\n<meta name=\"robots\" content=\"index, follow, max-snippet:-1, max-image-preview:large, max-video-preview:-1\" \/>\n<link rel=\"canonical\" href=\"https:\/\/lemaraichermoderne.com\/en\/produit\/general-hydroponics-ph-down-liquid-4-l-1-gal\/\" \/>\n<meta property=\"og:locale\" content=\"en_US\" \/>\n<meta property=\"og:type\" content=\"article\" \/>\n<meta property=\"og:title\" content=\"General Hydroponics\u00ae Pro pH Down (4 L \/ 1 gal) - Le Mara\u00eecher Moderne\" \/>\n<meta property=\"og:description\" content=\"Ajuste le pH pour une croissance optimale des plantes dans les syst\u00e8mes bas\u00e9s sur le sol et hydroponiques. Utilise de l&#8217;acide phosphorique de qualit\u00e9 alimentaire pour abaisser les niveaux de pH selon les besoins. Les capacit\u00e9s tampons haut de gamme garantissent des niveaux de pH stables pour une croissance constante des plantes. Recommand\u00e9 pour une [&hellip;]\" \/>\n<meta property=\"og:url\" content=\"https:\/\/lemaraichermoderne.com\/en\/produit\/general-hydroponics-ph-down-liquid-4-l-1-gal\/\" \/>\n<meta property=\"og:site_name\" content=\"Le Mara\u00eecher Moderne\" \/>\n<meta property=\"article:publisher\" content=\"https:\/\/www.facebook.com\/lemaraichermoderne\" \/>\n<meta property=\"article:modified_time\" content=\"2026-04-13T17:39:50+00:00\" \/>\n<meta property=\"og:image\" content=\"https:\/\/lemaraichermoderne.com\/wp-content\/uploads\/2024\/07\/0004018_gh-pro-ph-down-4l-1-gal.jpeg\" \/>\n\t<meta property=\"og:image:width\" content=\"397\" \/>\n\t<meta property=\"og:image:height\" content=\"397\" \/>\n\t<meta property=\"og:image:type\" content=\"image\/jpeg\" \/>\n<meta name=\"twitter:card\" content=\"summary_large_image\" \/>\n<meta name=\"twitter:label1\" content=\"Est. reading time\" \/>\n\t<meta name=\"twitter:data1\" content=\"1 minute\" \/>\n<script type=\"application\/ld+json\" class=\"yoast-schema-graph\">{\"@context\":\"https:\\\/\\\/schema.org\",\"@graph\":[{\"@type\":\"WebPage\",\"@id\":\"https:\\\/\\\/lemaraichermoderne.com\\\/en\\\/produit\\\/general-hydroponics-ph-down-liquid-4-l-1-gal\\\/\",\"url\":\"https:\\\/\\\/lemaraichermoderne.com\\\/en\\\/produit\\\/general-hydroponics-ph-down-liquid-4-l-1-gal\\\/\",\"name\":\"General Hydroponics\u00ae Pro pH Down (4 L \\\/ 1 gal) - Le Mara\u00eecher Moderne\",\"isPartOf\":{\"@id\":\"https:\\\/\\\/lemaraichermoderne.com\\\/en\\\/#website\"},\"primaryImageOfPage\":{\"@id\":\"https:\\\/\\\/lemaraichermoderne.com\\\/en\\\/produit\\\/general-hydroponics-ph-down-liquid-4-l-1-gal\\\/#primaryimage\"},\"image\":{\"@id\":\"https:\\\/\\\/lemaraichermoderne.com\\\/en\\\/produit\\\/general-hydroponics-ph-down-liquid-4-l-1-gal\\\/#primaryimage\"},\"thumbnailUrl\":\"https:\\\/\\\/lemaraichermoderne.com\\\/wp-content\\\/uploads\\\/2024\\\/07\\\/0004018_gh-pro-ph-down-4l-1-gal.jpeg\",\"datePublished\":\"2024-07-11T15:01:41+00:00\",\"dateModified\":\"2026-04-13T17:39:50+00:00\",\"breadcrumb\":{\"@id\":\"https:\\\/\\\/lemaraichermoderne.com\\\/en\\\/produit\\\/general-hydroponics-ph-down-liquid-4-l-1-gal\\\/#breadcrumb\"},\"inLanguage\":\"en-US\",\"potentialAction\":[{\"@type\":\"ReadAction\",\"target\":[\"https:\\\/\\\/lemaraichermoderne.com\\\/en\\\/produit\\\/general-hydroponics-ph-down-liquid-4-l-1-gal\\\/\"]}]},{\"@type\":\"ImageObject\",\"inLanguage\":\"en-US\",\"@id\":\"https:\\\/\\\/lemaraichermoderne.com\\\/en\\\/produit\\\/general-hydroponics-ph-down-liquid-4-l-1-gal\\\/#primaryimage\",\"url\":\"https:\\\/\\\/lemaraichermoderne.com\\\/wp-content\\\/uploads\\\/2024\\\/07\\\/0004018_gh-pro-ph-down-4l-1-gal.jpeg\",\"contentUrl\":\"https:\\\/\\\/lemaraichermoderne.com\\\/wp-content\\\/uploads\\\/2024\\\/07\\\/0004018_gh-pro-ph-down-4l-1-gal.jpeg\",\"width\":397,\"height\":397},{\"@type\":\"BreadcrumbList\",\"@id\":\"https:\\\/\\\/lemaraichermoderne.com\\\/en\\\/produit\\\/general-hydroponics-ph-down-liquid-4-l-1-gal\\\/#breadcrumb\",\"itemListElement\":[{\"@type\":\"ListItem\",\"position\":1,\"name\":\"Accueil\",\"item\":\"https:\\\/\\\/lemaraichermoderne.com\\\/en\\\/\"},{\"@type\":\"ListItem\",\"position\":2,\"name\":\"Boutique\",\"item\":\"https:\\\/\\\/lemaraichermoderne.com\\\/boutique\\\/\"},{\"@type\":\"ListItem\",\"position\":3,\"name\":\"General Hydroponics\u00ae Pro pH Down (4 L \\\/ 1 gal)\"}]},{\"@type\":\"WebSite\",\"@id\":\"https:\\\/\\\/lemaraichermoderne.com\\\/en\\\/#website\",\"url\":\"https:\\\/\\\/lemaraichermoderne.com\\\/en\\\/\",\"name\":\"Le Mara\u00eecher Moderne\",\"description\":\"R\u00e9f\u00e9rence en hydroponie \u00e0 Qu\u00e9bec\",\"publisher\":{\"@id\":\"https:\\\/\\\/lemaraichermoderne.com\\\/en\\\/#organization\"},\"potentialAction\":[{\"@type\":\"SearchAction\",\"target\":{\"@type\":\"EntryPoint\",\"urlTemplate\":\"https:\\\/\\\/lemaraichermoderne.com\\\/en\\\/?s={search_term_string}\"},\"query-input\":{\"@type\":\"PropertyValueSpecification\",\"valueRequired\":true,\"valueName\":\"search_term_string\"}}],\"inLanguage\":\"en-US\"},{\"@type\":\"Organization\",\"@id\":\"https:\\\/\\\/lemaraichermoderne.com\\\/en\\\/#organization\",\"name\":\"Le Mara\u00eecher Moderne\",\"url\":\"https:\\\/\\\/lemaraichermoderne.com\\\/en\\\/\",\"logo\":{\"@type\":\"ImageObject\",\"inLanguage\":\"en-US\",\"@id\":\"https:\\\/\\\/lemaraichermoderne.com\\\/en\\\/#\\\/schema\\\/logo\\\/image\\\/\",\"url\":\"https:\\\/\\\/lemaraichermoderne.com\\\/wp-content\\\/uploads\\\/2023\\\/03\\\/logo_mm1.png\",\"contentUrl\":\"https:\\\/\\\/lemaraichermoderne.com\\\/wp-content\\\/uploads\\\/2023\\\/03\\\/logo_mm1.png\",\"width\":500,\"height\":222,\"caption\":\"Le Mara\u00eecher Moderne\"},\"image\":{\"@id\":\"https:\\\/\\\/lemaraichermoderne.com\\\/en\\\/#\\\/schema\\\/logo\\\/image\\\/\"},\"sameAs\":[\"https:\\\/\\\/www.facebook.com\\\/lemaraichermoderne\",\"https:\\\/\\\/www.instagram.com\\\/lemaraichermoderne\"]}]}<\/script>\n<!-- \/ Yoast SEO plugin. -->","yoast_head_json":{"title":"General Hydroponics\u00ae Pro pH Down (4 L \/ 1 gal) - Le Mara\u00eecher Moderne","robots":{"index":"index","follow":"follow","max-snippet":"max-snippet:-1","max-image-preview":"max-image-preview:large","max-video-preview":"max-video-preview:-1"},"canonical":"https:\/\/lemaraichermoderne.com\/en\/produit\/general-hydroponics-ph-down-liquid-4-l-1-gal\/","og_locale":"en_US","og_type":"article","og_title":"General Hydroponics\u00ae Pro pH Down (4 L \/ 1 gal) - Le Mara\u00eecher Moderne","og_description":"Ajuste le pH pour une croissance optimale des plantes dans les syst\u00e8mes bas\u00e9s sur le sol et hydroponiques. Utilise de l&#8217;acide phosphorique de qualit\u00e9 alimentaire pour abaisser les niveaux de pH selon les besoins. Les capacit\u00e9s tampons haut de gamme garantissent des niveaux de pH stables pour une croissance constante des plantes. Recommand\u00e9 pour une [&hellip;]","og_url":"https:\/\/lemaraichermoderne.com\/en\/produit\/general-hydroponics-ph-down-liquid-4-l-1-gal\/","og_site_name":"Le Mara\u00eecher Moderne","article_publisher":"https:\/\/www.facebook.com\/lemaraichermoderne","article_modified_time":"2026-04-13T17:39:50+00:00","og_image":[{"width":397,"height":397,"url":"https:\/\/lemaraichermoderne.com\/wp-content\/uploads\/2024\/07\/0004018_gh-pro-ph-down-4l-1-gal.jpeg","type":"image\/jpeg"}],"twitter_card":"summary_large_image","twitter_misc":{"Est. reading time":"1 minute"},"schema":{"@context":"https:\/\/schema.org","@graph":[{"@type":"WebPage","@id":"https:\/\/lemaraichermoderne.com\/en\/produit\/general-hydroponics-ph-down-liquid-4-l-1-gal\/","url":"https:\/\/lemaraichermoderne.com\/en\/produit\/general-hydroponics-ph-down-liquid-4-l-1-gal\/","name":"General Hydroponics\u00ae Pro pH Down (4 L \/ 1 gal) - Le Mara\u00eecher Moderne","isPartOf":{"@id":"https:\/\/lemaraichermoderne.com\/en\/#website"},"primaryImageOfPage":{"@id":"https:\/\/lemaraichermoderne.com\/en\/produit\/general-hydroponics-ph-down-liquid-4-l-1-gal\/#primaryimage"},"image":{"@id":"https:\/\/lemaraichermoderne.com\/en\/produit\/general-hydroponics-ph-down-liquid-4-l-1-gal\/#primaryimage"},"thumbnailUrl":"https:\/\/lemaraichermoderne.com\/wp-content\/uploads\/2024\/07\/0004018_gh-pro-ph-down-4l-1-gal.jpeg","datePublished":"2024-07-11T15:01:41+00:00","dateModified":"2026-04-13T17:39:50+00:00","breadcrumb":{"@id":"https:\/\/lemaraichermoderne.com\/en\/produit\/general-hydroponics-ph-down-liquid-4-l-1-gal\/#breadcrumb"},"inLanguage":"en-US","potentialAction":[{"@type":"ReadAction","target":["https:\/\/lemaraichermoderne.com\/en\/produit\/general-hydroponics-ph-down-liquid-4-l-1-gal\/"]}]},{"@type":"ImageObject","inLanguage":"en-US","@id":"https:\/\/lemaraichermoderne.com\/en\/produit\/general-hydroponics-ph-down-liquid-4-l-1-gal\/#primaryimage","url":"https:\/\/lemaraichermoderne.com\/wp-content\/uploads\/2024\/07\/0004018_gh-pro-ph-down-4l-1-gal.jpeg","contentUrl":"https:\/\/lemaraichermoderne.com\/wp-content\/uploads\/2024\/07\/0004018_gh-pro-ph-down-4l-1-gal.jpeg","width":397,"height":397},{"@type":"BreadcrumbList","@id":"https:\/\/lemaraichermoderne.com\/en\/produit\/general-hydroponics-ph-down-liquid-4-l-1-gal\/#breadcrumb","itemListElement":[{"@type":"ListItem","position":1,"name":"Accueil","item":"https:\/\/lemaraichermoderne.com\/en\/"},{"@type":"ListItem","position":2,"name":"Boutique","item":"https:\/\/lemaraichermoderne.com\/boutique\/"},{"@type":"ListItem","position":3,"name":"General Hydroponics\u00ae Pro pH Down (4 L \/ 1 gal)"}]},{"@type":"WebSite","@id":"https:\/\/lemaraichermoderne.com\/en\/#website","url":"https:\/\/lemaraichermoderne.com\/en\/","name":"Le Mara\u00eecher Moderne","description":"R\u00e9f\u00e9rence en hydroponie \u00e0 Qu\u00e9bec","publisher":{"@id":"https:\/\/lemaraichermoderne.com\/en\/#organization"},"potentialAction":[{"@type":"SearchAction","target":{"@type":"EntryPoint","urlTemplate":"https:\/\/lemaraichermoderne.com\/en\/?s={search_term_string}"},"query-input":{"@type":"PropertyValueSpecification","valueRequired":true,"valueName":"search_term_string"}}],"inLanguage":"en-US"},{"@type":"Organization","@id":"https:\/\/lemaraichermoderne.com\/en\/#organization","name":"Le Mara\u00eecher Moderne","url":"https:\/\/lemaraichermoderne.com\/en\/","logo":{"@type":"ImageObject","inLanguage":"en-US","@id":"https:\/\/lemaraichermoderne.com\/en\/#\/schema\/logo\/image\/","url":"https:\/\/lemaraichermoderne.com\/wp-content\/uploads\/2023\/03\/logo_mm1.png","contentUrl":"https:\/\/lemaraichermoderne.com\/wp-content\/uploads\/2023\/03\/logo_mm1.png","width":500,"height":222,"caption":"Le Mara\u00eecher Moderne"},"image":{"@id":"https:\/\/lemaraichermoderne.com\/en\/#\/schema\/logo\/image\/"},"sameAs":["https:\/\/www.facebook.com\/lemaraichermoderne","https:\/\/www.instagram.com\/lemaraichermoderne"]}]}},"_links":{"self":[{"href":"https:\/\/lemaraichermoderne.com\/en\/wp-json\/wp\/v2\/product\/6521","targetHints":{"allow":["GET"]}}],"collection":[{"href":"https:\/\/lemaraichermoderne.com\/en\/wp-json\/wp\/v2\/product"}],"about":[{"href":"https:\/\/lemaraichermoderne.com\/en\/wp-json\/wp\/v2\/types\/product"}],"wp:featuredmedia":[{"embeddable":true,"href":"https:\/\/lemaraichermoderne.com\/en\/wp-json\/wp\/v2\/media\/6589"}],"wp:attachment":[{"href":"https:\/\/lemaraichermoderne.com\/en\/wp-json\/wp\/v2\/media?parent=6521"}],"wp:term":[{"taxonomy":"product_brand","embeddable":true,"href":"https:\/\/lemaraichermoderne.com\/en\/wp-json\/wp\/v2\/product_brand?post=6521"},{"taxonomy":"product_cat","embeddable":true,"href":"https:\/\/lemaraichermoderne.com\/en\/wp-json\/wp\/v2\/product_cat?post=6521"},{"taxonomy":"product_tag","embeddable":true,"href":"https:\/\/lemaraichermoderne.com\/en\/wp-json\/wp\/v2\/product_tag?post=6521"}],"curies":[{"name":"wp","href":"https:\/\/api.w.org\/{rel}","templated":true}]}}