{"id":6591,"date":"2024-07-24T13:41:08","date_gmt":"2024-07-24T17:41:08","guid":{"rendered":"https:\/\/lemaraichermoderne.com\/?post_type=product&#038;p=6591"},"modified":"2025-09-15T10:02:54","modified_gmt":"2025-09-15T14:02:54","slug":"botanicare-id-tray-3-x-3-91-x-91-cm-white","status":"publish","type":"product","link":"https:\/\/lemaraichermoderne.com\/en\/produit\/botanicare-id-tray-3-x-3-91-x-91-cm-white\/","title":{"rendered":"Botanicare Tray 3&#8242; x 3&#8242; (91 x 91 cm), White"},"content":{"rendered":"<h2 data-start=\"140\" data-end=\"206\"><strong data-start=\"143\" data-end=\"206\">Botanicare Premium White ID Tray \u2013 3 ft \u00d7 3 ft (91 \u00d7 91 cm)<\/strong><\/h2>\n<p data-start=\"208\" data-end=\"584\"><strong data-start=\"208\" data-end=\"223\">Description<\/strong><br data-start=\"223\" data-end=\"226\" \/>Ce bac de culture haut de gamme (ID = Inside Dimension) de Botanicare est con\u00e7u pour offrir robustesse, long\u00e9vit\u00e9 et performance optimale en hydroponie. Fabriqu\u00e9 aux \u00c9tats-Unis en plastique ABS de qualit\u00e9, compos\u00e9 \u00e0 70 % de mat\u00e9riaux recycl\u00e9s et dot\u00e9 d\u2019une couche vierge r\u00e9sistante aux UV, il est durable, facile \u00e0 nettoyer et respectueux de l\u2019environnement.<\/p>\n<p data-start=\"586\" data-end=\"620\"><strong data-start=\"586\" data-end=\"618\">Caract\u00e9ristiques principales<\/strong><\/p>\n<ul data-start=\"621\" data-end=\"1010\">\n<li data-start=\"621\" data-end=\"697\">\n<p data-start=\"623\" data-end=\"697\"><strong data-start=\"623\" data-end=\"649\">Dimensions ext\u00e9rieures<\/strong> : environ 41\u2033 \u00d7 41\u2033 \u00d7 7\u2033 (~104 \u00d7 104 \u00d7 18 cm)<\/p>\n<\/li>\n<li data-start=\"698\" data-end=\"772\">\n<p data-start=\"700\" data-end=\"772\"><strong data-start=\"700\" data-end=\"726\">Dimensions int\u00e9rieures<\/strong> : environ 36\u2033 \u00d7 36\u2033 \u00d7 6\u2033 (~91 \u00d7 91 \u00d7 15 cm)<\/p>\n<\/li>\n<li data-start=\"773\" data-end=\"816\">\n<p data-start=\"775\" data-end=\"816\"><strong data-start=\"775\" data-end=\"800\">Profondeur des parois<\/strong> : 7\u2033 (~18 cm)<\/p>\n<\/li>\n<li data-start=\"817\" data-end=\"868\">\n<p data-start=\"819\" data-end=\"868\"><strong data-start=\"819\" data-end=\"831\">Capacit\u00e9<\/strong> : environ 36 gallons (~136 litres)<\/p>\n<\/li>\n<li data-start=\"869\" data-end=\"1010\">\n<p data-start=\"871\" data-end=\"1010\"><strong data-start=\"871\" data-end=\"885\">Conception<\/strong> : angles renforc\u00e9s, grille de drainage incurv\u00e9e et large pour faciliter le nettoyage, rebords moul\u00e9s pour une bonne rigidit\u00e9<\/p>\n<\/li>\n<\/ul>\n<p data-start=\"1012\" data-end=\"1032\"><strong data-start=\"1012\" data-end=\"1030\">Avantages cl\u00e9s<\/strong><\/p>\n<ul data-start=\"1033\" data-end=\"1352\">\n<li data-start=\"1033\" data-end=\"1122\">\n<p data-start=\"1035\" data-end=\"1122\">Durabilit\u00e9 exceptionnelle gr\u00e2ce \u00e0 l\u2019ABS \u00e9pais et extrud\u00e9, renforc\u00e9 avec protection UV<\/p>\n<\/li>\n<li data-start=\"1123\" data-end=\"1199\">\n<p data-start=\"1125\" data-end=\"1199\">Espace de croissance maximis\u00e9 gr\u00e2ce \u00e0 ses dimensions int\u00e9rieures fid\u00e8les<\/p>\n<\/li>\n<li data-start=\"1200\" data-end=\"1263\">\n<p data-start=\"1202\" data-end=\"1263\">Facilit\u00e9 d\u2019entretien avec surface lisse et coins structur\u00e9s<\/p>\n<\/li>\n<li data-start=\"1264\" data-end=\"1352\">\n<p data-start=\"1266\" data-end=\"1352\">Fabrication \u00e9coresponsable aux \u00c9tats-Unis avec utilisation partielle d\u2019\u00e9nergie solaire<\/p>\n<\/li>\n<\/ul>\n<div class=\"_tableContainer_1rjym_1\"><\/div>\n","protected":false},"excerpt":{"rendered":"<p>Botanicare Premium White ID Tray \u2013 3 ft \u00d7 3 ft (91 \u00d7 91 cm) DescriptionCe bac de culture haut de gamme (ID = Inside Dimension) de Botanicare est con\u00e7u pour offrir robustesse, long\u00e9vit\u00e9 et performance optimale en hydroponie. Fabriqu\u00e9 aux \u00c9tats-Unis en plastique ABS de qualit\u00e9, compos\u00e9 \u00e0 70 % de mat\u00e9riaux recycl\u00e9s et [&hellip;]<\/p>\n","protected":false},"featured_media":6592,"template":"","meta":[],"product_brand":[],"product_cat":[29],"product_tag":[],"class_list":{"0":"post-6591","1":"product","2":"type-product","3":"status-publish","4":"has-post-thumbnail","6":"product_cat-systeme-hydroponique-hydroponique-2","8":"first","9":"instock","10":"taxable","11":"shipping-taxable","12":"purchasable","13":"product-type-simple"},"yoast_head":"<!-- This site is optimized with the Yoast SEO plugin v27.5 - https:\/\/yoast.com\/product\/yoast-seo-wordpress\/ -->\n<title>Botanicare Tray 3&#039; x 3&#039; (91 x 91 cm), White - Le Mara\u00eecher Moderne<\/title>\n<meta name=\"robots\" content=\"index, follow, max-snippet:-1, max-image-preview:large, max-video-preview:-1\" \/>\n<link rel=\"canonical\" href=\"https:\/\/lemaraichermoderne.com\/en\/produit\/botanicare-id-tray-3-x-3-91-x-91-cm-white\/\" \/>\n<meta property=\"og:locale\" content=\"en_US\" \/>\n<meta property=\"og:type\" content=\"article\" \/>\n<meta property=\"og:title\" content=\"Botanicare Tray 3&#039; x 3&#039; (91 x 91 cm), White - Le Mara\u00eecher Moderne\" \/>\n<meta property=\"og:description\" content=\"Botanicare Premium White ID Tray \u2013 3 ft \u00d7 3 ft (91 \u00d7 91 cm) DescriptionCe bac de culture haut de gamme (ID = Inside Dimension) de Botanicare est con\u00e7u pour offrir robustesse, long\u00e9vit\u00e9 et performance optimale en hydroponie. Fabriqu\u00e9 aux \u00c9tats-Unis en plastique ABS de qualit\u00e9, compos\u00e9 \u00e0 70 % de mat\u00e9riaux recycl\u00e9s et [&hellip;]\" \/>\n<meta property=\"og:url\" content=\"https:\/\/lemaraichermoderne.com\/en\/produit\/botanicare-id-tray-3-x-3-91-x-91-cm-white\/\" \/>\n<meta property=\"og:site_name\" content=\"Le Mara\u00eecher Moderne\" \/>\n<meta property=\"article:publisher\" content=\"https:\/\/www.facebook.com\/lemaraichermoderne\" \/>\n<meta property=\"article:modified_time\" content=\"2025-09-15T14:02:54+00:00\" \/>\n<meta property=\"og:image\" content=\"https:\/\/lemaraichermoderne.com\/wp-content\/uploads\/2024\/07\/0006263_botanicare-id-tray-3-ft-x-3-ft-white.jpeg\" \/>\n\t<meta property=\"og:image:width\" content=\"397\" \/>\n\t<meta property=\"og:image:height\" content=\"397\" \/>\n\t<meta property=\"og:image:type\" content=\"image\/jpeg\" \/>\n<meta name=\"twitter:card\" content=\"summary_large_image\" \/>\n<meta name=\"twitter:label1\" content=\"Est. reading time\" \/>\n\t<meta name=\"twitter:data1\" content=\"2 minutes\" \/>\n<script type=\"application\/ld+json\" class=\"yoast-schema-graph\">{\"@context\":\"https:\\\/\\\/schema.org\",\"@graph\":[{\"@type\":\"WebPage\",\"@id\":\"https:\\\/\\\/lemaraichermoderne.com\\\/en\\\/produit\\\/botanicare-id-tray-3-x-3-91-x-91-cm-white\\\/\",\"url\":\"https:\\\/\\\/lemaraichermoderne.com\\\/en\\\/produit\\\/botanicare-id-tray-3-x-3-91-x-91-cm-white\\\/\",\"name\":\"Botanicare Tray 3' x 3' (91 x 91 cm), White - Le Mara\u00eecher Moderne\",\"isPartOf\":{\"@id\":\"https:\\\/\\\/lemaraichermoderne.com\\\/en\\\/#website\"},\"primaryImageOfPage\":{\"@id\":\"https:\\\/\\\/lemaraichermoderne.com\\\/en\\\/produit\\\/botanicare-id-tray-3-x-3-91-x-91-cm-white\\\/#primaryimage\"},\"image\":{\"@id\":\"https:\\\/\\\/lemaraichermoderne.com\\\/en\\\/produit\\\/botanicare-id-tray-3-x-3-91-x-91-cm-white\\\/#primaryimage\"},\"thumbnailUrl\":\"https:\\\/\\\/lemaraichermoderne.com\\\/wp-content\\\/uploads\\\/2024\\\/07\\\/0006263_botanicare-id-tray-3-ft-x-3-ft-white.jpeg\",\"datePublished\":\"2024-07-24T17:41:08+00:00\",\"dateModified\":\"2025-09-15T14:02:54+00:00\",\"breadcrumb\":{\"@id\":\"https:\\\/\\\/lemaraichermoderne.com\\\/en\\\/produit\\\/botanicare-id-tray-3-x-3-91-x-91-cm-white\\\/#breadcrumb\"},\"inLanguage\":\"en-US\",\"potentialAction\":[{\"@type\":\"ReadAction\",\"target\":[\"https:\\\/\\\/lemaraichermoderne.com\\\/en\\\/produit\\\/botanicare-id-tray-3-x-3-91-x-91-cm-white\\\/\"]}]},{\"@type\":\"ImageObject\",\"inLanguage\":\"en-US\",\"@id\":\"https:\\\/\\\/lemaraichermoderne.com\\\/en\\\/produit\\\/botanicare-id-tray-3-x-3-91-x-91-cm-white\\\/#primaryimage\",\"url\":\"https:\\\/\\\/lemaraichermoderne.com\\\/wp-content\\\/uploads\\\/2024\\\/07\\\/0006263_botanicare-id-tray-3-ft-x-3-ft-white.jpeg\",\"contentUrl\":\"https:\\\/\\\/lemaraichermoderne.com\\\/wp-content\\\/uploads\\\/2024\\\/07\\\/0006263_botanicare-id-tray-3-ft-x-3-ft-white.jpeg\",\"width\":397,\"height\":397},{\"@type\":\"BreadcrumbList\",\"@id\":\"https:\\\/\\\/lemaraichermoderne.com\\\/en\\\/produit\\\/botanicare-id-tray-3-x-3-91-x-91-cm-white\\\/#breadcrumb\",\"itemListElement\":[{\"@type\":\"ListItem\",\"position\":1,\"name\":\"Accueil\",\"item\":\"https:\\\/\\\/lemaraichermoderne.com\\\/en\\\/\"},{\"@type\":\"ListItem\",\"position\":2,\"name\":\"Boutique\",\"item\":\"https:\\\/\\\/lemaraichermoderne.com\\\/boutique\\\/\"},{\"@type\":\"ListItem\",\"position\":3,\"name\":\"Botanicare Tray 3&prime; x 3&prime; (91 x 91 cm), White\"}]},{\"@type\":\"WebSite\",\"@id\":\"https:\\\/\\\/lemaraichermoderne.com\\\/en\\\/#website\",\"url\":\"https:\\\/\\\/lemaraichermoderne.com\\\/en\\\/\",\"name\":\"Le Mara\u00eecher Moderne\",\"description\":\"R\u00e9f\u00e9rence en hydroponie \u00e0 Qu\u00e9bec\",\"publisher\":{\"@id\":\"https:\\\/\\\/lemaraichermoderne.com\\\/en\\\/#organization\"},\"potentialAction\":[{\"@type\":\"SearchAction\",\"target\":{\"@type\":\"EntryPoint\",\"urlTemplate\":\"https:\\\/\\\/lemaraichermoderne.com\\\/en\\\/?s={search_term_string}\"},\"query-input\":{\"@type\":\"PropertyValueSpecification\",\"valueRequired\":true,\"valueName\":\"search_term_string\"}}],\"inLanguage\":\"en-US\"},{\"@type\":\"Organization\",\"@id\":\"https:\\\/\\\/lemaraichermoderne.com\\\/en\\\/#organization\",\"name\":\"Le Mara\u00eecher Moderne\",\"url\":\"https:\\\/\\\/lemaraichermoderne.com\\\/en\\\/\",\"logo\":{\"@type\":\"ImageObject\",\"inLanguage\":\"en-US\",\"@id\":\"https:\\\/\\\/lemaraichermoderne.com\\\/en\\\/#\\\/schema\\\/logo\\\/image\\\/\",\"url\":\"https:\\\/\\\/lemaraichermoderne.com\\\/wp-content\\\/uploads\\\/2023\\\/03\\\/logo_mm1.png\",\"contentUrl\":\"https:\\\/\\\/lemaraichermoderne.com\\\/wp-content\\\/uploads\\\/2023\\\/03\\\/logo_mm1.png\",\"width\":500,\"height\":222,\"caption\":\"Le Mara\u00eecher Moderne\"},\"image\":{\"@id\":\"https:\\\/\\\/lemaraichermoderne.com\\\/en\\\/#\\\/schema\\\/logo\\\/image\\\/\"},\"sameAs\":[\"https:\\\/\\\/www.facebook.com\\\/lemaraichermoderne\",\"https:\\\/\\\/www.instagram.com\\\/lemaraichermoderne\"]}]}<\/script>\n<!-- \/ Yoast SEO plugin. -->","yoast_head_json":{"title":"Botanicare Tray 3' x 3' (91 x 91 cm), White - Le Mara\u00eecher Moderne","robots":{"index":"index","follow":"follow","max-snippet":"max-snippet:-1","max-image-preview":"max-image-preview:large","max-video-preview":"max-video-preview:-1"},"canonical":"https:\/\/lemaraichermoderne.com\/en\/produit\/botanicare-id-tray-3-x-3-91-x-91-cm-white\/","og_locale":"en_US","og_type":"article","og_title":"Botanicare Tray 3' x 3' (91 x 91 cm), White - Le Mara\u00eecher Moderne","og_description":"Botanicare Premium White ID Tray \u2013 3 ft \u00d7 3 ft (91 \u00d7 91 cm) DescriptionCe bac de culture haut de gamme (ID = Inside Dimension) de Botanicare est con\u00e7u pour offrir robustesse, long\u00e9vit\u00e9 et performance optimale en hydroponie. Fabriqu\u00e9 aux \u00c9tats-Unis en plastique ABS de qualit\u00e9, compos\u00e9 \u00e0 70 % de mat\u00e9riaux recycl\u00e9s et [&hellip;]","og_url":"https:\/\/lemaraichermoderne.com\/en\/produit\/botanicare-id-tray-3-x-3-91-x-91-cm-white\/","og_site_name":"Le Mara\u00eecher Moderne","article_publisher":"https:\/\/www.facebook.com\/lemaraichermoderne","article_modified_time":"2025-09-15T14:02:54+00:00","og_image":[{"width":397,"height":397,"url":"https:\/\/lemaraichermoderne.com\/wp-content\/uploads\/2024\/07\/0006263_botanicare-id-tray-3-ft-x-3-ft-white.jpeg","type":"image\/jpeg"}],"twitter_card":"summary_large_image","twitter_misc":{"Est. reading time":"2 minutes"},"schema":{"@context":"https:\/\/schema.org","@graph":[{"@type":"WebPage","@id":"https:\/\/lemaraichermoderne.com\/en\/produit\/botanicare-id-tray-3-x-3-91-x-91-cm-white\/","url":"https:\/\/lemaraichermoderne.com\/en\/produit\/botanicare-id-tray-3-x-3-91-x-91-cm-white\/","name":"Botanicare Tray 3' x 3' (91 x 91 cm), White - Le Mara\u00eecher Moderne","isPartOf":{"@id":"https:\/\/lemaraichermoderne.com\/en\/#website"},"primaryImageOfPage":{"@id":"https:\/\/lemaraichermoderne.com\/en\/produit\/botanicare-id-tray-3-x-3-91-x-91-cm-white\/#primaryimage"},"image":{"@id":"https:\/\/lemaraichermoderne.com\/en\/produit\/botanicare-id-tray-3-x-3-91-x-91-cm-white\/#primaryimage"},"thumbnailUrl":"https:\/\/lemaraichermoderne.com\/wp-content\/uploads\/2024\/07\/0006263_botanicare-id-tray-3-ft-x-3-ft-white.jpeg","datePublished":"2024-07-24T17:41:08+00:00","dateModified":"2025-09-15T14:02:54+00:00","breadcrumb":{"@id":"https:\/\/lemaraichermoderne.com\/en\/produit\/botanicare-id-tray-3-x-3-91-x-91-cm-white\/#breadcrumb"},"inLanguage":"en-US","potentialAction":[{"@type":"ReadAction","target":["https:\/\/lemaraichermoderne.com\/en\/produit\/botanicare-id-tray-3-x-3-91-x-91-cm-white\/"]}]},{"@type":"ImageObject","inLanguage":"en-US","@id":"https:\/\/lemaraichermoderne.com\/en\/produit\/botanicare-id-tray-3-x-3-91-x-91-cm-white\/#primaryimage","url":"https:\/\/lemaraichermoderne.com\/wp-content\/uploads\/2024\/07\/0006263_botanicare-id-tray-3-ft-x-3-ft-white.jpeg","contentUrl":"https:\/\/lemaraichermoderne.com\/wp-content\/uploads\/2024\/07\/0006263_botanicare-id-tray-3-ft-x-3-ft-white.jpeg","width":397,"height":397},{"@type":"BreadcrumbList","@id":"https:\/\/lemaraichermoderne.com\/en\/produit\/botanicare-id-tray-3-x-3-91-x-91-cm-white\/#breadcrumb","itemListElement":[{"@type":"ListItem","position":1,"name":"Accueil","item":"https:\/\/lemaraichermoderne.com\/en\/"},{"@type":"ListItem","position":2,"name":"Boutique","item":"https:\/\/lemaraichermoderne.com\/boutique\/"},{"@type":"ListItem","position":3,"name":"Botanicare Tray 3&prime; x 3&prime; (91 x 91 cm), White"}]},{"@type":"WebSite","@id":"https:\/\/lemaraichermoderne.com\/en\/#website","url":"https:\/\/lemaraichermoderne.com\/en\/","name":"Le Mara\u00eecher Moderne","description":"R\u00e9f\u00e9rence en hydroponie \u00e0 Qu\u00e9bec","publisher":{"@id":"https:\/\/lemaraichermoderne.com\/en\/#organization"},"potentialAction":[{"@type":"SearchAction","target":{"@type":"EntryPoint","urlTemplate":"https:\/\/lemaraichermoderne.com\/en\/?s={search_term_string}"},"query-input":{"@type":"PropertyValueSpecification","valueRequired":true,"valueName":"search_term_string"}}],"inLanguage":"en-US"},{"@type":"Organization","@id":"https:\/\/lemaraichermoderne.com\/en\/#organization","name":"Le Mara\u00eecher Moderne","url":"https:\/\/lemaraichermoderne.com\/en\/","logo":{"@type":"ImageObject","inLanguage":"en-US","@id":"https:\/\/lemaraichermoderne.com\/en\/#\/schema\/logo\/image\/","url":"https:\/\/lemaraichermoderne.com\/wp-content\/uploads\/2023\/03\/logo_mm1.png","contentUrl":"https:\/\/lemaraichermoderne.com\/wp-content\/uploads\/2023\/03\/logo_mm1.png","width":500,"height":222,"caption":"Le Mara\u00eecher Moderne"},"image":{"@id":"https:\/\/lemaraichermoderne.com\/en\/#\/schema\/logo\/image\/"},"sameAs":["https:\/\/www.facebook.com\/lemaraichermoderne","https:\/\/www.instagram.com\/lemaraichermoderne"]}]}},"_links":{"self":[{"href":"https:\/\/lemaraichermoderne.com\/en\/wp-json\/wp\/v2\/product\/6591","targetHints":{"allow":["GET"]}}],"collection":[{"href":"https:\/\/lemaraichermoderne.com\/en\/wp-json\/wp\/v2\/product"}],"about":[{"href":"https:\/\/lemaraichermoderne.com\/en\/wp-json\/wp\/v2\/types\/product"}],"wp:featuredmedia":[{"embeddable":true,"href":"https:\/\/lemaraichermoderne.com\/en\/wp-json\/wp\/v2\/media\/6592"}],"wp:attachment":[{"href":"https:\/\/lemaraichermoderne.com\/en\/wp-json\/wp\/v2\/media?parent=6591"}],"wp:term":[{"taxonomy":"product_brand","embeddable":true,"href":"https:\/\/lemaraichermoderne.com\/en\/wp-json\/wp\/v2\/product_brand?post=6591"},{"taxonomy":"product_cat","embeddable":true,"href":"https:\/\/lemaraichermoderne.com\/en\/wp-json\/wp\/v2\/product_cat?post=6591"},{"taxonomy":"product_tag","embeddable":true,"href":"https:\/\/lemaraichermoderne.com\/en\/wp-json\/wp\/v2\/product_tag?post=6591"}],"curies":[{"name":"wp","href":"https:\/\/api.w.org\/{rel}","templated":true}]}}