{"id":6733,"date":"2024-09-06T14:14:43","date_gmt":"2024-09-06T18:14:43","guid":{"rendered":"https:\/\/lemaraichermoderne.com\/?post_type=product&#038;p=6733"},"modified":"2026-02-21T11:23:26","modified_gmt":"2026-02-21T16:23:26","slug":"fred-t-lizer-vitalizer","status":"publish","type":"product","link":"https:\/\/lemaraichermoderne.com\/en\/produit\/fred-t-lizer-vitalizer\/","title":{"rendered":"Fredtlizer Boostlizer"},"content":{"rendered":"<p><strong><u>Boostlizer<\/u><\/strong><u>\u00a0(<strong>E<\/strong>)\u00a0<strong>(Produit attest\u00e9 pour la culture biologique)<\/strong><\/u>\u00a0est un concentr\u00e9 de sucre et d\u2019acide\u00a0<strong>utile pour maintenir saine et vigoureuse la flore microbienne<\/strong>\u00a0<strong>des sols<\/strong>\u00a0et pour augmenter la rapidit\u00e9 du cycle de division cellulaire (Cycle de Krebs) et le cycle du carbone (CO2) afin\u00a0<strong>d\u2019augmenter le poids et le volume des plantes, des fleurs et des fruits ainsi que la production de terp\u00e8nes chez les plantes aromatiques,<\/strong>\u00a0la croissance et la productivit\u00e9 g\u00e9n\u00e9rale des cultures.<\/p>\n<p><strong>Boostlizer est adapt\u00e9 aux cultures en sol\u00a0<\/strong>incluant les terres \u00e0 jardins, terreaux d\u2019empotage et cultures de plein champ ou sous serres.<strong>\u00a0Disponibles jusqu\u2019\u00e0 un pH de 9. Conviens aussi aux cultures en eau dures et sol calcaire.<\/strong><\/p>\n<div class=\"elementor elementor-15854\" data-elementor-type=\"wp-post\" data-elementor-id=\"15854\" data-elementor-post-type=\"cms_block\">\n<div class=\"wd-negative-gap elementor-element elementor-element-2376b195 e-flex e-con-boxed e-con e-parent e-lazyloaded\" data-id=\"2376b195\" data-element_type=\"container\">\n<div class=\"e-con-inner\">\n<div class=\"elementor-element elementor-element-365c6754 elementor-widget__width-initial elementor-widget elementor-widget-wd_text_block\" data-id=\"365c6754\" data-element_type=\"widget\" data-widget_type=\"wd_text_block.default\">\n<div class=\"elementor-widget-container\">\n<div class=\"wd-text-block reset-last-child text-left\">\n<p><u>Mode d\u2019emploi\u00a0:<\/u>\u00a0Dilu\u00e9 2ml par litre d\u2019eau\u00a0et appliquer \u00e0 une fr\u00e9quence de 1 \u00e0 2 arrosages sur 3<\/p>\n<p><u>\u00c9l\u00e9ments fertilisants inclus dans Boostlizer\u00a0:<\/u>\u00a0H, C, O, Acide citrique, Acide humique, Glucose, Saccharose.<\/p>\n<p>Taux de m\u00e9taux lourds en ppm (particule par million)\u00a0:\u00a0Arsenic 0, Cadmium 0, Mercure 0, Plomb\u00a0&lt;\u00a00.000001<\/p>\n<p>Fait de miel, Acide ascorbique, Acide citrique, Acide humique, Leucrose, Turanose.<\/p>\n<p><u>Solubilit\u00e9\u00a0:<\/u>\u00a0100%<\/p>\n<p>Formats disponibles\u00a0: 30ml, 250ml, 1L, 4L, 10L, 210L, 1000L<\/p>\n<p>VALEUR EC : 1ml de Boostlizer dans 1 litre d\u2019eau d\u00e9min\u00e9ralis\u00e9 donne EC 0.07 ms\/cm (35ppm TDS500)<\/p>\n<\/div>\n<\/div>\n<\/div>\n<\/div>\n<\/div>\n<\/div>\n","protected":false},"excerpt":{"rendered":"<p>Boostlizer\u00a0(E)\u00a0(Produit attest\u00e9 pour la culture biologique)\u00a0est un concentr\u00e9 de sucre et d\u2019acide\u00a0utile pour maintenir saine et vigoureuse la flore microbienne\u00a0des sols\u00a0et pour augmenter la rapidit\u00e9 du cycle de division cellulaire (Cycle de Krebs) et le cycle du carbone (CO2) afin\u00a0d\u2019augmenter le poids et le volume des plantes, des fleurs et des fruits ainsi que la [&hellip;]<\/p>\n","protected":false},"featured_media":7019,"template":"","meta":[],"product_brand":[],"product_cat":[21],"product_tag":[],"class_list":{"0":"post-6733","1":"product","2":"type-product","3":"status-publish","4":"has-post-thumbnail","6":"product_cat-nutriments","8":"first","9":"instock","10":"sale","11":"taxable","12":"shipping-taxable","13":"purchasable","14":"product-type-variable"},"yoast_head":"<!-- This site is optimized with the Yoast SEO plugin v27.4 - https:\/\/yoast.com\/product\/yoast-seo-wordpress\/ -->\n<title>Fredtlizer Boostlizer - Le Mara\u00eecher Moderne<\/title>\n<meta name=\"robots\" content=\"index, follow, max-snippet:-1, max-image-preview:large, max-video-preview:-1\" \/>\n<link rel=\"canonical\" href=\"https:\/\/lemaraichermoderne.com\/en\/produit\/fred-t-lizer-vitalizer\/\" \/>\n<meta property=\"og:locale\" content=\"en_US\" \/>\n<meta property=\"og:type\" content=\"article\" \/>\n<meta property=\"og:title\" content=\"Fredtlizer Boostlizer - Le Mara\u00eecher Moderne\" \/>\n<meta property=\"og:description\" content=\"Boostlizer\u00a0(E)\u00a0(Produit attest\u00e9 pour la culture biologique)\u00a0est un concentr\u00e9 de sucre et d\u2019acide\u00a0utile pour maintenir saine et vigoureuse la flore microbienne\u00a0des sols\u00a0et pour augmenter la rapidit\u00e9 du cycle de division cellulaire (Cycle de Krebs) et le cycle du carbone (CO2) afin\u00a0d\u2019augmenter le poids et le volume des plantes, des fleurs et des fruits ainsi que la [&hellip;]\" \/>\n<meta property=\"og:url\" content=\"https:\/\/lemaraichermoderne.com\/en\/produit\/fred-t-lizer-vitalizer\/\" \/>\n<meta property=\"og:site_name\" content=\"Le Mara\u00eecher Moderne\" \/>\n<meta property=\"article:publisher\" content=\"https:\/\/www.facebook.com\/lemaraichermoderne\" \/>\n<meta property=\"article:modified_time\" content=\"2026-02-21T16:23:26+00:00\" \/>\n<meta property=\"og:image\" content=\"https:\/\/lemaraichermoderne.com\/wp-content\/uploads\/2024\/09\/boostlizer-1l.png\" \/>\n\t<meta property=\"og:image:width\" content=\"600\" \/>\n\t<meta property=\"og:image:height\" content=\"800\" \/>\n\t<meta property=\"og:image:type\" content=\"image\/png\" \/>\n<meta name=\"twitter:card\" content=\"summary_large_image\" \/>\n<meta name=\"twitter:label1\" content=\"Est. reading time\" \/>\n\t<meta name=\"twitter:data1\" content=\"2 minutes\" \/>\n<script type=\"application\/ld+json\" class=\"yoast-schema-graph\">{\"@context\":\"https:\\\/\\\/schema.org\",\"@graph\":[{\"@type\":\"WebPage\",\"@id\":\"https:\\\/\\\/lemaraichermoderne.com\\\/en\\\/produit\\\/fred-t-lizer-vitalizer\\\/\",\"url\":\"https:\\\/\\\/lemaraichermoderne.com\\\/en\\\/produit\\\/fred-t-lizer-vitalizer\\\/\",\"name\":\"Fredtlizer Boostlizer - Le Mara\u00eecher Moderne\",\"isPartOf\":{\"@id\":\"https:\\\/\\\/lemaraichermoderne.com\\\/en\\\/#website\"},\"primaryImageOfPage\":{\"@id\":\"https:\\\/\\\/lemaraichermoderne.com\\\/en\\\/produit\\\/fred-t-lizer-vitalizer\\\/#primaryimage\"},\"image\":{\"@id\":\"https:\\\/\\\/lemaraichermoderne.com\\\/en\\\/produit\\\/fred-t-lizer-vitalizer\\\/#primaryimage\"},\"thumbnailUrl\":\"https:\\\/\\\/lemaraichermoderne.com\\\/wp-content\\\/uploads\\\/2024\\\/09\\\/boostlizer-1l.png\",\"datePublished\":\"2024-09-06T18:14:43+00:00\",\"dateModified\":\"2026-02-21T16:23:26+00:00\",\"breadcrumb\":{\"@id\":\"https:\\\/\\\/lemaraichermoderne.com\\\/en\\\/produit\\\/fred-t-lizer-vitalizer\\\/#breadcrumb\"},\"inLanguage\":\"en-US\",\"potentialAction\":[{\"@type\":\"ReadAction\",\"target\":[\"https:\\\/\\\/lemaraichermoderne.com\\\/en\\\/produit\\\/fred-t-lizer-vitalizer\\\/\"]}]},{\"@type\":\"ImageObject\",\"inLanguage\":\"en-US\",\"@id\":\"https:\\\/\\\/lemaraichermoderne.com\\\/en\\\/produit\\\/fred-t-lizer-vitalizer\\\/#primaryimage\",\"url\":\"https:\\\/\\\/lemaraichermoderne.com\\\/wp-content\\\/uploads\\\/2024\\\/09\\\/boostlizer-1l.png\",\"contentUrl\":\"https:\\\/\\\/lemaraichermoderne.com\\\/wp-content\\\/uploads\\\/2024\\\/09\\\/boostlizer-1l.png\",\"width\":600,\"height\":800},{\"@type\":\"BreadcrumbList\",\"@id\":\"https:\\\/\\\/lemaraichermoderne.com\\\/en\\\/produit\\\/fred-t-lizer-vitalizer\\\/#breadcrumb\",\"itemListElement\":[{\"@type\":\"ListItem\",\"position\":1,\"name\":\"Accueil\",\"item\":\"https:\\\/\\\/lemaraichermoderne.com\\\/en\\\/\"},{\"@type\":\"ListItem\",\"position\":2,\"name\":\"Boutique\",\"item\":\"https:\\\/\\\/lemaraichermoderne.com\\\/boutique\\\/\"},{\"@type\":\"ListItem\",\"position\":3,\"name\":\"Fredtlizer Boostlizer\"}]},{\"@type\":\"WebSite\",\"@id\":\"https:\\\/\\\/lemaraichermoderne.com\\\/en\\\/#website\",\"url\":\"https:\\\/\\\/lemaraichermoderne.com\\\/en\\\/\",\"name\":\"Le Mara\u00eecher Moderne\",\"description\":\"R\u00e9f\u00e9rence en hydroponie \u00e0 Qu\u00e9bec\",\"publisher\":{\"@id\":\"https:\\\/\\\/lemaraichermoderne.com\\\/en\\\/#organization\"},\"potentialAction\":[{\"@type\":\"SearchAction\",\"target\":{\"@type\":\"EntryPoint\",\"urlTemplate\":\"https:\\\/\\\/lemaraichermoderne.com\\\/en\\\/?s={search_term_string}\"},\"query-input\":{\"@type\":\"PropertyValueSpecification\",\"valueRequired\":true,\"valueName\":\"search_term_string\"}}],\"inLanguage\":\"en-US\"},{\"@type\":\"Organization\",\"@id\":\"https:\\\/\\\/lemaraichermoderne.com\\\/en\\\/#organization\",\"name\":\"Le Mara\u00eecher Moderne\",\"url\":\"https:\\\/\\\/lemaraichermoderne.com\\\/en\\\/\",\"logo\":{\"@type\":\"ImageObject\",\"inLanguage\":\"en-US\",\"@id\":\"https:\\\/\\\/lemaraichermoderne.com\\\/en\\\/#\\\/schema\\\/logo\\\/image\\\/\",\"url\":\"https:\\\/\\\/lemaraichermoderne.com\\\/wp-content\\\/uploads\\\/2023\\\/03\\\/logo_mm1.png\",\"contentUrl\":\"https:\\\/\\\/lemaraichermoderne.com\\\/wp-content\\\/uploads\\\/2023\\\/03\\\/logo_mm1.png\",\"width\":500,\"height\":222,\"caption\":\"Le Mara\u00eecher Moderne\"},\"image\":{\"@id\":\"https:\\\/\\\/lemaraichermoderne.com\\\/en\\\/#\\\/schema\\\/logo\\\/image\\\/\"},\"sameAs\":[\"https:\\\/\\\/www.facebook.com\\\/lemaraichermoderne\",\"https:\\\/\\\/www.instagram.com\\\/lemaraichermoderne\"]}]}<\/script>\n<!-- \/ Yoast SEO plugin. -->","yoast_head_json":{"title":"Fredtlizer Boostlizer - Le Mara\u00eecher Moderne","robots":{"index":"index","follow":"follow","max-snippet":"max-snippet:-1","max-image-preview":"max-image-preview:large","max-video-preview":"max-video-preview:-1"},"canonical":"https:\/\/lemaraichermoderne.com\/en\/produit\/fred-t-lizer-vitalizer\/","og_locale":"en_US","og_type":"article","og_title":"Fredtlizer Boostlizer - Le Mara\u00eecher Moderne","og_description":"Boostlizer\u00a0(E)\u00a0(Produit attest\u00e9 pour la culture biologique)\u00a0est un concentr\u00e9 de sucre et d\u2019acide\u00a0utile pour maintenir saine et vigoureuse la flore microbienne\u00a0des sols\u00a0et pour augmenter la rapidit\u00e9 du cycle de division cellulaire (Cycle de Krebs) et le cycle du carbone (CO2) afin\u00a0d\u2019augmenter le poids et le volume des plantes, des fleurs et des fruits ainsi que la [&hellip;]","og_url":"https:\/\/lemaraichermoderne.com\/en\/produit\/fred-t-lizer-vitalizer\/","og_site_name":"Le Mara\u00eecher Moderne","article_publisher":"https:\/\/www.facebook.com\/lemaraichermoderne","article_modified_time":"2026-02-21T16:23:26+00:00","og_image":[{"width":600,"height":800,"url":"https:\/\/lemaraichermoderne.com\/wp-content\/uploads\/2024\/09\/boostlizer-1l.png","type":"image\/png"}],"twitter_card":"summary_large_image","twitter_misc":{"Est. reading time":"2 minutes"},"schema":{"@context":"https:\/\/schema.org","@graph":[{"@type":"WebPage","@id":"https:\/\/lemaraichermoderne.com\/en\/produit\/fred-t-lizer-vitalizer\/","url":"https:\/\/lemaraichermoderne.com\/en\/produit\/fred-t-lizer-vitalizer\/","name":"Fredtlizer Boostlizer - Le Mara\u00eecher Moderne","isPartOf":{"@id":"https:\/\/lemaraichermoderne.com\/en\/#website"},"primaryImageOfPage":{"@id":"https:\/\/lemaraichermoderne.com\/en\/produit\/fred-t-lizer-vitalizer\/#primaryimage"},"image":{"@id":"https:\/\/lemaraichermoderne.com\/en\/produit\/fred-t-lizer-vitalizer\/#primaryimage"},"thumbnailUrl":"https:\/\/lemaraichermoderne.com\/wp-content\/uploads\/2024\/09\/boostlizer-1l.png","datePublished":"2024-09-06T18:14:43+00:00","dateModified":"2026-02-21T16:23:26+00:00","breadcrumb":{"@id":"https:\/\/lemaraichermoderne.com\/en\/produit\/fred-t-lizer-vitalizer\/#breadcrumb"},"inLanguage":"en-US","potentialAction":[{"@type":"ReadAction","target":["https:\/\/lemaraichermoderne.com\/en\/produit\/fred-t-lizer-vitalizer\/"]}]},{"@type":"ImageObject","inLanguage":"en-US","@id":"https:\/\/lemaraichermoderne.com\/en\/produit\/fred-t-lizer-vitalizer\/#primaryimage","url":"https:\/\/lemaraichermoderne.com\/wp-content\/uploads\/2024\/09\/boostlizer-1l.png","contentUrl":"https:\/\/lemaraichermoderne.com\/wp-content\/uploads\/2024\/09\/boostlizer-1l.png","width":600,"height":800},{"@type":"BreadcrumbList","@id":"https:\/\/lemaraichermoderne.com\/en\/produit\/fred-t-lizer-vitalizer\/#breadcrumb","itemListElement":[{"@type":"ListItem","position":1,"name":"Accueil","item":"https:\/\/lemaraichermoderne.com\/en\/"},{"@type":"ListItem","position":2,"name":"Boutique","item":"https:\/\/lemaraichermoderne.com\/boutique\/"},{"@type":"ListItem","position":3,"name":"Fredtlizer Boostlizer"}]},{"@type":"WebSite","@id":"https:\/\/lemaraichermoderne.com\/en\/#website","url":"https:\/\/lemaraichermoderne.com\/en\/","name":"Le Mara\u00eecher Moderne","description":"R\u00e9f\u00e9rence en hydroponie \u00e0 Qu\u00e9bec","publisher":{"@id":"https:\/\/lemaraichermoderne.com\/en\/#organization"},"potentialAction":[{"@type":"SearchAction","target":{"@type":"EntryPoint","urlTemplate":"https:\/\/lemaraichermoderne.com\/en\/?s={search_term_string}"},"query-input":{"@type":"PropertyValueSpecification","valueRequired":true,"valueName":"search_term_string"}}],"inLanguage":"en-US"},{"@type":"Organization","@id":"https:\/\/lemaraichermoderne.com\/en\/#organization","name":"Le Mara\u00eecher Moderne","url":"https:\/\/lemaraichermoderne.com\/en\/","logo":{"@type":"ImageObject","inLanguage":"en-US","@id":"https:\/\/lemaraichermoderne.com\/en\/#\/schema\/logo\/image\/","url":"https:\/\/lemaraichermoderne.com\/wp-content\/uploads\/2023\/03\/logo_mm1.png","contentUrl":"https:\/\/lemaraichermoderne.com\/wp-content\/uploads\/2023\/03\/logo_mm1.png","width":500,"height":222,"caption":"Le Mara\u00eecher Moderne"},"image":{"@id":"https:\/\/lemaraichermoderne.com\/en\/#\/schema\/logo\/image\/"},"sameAs":["https:\/\/www.facebook.com\/lemaraichermoderne","https:\/\/www.instagram.com\/lemaraichermoderne"]}]}},"_links":{"self":[{"href":"https:\/\/lemaraichermoderne.com\/en\/wp-json\/wp\/v2\/product\/6733","targetHints":{"allow":["GET"]}}],"collection":[{"href":"https:\/\/lemaraichermoderne.com\/en\/wp-json\/wp\/v2\/product"}],"about":[{"href":"https:\/\/lemaraichermoderne.com\/en\/wp-json\/wp\/v2\/types\/product"}],"wp:featuredmedia":[{"embeddable":true,"href":"https:\/\/lemaraichermoderne.com\/en\/wp-json\/wp\/v2\/media\/7019"}],"wp:attachment":[{"href":"https:\/\/lemaraichermoderne.com\/en\/wp-json\/wp\/v2\/media?parent=6733"}],"wp:term":[{"taxonomy":"product_brand","embeddable":true,"href":"https:\/\/lemaraichermoderne.com\/en\/wp-json\/wp\/v2\/product_brand?post=6733"},{"taxonomy":"product_cat","embeddable":true,"href":"https:\/\/lemaraichermoderne.com\/en\/wp-json\/wp\/v2\/product_cat?post=6733"},{"taxonomy":"product_tag","embeddable":true,"href":"https:\/\/lemaraichermoderne.com\/en\/wp-json\/wp\/v2\/product_tag?post=6733"}],"curies":[{"name":"wp","href":"https:\/\/api.w.org\/{rel}","templated":true}]}}