{"id":6791,"date":"2024-10-02T11:24:54","date_gmt":"2024-10-02T15:24:54","guid":{"rendered":"https:\/\/lemaraichermoderne.com\/?post_type=product&#038;p=6791"},"modified":"2025-09-15T10:02:54","modified_gmt":"2025-09-15T14:02:54","slug":"botanicare-id-tray-4-x-4-white","status":"publish","type":"product","link":"https:\/\/lemaraichermoderne.com\/en\/produit\/botanicare-id-tray-4-x-4-white\/","title":{"rendered":"Botanicare Tray 4&#8242; x 4&#8242; White"},"content":{"rendered":"<pre id=\"tw-target-text\" class=\"tw-data-text tw-text-large tw-ta\" dir=\"ltr\" data-placeholder=\"Traduction\" aria-label=\"Texte traduit\" data-ved=\"2ahUKEwj02LPnm8CHAxU0HDQIHQw8DkQQ3ewLegQICBAT\"><span class=\"Y2IQFc\" lang=\"fr\">    Plateaux de culture Botanicare\u00ae Original Plateaux de dimension int\u00e9rieure (ID)\r\n    Plateaux d'identification haut de gamme redessin\u00e9s pour les jardins hydroponiques professionnels.\r\n    Le si\u00e8ge de 7 pouces de profondeur peut accueillir de plus grandes masses de racines et des pots plus hauts.\r\n    Grille de drainage incurv\u00e9e avec canaux plus larges pour un nettoyage plus facile.\r\n    Les goussets d'angle nouvellement con\u00e7us offrent un meilleur soutien.\r\n    Conserve les dimensions int\u00e9rieures standard de Botanicare pour un espace de croissance maximal.\r\n    Fabriqu\u00e9 \u00e0 partir de plastique ABS blanc durable pour des performances durables.\r\n   <\/span><\/pre>\n","protected":false},"excerpt":{"rendered":"<p>Plateaux de culture Botanicare\u00ae Original Plateaux de dimension int\u00e9rieure (ID) Plateaux d&#8217;identification haut de gamme redessin\u00e9s pour les jardins hydroponiques professionnels. Le si\u00e8ge de 7 pouces de profondeur peut accueillir de plus grandes masses de racines et des pots plus hauts. Grille de drainage incurv\u00e9e avec canaux plus larges pour un nettoyage plus facile. Les [&hellip;]<\/p>\n","protected":false},"featured_media":6792,"template":"","meta":[],"product_brand":[],"product_cat":[29],"product_tag":[],"class_list":{"0":"post-6791","1":"product","2":"type-product","3":"status-publish","4":"has-post-thumbnail","6":"product_cat-systeme-hydroponique-hydroponique-2","8":"first","9":"instock","10":"taxable","11":"shipping-taxable","12":"purchasable","13":"product-type-simple"},"yoast_head":"<!-- This site is optimized with the Yoast SEO plugin v27.4 - https:\/\/yoast.com\/product\/yoast-seo-wordpress\/ -->\n<title>Botanicare Tray 4&#039; x 4&#039; White - Le Mara\u00eecher Moderne<\/title>\n<meta name=\"robots\" content=\"index, follow, max-snippet:-1, max-image-preview:large, max-video-preview:-1\" \/>\n<link rel=\"canonical\" href=\"https:\/\/lemaraichermoderne.com\/en\/produit\/botanicare-id-tray-4-x-4-white\/\" \/>\n<meta property=\"og:locale\" content=\"en_US\" \/>\n<meta property=\"og:type\" content=\"article\" \/>\n<meta property=\"og:title\" content=\"Botanicare Tray 4&#039; x 4&#039; White - Le Mara\u00eecher Moderne\" \/>\n<meta property=\"og:description\" content=\"Plateaux de culture Botanicare\u00ae Original Plateaux de dimension int\u00e9rieure (ID) Plateaux d&#039;identification haut de gamme redessin\u00e9s pour les jardins hydroponiques professionnels. Le si\u00e8ge de 7 pouces de profondeur peut accueillir de plus grandes masses de racines et des pots plus hauts. Grille de drainage incurv\u00e9e avec canaux plus larges pour un nettoyage plus facile. Les [&hellip;]\" \/>\n<meta property=\"og:url\" content=\"https:\/\/lemaraichermoderne.com\/en\/produit\/botanicare-id-tray-4-x-4-white\/\" \/>\n<meta property=\"og:site_name\" content=\"Le Mara\u00eecher Moderne\" \/>\n<meta property=\"article:publisher\" content=\"https:\/\/www.facebook.com\/lemaraichermoderne\" \/>\n<meta property=\"article:modified_time\" content=\"2025-09-15T14:02:54+00:00\" \/>\n<meta property=\"og:image\" content=\"https:\/\/lemaraichermoderne.com\/wp-content\/uploads\/2024\/10\/0006593_botanicare-id-tray-white-4x4-1.jpeg\" \/>\n\t<meta property=\"og:image:width\" content=\"397\" \/>\n\t<meta property=\"og:image:height\" content=\"397\" \/>\n\t<meta property=\"og:image:type\" content=\"image\/jpeg\" \/>\n<meta name=\"twitter:card\" content=\"summary_large_image\" \/>\n<meta name=\"twitter:label1\" content=\"Est. reading time\" \/>\n\t<meta name=\"twitter:data1\" content=\"1 minute\" \/>\n<script type=\"application\/ld+json\" class=\"yoast-schema-graph\">{\"@context\":\"https:\\\/\\\/schema.org\",\"@graph\":[{\"@type\":\"WebPage\",\"@id\":\"https:\\\/\\\/lemaraichermoderne.com\\\/en\\\/produit\\\/botanicare-id-tray-4-x-4-white\\\/\",\"url\":\"https:\\\/\\\/lemaraichermoderne.com\\\/en\\\/produit\\\/botanicare-id-tray-4-x-4-white\\\/\",\"name\":\"Botanicare Tray 4' x 4' White - Le Mara\u00eecher Moderne\",\"isPartOf\":{\"@id\":\"https:\\\/\\\/lemaraichermoderne.com\\\/en\\\/#website\"},\"primaryImageOfPage\":{\"@id\":\"https:\\\/\\\/lemaraichermoderne.com\\\/en\\\/produit\\\/botanicare-id-tray-4-x-4-white\\\/#primaryimage\"},\"image\":{\"@id\":\"https:\\\/\\\/lemaraichermoderne.com\\\/en\\\/produit\\\/botanicare-id-tray-4-x-4-white\\\/#primaryimage\"},\"thumbnailUrl\":\"https:\\\/\\\/lemaraichermoderne.com\\\/wp-content\\\/uploads\\\/2024\\\/10\\\/0006593_botanicare-id-tray-white-4x4-1.jpeg\",\"datePublished\":\"2024-10-02T15:24:54+00:00\",\"dateModified\":\"2025-09-15T14:02:54+00:00\",\"breadcrumb\":{\"@id\":\"https:\\\/\\\/lemaraichermoderne.com\\\/en\\\/produit\\\/botanicare-id-tray-4-x-4-white\\\/#breadcrumb\"},\"inLanguage\":\"en-US\",\"potentialAction\":[{\"@type\":\"ReadAction\",\"target\":[\"https:\\\/\\\/lemaraichermoderne.com\\\/en\\\/produit\\\/botanicare-id-tray-4-x-4-white\\\/\"]}]},{\"@type\":\"ImageObject\",\"inLanguage\":\"en-US\",\"@id\":\"https:\\\/\\\/lemaraichermoderne.com\\\/en\\\/produit\\\/botanicare-id-tray-4-x-4-white\\\/#primaryimage\",\"url\":\"https:\\\/\\\/lemaraichermoderne.com\\\/wp-content\\\/uploads\\\/2024\\\/10\\\/0006593_botanicare-id-tray-white-4x4-1.jpeg\",\"contentUrl\":\"https:\\\/\\\/lemaraichermoderne.com\\\/wp-content\\\/uploads\\\/2024\\\/10\\\/0006593_botanicare-id-tray-white-4x4-1.jpeg\",\"width\":397,\"height\":397},{\"@type\":\"BreadcrumbList\",\"@id\":\"https:\\\/\\\/lemaraichermoderne.com\\\/en\\\/produit\\\/botanicare-id-tray-4-x-4-white\\\/#breadcrumb\",\"itemListElement\":[{\"@type\":\"ListItem\",\"position\":1,\"name\":\"Accueil\",\"item\":\"https:\\\/\\\/lemaraichermoderne.com\\\/en\\\/\"},{\"@type\":\"ListItem\",\"position\":2,\"name\":\"Boutique\",\"item\":\"https:\\\/\\\/lemaraichermoderne.com\\\/boutique\\\/\"},{\"@type\":\"ListItem\",\"position\":3,\"name\":\"Botanicare Tray 4&prime; x 4&prime; White\"}]},{\"@type\":\"WebSite\",\"@id\":\"https:\\\/\\\/lemaraichermoderne.com\\\/en\\\/#website\",\"url\":\"https:\\\/\\\/lemaraichermoderne.com\\\/en\\\/\",\"name\":\"Le Mara\u00eecher Moderne\",\"description\":\"R\u00e9f\u00e9rence en hydroponie \u00e0 Qu\u00e9bec\",\"publisher\":{\"@id\":\"https:\\\/\\\/lemaraichermoderne.com\\\/en\\\/#organization\"},\"potentialAction\":[{\"@type\":\"SearchAction\",\"target\":{\"@type\":\"EntryPoint\",\"urlTemplate\":\"https:\\\/\\\/lemaraichermoderne.com\\\/en\\\/?s={search_term_string}\"},\"query-input\":{\"@type\":\"PropertyValueSpecification\",\"valueRequired\":true,\"valueName\":\"search_term_string\"}}],\"inLanguage\":\"en-US\"},{\"@type\":\"Organization\",\"@id\":\"https:\\\/\\\/lemaraichermoderne.com\\\/en\\\/#organization\",\"name\":\"Le Mara\u00eecher Moderne\",\"url\":\"https:\\\/\\\/lemaraichermoderne.com\\\/en\\\/\",\"logo\":{\"@type\":\"ImageObject\",\"inLanguage\":\"en-US\",\"@id\":\"https:\\\/\\\/lemaraichermoderne.com\\\/en\\\/#\\\/schema\\\/logo\\\/image\\\/\",\"url\":\"https:\\\/\\\/lemaraichermoderne.com\\\/wp-content\\\/uploads\\\/2023\\\/03\\\/logo_mm1.png\",\"contentUrl\":\"https:\\\/\\\/lemaraichermoderne.com\\\/wp-content\\\/uploads\\\/2023\\\/03\\\/logo_mm1.png\",\"width\":500,\"height\":222,\"caption\":\"Le Mara\u00eecher Moderne\"},\"image\":{\"@id\":\"https:\\\/\\\/lemaraichermoderne.com\\\/en\\\/#\\\/schema\\\/logo\\\/image\\\/\"},\"sameAs\":[\"https:\\\/\\\/www.facebook.com\\\/lemaraichermoderne\",\"https:\\\/\\\/www.instagram.com\\\/lemaraichermoderne\"]}]}<\/script>\n<!-- \/ Yoast SEO plugin. -->","yoast_head_json":{"title":"Botanicare Tray 4' x 4' White - Le Mara\u00eecher Moderne","robots":{"index":"index","follow":"follow","max-snippet":"max-snippet:-1","max-image-preview":"max-image-preview:large","max-video-preview":"max-video-preview:-1"},"canonical":"https:\/\/lemaraichermoderne.com\/en\/produit\/botanicare-id-tray-4-x-4-white\/","og_locale":"en_US","og_type":"article","og_title":"Botanicare Tray 4' x 4' White - Le Mara\u00eecher Moderne","og_description":"Plateaux de culture Botanicare\u00ae Original Plateaux de dimension int\u00e9rieure (ID) Plateaux d'identification haut de gamme redessin\u00e9s pour les jardins hydroponiques professionnels. Le si\u00e8ge de 7 pouces de profondeur peut accueillir de plus grandes masses de racines et des pots plus hauts. Grille de drainage incurv\u00e9e avec canaux plus larges pour un nettoyage plus facile. Les [&hellip;]","og_url":"https:\/\/lemaraichermoderne.com\/en\/produit\/botanicare-id-tray-4-x-4-white\/","og_site_name":"Le Mara\u00eecher Moderne","article_publisher":"https:\/\/www.facebook.com\/lemaraichermoderne","article_modified_time":"2025-09-15T14:02:54+00:00","og_image":[{"width":397,"height":397,"url":"https:\/\/lemaraichermoderne.com\/wp-content\/uploads\/2024\/10\/0006593_botanicare-id-tray-white-4x4-1.jpeg","type":"image\/jpeg"}],"twitter_card":"summary_large_image","twitter_misc":{"Est. reading time":"1 minute"},"schema":{"@context":"https:\/\/schema.org","@graph":[{"@type":"WebPage","@id":"https:\/\/lemaraichermoderne.com\/en\/produit\/botanicare-id-tray-4-x-4-white\/","url":"https:\/\/lemaraichermoderne.com\/en\/produit\/botanicare-id-tray-4-x-4-white\/","name":"Botanicare Tray 4' x 4' White - Le Mara\u00eecher Moderne","isPartOf":{"@id":"https:\/\/lemaraichermoderne.com\/en\/#website"},"primaryImageOfPage":{"@id":"https:\/\/lemaraichermoderne.com\/en\/produit\/botanicare-id-tray-4-x-4-white\/#primaryimage"},"image":{"@id":"https:\/\/lemaraichermoderne.com\/en\/produit\/botanicare-id-tray-4-x-4-white\/#primaryimage"},"thumbnailUrl":"https:\/\/lemaraichermoderne.com\/wp-content\/uploads\/2024\/10\/0006593_botanicare-id-tray-white-4x4-1.jpeg","datePublished":"2024-10-02T15:24:54+00:00","dateModified":"2025-09-15T14:02:54+00:00","breadcrumb":{"@id":"https:\/\/lemaraichermoderne.com\/en\/produit\/botanicare-id-tray-4-x-4-white\/#breadcrumb"},"inLanguage":"en-US","potentialAction":[{"@type":"ReadAction","target":["https:\/\/lemaraichermoderne.com\/en\/produit\/botanicare-id-tray-4-x-4-white\/"]}]},{"@type":"ImageObject","inLanguage":"en-US","@id":"https:\/\/lemaraichermoderne.com\/en\/produit\/botanicare-id-tray-4-x-4-white\/#primaryimage","url":"https:\/\/lemaraichermoderne.com\/wp-content\/uploads\/2024\/10\/0006593_botanicare-id-tray-white-4x4-1.jpeg","contentUrl":"https:\/\/lemaraichermoderne.com\/wp-content\/uploads\/2024\/10\/0006593_botanicare-id-tray-white-4x4-1.jpeg","width":397,"height":397},{"@type":"BreadcrumbList","@id":"https:\/\/lemaraichermoderne.com\/en\/produit\/botanicare-id-tray-4-x-4-white\/#breadcrumb","itemListElement":[{"@type":"ListItem","position":1,"name":"Accueil","item":"https:\/\/lemaraichermoderne.com\/en\/"},{"@type":"ListItem","position":2,"name":"Boutique","item":"https:\/\/lemaraichermoderne.com\/boutique\/"},{"@type":"ListItem","position":3,"name":"Botanicare Tray 4&prime; x 4&prime; White"}]},{"@type":"WebSite","@id":"https:\/\/lemaraichermoderne.com\/en\/#website","url":"https:\/\/lemaraichermoderne.com\/en\/","name":"Le Mara\u00eecher Moderne","description":"R\u00e9f\u00e9rence en hydroponie \u00e0 Qu\u00e9bec","publisher":{"@id":"https:\/\/lemaraichermoderne.com\/en\/#organization"},"potentialAction":[{"@type":"SearchAction","target":{"@type":"EntryPoint","urlTemplate":"https:\/\/lemaraichermoderne.com\/en\/?s={search_term_string}"},"query-input":{"@type":"PropertyValueSpecification","valueRequired":true,"valueName":"search_term_string"}}],"inLanguage":"en-US"},{"@type":"Organization","@id":"https:\/\/lemaraichermoderne.com\/en\/#organization","name":"Le Mara\u00eecher Moderne","url":"https:\/\/lemaraichermoderne.com\/en\/","logo":{"@type":"ImageObject","inLanguage":"en-US","@id":"https:\/\/lemaraichermoderne.com\/en\/#\/schema\/logo\/image\/","url":"https:\/\/lemaraichermoderne.com\/wp-content\/uploads\/2023\/03\/logo_mm1.png","contentUrl":"https:\/\/lemaraichermoderne.com\/wp-content\/uploads\/2023\/03\/logo_mm1.png","width":500,"height":222,"caption":"Le Mara\u00eecher Moderne"},"image":{"@id":"https:\/\/lemaraichermoderne.com\/en\/#\/schema\/logo\/image\/"},"sameAs":["https:\/\/www.facebook.com\/lemaraichermoderne","https:\/\/www.instagram.com\/lemaraichermoderne"]}]}},"_links":{"self":[{"href":"https:\/\/lemaraichermoderne.com\/en\/wp-json\/wp\/v2\/product\/6791","targetHints":{"allow":["GET"]}}],"collection":[{"href":"https:\/\/lemaraichermoderne.com\/en\/wp-json\/wp\/v2\/product"}],"about":[{"href":"https:\/\/lemaraichermoderne.com\/en\/wp-json\/wp\/v2\/types\/product"}],"wp:featuredmedia":[{"embeddable":true,"href":"https:\/\/lemaraichermoderne.com\/en\/wp-json\/wp\/v2\/media\/6792"}],"wp:attachment":[{"href":"https:\/\/lemaraichermoderne.com\/en\/wp-json\/wp\/v2\/media?parent=6791"}],"wp:term":[{"taxonomy":"product_brand","embeddable":true,"href":"https:\/\/lemaraichermoderne.com\/en\/wp-json\/wp\/v2\/product_brand?post=6791"},{"taxonomy":"product_cat","embeddable":true,"href":"https:\/\/lemaraichermoderne.com\/en\/wp-json\/wp\/v2\/product_cat?post=6791"},{"taxonomy":"product_tag","embeddable":true,"href":"https:\/\/lemaraichermoderne.com\/en\/wp-json\/wp\/v2\/product_tag?post=6791"}],"curies":[{"name":"wp","href":"https:\/\/api.w.org\/{rel}","templated":true}]}}