{"id":6794,"date":"2024-10-02T12:25:43","date_gmt":"2024-10-02T16:25:43","guid":{"rendered":"https:\/\/lemaraichermoderne.com\/?post_type=product&#038;p=6794"},"modified":"2025-08-09T12:14:15","modified_gmt":"2025-08-09T16:14:15","slug":"fast-fit-tray-stand-2-ft-x-4-ft","status":"publish","type":"product","link":"https:\/\/lemaraichermoderne.com\/en\/produit\/fast-fit-tray-stand-2-ft-x-4-ft\/","title":{"rendered":"Fast Fit Tray Stand 2 ft x 4 ft"},"content":{"rendered":"<h3 data-start=\"44\" data-end=\"86\"><strong data-start=\"48\" data-end=\"86\">Fast Fit\u2122 Tray Stand \u2013 2 ft \u00d7 4 ft<\/strong><\/h3>\n<p data-start=\"88\" data-end=\"181\"><strong data-start=\"88\" data-end=\"103\">Description<\/strong><br data-start=\"103\" data-end=\"106\" \/><span class=\"relative -mx-px my-[-0.2rem] rounded px-px py-[0.2rem] transition-colors duration-100 ease-in-out\">Support robuste \u00e0 assemblage express, sans outil : il se monte en moins de 5\u202fminutes gr\u00e2ce \u00e0 l\u2019ing\u00e9niosit\u00e9 de son syst\u00e8me d\u2019encliquetage. Compatible avec les plateaux et r\u00e9servoirs de marque (Flo\u2011n\u2011Gro\u00ae, Duralastics\u00ae, Botanicare\u00ae, etc.) gr\u00e2ce \u00e0 ses dimensions int\u00e9rieures universelles\u202f<\/span>.<\/p>\n<p data-start=\"183\" data-end=\"215\"><strong data-start=\"183\" data-end=\"215\">Caract\u00e9ristiques principales<\/strong><\/p>\n<div class=\"_tableContainer_1rjym_1\">\n<div class=\"_tableWrapper_1rjym_13 group flex w-fit flex-col-reverse\" tabindex=\"-1\">\n<table class=\"w-fit min-w-(--thread-content-width)\" data-start=\"217\" data-end=\"1090\">\n<thead data-start=\"217\" data-end=\"307\">\n<tr data-start=\"217\" data-end=\"307\">\n<th data-start=\"217\" data-end=\"252\" data-col-size=\"sm\"><strong data-start=\"219\" data-end=\"238\">Caract\u00e9ristique<\/strong><\/th>\n<th data-start=\"252\" data-end=\"307\" data-col-size=\"sm\"><strong data-start=\"254\" data-end=\"271\">Sp\u00e9cification<\/strong><\/th>\n<\/tr>\n<\/thead>\n<tbody data-start=\"399\" data-end=\"1090\">\n<tr data-start=\"399\" data-end=\"489\">\n<td data-start=\"399\" data-end=\"434\" data-col-size=\"sm\">Montage<\/td>\n<td data-start=\"434\" data-end=\"489\" data-col-size=\"sm\"><span class=\"relative -mx-px my-[-0.2rem] rounded px-px py-[0.2rem] transition-colors duration-100 ease-in-out\">Sans outil, assemblage en \u2264\u202f5 minutes<\/span><\/td>\n<\/tr>\n<tr data-start=\"490\" data-end=\"571\">\n<td data-start=\"490\" data-end=\"525\" data-col-size=\"sm\">Compatibilit\u00e9<\/td>\n<td data-col-size=\"sm\" data-start=\"525\" data-end=\"571\"><span class=\"relative -mx-px my-[-0.2rem] rounded px-px py-[0.2rem] transition-colors duration-100 ease-in-out\">Plateaux\/r\u00e9servoirs de marques populaires (ID)<\/span><\/td>\n<\/tr>\n<tr data-start=\"572\" data-end=\"668\">\n<td data-start=\"572\" data-end=\"607\" data-col-size=\"sm\"><strong data-start=\"574\" data-end=\"600\">Dimensions ext\u00e9rieures<\/strong><\/td>\n<td data-col-size=\"sm\" data-start=\"607\" data-end=\"668\"><span class=\"relative -mx-px my-[-0.2rem] rounded px-px py-[0.2rem] transition-colors duration-100 ease-in-out\">53\u202f\u2033 \u00d7\u202f28,5\u202f\u2033 (~135\u202fcm \u00d7\u202f72\u202fcm)<\/span><\/td>\n<\/tr>\n<tr data-start=\"669\" data-end=\"765\">\n<td data-start=\"669\" data-end=\"704\" data-col-size=\"sm\"><strong data-start=\"671\" data-end=\"697\">Dimensions int\u00e9rieures<\/strong><\/td>\n<td data-col-size=\"sm\" data-start=\"704\" data-end=\"765\"><span class=\"relative -mx-px my-[-0.2rem] rounded px-px py-[0.2rem] transition-colors duration-100 ease-in-out\">51\u202f\u2033 \u00d7\u202f26,5\u202f\u2033 (~130\u202fcm \u00d7\u202f67\u202fcm)<\/span><\/td>\n<\/tr>\n<tr data-start=\"766\" data-end=\"880\">\n<td data-start=\"766\" data-end=\"801\" data-col-size=\"sm\"><strong data-start=\"768\" data-end=\"786\">Hauteur totale<\/strong><\/td>\n<td data-start=\"801\" data-end=\"880\" data-col-size=\"sm\"><span class=\"relative -mx-px my-[-0.2rem] rounded px-px py-[0.2rem] transition-colors duration-100 ease-in-out\">25\u202f\u2033 (~64\u202fcm)<\/span><\/td>\n<\/tr>\n<tr data-start=\"881\" data-end=\"985\">\n<td data-start=\"881\" data-end=\"923\" data-col-size=\"sm\"><span class=\"relative -mx-px my-[-0.2rem] rounded px-px py-[0.2rem] transition-colors duration-100 ease-in-out\"><strong data-start=\"0\" data-end=\"30\" data-is-last-node=\"\" data-is-only-node=\"\">Hauteur du bas de la barre<\/strong><\/span><\/td>\n<td data-col-size=\"sm\" data-start=\"923\" data-end=\"985\"><span class=\"relative -mx-px my-[-0.2rem] rounded px-px py-[0.2rem] transition-colors duration-100 ease-in-out\">18\u202f\u2033 (~46\u202fcm), sans roulettes<\/span><\/td>\n<\/tr>\n<tr data-start=\"986\" data-end=\"1090\">\n<td data-start=\"986\" data-end=\"1038\" data-col-size=\"sm\"><span class=\"relative -mx-px my-[-0.2rem] rounded px-px py-[0.2rem] transition-colors duration-100 ease-in-out\">Garantie de robustesse<\/span><\/td>\n<td data-start=\"1038\" data-end=\"1090\" data-col-size=\"sm\"><span class=\"relative -mx-px my-[-0.2rem] rounded px-px py-[0.2rem] transition-colors duration-100 ease-in-out\">Conception heavy\u2011duty, acier froid robuste<\/span><\/td>\n<\/tr>\n<\/tbody>\n<\/table>\n<div class=\"sticky end-(--thread-content-margin) h-0 self-end select-none\">\n<div class=\"absolute end-0 flex items-end\"><\/div>\n<\/div>\n<\/div>\n<\/div>\n<p data-start=\"1227\" data-end=\"1243\"><strong data-start=\"1227\" data-end=\"1243\">Points forts<\/strong><\/p>\n<ul data-start=\"1245\" data-end=\"1605\">\n<li data-start=\"1245\" data-end=\"1332\">\n<p data-start=\"1247\" data-end=\"1332\"><strong data-start=\"1247\" data-end=\"1275\">Ultra-rapide \u00e0 assembler<\/strong> \u2013 id\u00e9al pour les installations exigeantes ou modulables.<\/p>\n<\/li>\n<li data-start=\"1333\" data-end=\"1420\">\n<p data-start=\"1335\" data-end=\"1420\"><strong data-start=\"1335\" data-end=\"1360\">Compatibilit\u00e9 \u00e9tendue<\/strong> \u2013 parfait pour divers syst\u00e8mes hydroponiques ou de culture.<\/p>\n<\/li>\n<li data-start=\"1421\" data-end=\"1497\">\n<p data-start=\"1423\" data-end=\"1497\"><strong data-start=\"1423\" data-end=\"1446\">Construction solide<\/strong> \u2013 supporte des charges importantes avec fiabilit\u00e9.<\/p>\n<\/li>\n<li data-start=\"1498\" data-end=\"1605\">\n<p data-start=\"1500\" data-end=\"1605\"><strong data-start=\"1500\" data-end=\"1522\">Design intelligent<\/strong> \u2013 hauteur pratique pour acc\u00e8s et maintenance, possibilit\u00e9 d\u2019ajouter des roulettes.<\/p>\n<\/li>\n<\/ul>\n","protected":false},"excerpt":{"rendered":"<p>Fast Fit\u2122 Tray Stand \u2013 2 ft \u00d7 4 ft DescriptionSupport robuste \u00e0 assemblage express, sans outil : il se monte en moins de 5\u202fminutes gr\u00e2ce \u00e0 l\u2019ing\u00e9niosit\u00e9 de son syst\u00e8me d\u2019encliquetage. Compatible avec les plateaux et r\u00e9servoirs de marque (Flo\u2011n\u2011Gro\u00ae, Duralastics\u00ae, Botanicare\u00ae, etc.) gr\u00e2ce \u00e0 ses dimensions int\u00e9rieures universelles\u202f. Caract\u00e9ristiques principales Caract\u00e9ristique Sp\u00e9cification Montage [&hellip;]<\/p>\n","protected":false},"featured_media":6797,"template":"","meta":[],"product_brand":[],"product_cat":[30,29],"product_tag":[],"class_list":{"0":"post-6794","1":"product","2":"type-product","3":"status-publish","4":"has-post-thumbnail","6":"product_cat-accessoires-hydroponique-2","7":"product_cat-systeme-hydroponique-hydroponique-2","9":"first","10":"onbackorder","11":"taxable","12":"shipping-taxable","13":"purchasable","14":"product-type-simple"},"yoast_head":"<!-- This site is optimized with the Yoast SEO plugin v27.4 - https:\/\/yoast.com\/product\/yoast-seo-wordpress\/ -->\n<title>Fast Fit Tray Stand 2 ft x 4 ft - Le Mara\u00eecher Moderne<\/title>\n<meta name=\"robots\" content=\"index, follow, max-snippet:-1, max-image-preview:large, max-video-preview:-1\" \/>\n<link rel=\"canonical\" href=\"https:\/\/lemaraichermoderne.com\/en\/produit\/fast-fit-tray-stand-2-ft-x-4-ft\/\" \/>\n<meta property=\"og:locale\" content=\"en_US\" \/>\n<meta property=\"og:type\" content=\"article\" \/>\n<meta property=\"og:title\" content=\"Fast Fit Tray Stand 2 ft x 4 ft - Le Mara\u00eecher Moderne\" \/>\n<meta property=\"og:description\" content=\"Fast Fit\u2122 Tray Stand \u2013 2 ft \u00d7 4 ft DescriptionSupport robuste \u00e0 assemblage express, sans outil : il se monte en moins de 5\u202fminutes gr\u00e2ce \u00e0 l\u2019ing\u00e9niosit\u00e9 de son syst\u00e8me d\u2019encliquetage. Compatible avec les plateaux et r\u00e9servoirs de marque (Flo\u2011n\u2011Gro\u00ae, Duralastics\u00ae, Botanicare\u00ae, etc.) gr\u00e2ce \u00e0 ses dimensions int\u00e9rieures universelles\u202f. Caract\u00e9ristiques principales Caract\u00e9ristique Sp\u00e9cification Montage [&hellip;]\" \/>\n<meta property=\"og:url\" content=\"https:\/\/lemaraichermoderne.com\/en\/produit\/fast-fit-tray-stand-2-ft-x-4-ft\/\" \/>\n<meta property=\"og:site_name\" content=\"Le Mara\u00eecher Moderne\" \/>\n<meta property=\"article:publisher\" content=\"https:\/\/www.facebook.com\/lemaraichermoderne\" \/>\n<meta property=\"article:modified_time\" content=\"2025-08-09T16:14:15+00:00\" \/>\n<meta property=\"og:image\" content=\"https:\/\/lemaraichermoderne.com\/wp-content\/uploads\/2024\/10\/0006310_fast-fit-tray-stand-2-ft-x-4-ft.jpeg\" \/>\n\t<meta property=\"og:image:width\" content=\"397\" \/>\n\t<meta property=\"og:image:height\" content=\"397\" \/>\n\t<meta property=\"og:image:type\" content=\"image\/jpeg\" \/>\n<meta name=\"twitter:card\" content=\"summary_large_image\" \/>\n<meta name=\"twitter:label1\" content=\"Est. reading time\" \/>\n\t<meta name=\"twitter:data1\" content=\"1 minute\" \/>\n<script type=\"application\/ld+json\" class=\"yoast-schema-graph\">{\"@context\":\"https:\\\/\\\/schema.org\",\"@graph\":[{\"@type\":\"WebPage\",\"@id\":\"https:\\\/\\\/lemaraichermoderne.com\\\/en\\\/produit\\\/fast-fit-tray-stand-2-ft-x-4-ft\\\/\",\"url\":\"https:\\\/\\\/lemaraichermoderne.com\\\/en\\\/produit\\\/fast-fit-tray-stand-2-ft-x-4-ft\\\/\",\"name\":\"Fast Fit Tray Stand 2 ft x 4 ft - Le Mara\u00eecher Moderne\",\"isPartOf\":{\"@id\":\"https:\\\/\\\/lemaraichermoderne.com\\\/en\\\/#website\"},\"primaryImageOfPage\":{\"@id\":\"https:\\\/\\\/lemaraichermoderne.com\\\/en\\\/produit\\\/fast-fit-tray-stand-2-ft-x-4-ft\\\/#primaryimage\"},\"image\":{\"@id\":\"https:\\\/\\\/lemaraichermoderne.com\\\/en\\\/produit\\\/fast-fit-tray-stand-2-ft-x-4-ft\\\/#primaryimage\"},\"thumbnailUrl\":\"https:\\\/\\\/lemaraichermoderne.com\\\/wp-content\\\/uploads\\\/2024\\\/10\\\/0006310_fast-fit-tray-stand-2-ft-x-4-ft.jpeg\",\"datePublished\":\"2024-10-02T16:25:43+00:00\",\"dateModified\":\"2025-08-09T16:14:15+00:00\",\"breadcrumb\":{\"@id\":\"https:\\\/\\\/lemaraichermoderne.com\\\/en\\\/produit\\\/fast-fit-tray-stand-2-ft-x-4-ft\\\/#breadcrumb\"},\"inLanguage\":\"en-US\",\"potentialAction\":[{\"@type\":\"ReadAction\",\"target\":[\"https:\\\/\\\/lemaraichermoderne.com\\\/en\\\/produit\\\/fast-fit-tray-stand-2-ft-x-4-ft\\\/\"]}]},{\"@type\":\"ImageObject\",\"inLanguage\":\"en-US\",\"@id\":\"https:\\\/\\\/lemaraichermoderne.com\\\/en\\\/produit\\\/fast-fit-tray-stand-2-ft-x-4-ft\\\/#primaryimage\",\"url\":\"https:\\\/\\\/lemaraichermoderne.com\\\/wp-content\\\/uploads\\\/2024\\\/10\\\/0006310_fast-fit-tray-stand-2-ft-x-4-ft.jpeg\",\"contentUrl\":\"https:\\\/\\\/lemaraichermoderne.com\\\/wp-content\\\/uploads\\\/2024\\\/10\\\/0006310_fast-fit-tray-stand-2-ft-x-4-ft.jpeg\",\"width\":397,\"height\":397},{\"@type\":\"BreadcrumbList\",\"@id\":\"https:\\\/\\\/lemaraichermoderne.com\\\/en\\\/produit\\\/fast-fit-tray-stand-2-ft-x-4-ft\\\/#breadcrumb\",\"itemListElement\":[{\"@type\":\"ListItem\",\"position\":1,\"name\":\"Accueil\",\"item\":\"https:\\\/\\\/lemaraichermoderne.com\\\/en\\\/\"},{\"@type\":\"ListItem\",\"position\":2,\"name\":\"Boutique\",\"item\":\"https:\\\/\\\/lemaraichermoderne.com\\\/boutique\\\/\"},{\"@type\":\"ListItem\",\"position\":3,\"name\":\"Fast Fit Tray Stand 2 ft x 4 ft\"}]},{\"@type\":\"WebSite\",\"@id\":\"https:\\\/\\\/lemaraichermoderne.com\\\/en\\\/#website\",\"url\":\"https:\\\/\\\/lemaraichermoderne.com\\\/en\\\/\",\"name\":\"Le Mara\u00eecher Moderne\",\"description\":\"R\u00e9f\u00e9rence en hydroponie \u00e0 Qu\u00e9bec\",\"publisher\":{\"@id\":\"https:\\\/\\\/lemaraichermoderne.com\\\/en\\\/#organization\"},\"potentialAction\":[{\"@type\":\"SearchAction\",\"target\":{\"@type\":\"EntryPoint\",\"urlTemplate\":\"https:\\\/\\\/lemaraichermoderne.com\\\/en\\\/?s={search_term_string}\"},\"query-input\":{\"@type\":\"PropertyValueSpecification\",\"valueRequired\":true,\"valueName\":\"search_term_string\"}}],\"inLanguage\":\"en-US\"},{\"@type\":\"Organization\",\"@id\":\"https:\\\/\\\/lemaraichermoderne.com\\\/en\\\/#organization\",\"name\":\"Le Mara\u00eecher Moderne\",\"url\":\"https:\\\/\\\/lemaraichermoderne.com\\\/en\\\/\",\"logo\":{\"@type\":\"ImageObject\",\"inLanguage\":\"en-US\",\"@id\":\"https:\\\/\\\/lemaraichermoderne.com\\\/en\\\/#\\\/schema\\\/logo\\\/image\\\/\",\"url\":\"https:\\\/\\\/lemaraichermoderne.com\\\/wp-content\\\/uploads\\\/2023\\\/03\\\/logo_mm1.png\",\"contentUrl\":\"https:\\\/\\\/lemaraichermoderne.com\\\/wp-content\\\/uploads\\\/2023\\\/03\\\/logo_mm1.png\",\"width\":500,\"height\":222,\"caption\":\"Le Mara\u00eecher Moderne\"},\"image\":{\"@id\":\"https:\\\/\\\/lemaraichermoderne.com\\\/en\\\/#\\\/schema\\\/logo\\\/image\\\/\"},\"sameAs\":[\"https:\\\/\\\/www.facebook.com\\\/lemaraichermoderne\",\"https:\\\/\\\/www.instagram.com\\\/lemaraichermoderne\"]}]}<\/script>\n<!-- \/ Yoast SEO plugin. -->","yoast_head_json":{"title":"Fast Fit Tray Stand 2 ft x 4 ft - Le Mara\u00eecher Moderne","robots":{"index":"index","follow":"follow","max-snippet":"max-snippet:-1","max-image-preview":"max-image-preview:large","max-video-preview":"max-video-preview:-1"},"canonical":"https:\/\/lemaraichermoderne.com\/en\/produit\/fast-fit-tray-stand-2-ft-x-4-ft\/","og_locale":"en_US","og_type":"article","og_title":"Fast Fit Tray Stand 2 ft x 4 ft - Le Mara\u00eecher Moderne","og_description":"Fast Fit\u2122 Tray Stand \u2013 2 ft \u00d7 4 ft DescriptionSupport robuste \u00e0 assemblage express, sans outil : il se monte en moins de 5\u202fminutes gr\u00e2ce \u00e0 l\u2019ing\u00e9niosit\u00e9 de son syst\u00e8me d\u2019encliquetage. Compatible avec les plateaux et r\u00e9servoirs de marque (Flo\u2011n\u2011Gro\u00ae, Duralastics\u00ae, Botanicare\u00ae, etc.) gr\u00e2ce \u00e0 ses dimensions int\u00e9rieures universelles\u202f. Caract\u00e9ristiques principales Caract\u00e9ristique Sp\u00e9cification Montage [&hellip;]","og_url":"https:\/\/lemaraichermoderne.com\/en\/produit\/fast-fit-tray-stand-2-ft-x-4-ft\/","og_site_name":"Le Mara\u00eecher Moderne","article_publisher":"https:\/\/www.facebook.com\/lemaraichermoderne","article_modified_time":"2025-08-09T16:14:15+00:00","og_image":[{"width":397,"height":397,"url":"https:\/\/lemaraichermoderne.com\/wp-content\/uploads\/2024\/10\/0006310_fast-fit-tray-stand-2-ft-x-4-ft.jpeg","type":"image\/jpeg"}],"twitter_card":"summary_large_image","twitter_misc":{"Est. reading time":"1 minute"},"schema":{"@context":"https:\/\/schema.org","@graph":[{"@type":"WebPage","@id":"https:\/\/lemaraichermoderne.com\/en\/produit\/fast-fit-tray-stand-2-ft-x-4-ft\/","url":"https:\/\/lemaraichermoderne.com\/en\/produit\/fast-fit-tray-stand-2-ft-x-4-ft\/","name":"Fast Fit Tray Stand 2 ft x 4 ft - Le Mara\u00eecher Moderne","isPartOf":{"@id":"https:\/\/lemaraichermoderne.com\/en\/#website"},"primaryImageOfPage":{"@id":"https:\/\/lemaraichermoderne.com\/en\/produit\/fast-fit-tray-stand-2-ft-x-4-ft\/#primaryimage"},"image":{"@id":"https:\/\/lemaraichermoderne.com\/en\/produit\/fast-fit-tray-stand-2-ft-x-4-ft\/#primaryimage"},"thumbnailUrl":"https:\/\/lemaraichermoderne.com\/wp-content\/uploads\/2024\/10\/0006310_fast-fit-tray-stand-2-ft-x-4-ft.jpeg","datePublished":"2024-10-02T16:25:43+00:00","dateModified":"2025-08-09T16:14:15+00:00","breadcrumb":{"@id":"https:\/\/lemaraichermoderne.com\/en\/produit\/fast-fit-tray-stand-2-ft-x-4-ft\/#breadcrumb"},"inLanguage":"en-US","potentialAction":[{"@type":"ReadAction","target":["https:\/\/lemaraichermoderne.com\/en\/produit\/fast-fit-tray-stand-2-ft-x-4-ft\/"]}]},{"@type":"ImageObject","inLanguage":"en-US","@id":"https:\/\/lemaraichermoderne.com\/en\/produit\/fast-fit-tray-stand-2-ft-x-4-ft\/#primaryimage","url":"https:\/\/lemaraichermoderne.com\/wp-content\/uploads\/2024\/10\/0006310_fast-fit-tray-stand-2-ft-x-4-ft.jpeg","contentUrl":"https:\/\/lemaraichermoderne.com\/wp-content\/uploads\/2024\/10\/0006310_fast-fit-tray-stand-2-ft-x-4-ft.jpeg","width":397,"height":397},{"@type":"BreadcrumbList","@id":"https:\/\/lemaraichermoderne.com\/en\/produit\/fast-fit-tray-stand-2-ft-x-4-ft\/#breadcrumb","itemListElement":[{"@type":"ListItem","position":1,"name":"Accueil","item":"https:\/\/lemaraichermoderne.com\/en\/"},{"@type":"ListItem","position":2,"name":"Boutique","item":"https:\/\/lemaraichermoderne.com\/boutique\/"},{"@type":"ListItem","position":3,"name":"Fast Fit Tray Stand 2 ft x 4 ft"}]},{"@type":"WebSite","@id":"https:\/\/lemaraichermoderne.com\/en\/#website","url":"https:\/\/lemaraichermoderne.com\/en\/","name":"Le Mara\u00eecher Moderne","description":"R\u00e9f\u00e9rence en hydroponie \u00e0 Qu\u00e9bec","publisher":{"@id":"https:\/\/lemaraichermoderne.com\/en\/#organization"},"potentialAction":[{"@type":"SearchAction","target":{"@type":"EntryPoint","urlTemplate":"https:\/\/lemaraichermoderne.com\/en\/?s={search_term_string}"},"query-input":{"@type":"PropertyValueSpecification","valueRequired":true,"valueName":"search_term_string"}}],"inLanguage":"en-US"},{"@type":"Organization","@id":"https:\/\/lemaraichermoderne.com\/en\/#organization","name":"Le Mara\u00eecher Moderne","url":"https:\/\/lemaraichermoderne.com\/en\/","logo":{"@type":"ImageObject","inLanguage":"en-US","@id":"https:\/\/lemaraichermoderne.com\/en\/#\/schema\/logo\/image\/","url":"https:\/\/lemaraichermoderne.com\/wp-content\/uploads\/2023\/03\/logo_mm1.png","contentUrl":"https:\/\/lemaraichermoderne.com\/wp-content\/uploads\/2023\/03\/logo_mm1.png","width":500,"height":222,"caption":"Le Mara\u00eecher Moderne"},"image":{"@id":"https:\/\/lemaraichermoderne.com\/en\/#\/schema\/logo\/image\/"},"sameAs":["https:\/\/www.facebook.com\/lemaraichermoderne","https:\/\/www.instagram.com\/lemaraichermoderne"]}]}},"_links":{"self":[{"href":"https:\/\/lemaraichermoderne.com\/en\/wp-json\/wp\/v2\/product\/6794","targetHints":{"allow":["GET"]}}],"collection":[{"href":"https:\/\/lemaraichermoderne.com\/en\/wp-json\/wp\/v2\/product"}],"about":[{"href":"https:\/\/lemaraichermoderne.com\/en\/wp-json\/wp\/v2\/types\/product"}],"wp:featuredmedia":[{"embeddable":true,"href":"https:\/\/lemaraichermoderne.com\/en\/wp-json\/wp\/v2\/media\/6797"}],"wp:attachment":[{"href":"https:\/\/lemaraichermoderne.com\/en\/wp-json\/wp\/v2\/media?parent=6794"}],"wp:term":[{"taxonomy":"product_brand","embeddable":true,"href":"https:\/\/lemaraichermoderne.com\/en\/wp-json\/wp\/v2\/product_brand?post=6794"},{"taxonomy":"product_cat","embeddable":true,"href":"https:\/\/lemaraichermoderne.com\/en\/wp-json\/wp\/v2\/product_cat?post=6794"},{"taxonomy":"product_tag","embeddable":true,"href":"https:\/\/lemaraichermoderne.com\/en\/wp-json\/wp\/v2\/product_tag?post=6794"}],"curies":[{"name":"wp","href":"https:\/\/api.w.org\/{rel}","templated":true}]}}