{"id":6816,"date":"2024-10-04T11:47:10","date_gmt":"2024-10-04T15:47:10","guid":{"rendered":"https:\/\/lemaraichermoderne.com\/?post_type=product&#038;p=6816"},"modified":"2025-02-28T13:49:15","modified_gmt":"2025-02-28T18:49:15","slug":"thermoflo-black-white-poly-10-x-50-3-x-15-m","status":"publish","type":"product","link":"https:\/\/lemaraichermoderne.com\/en\/produit\/thermoflo-black-white-poly-10-x-50-3-x-15-m\/","title":{"rendered":"ThermoFlo Black &#038; White Poly 10&#8242; x 50&#8242; (3 x 15 m)"},"content":{"rendered":"<div id=\"tw-target-text-container\" class=\"tw-ta-container F0azHf tw-nfl\" tabindex=\"0\">\n<pre id=\"tw-target-text\" class=\"tw-data-text tw-text-large tw-ta\" dir=\"ltr\" data-placeholder=\"Traduction\" data-ved=\"2ahUKEwiPhcHhgPWIAxUAMmIAHb9jK10Q3ewLegQIChAT\" aria-label=\"Texte traduit\u00a0: ThermoFlo\u2122 Black and White Poly est la feuille de poly de 6 mm (+\/-) de qualit\u00e9 commerciale la plus r\u00e9sistante du march\u00e9. Avec un c\u00f4t\u00e9 blanc qui refl\u00e8te 90 % de la lumi\u00e8re vers vos plantes et un c\u00f4t\u00e9 noir qui bloque efficacement toute p\u00e9n\u00e9tration de la lumi\u00e8re, cette feuille de poly\u00e9thyl\u00e8ne est un outil polyvalent pour les producteurs. Qu'il s'agisse de pr\u00e9venir la croissance des mauvaises herbes, de pr\u00e9venir le gel sur les plantes, d'hiverner les serres ou d'aider \u00e0 l'\u00e9clairage de serre qui refl\u00e8te efficacement la lumi\u00e8re, ThermoFlo Black and White Poly couvre tous vos besoins agricoles et d'am\u00e9nagement paysager. Cette b\u00e2che en poly\u00e9thyl\u00e8ne imperm\u00e9able et robuste est livr\u00e9e dans un sac et une bo\u00eete individuels pour la commodit\u00e9 du client. Applications Pare-soleil : le c\u00f4t\u00e9 blanc r\u00e9fl\u00e9chit la chaleur. Aide \u00e0 l'\u00e9clairage de la serre : le c\u00f4t\u00e9 blanc refl\u00e8te 90 % de la lumi\u00e8re. Pr\u00e9vention du gel sur les plantes. Couverture d'hivernage pour serre. Couvre-sol paysager\/p\u00e9pini\u00e8re pour plates-bandes nivel\u00e9es pour pr\u00e9venir les mauvaises herbes Sous les terrasses, patios et all\u00e9es pour emp\u00eacher la croissance des mauvaises herbes. Barri\u00e8re anti-poussi\u00e8re pour prot\u00e9ger les murs, les tapis, les meubles, les \u00e9quipements et autres surfaces propres Couverture d'\u00e9chafaudage ext\u00e9rieure. S\u00e9parateur\/diviseur de pi\u00e8ce. Couverture de cure de b\u00e9ton. Couverture pour grands mat\u00e9riaux \u00e0 l'ext\u00e9rieur pour protection contre les intemp\u00e9ries. Couverture polyvalente instantan\u00e9e. Barri\u00e8re\/isolant int\u00e9rieur contre l\u2019humidit\u00e9 pour fen\u00eatres non prot\u00e9g\u00e9es. Toile de protection pour peinture\u00a0: \u00e0 utiliser pour recouvrir les tapis et les sols. Housse de rangement ext\u00e9rieure \u00e9tanche. Housse de camping\/tente.\"><strong><span class=\"Y2IQFc\" lang=\"fr\">ThermoFlo\u2122 Black and White Poly est la feuille de poly de 6 mm (+\/-) de qualit\u00e9 commerciale la plus r\u00e9sistante du march\u00e9. Avec un c\u00f4t\u00e9 blanc qui refl\u00e8te 90 % de la lumi\u00e8re vers vos plantes et un c\u00f4t\u00e9 noir qui bloque efficacement toute p\u00e9n\u00e9tration de la lumi\u00e8re, cette feuille de poly\u00e9thyl\u00e8ne est un outil polyvalent pour les producteurs. Qu'il s'agisse de pr\u00e9venir la croissance des mauvaises herbes, de pr\u00e9venir le gel sur les plantes, d'hiverner les serres ou d'aider \u00e0 l'\u00e9clairage de serre qui refl\u00e8te efficacement la lumi\u00e8re, ThermoFlo Black and White Poly couvre tous vos besoins agricoles et d'am\u00e9nagement paysager. Cette b\u00e2che en poly\u00e9thyl\u00e8ne imperm\u00e9able et robuste est livr\u00e9e dans un sac et une bo\u00eete individuels pour la commodit\u00e9 du client.\r\n\r\nApplications\r\n\r\n    Pare-soleil : le c\u00f4t\u00e9 blanc r\u00e9fl\u00e9chit la chaleur.\r\n    Aide \u00e0 l'\u00e9clairage de la serre : le c\u00f4t\u00e9 blanc refl\u00e8te 90 % de la lumi\u00e8re.\r\n    Pr\u00e9vention du gel sur les plantes.\r\n    Couverture d'hivernage pour serre.\r\n    Couvre-sol paysager\/p\u00e9pini\u00e8re pour plates-bandes nivel\u00e9es pour pr\u00e9venir les mauvaises herbes\r\n    Sous les terrasses, patios et all\u00e9es pour emp\u00eacher la croissance des mauvaises herbes.\r\n    Barri\u00e8re anti-poussi\u00e8re pour prot\u00e9ger les murs, les tapis, les meubles, les \u00e9quipements et autres surfaces propres\r\n    Couverture d'\u00e9chafaudage ext\u00e9rieure.\r\n    S\u00e9parateur\/diviseur de pi\u00e8ce.\r\n    Couverture de cure de b\u00e9ton.\r\n    Couverture pour grands mat\u00e9riaux \u00e0 l'ext\u00e9rieur pour protection contre les intemp\u00e9ries.\r\n    Couverture polyvalente instantan\u00e9e.\r\n    Barri\u00e8re\/isolant int\u00e9rieur contre l\u2019humidit\u00e9 pour fen\u00eatres non prot\u00e9g\u00e9es.\r\n    Toile de protection pour peinture : \u00e0 utiliser pour recouvrir les tapis et les sols.\r\n    Housse de rangement ext\u00e9rieure \u00e9tanche.\r\n    Housse de camping\/tente.<\/span><\/strong><\/pre>\n<\/div>\n","protected":false},"excerpt":{"rendered":"<p>ThermoFlo\u2122 Black and White Poly est la feuille de poly de 6 mm (+\/-) de qualit\u00e9 commerciale la plus r\u00e9sistante du march\u00e9. Avec un c\u00f4t\u00e9 blanc qui refl\u00e8te 90 % de la lumi\u00e8re vers vos plantes et un c\u00f4t\u00e9 noir qui bloque efficacement toute p\u00e9n\u00e9tration de la lumi\u00e8re, cette feuille de poly\u00e9thyl\u00e8ne est un outil [&hellip;]<\/p>\n","protected":false},"featured_media":6814,"template":"","meta":[],"product_brand":[],"product_cat":[24,40],"product_tag":[],"class_list":{"0":"post-6816","1":"product","2":"type-product","3":"status-publish","4":"has-post-thumbnail","6":"product_cat-accessoires","7":"product_cat-jardin","9":"first","10":"outofstock","11":"taxable","12":"shipping-taxable","13":"purchasable","14":"product-type-simple"},"yoast_head":"<!-- This site is optimized with the Yoast SEO plugin v27.4 - https:\/\/yoast.com\/product\/yoast-seo-wordpress\/ -->\n<title>ThermoFlo Black &amp; White Poly 10&#039; x 50&#039; (3 x 15 m) - Le Mara\u00eecher Moderne<\/title>\n<meta name=\"robots\" content=\"index, follow, max-snippet:-1, max-image-preview:large, max-video-preview:-1\" \/>\n<link rel=\"canonical\" href=\"https:\/\/lemaraichermoderne.com\/en\/produit\/thermoflo-black-white-poly-10-x-50-3-x-15-m\/\" \/>\n<meta property=\"og:locale\" content=\"en_US\" \/>\n<meta property=\"og:type\" content=\"article\" \/>\n<meta property=\"og:title\" content=\"ThermoFlo Black &amp; White Poly 10&#039; x 50&#039; (3 x 15 m) - Le Mara\u00eecher Moderne\" \/>\n<meta property=\"og:description\" content=\"ThermoFlo\u2122 Black and White Poly est la feuille de poly de 6 mm (+\/-) de qualit\u00e9 commerciale la plus r\u00e9sistante du march\u00e9. Avec un c\u00f4t\u00e9 blanc qui refl\u00e8te 90 % de la lumi\u00e8re vers vos plantes et un c\u00f4t\u00e9 noir qui bloque efficacement toute p\u00e9n\u00e9tration de la lumi\u00e8re, cette feuille de poly\u00e9thyl\u00e8ne est un outil [&hellip;]\" \/>\n<meta property=\"og:url\" content=\"https:\/\/lemaraichermoderne.com\/en\/produit\/thermoflo-black-white-poly-10-x-50-3-x-15-m\/\" \/>\n<meta property=\"og:site_name\" content=\"Le Mara\u00eecher Moderne\" \/>\n<meta property=\"article:publisher\" content=\"https:\/\/www.facebook.com\/lemaraichermoderne\" \/>\n<meta property=\"article:modified_time\" content=\"2025-02-28T18:49:15+00:00\" \/>\n<meta property=\"og:image\" content=\"https:\/\/lemaraichermoderne.com\/wp-content\/uploads\/2024\/10\/0004769_thermoflo-black-and-white-poly-10-x-25.jpeg\" \/>\n\t<meta property=\"og:image:width\" content=\"397\" \/>\n\t<meta property=\"og:image:height\" content=\"397\" \/>\n\t<meta property=\"og:image:type\" content=\"image\/jpeg\" \/>\n<meta name=\"twitter:card\" content=\"summary_large_image\" \/>\n<meta name=\"twitter:label1\" content=\"Est. reading time\" \/>\n\t<meta name=\"twitter:data1\" content=\"1 minute\" \/>\n<script type=\"application\/ld+json\" class=\"yoast-schema-graph\">{\"@context\":\"https:\\\/\\\/schema.org\",\"@graph\":[{\"@type\":\"WebPage\",\"@id\":\"https:\\\/\\\/lemaraichermoderne.com\\\/en\\\/produit\\\/thermoflo-black-white-poly-10-x-50-3-x-15-m\\\/\",\"url\":\"https:\\\/\\\/lemaraichermoderne.com\\\/en\\\/produit\\\/thermoflo-black-white-poly-10-x-50-3-x-15-m\\\/\",\"name\":\"ThermoFlo Black & White Poly 10' x 50' (3 x 15 m) - Le Mara\u00eecher Moderne\",\"isPartOf\":{\"@id\":\"https:\\\/\\\/lemaraichermoderne.com\\\/en\\\/#website\"},\"primaryImageOfPage\":{\"@id\":\"https:\\\/\\\/lemaraichermoderne.com\\\/en\\\/produit\\\/thermoflo-black-white-poly-10-x-50-3-x-15-m\\\/#primaryimage\"},\"image\":{\"@id\":\"https:\\\/\\\/lemaraichermoderne.com\\\/en\\\/produit\\\/thermoflo-black-white-poly-10-x-50-3-x-15-m\\\/#primaryimage\"},\"thumbnailUrl\":\"https:\\\/\\\/lemaraichermoderne.com\\\/wp-content\\\/uploads\\\/2024\\\/10\\\/0004769_thermoflo-black-and-white-poly-10-x-25.jpeg\",\"datePublished\":\"2024-10-04T15:47:10+00:00\",\"dateModified\":\"2025-02-28T18:49:15+00:00\",\"breadcrumb\":{\"@id\":\"https:\\\/\\\/lemaraichermoderne.com\\\/en\\\/produit\\\/thermoflo-black-white-poly-10-x-50-3-x-15-m\\\/#breadcrumb\"},\"inLanguage\":\"en-US\",\"potentialAction\":[{\"@type\":\"ReadAction\",\"target\":[\"https:\\\/\\\/lemaraichermoderne.com\\\/en\\\/produit\\\/thermoflo-black-white-poly-10-x-50-3-x-15-m\\\/\"]}]},{\"@type\":\"ImageObject\",\"inLanguage\":\"en-US\",\"@id\":\"https:\\\/\\\/lemaraichermoderne.com\\\/en\\\/produit\\\/thermoflo-black-white-poly-10-x-50-3-x-15-m\\\/#primaryimage\",\"url\":\"https:\\\/\\\/lemaraichermoderne.com\\\/wp-content\\\/uploads\\\/2024\\\/10\\\/0004769_thermoflo-black-and-white-poly-10-x-25.jpeg\",\"contentUrl\":\"https:\\\/\\\/lemaraichermoderne.com\\\/wp-content\\\/uploads\\\/2024\\\/10\\\/0004769_thermoflo-black-and-white-poly-10-x-25.jpeg\",\"width\":397,\"height\":397},{\"@type\":\"BreadcrumbList\",\"@id\":\"https:\\\/\\\/lemaraichermoderne.com\\\/en\\\/produit\\\/thermoflo-black-white-poly-10-x-50-3-x-15-m\\\/#breadcrumb\",\"itemListElement\":[{\"@type\":\"ListItem\",\"position\":1,\"name\":\"Accueil\",\"item\":\"https:\\\/\\\/lemaraichermoderne.com\\\/en\\\/\"},{\"@type\":\"ListItem\",\"position\":2,\"name\":\"Boutique\",\"item\":\"https:\\\/\\\/lemaraichermoderne.com\\\/boutique\\\/\"},{\"@type\":\"ListItem\",\"position\":3,\"name\":\"ThermoFlo Black &#038; White Poly 10&prime; x 50&prime; (3 x 15 m)\"}]},{\"@type\":\"WebSite\",\"@id\":\"https:\\\/\\\/lemaraichermoderne.com\\\/en\\\/#website\",\"url\":\"https:\\\/\\\/lemaraichermoderne.com\\\/en\\\/\",\"name\":\"Le Mara\u00eecher Moderne\",\"description\":\"R\u00e9f\u00e9rence en hydroponie \u00e0 Qu\u00e9bec\",\"publisher\":{\"@id\":\"https:\\\/\\\/lemaraichermoderne.com\\\/en\\\/#organization\"},\"potentialAction\":[{\"@type\":\"SearchAction\",\"target\":{\"@type\":\"EntryPoint\",\"urlTemplate\":\"https:\\\/\\\/lemaraichermoderne.com\\\/en\\\/?s={search_term_string}\"},\"query-input\":{\"@type\":\"PropertyValueSpecification\",\"valueRequired\":true,\"valueName\":\"search_term_string\"}}],\"inLanguage\":\"en-US\"},{\"@type\":\"Organization\",\"@id\":\"https:\\\/\\\/lemaraichermoderne.com\\\/en\\\/#organization\",\"name\":\"Le Mara\u00eecher Moderne\",\"url\":\"https:\\\/\\\/lemaraichermoderne.com\\\/en\\\/\",\"logo\":{\"@type\":\"ImageObject\",\"inLanguage\":\"en-US\",\"@id\":\"https:\\\/\\\/lemaraichermoderne.com\\\/en\\\/#\\\/schema\\\/logo\\\/image\\\/\",\"url\":\"https:\\\/\\\/lemaraichermoderne.com\\\/wp-content\\\/uploads\\\/2023\\\/03\\\/logo_mm1.png\",\"contentUrl\":\"https:\\\/\\\/lemaraichermoderne.com\\\/wp-content\\\/uploads\\\/2023\\\/03\\\/logo_mm1.png\",\"width\":500,\"height\":222,\"caption\":\"Le Mara\u00eecher Moderne\"},\"image\":{\"@id\":\"https:\\\/\\\/lemaraichermoderne.com\\\/en\\\/#\\\/schema\\\/logo\\\/image\\\/\"},\"sameAs\":[\"https:\\\/\\\/www.facebook.com\\\/lemaraichermoderne\",\"https:\\\/\\\/www.instagram.com\\\/lemaraichermoderne\"]}]}<\/script>\n<!-- \/ Yoast SEO plugin. -->","yoast_head_json":{"title":"ThermoFlo Black & White Poly 10' x 50' (3 x 15 m) - Le Mara\u00eecher Moderne","robots":{"index":"index","follow":"follow","max-snippet":"max-snippet:-1","max-image-preview":"max-image-preview:large","max-video-preview":"max-video-preview:-1"},"canonical":"https:\/\/lemaraichermoderne.com\/en\/produit\/thermoflo-black-white-poly-10-x-50-3-x-15-m\/","og_locale":"en_US","og_type":"article","og_title":"ThermoFlo Black & White Poly 10' x 50' (3 x 15 m) - Le Mara\u00eecher Moderne","og_description":"ThermoFlo\u2122 Black and White Poly est la feuille de poly de 6 mm (+\/-) de qualit\u00e9 commerciale la plus r\u00e9sistante du march\u00e9. Avec un c\u00f4t\u00e9 blanc qui refl\u00e8te 90 % de la lumi\u00e8re vers vos plantes et un c\u00f4t\u00e9 noir qui bloque efficacement toute p\u00e9n\u00e9tration de la lumi\u00e8re, cette feuille de poly\u00e9thyl\u00e8ne est un outil [&hellip;]","og_url":"https:\/\/lemaraichermoderne.com\/en\/produit\/thermoflo-black-white-poly-10-x-50-3-x-15-m\/","og_site_name":"Le Mara\u00eecher Moderne","article_publisher":"https:\/\/www.facebook.com\/lemaraichermoderne","article_modified_time":"2025-02-28T18:49:15+00:00","og_image":[{"width":397,"height":397,"url":"https:\/\/lemaraichermoderne.com\/wp-content\/uploads\/2024\/10\/0004769_thermoflo-black-and-white-poly-10-x-25.jpeg","type":"image\/jpeg"}],"twitter_card":"summary_large_image","twitter_misc":{"Est. reading time":"1 minute"},"schema":{"@context":"https:\/\/schema.org","@graph":[{"@type":"WebPage","@id":"https:\/\/lemaraichermoderne.com\/en\/produit\/thermoflo-black-white-poly-10-x-50-3-x-15-m\/","url":"https:\/\/lemaraichermoderne.com\/en\/produit\/thermoflo-black-white-poly-10-x-50-3-x-15-m\/","name":"ThermoFlo Black & White Poly 10' x 50' (3 x 15 m) - Le Mara\u00eecher Moderne","isPartOf":{"@id":"https:\/\/lemaraichermoderne.com\/en\/#website"},"primaryImageOfPage":{"@id":"https:\/\/lemaraichermoderne.com\/en\/produit\/thermoflo-black-white-poly-10-x-50-3-x-15-m\/#primaryimage"},"image":{"@id":"https:\/\/lemaraichermoderne.com\/en\/produit\/thermoflo-black-white-poly-10-x-50-3-x-15-m\/#primaryimage"},"thumbnailUrl":"https:\/\/lemaraichermoderne.com\/wp-content\/uploads\/2024\/10\/0004769_thermoflo-black-and-white-poly-10-x-25.jpeg","datePublished":"2024-10-04T15:47:10+00:00","dateModified":"2025-02-28T18:49:15+00:00","breadcrumb":{"@id":"https:\/\/lemaraichermoderne.com\/en\/produit\/thermoflo-black-white-poly-10-x-50-3-x-15-m\/#breadcrumb"},"inLanguage":"en-US","potentialAction":[{"@type":"ReadAction","target":["https:\/\/lemaraichermoderne.com\/en\/produit\/thermoflo-black-white-poly-10-x-50-3-x-15-m\/"]}]},{"@type":"ImageObject","inLanguage":"en-US","@id":"https:\/\/lemaraichermoderne.com\/en\/produit\/thermoflo-black-white-poly-10-x-50-3-x-15-m\/#primaryimage","url":"https:\/\/lemaraichermoderne.com\/wp-content\/uploads\/2024\/10\/0004769_thermoflo-black-and-white-poly-10-x-25.jpeg","contentUrl":"https:\/\/lemaraichermoderne.com\/wp-content\/uploads\/2024\/10\/0004769_thermoflo-black-and-white-poly-10-x-25.jpeg","width":397,"height":397},{"@type":"BreadcrumbList","@id":"https:\/\/lemaraichermoderne.com\/en\/produit\/thermoflo-black-white-poly-10-x-50-3-x-15-m\/#breadcrumb","itemListElement":[{"@type":"ListItem","position":1,"name":"Accueil","item":"https:\/\/lemaraichermoderne.com\/en\/"},{"@type":"ListItem","position":2,"name":"Boutique","item":"https:\/\/lemaraichermoderne.com\/boutique\/"},{"@type":"ListItem","position":3,"name":"ThermoFlo Black &#038; White Poly 10&prime; x 50&prime; (3 x 15 m)"}]},{"@type":"WebSite","@id":"https:\/\/lemaraichermoderne.com\/en\/#website","url":"https:\/\/lemaraichermoderne.com\/en\/","name":"Le Mara\u00eecher Moderne","description":"R\u00e9f\u00e9rence en hydroponie \u00e0 Qu\u00e9bec","publisher":{"@id":"https:\/\/lemaraichermoderne.com\/en\/#organization"},"potentialAction":[{"@type":"SearchAction","target":{"@type":"EntryPoint","urlTemplate":"https:\/\/lemaraichermoderne.com\/en\/?s={search_term_string}"},"query-input":{"@type":"PropertyValueSpecification","valueRequired":true,"valueName":"search_term_string"}}],"inLanguage":"en-US"},{"@type":"Organization","@id":"https:\/\/lemaraichermoderne.com\/en\/#organization","name":"Le Mara\u00eecher Moderne","url":"https:\/\/lemaraichermoderne.com\/en\/","logo":{"@type":"ImageObject","inLanguage":"en-US","@id":"https:\/\/lemaraichermoderne.com\/en\/#\/schema\/logo\/image\/","url":"https:\/\/lemaraichermoderne.com\/wp-content\/uploads\/2023\/03\/logo_mm1.png","contentUrl":"https:\/\/lemaraichermoderne.com\/wp-content\/uploads\/2023\/03\/logo_mm1.png","width":500,"height":222,"caption":"Le Mara\u00eecher Moderne"},"image":{"@id":"https:\/\/lemaraichermoderne.com\/en\/#\/schema\/logo\/image\/"},"sameAs":["https:\/\/www.facebook.com\/lemaraichermoderne","https:\/\/www.instagram.com\/lemaraichermoderne"]}]}},"_links":{"self":[{"href":"https:\/\/lemaraichermoderne.com\/en\/wp-json\/wp\/v2\/product\/6816","targetHints":{"allow":["GET"]}}],"collection":[{"href":"https:\/\/lemaraichermoderne.com\/en\/wp-json\/wp\/v2\/product"}],"about":[{"href":"https:\/\/lemaraichermoderne.com\/en\/wp-json\/wp\/v2\/types\/product"}],"wp:featuredmedia":[{"embeddable":true,"href":"https:\/\/lemaraichermoderne.com\/en\/wp-json\/wp\/v2\/media\/6814"}],"wp:attachment":[{"href":"https:\/\/lemaraichermoderne.com\/en\/wp-json\/wp\/v2\/media?parent=6816"}],"wp:term":[{"taxonomy":"product_brand","embeddable":true,"href":"https:\/\/lemaraichermoderne.com\/en\/wp-json\/wp\/v2\/product_brand?post=6816"},{"taxonomy":"product_cat","embeddable":true,"href":"https:\/\/lemaraichermoderne.com\/en\/wp-json\/wp\/v2\/product_cat?post=6816"},{"taxonomy":"product_tag","embeddable":true,"href":"https:\/\/lemaraichermoderne.com\/en\/wp-json\/wp\/v2\/product_tag?post=6816"}],"curies":[{"name":"wp","href":"https:\/\/api.w.org\/{rel}","templated":true}]}}