{"id":715,"date":"2023-04-08T11:07:26","date_gmt":"2023-04-08T15:07:26","guid":{"rendered":"https:\/\/lemaraichermoderne.com\/?post_type=product&#038;p=715"},"modified":"2025-10-17T15:27:32","modified_gmt":"2025-10-17T19:27:32","slug":"germoir-a-mucilagineuses","status":"publish","type":"product","link":"https:\/\/lemaraichermoderne.com\/en\/produit\/germoir-a-mucilagineuses\/","title":{"rendered":"Germoir \u00e0 mucilagineuses"},"content":{"rendered":"<div class=\"et_pb_module et_pb_woopro_description et_pb_woopro_description_0 wcbd_module\">\n<div class=\"et_pb_module_inner\">\n<p>Coupelle en gr\u00e8s \u00e9maill\u00e9 blanc. Grille de germination en polypropyl\u00e8ne. Sans phtalates ni BPA.<\/p>\n<p>Au contact de l\u2019eau, les graines de basilic, de roquette, de cresson, de lin, de moutarde jaune et moutarde blanche, de chia, perilla, pourpier ou encore cameline d\u00e9veloppent une substance g\u00e9latineuse : le mucilage. Ce mucilage les rend incompatibles \u00e0 la germination en germoir classique, et n\u00e9cessite l\u2019emploi d\u2019une coupelle de germination. On obtient de belles pousses verticales, bien vertes et bien croquantes.<\/p>\n<p>Dimensions : 5 po de diam\u00e8tre x 2 po<br \/>\nPoids net (vide) : 400 g<\/p>\n<\/div>\n<\/div>\n","protected":false},"excerpt":{"rendered":"<p>Coupelle en gr\u00e8s \u00e9maill\u00e9 blanc. Grille de germination en polypropyl\u00e8ne. Sans phtalates ni BPA. Au contact de l\u2019eau, les graines de basilic, de roquette, de cresson, de lin, de moutarde jaune et moutarde blanche, de chia, perilla, pourpier ou encore cameline d\u00e9veloppent une substance g\u00e9latineuse : le mucilage. Ce mucilage les rend incompatibles \u00e0 la [&hellip;]<\/p>\n","protected":false},"featured_media":716,"template":"","meta":[],"product_brand":[],"product_cat":[36],"product_tag":[],"class_list":{"0":"post-715","1":"product","2":"type-product","3":"status-publish","4":"has-post-thumbnail","6":"product_cat-germina","8":"first","9":"instock","10":"taxable","11":"shipping-taxable","12":"purchasable","13":"product-type-simple"},"yoast_head":"<!-- This site is optimized with the Yoast SEO plugin v27.5 - https:\/\/yoast.com\/product\/yoast-seo-wordpress\/ -->\n<title>Germoir \u00e0 mucilagineuses - Le Mara\u00eecher Moderne<\/title>\n<meta name=\"robots\" content=\"index, follow, max-snippet:-1, max-image-preview:large, max-video-preview:-1\" \/>\n<link rel=\"canonical\" href=\"https:\/\/lemaraichermoderne.com\/en\/produit\/germoir-a-mucilagineuses\/\" \/>\n<meta property=\"og:locale\" content=\"en_US\" \/>\n<meta property=\"og:type\" content=\"article\" \/>\n<meta property=\"og:title\" content=\"Germoir \u00e0 mucilagineuses - Le Mara\u00eecher Moderne\" \/>\n<meta property=\"og:description\" content=\"Coupelle en gr\u00e8s \u00e9maill\u00e9 blanc. Grille de germination en polypropyl\u00e8ne. Sans phtalates ni BPA. Au contact de l\u2019eau, les graines de basilic, de roquette, de cresson, de lin, de moutarde jaune et moutarde blanche, de chia, perilla, pourpier ou encore cameline d\u00e9veloppent une substance g\u00e9latineuse : le mucilage. Ce mucilage les rend incompatibles \u00e0 la [&hellip;]\" \/>\n<meta property=\"og:url\" content=\"https:\/\/lemaraichermoderne.com\/en\/produit\/germoir-a-mucilagineuses\/\" \/>\n<meta property=\"og:site_name\" content=\"Le Mara\u00eecher Moderne\" \/>\n<meta property=\"article:publisher\" content=\"https:\/\/www.facebook.com\/lemaraichermoderne\" \/>\n<meta property=\"article:modified_time\" content=\"2025-10-17T19:27:32+00:00\" \/>\n<meta property=\"og:image\" content=\"https:\/\/lemaraichermoderne.com\/wp-content\/uploads\/2023\/04\/Coupelle-a-germination.jpg\" \/>\n\t<meta property=\"og:image:width\" content=\"1445\" \/>\n\t<meta property=\"og:image:height\" content=\"1341\" \/>\n\t<meta property=\"og:image:type\" content=\"image\/jpeg\" \/>\n<meta name=\"twitter:card\" content=\"summary_large_image\" \/>\n<script type=\"application\/ld+json\" class=\"yoast-schema-graph\">{\"@context\":\"https:\\\/\\\/schema.org\",\"@graph\":[{\"@type\":\"WebPage\",\"@id\":\"https:\\\/\\\/lemaraichermoderne.com\\\/en\\\/produit\\\/germoir-a-mucilagineuses\\\/\",\"url\":\"https:\\\/\\\/lemaraichermoderne.com\\\/en\\\/produit\\\/germoir-a-mucilagineuses\\\/\",\"name\":\"Germoir \u00e0 mucilagineuses - Le Mara\u00eecher Moderne\",\"isPartOf\":{\"@id\":\"https:\\\/\\\/lemaraichermoderne.com\\\/en\\\/#website\"},\"primaryImageOfPage\":{\"@id\":\"https:\\\/\\\/lemaraichermoderne.com\\\/en\\\/produit\\\/germoir-a-mucilagineuses\\\/#primaryimage\"},\"image\":{\"@id\":\"https:\\\/\\\/lemaraichermoderne.com\\\/en\\\/produit\\\/germoir-a-mucilagineuses\\\/#primaryimage\"},\"thumbnailUrl\":\"https:\\\/\\\/lemaraichermoderne.com\\\/wp-content\\\/uploads\\\/2023\\\/04\\\/Coupelle-a-germination.jpg\",\"datePublished\":\"2023-04-08T15:07:26+00:00\",\"dateModified\":\"2025-10-17T19:27:32+00:00\",\"breadcrumb\":{\"@id\":\"https:\\\/\\\/lemaraichermoderne.com\\\/en\\\/produit\\\/germoir-a-mucilagineuses\\\/#breadcrumb\"},\"inLanguage\":\"en-US\",\"potentialAction\":[{\"@type\":\"ReadAction\",\"target\":[\"https:\\\/\\\/lemaraichermoderne.com\\\/en\\\/produit\\\/germoir-a-mucilagineuses\\\/\"]}]},{\"@type\":\"ImageObject\",\"inLanguage\":\"en-US\",\"@id\":\"https:\\\/\\\/lemaraichermoderne.com\\\/en\\\/produit\\\/germoir-a-mucilagineuses\\\/#primaryimage\",\"url\":\"https:\\\/\\\/lemaraichermoderne.com\\\/wp-content\\\/uploads\\\/2023\\\/04\\\/Coupelle-a-germination.jpg\",\"contentUrl\":\"https:\\\/\\\/lemaraichermoderne.com\\\/wp-content\\\/uploads\\\/2023\\\/04\\\/Coupelle-a-germination.jpg\",\"width\":1445,\"height\":1341,\"caption\":\"Germoir \u00e0 mucilagineuses\"},{\"@type\":\"BreadcrumbList\",\"@id\":\"https:\\\/\\\/lemaraichermoderne.com\\\/en\\\/produit\\\/germoir-a-mucilagineuses\\\/#breadcrumb\",\"itemListElement\":[{\"@type\":\"ListItem\",\"position\":1,\"name\":\"Accueil\",\"item\":\"https:\\\/\\\/lemaraichermoderne.com\\\/en\\\/\"},{\"@type\":\"ListItem\",\"position\":2,\"name\":\"Boutique\",\"item\":\"https:\\\/\\\/lemaraichermoderne.com\\\/boutique\\\/\"},{\"@type\":\"ListItem\",\"position\":3,\"name\":\"Germoir \u00e0 mucilagineuses\"}]},{\"@type\":\"WebSite\",\"@id\":\"https:\\\/\\\/lemaraichermoderne.com\\\/en\\\/#website\",\"url\":\"https:\\\/\\\/lemaraichermoderne.com\\\/en\\\/\",\"name\":\"Le Mara\u00eecher Moderne\",\"description\":\"R\u00e9f\u00e9rence en hydroponie \u00e0 Qu\u00e9bec\",\"publisher\":{\"@id\":\"https:\\\/\\\/lemaraichermoderne.com\\\/en\\\/#organization\"},\"potentialAction\":[{\"@type\":\"SearchAction\",\"target\":{\"@type\":\"EntryPoint\",\"urlTemplate\":\"https:\\\/\\\/lemaraichermoderne.com\\\/en\\\/?s={search_term_string}\"},\"query-input\":{\"@type\":\"PropertyValueSpecification\",\"valueRequired\":true,\"valueName\":\"search_term_string\"}}],\"inLanguage\":\"en-US\"},{\"@type\":\"Organization\",\"@id\":\"https:\\\/\\\/lemaraichermoderne.com\\\/en\\\/#organization\",\"name\":\"Le Mara\u00eecher Moderne\",\"url\":\"https:\\\/\\\/lemaraichermoderne.com\\\/en\\\/\",\"logo\":{\"@type\":\"ImageObject\",\"inLanguage\":\"en-US\",\"@id\":\"https:\\\/\\\/lemaraichermoderne.com\\\/en\\\/#\\\/schema\\\/logo\\\/image\\\/\",\"url\":\"https:\\\/\\\/lemaraichermoderne.com\\\/wp-content\\\/uploads\\\/2023\\\/03\\\/logo_mm1.png\",\"contentUrl\":\"https:\\\/\\\/lemaraichermoderne.com\\\/wp-content\\\/uploads\\\/2023\\\/03\\\/logo_mm1.png\",\"width\":500,\"height\":222,\"caption\":\"Le Mara\u00eecher Moderne\"},\"image\":{\"@id\":\"https:\\\/\\\/lemaraichermoderne.com\\\/en\\\/#\\\/schema\\\/logo\\\/image\\\/\"},\"sameAs\":[\"https:\\\/\\\/www.facebook.com\\\/lemaraichermoderne\",\"https:\\\/\\\/www.instagram.com\\\/lemaraichermoderne\"]}]}<\/script>\n<!-- \/ Yoast SEO plugin. -->","yoast_head_json":{"title":"Germoir \u00e0 mucilagineuses - Le Mara\u00eecher Moderne","robots":{"index":"index","follow":"follow","max-snippet":"max-snippet:-1","max-image-preview":"max-image-preview:large","max-video-preview":"max-video-preview:-1"},"canonical":"https:\/\/lemaraichermoderne.com\/en\/produit\/germoir-a-mucilagineuses\/","og_locale":"en_US","og_type":"article","og_title":"Germoir \u00e0 mucilagineuses - Le Mara\u00eecher Moderne","og_description":"Coupelle en gr\u00e8s \u00e9maill\u00e9 blanc. Grille de germination en polypropyl\u00e8ne. Sans phtalates ni BPA. Au contact de l\u2019eau, les graines de basilic, de roquette, de cresson, de lin, de moutarde jaune et moutarde blanche, de chia, perilla, pourpier ou encore cameline d\u00e9veloppent une substance g\u00e9latineuse : le mucilage. Ce mucilage les rend incompatibles \u00e0 la [&hellip;]","og_url":"https:\/\/lemaraichermoderne.com\/en\/produit\/germoir-a-mucilagineuses\/","og_site_name":"Le Mara\u00eecher Moderne","article_publisher":"https:\/\/www.facebook.com\/lemaraichermoderne","article_modified_time":"2025-10-17T19:27:32+00:00","og_image":[{"width":1445,"height":1341,"url":"https:\/\/lemaraichermoderne.com\/wp-content\/uploads\/2023\/04\/Coupelle-a-germination.jpg","type":"image\/jpeg"}],"twitter_card":"summary_large_image","schema":{"@context":"https:\/\/schema.org","@graph":[{"@type":"WebPage","@id":"https:\/\/lemaraichermoderne.com\/en\/produit\/germoir-a-mucilagineuses\/","url":"https:\/\/lemaraichermoderne.com\/en\/produit\/germoir-a-mucilagineuses\/","name":"Germoir \u00e0 mucilagineuses - Le Mara\u00eecher Moderne","isPartOf":{"@id":"https:\/\/lemaraichermoderne.com\/en\/#website"},"primaryImageOfPage":{"@id":"https:\/\/lemaraichermoderne.com\/en\/produit\/germoir-a-mucilagineuses\/#primaryimage"},"image":{"@id":"https:\/\/lemaraichermoderne.com\/en\/produit\/germoir-a-mucilagineuses\/#primaryimage"},"thumbnailUrl":"https:\/\/lemaraichermoderne.com\/wp-content\/uploads\/2023\/04\/Coupelle-a-germination.jpg","datePublished":"2023-04-08T15:07:26+00:00","dateModified":"2025-10-17T19:27:32+00:00","breadcrumb":{"@id":"https:\/\/lemaraichermoderne.com\/en\/produit\/germoir-a-mucilagineuses\/#breadcrumb"},"inLanguage":"en-US","potentialAction":[{"@type":"ReadAction","target":["https:\/\/lemaraichermoderne.com\/en\/produit\/germoir-a-mucilagineuses\/"]}]},{"@type":"ImageObject","inLanguage":"en-US","@id":"https:\/\/lemaraichermoderne.com\/en\/produit\/germoir-a-mucilagineuses\/#primaryimage","url":"https:\/\/lemaraichermoderne.com\/wp-content\/uploads\/2023\/04\/Coupelle-a-germination.jpg","contentUrl":"https:\/\/lemaraichermoderne.com\/wp-content\/uploads\/2023\/04\/Coupelle-a-germination.jpg","width":1445,"height":1341,"caption":"Germoir \u00e0 mucilagineuses"},{"@type":"BreadcrumbList","@id":"https:\/\/lemaraichermoderne.com\/en\/produit\/germoir-a-mucilagineuses\/#breadcrumb","itemListElement":[{"@type":"ListItem","position":1,"name":"Accueil","item":"https:\/\/lemaraichermoderne.com\/en\/"},{"@type":"ListItem","position":2,"name":"Boutique","item":"https:\/\/lemaraichermoderne.com\/boutique\/"},{"@type":"ListItem","position":3,"name":"Germoir \u00e0 mucilagineuses"}]},{"@type":"WebSite","@id":"https:\/\/lemaraichermoderne.com\/en\/#website","url":"https:\/\/lemaraichermoderne.com\/en\/","name":"Le Mara\u00eecher Moderne","description":"R\u00e9f\u00e9rence en hydroponie \u00e0 Qu\u00e9bec","publisher":{"@id":"https:\/\/lemaraichermoderne.com\/en\/#organization"},"potentialAction":[{"@type":"SearchAction","target":{"@type":"EntryPoint","urlTemplate":"https:\/\/lemaraichermoderne.com\/en\/?s={search_term_string}"},"query-input":{"@type":"PropertyValueSpecification","valueRequired":true,"valueName":"search_term_string"}}],"inLanguage":"en-US"},{"@type":"Organization","@id":"https:\/\/lemaraichermoderne.com\/en\/#organization","name":"Le Mara\u00eecher Moderne","url":"https:\/\/lemaraichermoderne.com\/en\/","logo":{"@type":"ImageObject","inLanguage":"en-US","@id":"https:\/\/lemaraichermoderne.com\/en\/#\/schema\/logo\/image\/","url":"https:\/\/lemaraichermoderne.com\/wp-content\/uploads\/2023\/03\/logo_mm1.png","contentUrl":"https:\/\/lemaraichermoderne.com\/wp-content\/uploads\/2023\/03\/logo_mm1.png","width":500,"height":222,"caption":"Le Mara\u00eecher Moderne"},"image":{"@id":"https:\/\/lemaraichermoderne.com\/en\/#\/schema\/logo\/image\/"},"sameAs":["https:\/\/www.facebook.com\/lemaraichermoderne","https:\/\/www.instagram.com\/lemaraichermoderne"]}]}},"_links":{"self":[{"href":"https:\/\/lemaraichermoderne.com\/en\/wp-json\/wp\/v2\/product\/715","targetHints":{"allow":["GET"]}}],"collection":[{"href":"https:\/\/lemaraichermoderne.com\/en\/wp-json\/wp\/v2\/product"}],"about":[{"href":"https:\/\/lemaraichermoderne.com\/en\/wp-json\/wp\/v2\/types\/product"}],"wp:featuredmedia":[{"embeddable":true,"href":"https:\/\/lemaraichermoderne.com\/en\/wp-json\/wp\/v2\/media\/716"}],"wp:attachment":[{"href":"https:\/\/lemaraichermoderne.com\/en\/wp-json\/wp\/v2\/media?parent=715"}],"wp:term":[{"taxonomy":"product_brand","embeddable":true,"href":"https:\/\/lemaraichermoderne.com\/en\/wp-json\/wp\/v2\/product_brand?post=715"},{"taxonomy":"product_cat","embeddable":true,"href":"https:\/\/lemaraichermoderne.com\/en\/wp-json\/wp\/v2\/product_cat?post=715"},{"taxonomy":"product_tag","embeddable":true,"href":"https:\/\/lemaraichermoderne.com\/en\/wp-json\/wp\/v2\/product_tag?post=715"}],"curies":[{"name":"wp","href":"https:\/\/api.w.org\/{rel}","templated":true}]}}