{"id":7219,"date":"2024-12-02T12:17:49","date_gmt":"2024-12-02T17:17:49","guid":{"rendered":"https:\/\/lemaraichermoderne.com\/?post_type=product&#038;p=7219"},"modified":"2026-03-21T10:48:09","modified_gmt":"2026-03-21T14:48:09","slug":"panier-troue-5","status":"publish","type":"product","link":"https:\/\/lemaraichermoderne.com\/en\/produit\/panier-troue-5\/","title":{"rendered":"PANIER TROU\u00c9 5&#8243;"},"content":{"rendered":"<p>D\u00e9couvrez les avantages de ces pots en filet de 5&#8243; con\u00e7us pour les jardins hydroponiques et adapt\u00e9s aux plantes aquatiques. Ces pots offrent un environnement id\u00e9al pour l&#8217;\u00e9panouissement des plantes de petites et moyennes tailles.<\/p>\n<p><strong>Conception \u00e0 large maille\u00a0<\/strong>: Ces pots en filet sont dot\u00e9s d&#8217;un large espacement des mailles, m\u00e9ticuleusement con\u00e7u pour favoriser le d\u00e9veloppement extensif des racines. Ce design garantit que les racines ont suffisamment d&#8217;espace pour se d\u00e9velopper et acc\u00e9der aux nutriments dont elles ont besoin.<\/p>\n<p><strong>Id\u00e9al pour les plantes aquatiques<\/strong>\u00a0: Ces pots sont particuli\u00e8rement adapt\u00e9s aux petites plantes aquatiques, fournissant les conditions n\u00e9cessaires \u00e0 une croissance saine dans les syst\u00e8mes \u00e0 base d\u2019eau.<\/p>\n<p><strong>Convient aux cubes de laine de roche de 4&#8243;<\/strong>\u00a0: La taille de ce pot le rend parfaitement adapt\u00e9s aux cubes de laine de roche de 4&#8243;, offrant ainsi une polyvalence aux jardiniers qui pr\u00e9f\u00e8rent certains substrats sp\u00e9cifiques. Cette compatibilit\u00e9 assure un ajustement serr\u00e9 et s\u00e9curitaire de la laine de roche, favorisant la stabilit\u00e9 des plantes.<\/p>\n<p><strong>Durables et polyvalents\u00a0<\/strong>: Construits pour r\u00e9sister aux rigueurs du jardinage hydroponique, ces pots en filet sont \u00e0 la fois durables et r\u00e9utilisables, assurant une utilisation \u00e0 long terme \u00e0 travers diff\u00e9rents cycles de culture.<\/p>\n<p><strong>A\u00e9ration et drainage optimaux<\/strong>\u00a0: Gr\u00e2ce \u00e0 leur conception, ces pots en filet offrent une excellente a\u00e9ration et un bon drainage, \u00e9l\u00e9ments essentiels \u00e0 la sant\u00e9 des racines et \u00e0 la vitalit\u00e9 des plantes dans les syst\u00e8mes hydroponiques.<\/p>\n","protected":false},"excerpt":{"rendered":"<p>D\u00e9couvrez les avantages de ces pots en filet de 5&#8243; con\u00e7us pour les jardins hydroponiques et adapt\u00e9s aux plantes aquatiques. Ces pots offrent un environnement id\u00e9al pour l&#8217;\u00e9panouissement des plantes de petites et moyennes tailles. Conception \u00e0 large maille\u00a0: Ces pots en filet sont dot\u00e9s d&#8217;un large espacement des mailles, m\u00e9ticuleusement con\u00e7u pour favoriser le [&hellip;]<\/p>\n","protected":false},"featured_media":7220,"template":"","meta":[],"product_brand":[],"product_cat":[30],"product_tag":[],"class_list":{"0":"post-7219","1":"product","2":"type-product","3":"status-publish","4":"has-post-thumbnail","6":"product_cat-accessoires-hydroponique-2","8":"first","9":"instock","10":"taxable","11":"shipping-taxable","12":"purchasable","13":"product-type-simple"},"yoast_head":"<!-- This site is optimized with the Yoast SEO plugin v27.5 - https:\/\/yoast.com\/product\/yoast-seo-wordpress\/ -->\n<title>PANIER TROU\u00c9 5&quot; - Le Mara\u00eecher Moderne<\/title>\n<meta name=\"robots\" content=\"index, follow, max-snippet:-1, max-image-preview:large, max-video-preview:-1\" \/>\n<link rel=\"canonical\" href=\"https:\/\/lemaraichermoderne.com\/en\/produit\/panier-troue-5\/\" \/>\n<meta property=\"og:locale\" content=\"en_US\" \/>\n<meta property=\"og:type\" content=\"article\" \/>\n<meta property=\"og:title\" content=\"PANIER TROU\u00c9 5&quot; - Le Mara\u00eecher Moderne\" \/>\n<meta property=\"og:description\" content=\"D\u00e9couvrez les avantages de ces pots en filet de 5&#8243; con\u00e7us pour les jardins hydroponiques et adapt\u00e9s aux plantes aquatiques. Ces pots offrent un environnement id\u00e9al pour l&#8217;\u00e9panouissement des plantes de petites et moyennes tailles. Conception \u00e0 large maille\u00a0: Ces pots en filet sont dot\u00e9s d&#8217;un large espacement des mailles, m\u00e9ticuleusement con\u00e7u pour favoriser le [&hellip;]\" \/>\n<meta property=\"og:url\" content=\"https:\/\/lemaraichermoderne.com\/en\/produit\/panier-troue-5\/\" \/>\n<meta property=\"og:site_name\" content=\"Le Mara\u00eecher Moderne\" \/>\n<meta property=\"article:publisher\" content=\"https:\/\/www.facebook.com\/lemaraichermoderne\" \/>\n<meta property=\"article:modified_time\" content=\"2026-03-21T14:48:09+00:00\" \/>\n<meta property=\"og:image\" content=\"https:\/\/lemaraichermoderne.com\/wp-content\/uploads\/2024\/12\/10305_1-B.jpg\" \/>\n\t<meta property=\"og:image:width\" content=\"900\" \/>\n\t<meta property=\"og:image:height\" content=\"900\" \/>\n\t<meta property=\"og:image:type\" content=\"image\/jpeg\" \/>\n<meta name=\"twitter:card\" content=\"summary_large_image\" \/>\n<meta name=\"twitter:label1\" content=\"Est. reading time\" \/>\n\t<meta name=\"twitter:data1\" content=\"2 minutes\" \/>\n<script type=\"application\/ld+json\" class=\"yoast-schema-graph\">{\"@context\":\"https:\\\/\\\/schema.org\",\"@graph\":[{\"@type\":\"WebPage\",\"@id\":\"https:\\\/\\\/lemaraichermoderne.com\\\/en\\\/produit\\\/panier-troue-5\\\/\",\"url\":\"https:\\\/\\\/lemaraichermoderne.com\\\/en\\\/produit\\\/panier-troue-5\\\/\",\"name\":\"PANIER TROU\u00c9 5\\\" - Le Mara\u00eecher Moderne\",\"isPartOf\":{\"@id\":\"https:\\\/\\\/lemaraichermoderne.com\\\/en\\\/#website\"},\"primaryImageOfPage\":{\"@id\":\"https:\\\/\\\/lemaraichermoderne.com\\\/en\\\/produit\\\/panier-troue-5\\\/#primaryimage\"},\"image\":{\"@id\":\"https:\\\/\\\/lemaraichermoderne.com\\\/en\\\/produit\\\/panier-troue-5\\\/#primaryimage\"},\"thumbnailUrl\":\"https:\\\/\\\/lemaraichermoderne.com\\\/wp-content\\\/uploads\\\/2024\\\/12\\\/10305_1-B.jpg\",\"datePublished\":\"2024-12-02T17:17:49+00:00\",\"dateModified\":\"2026-03-21T14:48:09+00:00\",\"breadcrumb\":{\"@id\":\"https:\\\/\\\/lemaraichermoderne.com\\\/en\\\/produit\\\/panier-troue-5\\\/#breadcrumb\"},\"inLanguage\":\"en-US\",\"potentialAction\":[{\"@type\":\"ReadAction\",\"target\":[\"https:\\\/\\\/lemaraichermoderne.com\\\/en\\\/produit\\\/panier-troue-5\\\/\"]}]},{\"@type\":\"ImageObject\",\"inLanguage\":\"en-US\",\"@id\":\"https:\\\/\\\/lemaraichermoderne.com\\\/en\\\/produit\\\/panier-troue-5\\\/#primaryimage\",\"url\":\"https:\\\/\\\/lemaraichermoderne.com\\\/wp-content\\\/uploads\\\/2024\\\/12\\\/10305_1-B.jpg\",\"contentUrl\":\"https:\\\/\\\/lemaraichermoderne.com\\\/wp-content\\\/uploads\\\/2024\\\/12\\\/10305_1-B.jpg\",\"width\":900,\"height\":900},{\"@type\":\"BreadcrumbList\",\"@id\":\"https:\\\/\\\/lemaraichermoderne.com\\\/en\\\/produit\\\/panier-troue-5\\\/#breadcrumb\",\"itemListElement\":[{\"@type\":\"ListItem\",\"position\":1,\"name\":\"Accueil\",\"item\":\"https:\\\/\\\/lemaraichermoderne.com\\\/en\\\/\"},{\"@type\":\"ListItem\",\"position\":2,\"name\":\"Boutique\",\"item\":\"https:\\\/\\\/lemaraichermoderne.com\\\/boutique\\\/\"},{\"@type\":\"ListItem\",\"position\":3,\"name\":\"PANIER TROU\u00c9 5&Prime;\"}]},{\"@type\":\"WebSite\",\"@id\":\"https:\\\/\\\/lemaraichermoderne.com\\\/en\\\/#website\",\"url\":\"https:\\\/\\\/lemaraichermoderne.com\\\/en\\\/\",\"name\":\"Le Mara\u00eecher Moderne\",\"description\":\"R\u00e9f\u00e9rence en hydroponie \u00e0 Qu\u00e9bec\",\"publisher\":{\"@id\":\"https:\\\/\\\/lemaraichermoderne.com\\\/en\\\/#organization\"},\"potentialAction\":[{\"@type\":\"SearchAction\",\"target\":{\"@type\":\"EntryPoint\",\"urlTemplate\":\"https:\\\/\\\/lemaraichermoderne.com\\\/en\\\/?s={search_term_string}\"},\"query-input\":{\"@type\":\"PropertyValueSpecification\",\"valueRequired\":true,\"valueName\":\"search_term_string\"}}],\"inLanguage\":\"en-US\"},{\"@type\":\"Organization\",\"@id\":\"https:\\\/\\\/lemaraichermoderne.com\\\/en\\\/#organization\",\"name\":\"Le Mara\u00eecher Moderne\",\"url\":\"https:\\\/\\\/lemaraichermoderne.com\\\/en\\\/\",\"logo\":{\"@type\":\"ImageObject\",\"inLanguage\":\"en-US\",\"@id\":\"https:\\\/\\\/lemaraichermoderne.com\\\/en\\\/#\\\/schema\\\/logo\\\/image\\\/\",\"url\":\"https:\\\/\\\/lemaraichermoderne.com\\\/wp-content\\\/uploads\\\/2023\\\/03\\\/logo_mm1.png\",\"contentUrl\":\"https:\\\/\\\/lemaraichermoderne.com\\\/wp-content\\\/uploads\\\/2023\\\/03\\\/logo_mm1.png\",\"width\":500,\"height\":222,\"caption\":\"Le Mara\u00eecher Moderne\"},\"image\":{\"@id\":\"https:\\\/\\\/lemaraichermoderne.com\\\/en\\\/#\\\/schema\\\/logo\\\/image\\\/\"},\"sameAs\":[\"https:\\\/\\\/www.facebook.com\\\/lemaraichermoderne\",\"https:\\\/\\\/www.instagram.com\\\/lemaraichermoderne\"]}]}<\/script>\n<!-- \/ Yoast SEO plugin. -->","yoast_head_json":{"title":"PANIER TROU\u00c9 5\" - Le Mara\u00eecher Moderne","robots":{"index":"index","follow":"follow","max-snippet":"max-snippet:-1","max-image-preview":"max-image-preview:large","max-video-preview":"max-video-preview:-1"},"canonical":"https:\/\/lemaraichermoderne.com\/en\/produit\/panier-troue-5\/","og_locale":"en_US","og_type":"article","og_title":"PANIER TROU\u00c9 5\" - Le Mara\u00eecher Moderne","og_description":"D\u00e9couvrez les avantages de ces pots en filet de 5&#8243; con\u00e7us pour les jardins hydroponiques et adapt\u00e9s aux plantes aquatiques. Ces pots offrent un environnement id\u00e9al pour l&#8217;\u00e9panouissement des plantes de petites et moyennes tailles. Conception \u00e0 large maille\u00a0: Ces pots en filet sont dot\u00e9s d&#8217;un large espacement des mailles, m\u00e9ticuleusement con\u00e7u pour favoriser le [&hellip;]","og_url":"https:\/\/lemaraichermoderne.com\/en\/produit\/panier-troue-5\/","og_site_name":"Le Mara\u00eecher Moderne","article_publisher":"https:\/\/www.facebook.com\/lemaraichermoderne","article_modified_time":"2026-03-21T14:48:09+00:00","og_image":[{"width":900,"height":900,"url":"https:\/\/lemaraichermoderne.com\/wp-content\/uploads\/2024\/12\/10305_1-B.jpg","type":"image\/jpeg"}],"twitter_card":"summary_large_image","twitter_misc":{"Est. reading time":"2 minutes"},"schema":{"@context":"https:\/\/schema.org","@graph":[{"@type":"WebPage","@id":"https:\/\/lemaraichermoderne.com\/en\/produit\/panier-troue-5\/","url":"https:\/\/lemaraichermoderne.com\/en\/produit\/panier-troue-5\/","name":"PANIER TROU\u00c9 5\" - Le Mara\u00eecher Moderne","isPartOf":{"@id":"https:\/\/lemaraichermoderne.com\/en\/#website"},"primaryImageOfPage":{"@id":"https:\/\/lemaraichermoderne.com\/en\/produit\/panier-troue-5\/#primaryimage"},"image":{"@id":"https:\/\/lemaraichermoderne.com\/en\/produit\/panier-troue-5\/#primaryimage"},"thumbnailUrl":"https:\/\/lemaraichermoderne.com\/wp-content\/uploads\/2024\/12\/10305_1-B.jpg","datePublished":"2024-12-02T17:17:49+00:00","dateModified":"2026-03-21T14:48:09+00:00","breadcrumb":{"@id":"https:\/\/lemaraichermoderne.com\/en\/produit\/panier-troue-5\/#breadcrumb"},"inLanguage":"en-US","potentialAction":[{"@type":"ReadAction","target":["https:\/\/lemaraichermoderne.com\/en\/produit\/panier-troue-5\/"]}]},{"@type":"ImageObject","inLanguage":"en-US","@id":"https:\/\/lemaraichermoderne.com\/en\/produit\/panier-troue-5\/#primaryimage","url":"https:\/\/lemaraichermoderne.com\/wp-content\/uploads\/2024\/12\/10305_1-B.jpg","contentUrl":"https:\/\/lemaraichermoderne.com\/wp-content\/uploads\/2024\/12\/10305_1-B.jpg","width":900,"height":900},{"@type":"BreadcrumbList","@id":"https:\/\/lemaraichermoderne.com\/en\/produit\/panier-troue-5\/#breadcrumb","itemListElement":[{"@type":"ListItem","position":1,"name":"Accueil","item":"https:\/\/lemaraichermoderne.com\/en\/"},{"@type":"ListItem","position":2,"name":"Boutique","item":"https:\/\/lemaraichermoderne.com\/boutique\/"},{"@type":"ListItem","position":3,"name":"PANIER TROU\u00c9 5&Prime;"}]},{"@type":"WebSite","@id":"https:\/\/lemaraichermoderne.com\/en\/#website","url":"https:\/\/lemaraichermoderne.com\/en\/","name":"Le Mara\u00eecher Moderne","description":"R\u00e9f\u00e9rence en hydroponie \u00e0 Qu\u00e9bec","publisher":{"@id":"https:\/\/lemaraichermoderne.com\/en\/#organization"},"potentialAction":[{"@type":"SearchAction","target":{"@type":"EntryPoint","urlTemplate":"https:\/\/lemaraichermoderne.com\/en\/?s={search_term_string}"},"query-input":{"@type":"PropertyValueSpecification","valueRequired":true,"valueName":"search_term_string"}}],"inLanguage":"en-US"},{"@type":"Organization","@id":"https:\/\/lemaraichermoderne.com\/en\/#organization","name":"Le Mara\u00eecher Moderne","url":"https:\/\/lemaraichermoderne.com\/en\/","logo":{"@type":"ImageObject","inLanguage":"en-US","@id":"https:\/\/lemaraichermoderne.com\/en\/#\/schema\/logo\/image\/","url":"https:\/\/lemaraichermoderne.com\/wp-content\/uploads\/2023\/03\/logo_mm1.png","contentUrl":"https:\/\/lemaraichermoderne.com\/wp-content\/uploads\/2023\/03\/logo_mm1.png","width":500,"height":222,"caption":"Le Mara\u00eecher Moderne"},"image":{"@id":"https:\/\/lemaraichermoderne.com\/en\/#\/schema\/logo\/image\/"},"sameAs":["https:\/\/www.facebook.com\/lemaraichermoderne","https:\/\/www.instagram.com\/lemaraichermoderne"]}]}},"_links":{"self":[{"href":"https:\/\/lemaraichermoderne.com\/en\/wp-json\/wp\/v2\/product\/7219","targetHints":{"allow":["GET"]}}],"collection":[{"href":"https:\/\/lemaraichermoderne.com\/en\/wp-json\/wp\/v2\/product"}],"about":[{"href":"https:\/\/lemaraichermoderne.com\/en\/wp-json\/wp\/v2\/types\/product"}],"wp:featuredmedia":[{"embeddable":true,"href":"https:\/\/lemaraichermoderne.com\/en\/wp-json\/wp\/v2\/media\/7220"}],"wp:attachment":[{"href":"https:\/\/lemaraichermoderne.com\/en\/wp-json\/wp\/v2\/media?parent=7219"}],"wp:term":[{"taxonomy":"product_brand","embeddable":true,"href":"https:\/\/lemaraichermoderne.com\/en\/wp-json\/wp\/v2\/product_brand?post=7219"},{"taxonomy":"product_cat","embeddable":true,"href":"https:\/\/lemaraichermoderne.com\/en\/wp-json\/wp\/v2\/product_cat?post=7219"},{"taxonomy":"product_tag","embeddable":true,"href":"https:\/\/lemaraichermoderne.com\/en\/wp-json\/wp\/v2\/product_tag?post=7219"}],"curies":[{"name":"wp","href":"https:\/\/api.w.org\/{rel}","templated":true}]}}