{"id":727,"date":"2023-04-08T15:47:14","date_gmt":"2023-04-08T19:47:14","guid":{"rendered":"https:\/\/lemaraichermoderne.com\/?post_type=product&#038;p=727"},"modified":"2025-12-10T15:31:33","modified_gmt":"2025-12-10T20:31:33","slug":"led-4-lightstick-48w","status":"publish","type":"product","link":"https:\/\/lemaraichermoderne.com\/en\/produit\/led-4-lightstick-48w\/","title":{"rendered":"LED 4&#8242; Lightstick 48W"},"content":{"rendered":"<div><\/div>\n<div class=\"product-details-desc\">Jardinez 365 jours par ann\u00e9e avec les luminaires de croissance Lightstick LED!<\/div>\n<div><\/div>\n<div class=\"product-details-desc\">La technologie d&#8217;avant garde LED fournit \u00e0 vos plantes un spectre plein de 6400K \u00e0 une efficacit\u00e9 impressionnante de 105 lumen par watt.<\/div>\n<div><\/div>\n<div class=\"product-details-desc\">Exclusivement con\u00e7us pour les syst\u00e8mes hydroponiques, les luminaires Lightstick LED sont votre meilleure option pour la propagation (clonage) et pour les semis.<\/div>\n<div>\n<p>Compar\u00e9s aux luminaires fluorescents de croissance T5 standards, les Lightstick LED vous apporteront une meilleure performance, une \u00e9conomie d&#8217;\u00e9nergie et une dur\u00e9e de vie de presque le double que les T5. La technologie d&#8217;auto refroidissement int\u00e9gr\u00e9e aide \u00e0 garder le luminaire frais permettant ainsi de le placer pr\u00e8s des plantes pour une croissance maximale.<\/p>\n<p>La technologie d&#8217;avant garde LED fournit \u00e0 vos plantes un spectre plein de 6400K \u00e0 une efficacit\u00e9 impressionnante de ratio de lumen par watt. Cette efficacit\u00e9 combin\u00e9e avec l&#8217;angle de diffusion de la lumi\u00e8re et le syst\u00e8me d&#8217;auto refroidissement aura pour effet une augmentation significative de la croissance pour la m\u00eame d\u00e9pense \u00e9nerg\u00e9tique qu&#8217;un tube fluorescent T5.<\/p>\n<p>Les luminaires de croissance Lightstick LED sont pr\u00eats \u00e0 utiliser avec leur ballast et leur commutateur int\u00e9gr\u00e9. Branchez tout simplement et le tour est jou\u00e9! Comme votre jardin grandit, votre syst\u00e8me d&#8217;\u00e9clairage s&#8217;am\u00e9liore. \u00e0 l&#8217;aide du c\u00e2ble de liaison inclus, les luminaires Lightstick LED peuvent \u00eatre branch\u00e9s ensemble jusqu&#8217;\u00e0 un maximum de 8 unit\u00e9s et ce, \u00e0 partir d&#8217;une seule source d&#8217;alimentation. Ce syst\u00e8me inclus une bande lumineuse LED, un ballast int\u00e9gr\u00e9, un bouclier protecteur en polycarbonate clair, un c\u00e2ble de liaison ainsi que de la quincaillerie de fixation.<\/p>\n<p>Sp\u00e9cifications<\/p>\n<ul>\n<li>Voltage d&#8217;entr\u00e9e : 120-240V\/60Hz<\/li>\n<li>Angle de lumi\u00e8re : 120\u00b0<\/li>\n<li>Quantit\u00e9 de LED : 96<\/li>\n<li>Lumens\/Watt 105<\/li>\n<li>Flux lumineux : 5040lm<\/li>\n<li>Puissance : 48W<\/li>\n<li>Dimensions : 4&#8242;<\/li>\n<li>Kelvin : 6400k<\/li>\n<li>Maximum de luminaires \u00e0 connecter : 8<\/li>\n<li>Certifi\u00e9 ETL<\/li>\n<li>Garantie 1 an<\/li>\n<\/ul>\n<\/div>\n","protected":false},"excerpt":{"rendered":"<p>Jardinez 365 jours par ann\u00e9e avec les luminaires de croissance Lightstick LED! La technologie d&#8217;avant garde LED fournit \u00e0 vos plantes un spectre plein de 6400K \u00e0 une efficacit\u00e9 impressionnante de 105 lumen par watt. Exclusivement con\u00e7us pour les syst\u00e8mes hydroponiques, les luminaires Lightstick LED sont votre meilleure option pour la propagation (clonage) et pour [&hellip;]<\/p>\n","protected":false},"featured_media":2219,"template":"","meta":[],"product_brand":[],"product_cat":[23],"product_tag":[],"class_list":{"0":"post-727","1":"product","2":"type-product","3":"status-publish","4":"has-post-thumbnail","6":"product_cat-lumieres","8":"first","9":"outofstock","10":"taxable","11":"shipping-taxable","12":"purchasable","13":"product-type-simple"},"yoast_head":"<!-- This site is optimized with the Yoast SEO plugin v27.5 - https:\/\/yoast.com\/product\/yoast-seo-wordpress\/ -->\n<title>LED 4&#039; Lightstick 48W - Le Mara\u00eecher Moderne<\/title>\n<meta name=\"robots\" content=\"index, follow, max-snippet:-1, max-image-preview:large, max-video-preview:-1\" \/>\n<link rel=\"canonical\" href=\"https:\/\/lemaraichermoderne.com\/en\/produit\/led-4-lightstick-48w\/\" \/>\n<meta property=\"og:locale\" content=\"en_US\" \/>\n<meta property=\"og:type\" content=\"article\" \/>\n<meta property=\"og:title\" content=\"LED 4&#039; Lightstick 48W - Le Mara\u00eecher Moderne\" \/>\n<meta property=\"og:description\" content=\"Jardinez 365 jours par ann\u00e9e avec les luminaires de croissance Lightstick LED! La technologie d&#8217;avant garde LED fournit \u00e0 vos plantes un spectre plein de 6400K \u00e0 une efficacit\u00e9 impressionnante de 105 lumen par watt. Exclusivement con\u00e7us pour les syst\u00e8mes hydroponiques, les luminaires Lightstick LED sont votre meilleure option pour la propagation (clonage) et pour [&hellip;]\" \/>\n<meta property=\"og:url\" content=\"https:\/\/lemaraichermoderne.com\/en\/produit\/led-4-lightstick-48w\/\" \/>\n<meta property=\"og:site_name\" content=\"Le Mara\u00eecher Moderne\" \/>\n<meta property=\"article:publisher\" content=\"https:\/\/www.facebook.com\/lemaraichermoderne\" \/>\n<meta property=\"article:modified_time\" content=\"2025-12-10T20:31:33+00:00\" \/>\n<meta property=\"og:image\" content=\"https:\/\/lemaraichermoderne.com\/wp-content\/uploads\/2023\/04\/lightstick-led-4-gros-light-48w-reflector-04517000031-1.jpg\" \/>\n\t<meta property=\"og:image:width\" content=\"1200\" \/>\n\t<meta property=\"og:image:height\" content=\"1200\" \/>\n\t<meta property=\"og:image:type\" content=\"image\/jpeg\" \/>\n<meta name=\"twitter:card\" content=\"summary_large_image\" \/>\n<meta name=\"twitter:label1\" content=\"Est. reading time\" \/>\n\t<meta name=\"twitter:data1\" content=\"2 minutes\" \/>\n<script type=\"application\/ld+json\" class=\"yoast-schema-graph\">{\"@context\":\"https:\\\/\\\/schema.org\",\"@graph\":[{\"@type\":\"WebPage\",\"@id\":\"https:\\\/\\\/lemaraichermoderne.com\\\/en\\\/produit\\\/led-4-lightstick-48w\\\/\",\"url\":\"https:\\\/\\\/lemaraichermoderne.com\\\/en\\\/produit\\\/led-4-lightstick-48w\\\/\",\"name\":\"LED 4' Lightstick 48W - Le Mara\u00eecher Moderne\",\"isPartOf\":{\"@id\":\"https:\\\/\\\/lemaraichermoderne.com\\\/en\\\/#website\"},\"primaryImageOfPage\":{\"@id\":\"https:\\\/\\\/lemaraichermoderne.com\\\/en\\\/produit\\\/led-4-lightstick-48w\\\/#primaryimage\"},\"image\":{\"@id\":\"https:\\\/\\\/lemaraichermoderne.com\\\/en\\\/produit\\\/led-4-lightstick-48w\\\/#primaryimage\"},\"thumbnailUrl\":\"https:\\\/\\\/lemaraichermoderne.com\\\/wp-content\\\/uploads\\\/2023\\\/04\\\/lightstick-led-4-gros-light-48w-reflector-04517000031-1.jpg\",\"datePublished\":\"2023-04-08T19:47:14+00:00\",\"dateModified\":\"2025-12-10T20:31:33+00:00\",\"breadcrumb\":{\"@id\":\"https:\\\/\\\/lemaraichermoderne.com\\\/en\\\/produit\\\/led-4-lightstick-48w\\\/#breadcrumb\"},\"inLanguage\":\"en-US\",\"potentialAction\":[{\"@type\":\"ReadAction\",\"target\":[\"https:\\\/\\\/lemaraichermoderne.com\\\/en\\\/produit\\\/led-4-lightstick-48w\\\/\"]}]},{\"@type\":\"ImageObject\",\"inLanguage\":\"en-US\",\"@id\":\"https:\\\/\\\/lemaraichermoderne.com\\\/en\\\/produit\\\/led-4-lightstick-48w\\\/#primaryimage\",\"url\":\"https:\\\/\\\/lemaraichermoderne.com\\\/wp-content\\\/uploads\\\/2023\\\/04\\\/lightstick-led-4-gros-light-48w-reflector-04517000031-1.jpg\",\"contentUrl\":\"https:\\\/\\\/lemaraichermoderne.com\\\/wp-content\\\/uploads\\\/2023\\\/04\\\/lightstick-led-4-gros-light-48w-reflector-04517000031-1.jpg\",\"width\":1200,\"height\":1200},{\"@type\":\"BreadcrumbList\",\"@id\":\"https:\\\/\\\/lemaraichermoderne.com\\\/en\\\/produit\\\/led-4-lightstick-48w\\\/#breadcrumb\",\"itemListElement\":[{\"@type\":\"ListItem\",\"position\":1,\"name\":\"Accueil\",\"item\":\"https:\\\/\\\/lemaraichermoderne.com\\\/en\\\/\"},{\"@type\":\"ListItem\",\"position\":2,\"name\":\"Boutique\",\"item\":\"https:\\\/\\\/lemaraichermoderne.com\\\/boutique\\\/\"},{\"@type\":\"ListItem\",\"position\":3,\"name\":\"LED 4&prime; Lightstick 48W\"}]},{\"@type\":\"WebSite\",\"@id\":\"https:\\\/\\\/lemaraichermoderne.com\\\/en\\\/#website\",\"url\":\"https:\\\/\\\/lemaraichermoderne.com\\\/en\\\/\",\"name\":\"Le Mara\u00eecher Moderne\",\"description\":\"R\u00e9f\u00e9rence en hydroponie \u00e0 Qu\u00e9bec\",\"publisher\":{\"@id\":\"https:\\\/\\\/lemaraichermoderne.com\\\/en\\\/#organization\"},\"potentialAction\":[{\"@type\":\"SearchAction\",\"target\":{\"@type\":\"EntryPoint\",\"urlTemplate\":\"https:\\\/\\\/lemaraichermoderne.com\\\/en\\\/?s={search_term_string}\"},\"query-input\":{\"@type\":\"PropertyValueSpecification\",\"valueRequired\":true,\"valueName\":\"search_term_string\"}}],\"inLanguage\":\"en-US\"},{\"@type\":\"Organization\",\"@id\":\"https:\\\/\\\/lemaraichermoderne.com\\\/en\\\/#organization\",\"name\":\"Le Mara\u00eecher Moderne\",\"url\":\"https:\\\/\\\/lemaraichermoderne.com\\\/en\\\/\",\"logo\":{\"@type\":\"ImageObject\",\"inLanguage\":\"en-US\",\"@id\":\"https:\\\/\\\/lemaraichermoderne.com\\\/en\\\/#\\\/schema\\\/logo\\\/image\\\/\",\"url\":\"https:\\\/\\\/lemaraichermoderne.com\\\/wp-content\\\/uploads\\\/2023\\\/03\\\/logo_mm1.png\",\"contentUrl\":\"https:\\\/\\\/lemaraichermoderne.com\\\/wp-content\\\/uploads\\\/2023\\\/03\\\/logo_mm1.png\",\"width\":500,\"height\":222,\"caption\":\"Le Mara\u00eecher Moderne\"},\"image\":{\"@id\":\"https:\\\/\\\/lemaraichermoderne.com\\\/en\\\/#\\\/schema\\\/logo\\\/image\\\/\"},\"sameAs\":[\"https:\\\/\\\/www.facebook.com\\\/lemaraichermoderne\",\"https:\\\/\\\/www.instagram.com\\\/lemaraichermoderne\"]}]}<\/script>\n<!-- \/ Yoast SEO plugin. -->","yoast_head_json":{"title":"LED 4' Lightstick 48W - Le Mara\u00eecher Moderne","robots":{"index":"index","follow":"follow","max-snippet":"max-snippet:-1","max-image-preview":"max-image-preview:large","max-video-preview":"max-video-preview:-1"},"canonical":"https:\/\/lemaraichermoderne.com\/en\/produit\/led-4-lightstick-48w\/","og_locale":"en_US","og_type":"article","og_title":"LED 4' Lightstick 48W - Le Mara\u00eecher Moderne","og_description":"Jardinez 365 jours par ann\u00e9e avec les luminaires de croissance Lightstick LED! La technologie d&#8217;avant garde LED fournit \u00e0 vos plantes un spectre plein de 6400K \u00e0 une efficacit\u00e9 impressionnante de 105 lumen par watt. Exclusivement con\u00e7us pour les syst\u00e8mes hydroponiques, les luminaires Lightstick LED sont votre meilleure option pour la propagation (clonage) et pour [&hellip;]","og_url":"https:\/\/lemaraichermoderne.com\/en\/produit\/led-4-lightstick-48w\/","og_site_name":"Le Mara\u00eecher Moderne","article_publisher":"https:\/\/www.facebook.com\/lemaraichermoderne","article_modified_time":"2025-12-10T20:31:33+00:00","og_image":[{"width":1200,"height":1200,"url":"https:\/\/lemaraichermoderne.com\/wp-content\/uploads\/2023\/04\/lightstick-led-4-gros-light-48w-reflector-04517000031-1.jpg","type":"image\/jpeg"}],"twitter_card":"summary_large_image","twitter_misc":{"Est. reading time":"2 minutes"},"schema":{"@context":"https:\/\/schema.org","@graph":[{"@type":"WebPage","@id":"https:\/\/lemaraichermoderne.com\/en\/produit\/led-4-lightstick-48w\/","url":"https:\/\/lemaraichermoderne.com\/en\/produit\/led-4-lightstick-48w\/","name":"LED 4' Lightstick 48W - Le Mara\u00eecher Moderne","isPartOf":{"@id":"https:\/\/lemaraichermoderne.com\/en\/#website"},"primaryImageOfPage":{"@id":"https:\/\/lemaraichermoderne.com\/en\/produit\/led-4-lightstick-48w\/#primaryimage"},"image":{"@id":"https:\/\/lemaraichermoderne.com\/en\/produit\/led-4-lightstick-48w\/#primaryimage"},"thumbnailUrl":"https:\/\/lemaraichermoderne.com\/wp-content\/uploads\/2023\/04\/lightstick-led-4-gros-light-48w-reflector-04517000031-1.jpg","datePublished":"2023-04-08T19:47:14+00:00","dateModified":"2025-12-10T20:31:33+00:00","breadcrumb":{"@id":"https:\/\/lemaraichermoderne.com\/en\/produit\/led-4-lightstick-48w\/#breadcrumb"},"inLanguage":"en-US","potentialAction":[{"@type":"ReadAction","target":["https:\/\/lemaraichermoderne.com\/en\/produit\/led-4-lightstick-48w\/"]}]},{"@type":"ImageObject","inLanguage":"en-US","@id":"https:\/\/lemaraichermoderne.com\/en\/produit\/led-4-lightstick-48w\/#primaryimage","url":"https:\/\/lemaraichermoderne.com\/wp-content\/uploads\/2023\/04\/lightstick-led-4-gros-light-48w-reflector-04517000031-1.jpg","contentUrl":"https:\/\/lemaraichermoderne.com\/wp-content\/uploads\/2023\/04\/lightstick-led-4-gros-light-48w-reflector-04517000031-1.jpg","width":1200,"height":1200},{"@type":"BreadcrumbList","@id":"https:\/\/lemaraichermoderne.com\/en\/produit\/led-4-lightstick-48w\/#breadcrumb","itemListElement":[{"@type":"ListItem","position":1,"name":"Accueil","item":"https:\/\/lemaraichermoderne.com\/en\/"},{"@type":"ListItem","position":2,"name":"Boutique","item":"https:\/\/lemaraichermoderne.com\/boutique\/"},{"@type":"ListItem","position":3,"name":"LED 4&prime; Lightstick 48W"}]},{"@type":"WebSite","@id":"https:\/\/lemaraichermoderne.com\/en\/#website","url":"https:\/\/lemaraichermoderne.com\/en\/","name":"Le Mara\u00eecher Moderne","description":"R\u00e9f\u00e9rence en hydroponie \u00e0 Qu\u00e9bec","publisher":{"@id":"https:\/\/lemaraichermoderne.com\/en\/#organization"},"potentialAction":[{"@type":"SearchAction","target":{"@type":"EntryPoint","urlTemplate":"https:\/\/lemaraichermoderne.com\/en\/?s={search_term_string}"},"query-input":{"@type":"PropertyValueSpecification","valueRequired":true,"valueName":"search_term_string"}}],"inLanguage":"en-US"},{"@type":"Organization","@id":"https:\/\/lemaraichermoderne.com\/en\/#organization","name":"Le Mara\u00eecher Moderne","url":"https:\/\/lemaraichermoderne.com\/en\/","logo":{"@type":"ImageObject","inLanguage":"en-US","@id":"https:\/\/lemaraichermoderne.com\/en\/#\/schema\/logo\/image\/","url":"https:\/\/lemaraichermoderne.com\/wp-content\/uploads\/2023\/03\/logo_mm1.png","contentUrl":"https:\/\/lemaraichermoderne.com\/wp-content\/uploads\/2023\/03\/logo_mm1.png","width":500,"height":222,"caption":"Le Mara\u00eecher Moderne"},"image":{"@id":"https:\/\/lemaraichermoderne.com\/en\/#\/schema\/logo\/image\/"},"sameAs":["https:\/\/www.facebook.com\/lemaraichermoderne","https:\/\/www.instagram.com\/lemaraichermoderne"]}]}},"_links":{"self":[{"href":"https:\/\/lemaraichermoderne.com\/en\/wp-json\/wp\/v2\/product\/727","targetHints":{"allow":["GET"]}}],"collection":[{"href":"https:\/\/lemaraichermoderne.com\/en\/wp-json\/wp\/v2\/product"}],"about":[{"href":"https:\/\/lemaraichermoderne.com\/en\/wp-json\/wp\/v2\/types\/product"}],"wp:featuredmedia":[{"embeddable":true,"href":"https:\/\/lemaraichermoderne.com\/en\/wp-json\/wp\/v2\/media\/2219"}],"wp:attachment":[{"href":"https:\/\/lemaraichermoderne.com\/en\/wp-json\/wp\/v2\/media?parent=727"}],"wp:term":[{"taxonomy":"product_brand","embeddable":true,"href":"https:\/\/lemaraichermoderne.com\/en\/wp-json\/wp\/v2\/product_brand?post=727"},{"taxonomy":"product_cat","embeddable":true,"href":"https:\/\/lemaraichermoderne.com\/en\/wp-json\/wp\/v2\/product_cat?post=727"},{"taxonomy":"product_tag","embeddable":true,"href":"https:\/\/lemaraichermoderne.com\/en\/wp-json\/wp\/v2\/product_tag?post=727"}],"curies":[{"name":"wp","href":"https:\/\/api.w.org\/{rel}","templated":true}]}}