{"id":736,"date":"2023-04-08T16:03:39","date_gmt":"2023-04-08T20:03:39","guid":{"rendered":"https:\/\/lemaraichermoderne.com\/?post_type=product&#038;p=736"},"modified":"2025-09-19T14:20:09","modified_gmt":"2025-09-19T18:20:09","slug":"pompe-a-eau-alfred-2160gph","status":"publish","type":"product","link":"https:\/\/lemaraichermoderne.com\/en\/produit\/pompe-a-eau-alfred-2160gph\/","title":{"rendered":"Alfred Pompe \u00e0 eau 2160GPH"},"content":{"rendered":"<div class=\"block-wrapper alias-product-info-overview __base--display _op-inline-block\">\n<div class=\"product attribute overview\">\n<div class=\"value\">\n<p>Alfred Horticulture est une des meilleures marques pompes \u00e0 eau pour les installations hydroponiques et sont sp\u00e9cialement adapt\u00e9es pour les applications hydroponiques d\u2019aujourd\u2019hui.<\/p>\n<p>Les pompes Alfred offrent un rendement \u00e9lev\u00e9 et sont munies d&#8217;arbres en c\u00e9ramique qui ne rouillent pas, ne se d\u00e9forment pas et sont r\u00e9sistants \u00e0 l&#8217;usure ainsi que de moteurs enti\u00e8rement scell\u00e9s pour garantir la s\u00e9curit\u00e9, la fiabilit\u00e9 et une longue dur\u00e9e de vie. Toutes les pompes hydroponiques Alfred sont faciles \u00e0 installer, fonctionnent en douceur et silencieusement et sont id\u00e9ales pour les cultures int\u00e9rieures. Les pompes hydroponiques Alfred Horticulture sont con\u00e7ues pour toutes les tailles d&#8217;exploitations.<\/p>\n<\/div>\n<\/div>\n<\/div>\n<div class=\"block-wrapper alias-product-info-extrahint __base--display _op-inline-block\">\n<div class=\"product-social-links\">\n<div class=\"product-addto-links\" data-role=\"add-to-links\"><\/div>\n<\/div>\n<\/div>\n<p>Une fois qu&#8217;un cultivateur a calcul\u00e9 le nombre minimum de gallons n\u00e9cessaires pour le syst\u00e8me en place, il est facile de choisir une pompe hydroponique adapt\u00e9e \u00e0 l&#8217;op\u00e9ration. La pompe hydroponique submersible \u00e0 haut rendement la plus puissante d&#8217;Alfred Horticulture est sp\u00e9cialement con\u00e7ue pour les applications hydroponiques int\u00e9rieures. Bien qu&#8217;elle puisse \u00eatre utilis\u00e9e pour une op\u00e9ration submersible ou externe, le moteur enti\u00e8rement scell\u00e9 garantit la s\u00e9curit\u00e9, la fiabilit\u00e9 et la durabilit\u00e9 si elle est utilis\u00e9e dans l&#8217;eau. La simplicit\u00e9 et la fiabilit\u00e9 des produits Alfred en fait l&#8217;une des meilleures pompes \u00e0 eau pour la culture hydroponique sur le march\u00e9.<\/p>\n<ul>\n<li>Arbre en c\u00e9ramique r\u00e9sistant \u00e0 l&#8217;usure pour une longue dur\u00e9e de vie<\/li>\n<li>Op\u00e9ration enti\u00e8rement submersible ou externe<\/li>\n<li>Moteur enti\u00e8rement \u00e9tanche assure s\u00e9curit\u00e9, fiabilit\u00e9 et durabilit\u00e9<\/li>\n<li>Avec ajusteur de d\u00e9bit<\/li>\n<li>Facile \u00e0 installer et \u00e0 entretenir<\/li>\n<li>Approuv\u00e9 UL<\/li>\n<li>Raccords inclus: 1x 3\/4&#8243; &#8211; 1x 1&#8243; &#8211; 2x 1 1\/4&#8243;<\/li>\n<li>Filtre \u00e9ponge inclus<\/li>\n<li>Garantie 1 an<\/li>\n<li>Dimensions de l&#8217;unit\u00e9: 8.85&#8243; L x 6.57&#8243; P x 7.32&#8243; H<\/li>\n<li>Poids de l&#8217;unit\u00e9: 9.02 lb<\/li>\n<\/ul>\n","protected":false},"excerpt":{"rendered":"<p>Alfred Horticulture est une des meilleures marques pompes \u00e0 eau pour les installations hydroponiques et sont sp\u00e9cialement adapt\u00e9es pour les applications hydroponiques d\u2019aujourd\u2019hui. Les pompes Alfred offrent un rendement \u00e9lev\u00e9 et sont munies d&#8217;arbres en c\u00e9ramique qui ne rouillent pas, ne se d\u00e9forment pas et sont r\u00e9sistants \u00e0 l&#8217;usure ainsi que de moteurs enti\u00e8rement scell\u00e9s [&hellip;]<\/p>\n","protected":false},"featured_media":737,"template":"","meta":[],"product_brand":[],"product_cat":[30],"product_tag":[],"class_list":{"0":"post-736","1":"product","2":"type-product","3":"status-publish","4":"has-post-thumbnail","6":"product_cat-accessoires-hydroponique-2","8":"first","9":"instock","10":"taxable","11":"shipping-taxable","12":"purchasable","13":"product-type-simple"},"yoast_head":"<!-- This site is optimized with the Yoast SEO plugin v27.4 - https:\/\/yoast.com\/product\/yoast-seo-wordpress\/ -->\n<title>Alfred Pompe \u00e0 eau 2160GPH - Le Mara\u00eecher Moderne<\/title>\n<meta name=\"robots\" content=\"index, follow, max-snippet:-1, max-image-preview:large, max-video-preview:-1\" \/>\n<link rel=\"canonical\" href=\"https:\/\/lemaraichermoderne.com\/en\/produit\/pompe-a-eau-alfred-2160gph\/\" \/>\n<meta property=\"og:locale\" content=\"en_US\" \/>\n<meta property=\"og:type\" content=\"article\" \/>\n<meta property=\"og:title\" content=\"Alfred Pompe \u00e0 eau 2160GPH - Le Mara\u00eecher Moderne\" \/>\n<meta property=\"og:description\" content=\"Alfred Horticulture est une des meilleures marques pompes \u00e0 eau pour les installations hydroponiques et sont sp\u00e9cialement adapt\u00e9es pour les applications hydroponiques d\u2019aujourd\u2019hui. Les pompes Alfred offrent un rendement \u00e9lev\u00e9 et sont munies d&#8217;arbres en c\u00e9ramique qui ne rouillent pas, ne se d\u00e9forment pas et sont r\u00e9sistants \u00e0 l&#8217;usure ainsi que de moteurs enti\u00e8rement scell\u00e9s [&hellip;]\" \/>\n<meta property=\"og:url\" content=\"https:\/\/lemaraichermoderne.com\/en\/produit\/pompe-a-eau-alfred-2160gph\/\" \/>\n<meta property=\"og:site_name\" content=\"Le Mara\u00eecher Moderne\" \/>\n<meta property=\"article:publisher\" content=\"https:\/\/www.facebook.com\/lemaraichermoderne\" \/>\n<meta property=\"article:modified_time\" content=\"2025-09-19T18:20:09+00:00\" \/>\n<meta property=\"og:image\" content=\"https:\/\/lemaraichermoderne.com\/wp-content\/uploads\/2023\/04\/alfred-water-pump-2160gph-06029500011.jpg\" \/>\n\t<meta property=\"og:image:width\" content=\"1200\" \/>\n\t<meta property=\"og:image:height\" content=\"800\" \/>\n\t<meta property=\"og:image:type\" content=\"image\/jpeg\" \/>\n<meta name=\"twitter:card\" content=\"summary_large_image\" \/>\n<meta name=\"twitter:label1\" content=\"Est. reading time\" \/>\n\t<meta name=\"twitter:data1\" content=\"1 minute\" \/>\n<script type=\"application\/ld+json\" class=\"yoast-schema-graph\">{\"@context\":\"https:\\\/\\\/schema.org\",\"@graph\":[{\"@type\":\"WebPage\",\"@id\":\"https:\\\/\\\/lemaraichermoderne.com\\\/en\\\/produit\\\/pompe-a-eau-alfred-2160gph\\\/\",\"url\":\"https:\\\/\\\/lemaraichermoderne.com\\\/en\\\/produit\\\/pompe-a-eau-alfred-2160gph\\\/\",\"name\":\"Alfred Pompe \u00e0 eau 2160GPH - Le Mara\u00eecher Moderne\",\"isPartOf\":{\"@id\":\"https:\\\/\\\/lemaraichermoderne.com\\\/en\\\/#website\"},\"primaryImageOfPage\":{\"@id\":\"https:\\\/\\\/lemaraichermoderne.com\\\/en\\\/produit\\\/pompe-a-eau-alfred-2160gph\\\/#primaryimage\"},\"image\":{\"@id\":\"https:\\\/\\\/lemaraichermoderne.com\\\/en\\\/produit\\\/pompe-a-eau-alfred-2160gph\\\/#primaryimage\"},\"thumbnailUrl\":\"https:\\\/\\\/lemaraichermoderne.com\\\/wp-content\\\/uploads\\\/2023\\\/04\\\/alfred-water-pump-2160gph-06029500011.jpg\",\"datePublished\":\"2023-04-08T20:03:39+00:00\",\"dateModified\":\"2025-09-19T18:20:09+00:00\",\"breadcrumb\":{\"@id\":\"https:\\\/\\\/lemaraichermoderne.com\\\/en\\\/produit\\\/pompe-a-eau-alfred-2160gph\\\/#breadcrumb\"},\"inLanguage\":\"en-US\",\"potentialAction\":[{\"@type\":\"ReadAction\",\"target\":[\"https:\\\/\\\/lemaraichermoderne.com\\\/en\\\/produit\\\/pompe-a-eau-alfred-2160gph\\\/\"]}]},{\"@type\":\"ImageObject\",\"inLanguage\":\"en-US\",\"@id\":\"https:\\\/\\\/lemaraichermoderne.com\\\/en\\\/produit\\\/pompe-a-eau-alfred-2160gph\\\/#primaryimage\",\"url\":\"https:\\\/\\\/lemaraichermoderne.com\\\/wp-content\\\/uploads\\\/2023\\\/04\\\/alfred-water-pump-2160gph-06029500011.jpg\",\"contentUrl\":\"https:\\\/\\\/lemaraichermoderne.com\\\/wp-content\\\/uploads\\\/2023\\\/04\\\/alfred-water-pump-2160gph-06029500011.jpg\",\"width\":1200,\"height\":800,\"caption\":\"Pompe \u00e0 eau Alfred 2160GPH\"},{\"@type\":\"BreadcrumbList\",\"@id\":\"https:\\\/\\\/lemaraichermoderne.com\\\/en\\\/produit\\\/pompe-a-eau-alfred-2160gph\\\/#breadcrumb\",\"itemListElement\":[{\"@type\":\"ListItem\",\"position\":1,\"name\":\"Accueil\",\"item\":\"https:\\\/\\\/lemaraichermoderne.com\\\/en\\\/\"},{\"@type\":\"ListItem\",\"position\":2,\"name\":\"Boutique\",\"item\":\"https:\\\/\\\/lemaraichermoderne.com\\\/boutique\\\/\"},{\"@type\":\"ListItem\",\"position\":3,\"name\":\"Alfred Pompe \u00e0 eau 2160GPH\"}]},{\"@type\":\"WebSite\",\"@id\":\"https:\\\/\\\/lemaraichermoderne.com\\\/en\\\/#website\",\"url\":\"https:\\\/\\\/lemaraichermoderne.com\\\/en\\\/\",\"name\":\"Le Mara\u00eecher Moderne\",\"description\":\"R\u00e9f\u00e9rence en hydroponie \u00e0 Qu\u00e9bec\",\"publisher\":{\"@id\":\"https:\\\/\\\/lemaraichermoderne.com\\\/en\\\/#organization\"},\"potentialAction\":[{\"@type\":\"SearchAction\",\"target\":{\"@type\":\"EntryPoint\",\"urlTemplate\":\"https:\\\/\\\/lemaraichermoderne.com\\\/en\\\/?s={search_term_string}\"},\"query-input\":{\"@type\":\"PropertyValueSpecification\",\"valueRequired\":true,\"valueName\":\"search_term_string\"}}],\"inLanguage\":\"en-US\"},{\"@type\":\"Organization\",\"@id\":\"https:\\\/\\\/lemaraichermoderne.com\\\/en\\\/#organization\",\"name\":\"Le Mara\u00eecher Moderne\",\"url\":\"https:\\\/\\\/lemaraichermoderne.com\\\/en\\\/\",\"logo\":{\"@type\":\"ImageObject\",\"inLanguage\":\"en-US\",\"@id\":\"https:\\\/\\\/lemaraichermoderne.com\\\/en\\\/#\\\/schema\\\/logo\\\/image\\\/\",\"url\":\"https:\\\/\\\/lemaraichermoderne.com\\\/wp-content\\\/uploads\\\/2023\\\/03\\\/logo_mm1.png\",\"contentUrl\":\"https:\\\/\\\/lemaraichermoderne.com\\\/wp-content\\\/uploads\\\/2023\\\/03\\\/logo_mm1.png\",\"width\":500,\"height\":222,\"caption\":\"Le Mara\u00eecher Moderne\"},\"image\":{\"@id\":\"https:\\\/\\\/lemaraichermoderne.com\\\/en\\\/#\\\/schema\\\/logo\\\/image\\\/\"},\"sameAs\":[\"https:\\\/\\\/www.facebook.com\\\/lemaraichermoderne\",\"https:\\\/\\\/www.instagram.com\\\/lemaraichermoderne\"]}]}<\/script>\n<!-- \/ Yoast SEO plugin. -->","yoast_head_json":{"title":"Alfred Pompe \u00e0 eau 2160GPH - Le Mara\u00eecher Moderne","robots":{"index":"index","follow":"follow","max-snippet":"max-snippet:-1","max-image-preview":"max-image-preview:large","max-video-preview":"max-video-preview:-1"},"canonical":"https:\/\/lemaraichermoderne.com\/en\/produit\/pompe-a-eau-alfred-2160gph\/","og_locale":"en_US","og_type":"article","og_title":"Alfred Pompe \u00e0 eau 2160GPH - Le Mara\u00eecher Moderne","og_description":"Alfred Horticulture est une des meilleures marques pompes \u00e0 eau pour les installations hydroponiques et sont sp\u00e9cialement adapt\u00e9es pour les applications hydroponiques d\u2019aujourd\u2019hui. Les pompes Alfred offrent un rendement \u00e9lev\u00e9 et sont munies d&#8217;arbres en c\u00e9ramique qui ne rouillent pas, ne se d\u00e9forment pas et sont r\u00e9sistants \u00e0 l&#8217;usure ainsi que de moteurs enti\u00e8rement scell\u00e9s [&hellip;]","og_url":"https:\/\/lemaraichermoderne.com\/en\/produit\/pompe-a-eau-alfred-2160gph\/","og_site_name":"Le Mara\u00eecher Moderne","article_publisher":"https:\/\/www.facebook.com\/lemaraichermoderne","article_modified_time":"2025-09-19T18:20:09+00:00","og_image":[{"width":1200,"height":800,"url":"https:\/\/lemaraichermoderne.com\/wp-content\/uploads\/2023\/04\/alfred-water-pump-2160gph-06029500011.jpg","type":"image\/jpeg"}],"twitter_card":"summary_large_image","twitter_misc":{"Est. reading time":"1 minute"},"schema":{"@context":"https:\/\/schema.org","@graph":[{"@type":"WebPage","@id":"https:\/\/lemaraichermoderne.com\/en\/produit\/pompe-a-eau-alfred-2160gph\/","url":"https:\/\/lemaraichermoderne.com\/en\/produit\/pompe-a-eau-alfred-2160gph\/","name":"Alfred Pompe \u00e0 eau 2160GPH - Le Mara\u00eecher Moderne","isPartOf":{"@id":"https:\/\/lemaraichermoderne.com\/en\/#website"},"primaryImageOfPage":{"@id":"https:\/\/lemaraichermoderne.com\/en\/produit\/pompe-a-eau-alfred-2160gph\/#primaryimage"},"image":{"@id":"https:\/\/lemaraichermoderne.com\/en\/produit\/pompe-a-eau-alfred-2160gph\/#primaryimage"},"thumbnailUrl":"https:\/\/lemaraichermoderne.com\/wp-content\/uploads\/2023\/04\/alfred-water-pump-2160gph-06029500011.jpg","datePublished":"2023-04-08T20:03:39+00:00","dateModified":"2025-09-19T18:20:09+00:00","breadcrumb":{"@id":"https:\/\/lemaraichermoderne.com\/en\/produit\/pompe-a-eau-alfred-2160gph\/#breadcrumb"},"inLanguage":"en-US","potentialAction":[{"@type":"ReadAction","target":["https:\/\/lemaraichermoderne.com\/en\/produit\/pompe-a-eau-alfred-2160gph\/"]}]},{"@type":"ImageObject","inLanguage":"en-US","@id":"https:\/\/lemaraichermoderne.com\/en\/produit\/pompe-a-eau-alfred-2160gph\/#primaryimage","url":"https:\/\/lemaraichermoderne.com\/wp-content\/uploads\/2023\/04\/alfred-water-pump-2160gph-06029500011.jpg","contentUrl":"https:\/\/lemaraichermoderne.com\/wp-content\/uploads\/2023\/04\/alfred-water-pump-2160gph-06029500011.jpg","width":1200,"height":800,"caption":"Pompe \u00e0 eau Alfred 2160GPH"},{"@type":"BreadcrumbList","@id":"https:\/\/lemaraichermoderne.com\/en\/produit\/pompe-a-eau-alfred-2160gph\/#breadcrumb","itemListElement":[{"@type":"ListItem","position":1,"name":"Accueil","item":"https:\/\/lemaraichermoderne.com\/en\/"},{"@type":"ListItem","position":2,"name":"Boutique","item":"https:\/\/lemaraichermoderne.com\/boutique\/"},{"@type":"ListItem","position":3,"name":"Alfred Pompe \u00e0 eau 2160GPH"}]},{"@type":"WebSite","@id":"https:\/\/lemaraichermoderne.com\/en\/#website","url":"https:\/\/lemaraichermoderne.com\/en\/","name":"Le Mara\u00eecher Moderne","description":"R\u00e9f\u00e9rence en hydroponie \u00e0 Qu\u00e9bec","publisher":{"@id":"https:\/\/lemaraichermoderne.com\/en\/#organization"},"potentialAction":[{"@type":"SearchAction","target":{"@type":"EntryPoint","urlTemplate":"https:\/\/lemaraichermoderne.com\/en\/?s={search_term_string}"},"query-input":{"@type":"PropertyValueSpecification","valueRequired":true,"valueName":"search_term_string"}}],"inLanguage":"en-US"},{"@type":"Organization","@id":"https:\/\/lemaraichermoderne.com\/en\/#organization","name":"Le Mara\u00eecher Moderne","url":"https:\/\/lemaraichermoderne.com\/en\/","logo":{"@type":"ImageObject","inLanguage":"en-US","@id":"https:\/\/lemaraichermoderne.com\/en\/#\/schema\/logo\/image\/","url":"https:\/\/lemaraichermoderne.com\/wp-content\/uploads\/2023\/03\/logo_mm1.png","contentUrl":"https:\/\/lemaraichermoderne.com\/wp-content\/uploads\/2023\/03\/logo_mm1.png","width":500,"height":222,"caption":"Le Mara\u00eecher Moderne"},"image":{"@id":"https:\/\/lemaraichermoderne.com\/en\/#\/schema\/logo\/image\/"},"sameAs":["https:\/\/www.facebook.com\/lemaraichermoderne","https:\/\/www.instagram.com\/lemaraichermoderne"]}]}},"_links":{"self":[{"href":"https:\/\/lemaraichermoderne.com\/en\/wp-json\/wp\/v2\/product\/736","targetHints":{"allow":["GET"]}}],"collection":[{"href":"https:\/\/lemaraichermoderne.com\/en\/wp-json\/wp\/v2\/product"}],"about":[{"href":"https:\/\/lemaraichermoderne.com\/en\/wp-json\/wp\/v2\/types\/product"}],"wp:featuredmedia":[{"embeddable":true,"href":"https:\/\/lemaraichermoderne.com\/en\/wp-json\/wp\/v2\/media\/737"}],"wp:attachment":[{"href":"https:\/\/lemaraichermoderne.com\/en\/wp-json\/wp\/v2\/media?parent=736"}],"wp:term":[{"taxonomy":"product_brand","embeddable":true,"href":"https:\/\/lemaraichermoderne.com\/en\/wp-json\/wp\/v2\/product_brand?post=736"},{"taxonomy":"product_cat","embeddable":true,"href":"https:\/\/lemaraichermoderne.com\/en\/wp-json\/wp\/v2\/product_cat?post=736"},{"taxonomy":"product_tag","embeddable":true,"href":"https:\/\/lemaraichermoderne.com\/en\/wp-json\/wp\/v2\/product_tag?post=736"}],"curies":[{"name":"wp","href":"https:\/\/api.w.org\/{rel}","templated":true}]}}