{"id":748,"date":"2023-04-08T16:18:03","date_gmt":"2023-04-08T20:18:03","guid":{"rendered":"https:\/\/lemaraichermoderne.com\/?post_type=product&#038;p=748"},"modified":"2025-05-24T12:14:28","modified_gmt":"2025-05-24T16:14:28","slug":"ventillateur-6-avec-pince","status":"publish","type":"product","link":"https:\/\/lemaraichermoderne.com\/en\/produit\/ventillateur-6-avec-pince\/","title":{"rendered":"Ventillateur 6&#8243; avec pince"},"content":{"rendered":"<div class=\"block-wrapper alias-product-info-overview __base--display _op-inline-block\">\n<div class=\"product attribute overview\">\n<div class=\"value\">Le ventilateur Clip 6 in. 2 vitesses de WindMaker peut \u00eatre utilis\u00e9 \u00e0 peu pr\u00e8s partout. Le ventilateur dirige l&#8217;air pr\u00e9cis\u00e9ment l\u00e0 o\u00f9 il est le plus n\u00e9cessaire, tandis que deux vitesses ultra-silencieuses vous permettent de s\u00e9lectionner le niveau de d\u00e9bit d&#8217;air souhait\u00e9. Dot\u00e9 d&#8217;un clip robuste \u00e0 ressort, le ventilateur s&#8217;installe facilement sur un bureau ou une table et comprend une fixation en trou de serrure pour une suspension murale en option, offrant ainsi une solution polyvalente et portable pour tout petit espace.<\/div>\n<\/div>\n<\/div>\n<div class=\"block-wrapper alias-product-info-extrahint __base--display _op-inline-block\">\n<div class=\"product-social-links\">\n<div class=\"product-addto-links\" data-role=\"add-to-links\"><\/div>\n<\/div>\n<\/div>\n<p>Caract\u00e9ristiques<\/p>\n<ul>\n<li>S&#8217;installe n&#8217;importe o\u00f9<\/li>\n<li>Eco\u00e9nerg\u00e9tique, bas voltage<\/li>\n<li>Ultra silencieux<\/li>\n<li>Id\u00e9al pour petits jardins<\/li>\n<li>Robuste, pince facile \u00e0 ouvrir avec rev\u00eatement en caoutchouc pour une prise solide et pr\u00e9venant les \u00e9gratignures<\/li>\n<li>Muni de 2 vitesses et d&#8217;un m\u00e9canisme basculant ajustable<\/li>\n<li>Ouverture de la pince de 2&#8243;<\/li>\n<\/ul>\n<p>Sp\u00e9cifications<\/p>\n<ul>\n<li>Volts\/Hz: 120V-60Hz<\/li>\n<li>Amps (A): 0.22-0.32A (Hi) \/ 0.15-0.25A (Lo)<\/li>\n<li>Puissance: 18W<\/li>\n<li>Vitesse (Rpm): 2230 (Hi) \/ 2130 (Lo)<\/li>\n<li>Nombre de vitesses: 2<\/li>\n<li>D\u00e9bit d&#8217;air (CFM): 8.0 (Hi) (m3\/min)<\/li>\n<li>Cordon d&#8217;alimentation: 6 pi<\/li>\n<li>Dimensions des pales: 16cm<\/li>\n<\/ul>\n","protected":false},"excerpt":{"rendered":"<p>Le ventilateur Clip 6 in. 2 vitesses de WindMaker peut \u00eatre utilis\u00e9 \u00e0 peu pr\u00e8s partout. Le ventilateur dirige l&#8217;air pr\u00e9cis\u00e9ment l\u00e0 o\u00f9 il est le plus n\u00e9cessaire, tandis que deux vitesses ultra-silencieuses vous permettent de s\u00e9lectionner le niveau de d\u00e9bit d&#8217;air souhait\u00e9. Dot\u00e9 d&#8217;un clip robuste \u00e0 ressort, le ventilateur s&#8217;installe facilement sur un [&hellip;]<\/p>\n","protected":false},"featured_media":749,"template":"","meta":[],"product_brand":[],"product_cat":[30],"product_tag":[],"class_list":{"0":"post-748","1":"product","2":"type-product","3":"status-publish","4":"has-post-thumbnail","6":"product_cat-accessoires-hydroponique-2","8":"first","9":"outofstock","10":"taxable","11":"shipping-taxable","12":"purchasable","13":"product-type-simple"},"yoast_head":"<!-- This site is optimized with the Yoast SEO plugin v27.4 - https:\/\/yoast.com\/product\/yoast-seo-wordpress\/ -->\n<title>Ventillateur 6&quot; avec pince - Le Mara\u00eecher Moderne<\/title>\n<meta name=\"robots\" content=\"index, follow, max-snippet:-1, max-image-preview:large, max-video-preview:-1\" \/>\n<link rel=\"canonical\" href=\"https:\/\/lemaraichermoderne.com\/en\/produit\/ventillateur-6-avec-pince\/\" \/>\n<meta property=\"og:locale\" content=\"en_US\" \/>\n<meta property=\"og:type\" content=\"article\" \/>\n<meta property=\"og:title\" content=\"Ventillateur 6&quot; avec pince - Le Mara\u00eecher Moderne\" \/>\n<meta property=\"og:description\" content=\"Le ventilateur Clip 6 in. 2 vitesses de WindMaker peut \u00eatre utilis\u00e9 \u00e0 peu pr\u00e8s partout. Le ventilateur dirige l&#8217;air pr\u00e9cis\u00e9ment l\u00e0 o\u00f9 il est le plus n\u00e9cessaire, tandis que deux vitesses ultra-silencieuses vous permettent de s\u00e9lectionner le niveau de d\u00e9bit d&#8217;air souhait\u00e9. Dot\u00e9 d&#8217;un clip robuste \u00e0 ressort, le ventilateur s&#8217;installe facilement sur un [&hellip;]\" \/>\n<meta property=\"og:url\" content=\"https:\/\/lemaraichermoderne.com\/en\/produit\/ventillateur-6-avec-pince\/\" \/>\n<meta property=\"og:site_name\" content=\"Le Mara\u00eecher Moderne\" \/>\n<meta property=\"article:publisher\" content=\"https:\/\/www.facebook.com\/lemaraichermoderne\" \/>\n<meta property=\"article:modified_time\" content=\"2025-05-24T16:14:28+00:00\" \/>\n<meta property=\"og:image\" content=\"https:\/\/lemaraichermoderne.com\/wp-content\/uploads\/2023\/04\/windmaker-6-clip-fan-2-speed-05018500010.jpg\" \/>\n\t<meta property=\"og:image:width\" content=\"1200\" \/>\n\t<meta property=\"og:image:height\" content=\"800\" \/>\n\t<meta property=\"og:image:type\" content=\"image\/jpeg\" \/>\n<meta name=\"twitter:card\" content=\"summary_large_image\" \/>\n<meta name=\"twitter:label1\" content=\"Est. reading time\" \/>\n\t<meta name=\"twitter:data1\" content=\"1 minute\" \/>\n<script type=\"application\/ld+json\" class=\"yoast-schema-graph\">{\"@context\":\"https:\\\/\\\/schema.org\",\"@graph\":[{\"@type\":\"WebPage\",\"@id\":\"https:\\\/\\\/lemaraichermoderne.com\\\/en\\\/produit\\\/ventillateur-6-avec-pince\\\/\",\"url\":\"https:\\\/\\\/lemaraichermoderne.com\\\/en\\\/produit\\\/ventillateur-6-avec-pince\\\/\",\"name\":\"Ventillateur 6\\\" avec pince - Le Mara\u00eecher Moderne\",\"isPartOf\":{\"@id\":\"https:\\\/\\\/lemaraichermoderne.com\\\/en\\\/#website\"},\"primaryImageOfPage\":{\"@id\":\"https:\\\/\\\/lemaraichermoderne.com\\\/en\\\/produit\\\/ventillateur-6-avec-pince\\\/#primaryimage\"},\"image\":{\"@id\":\"https:\\\/\\\/lemaraichermoderne.com\\\/en\\\/produit\\\/ventillateur-6-avec-pince\\\/#primaryimage\"},\"thumbnailUrl\":\"https:\\\/\\\/lemaraichermoderne.com\\\/wp-content\\\/uploads\\\/2023\\\/04\\\/windmaker-6-clip-fan-2-speed-05018500010.jpg\",\"datePublished\":\"2023-04-08T20:18:03+00:00\",\"dateModified\":\"2025-05-24T16:14:28+00:00\",\"breadcrumb\":{\"@id\":\"https:\\\/\\\/lemaraichermoderne.com\\\/en\\\/produit\\\/ventillateur-6-avec-pince\\\/#breadcrumb\"},\"inLanguage\":\"en-US\",\"potentialAction\":[{\"@type\":\"ReadAction\",\"target\":[\"https:\\\/\\\/lemaraichermoderne.com\\\/en\\\/produit\\\/ventillateur-6-avec-pince\\\/\"]}]},{\"@type\":\"ImageObject\",\"inLanguage\":\"en-US\",\"@id\":\"https:\\\/\\\/lemaraichermoderne.com\\\/en\\\/produit\\\/ventillateur-6-avec-pince\\\/#primaryimage\",\"url\":\"https:\\\/\\\/lemaraichermoderne.com\\\/wp-content\\\/uploads\\\/2023\\\/04\\\/windmaker-6-clip-fan-2-speed-05018500010.jpg\",\"contentUrl\":\"https:\\\/\\\/lemaraichermoderne.com\\\/wp-content\\\/uploads\\\/2023\\\/04\\\/windmaker-6-clip-fan-2-speed-05018500010.jpg\",\"width\":1200,\"height\":800,\"caption\":\"Ventillateur 6\\\" avec pince\"},{\"@type\":\"BreadcrumbList\",\"@id\":\"https:\\\/\\\/lemaraichermoderne.com\\\/en\\\/produit\\\/ventillateur-6-avec-pince\\\/#breadcrumb\",\"itemListElement\":[{\"@type\":\"ListItem\",\"position\":1,\"name\":\"Accueil\",\"item\":\"https:\\\/\\\/lemaraichermoderne.com\\\/en\\\/\"},{\"@type\":\"ListItem\",\"position\":2,\"name\":\"Boutique\",\"item\":\"https:\\\/\\\/lemaraichermoderne.com\\\/boutique\\\/\"},{\"@type\":\"ListItem\",\"position\":3,\"name\":\"Ventillateur 6&Prime; avec pince\"}]},{\"@type\":\"WebSite\",\"@id\":\"https:\\\/\\\/lemaraichermoderne.com\\\/en\\\/#website\",\"url\":\"https:\\\/\\\/lemaraichermoderne.com\\\/en\\\/\",\"name\":\"Le Mara\u00eecher Moderne\",\"description\":\"R\u00e9f\u00e9rence en hydroponie \u00e0 Qu\u00e9bec\",\"publisher\":{\"@id\":\"https:\\\/\\\/lemaraichermoderne.com\\\/en\\\/#organization\"},\"potentialAction\":[{\"@type\":\"SearchAction\",\"target\":{\"@type\":\"EntryPoint\",\"urlTemplate\":\"https:\\\/\\\/lemaraichermoderne.com\\\/en\\\/?s={search_term_string}\"},\"query-input\":{\"@type\":\"PropertyValueSpecification\",\"valueRequired\":true,\"valueName\":\"search_term_string\"}}],\"inLanguage\":\"en-US\"},{\"@type\":\"Organization\",\"@id\":\"https:\\\/\\\/lemaraichermoderne.com\\\/en\\\/#organization\",\"name\":\"Le Mara\u00eecher Moderne\",\"url\":\"https:\\\/\\\/lemaraichermoderne.com\\\/en\\\/\",\"logo\":{\"@type\":\"ImageObject\",\"inLanguage\":\"en-US\",\"@id\":\"https:\\\/\\\/lemaraichermoderne.com\\\/en\\\/#\\\/schema\\\/logo\\\/image\\\/\",\"url\":\"https:\\\/\\\/lemaraichermoderne.com\\\/wp-content\\\/uploads\\\/2023\\\/03\\\/logo_mm1.png\",\"contentUrl\":\"https:\\\/\\\/lemaraichermoderne.com\\\/wp-content\\\/uploads\\\/2023\\\/03\\\/logo_mm1.png\",\"width\":500,\"height\":222,\"caption\":\"Le Mara\u00eecher Moderne\"},\"image\":{\"@id\":\"https:\\\/\\\/lemaraichermoderne.com\\\/en\\\/#\\\/schema\\\/logo\\\/image\\\/\"},\"sameAs\":[\"https:\\\/\\\/www.facebook.com\\\/lemaraichermoderne\",\"https:\\\/\\\/www.instagram.com\\\/lemaraichermoderne\"]}]}<\/script>\n<!-- \/ Yoast SEO plugin. -->","yoast_head_json":{"title":"Ventillateur 6\" avec pince - Le Mara\u00eecher Moderne","robots":{"index":"index","follow":"follow","max-snippet":"max-snippet:-1","max-image-preview":"max-image-preview:large","max-video-preview":"max-video-preview:-1"},"canonical":"https:\/\/lemaraichermoderne.com\/en\/produit\/ventillateur-6-avec-pince\/","og_locale":"en_US","og_type":"article","og_title":"Ventillateur 6\" avec pince - Le Mara\u00eecher Moderne","og_description":"Le ventilateur Clip 6 in. 2 vitesses de WindMaker peut \u00eatre utilis\u00e9 \u00e0 peu pr\u00e8s partout. Le ventilateur dirige l&#8217;air pr\u00e9cis\u00e9ment l\u00e0 o\u00f9 il est le plus n\u00e9cessaire, tandis que deux vitesses ultra-silencieuses vous permettent de s\u00e9lectionner le niveau de d\u00e9bit d&#8217;air souhait\u00e9. Dot\u00e9 d&#8217;un clip robuste \u00e0 ressort, le ventilateur s&#8217;installe facilement sur un [&hellip;]","og_url":"https:\/\/lemaraichermoderne.com\/en\/produit\/ventillateur-6-avec-pince\/","og_site_name":"Le Mara\u00eecher Moderne","article_publisher":"https:\/\/www.facebook.com\/lemaraichermoderne","article_modified_time":"2025-05-24T16:14:28+00:00","og_image":[{"width":1200,"height":800,"url":"https:\/\/lemaraichermoderne.com\/wp-content\/uploads\/2023\/04\/windmaker-6-clip-fan-2-speed-05018500010.jpg","type":"image\/jpeg"}],"twitter_card":"summary_large_image","twitter_misc":{"Est. reading time":"1 minute"},"schema":{"@context":"https:\/\/schema.org","@graph":[{"@type":"WebPage","@id":"https:\/\/lemaraichermoderne.com\/en\/produit\/ventillateur-6-avec-pince\/","url":"https:\/\/lemaraichermoderne.com\/en\/produit\/ventillateur-6-avec-pince\/","name":"Ventillateur 6\" avec pince - Le Mara\u00eecher Moderne","isPartOf":{"@id":"https:\/\/lemaraichermoderne.com\/en\/#website"},"primaryImageOfPage":{"@id":"https:\/\/lemaraichermoderne.com\/en\/produit\/ventillateur-6-avec-pince\/#primaryimage"},"image":{"@id":"https:\/\/lemaraichermoderne.com\/en\/produit\/ventillateur-6-avec-pince\/#primaryimage"},"thumbnailUrl":"https:\/\/lemaraichermoderne.com\/wp-content\/uploads\/2023\/04\/windmaker-6-clip-fan-2-speed-05018500010.jpg","datePublished":"2023-04-08T20:18:03+00:00","dateModified":"2025-05-24T16:14:28+00:00","breadcrumb":{"@id":"https:\/\/lemaraichermoderne.com\/en\/produit\/ventillateur-6-avec-pince\/#breadcrumb"},"inLanguage":"en-US","potentialAction":[{"@type":"ReadAction","target":["https:\/\/lemaraichermoderne.com\/en\/produit\/ventillateur-6-avec-pince\/"]}]},{"@type":"ImageObject","inLanguage":"en-US","@id":"https:\/\/lemaraichermoderne.com\/en\/produit\/ventillateur-6-avec-pince\/#primaryimage","url":"https:\/\/lemaraichermoderne.com\/wp-content\/uploads\/2023\/04\/windmaker-6-clip-fan-2-speed-05018500010.jpg","contentUrl":"https:\/\/lemaraichermoderne.com\/wp-content\/uploads\/2023\/04\/windmaker-6-clip-fan-2-speed-05018500010.jpg","width":1200,"height":800,"caption":"Ventillateur 6\" avec pince"},{"@type":"BreadcrumbList","@id":"https:\/\/lemaraichermoderne.com\/en\/produit\/ventillateur-6-avec-pince\/#breadcrumb","itemListElement":[{"@type":"ListItem","position":1,"name":"Accueil","item":"https:\/\/lemaraichermoderne.com\/en\/"},{"@type":"ListItem","position":2,"name":"Boutique","item":"https:\/\/lemaraichermoderne.com\/boutique\/"},{"@type":"ListItem","position":3,"name":"Ventillateur 6&Prime; avec pince"}]},{"@type":"WebSite","@id":"https:\/\/lemaraichermoderne.com\/en\/#website","url":"https:\/\/lemaraichermoderne.com\/en\/","name":"Le Mara\u00eecher Moderne","description":"R\u00e9f\u00e9rence en hydroponie \u00e0 Qu\u00e9bec","publisher":{"@id":"https:\/\/lemaraichermoderne.com\/en\/#organization"},"potentialAction":[{"@type":"SearchAction","target":{"@type":"EntryPoint","urlTemplate":"https:\/\/lemaraichermoderne.com\/en\/?s={search_term_string}"},"query-input":{"@type":"PropertyValueSpecification","valueRequired":true,"valueName":"search_term_string"}}],"inLanguage":"en-US"},{"@type":"Organization","@id":"https:\/\/lemaraichermoderne.com\/en\/#organization","name":"Le Mara\u00eecher Moderne","url":"https:\/\/lemaraichermoderne.com\/en\/","logo":{"@type":"ImageObject","inLanguage":"en-US","@id":"https:\/\/lemaraichermoderne.com\/en\/#\/schema\/logo\/image\/","url":"https:\/\/lemaraichermoderne.com\/wp-content\/uploads\/2023\/03\/logo_mm1.png","contentUrl":"https:\/\/lemaraichermoderne.com\/wp-content\/uploads\/2023\/03\/logo_mm1.png","width":500,"height":222,"caption":"Le Mara\u00eecher Moderne"},"image":{"@id":"https:\/\/lemaraichermoderne.com\/en\/#\/schema\/logo\/image\/"},"sameAs":["https:\/\/www.facebook.com\/lemaraichermoderne","https:\/\/www.instagram.com\/lemaraichermoderne"]}]}},"_links":{"self":[{"href":"https:\/\/lemaraichermoderne.com\/en\/wp-json\/wp\/v2\/product\/748","targetHints":{"allow":["GET"]}}],"collection":[{"href":"https:\/\/lemaraichermoderne.com\/en\/wp-json\/wp\/v2\/product"}],"about":[{"href":"https:\/\/lemaraichermoderne.com\/en\/wp-json\/wp\/v2\/types\/product"}],"wp:featuredmedia":[{"embeddable":true,"href":"https:\/\/lemaraichermoderne.com\/en\/wp-json\/wp\/v2\/media\/749"}],"wp:attachment":[{"href":"https:\/\/lemaraichermoderne.com\/en\/wp-json\/wp\/v2\/media?parent=748"}],"wp:term":[{"taxonomy":"product_brand","embeddable":true,"href":"https:\/\/lemaraichermoderne.com\/en\/wp-json\/wp\/v2\/product_brand?post=748"},{"taxonomy":"product_cat","embeddable":true,"href":"https:\/\/lemaraichermoderne.com\/en\/wp-json\/wp\/v2\/product_cat?post=748"},{"taxonomy":"product_tag","embeddable":true,"href":"https:\/\/lemaraichermoderne.com\/en\/wp-json\/wp\/v2\/product_tag?post=748"}],"curies":[{"name":"wp","href":"https:\/\/api.w.org\/{rel}","templated":true}]}}