{"id":7733,"date":"2025-02-05T10:30:35","date_gmt":"2025-02-05T15:30:35","guid":{"rendered":"https:\/\/lemaraichermoderne.com\/?post_type=product&#038;p=7733"},"modified":"2025-12-13T14:27:09","modified_gmt":"2025-12-13T19:27:09","slug":"sunblaster-ampoule-fluocompacte-26w-6400k","status":"publish","type":"product","link":"https:\/\/lemaraichermoderne.com\/en\/produit\/sunblaster-ampoule-fluocompacte-26w-6400k\/","title":{"rendered":"SUNBLASTER AMPOULE FLUOCOMPACTE 26W 6400K"},"content":{"rendered":"<p>Utilisez des lampes fluorescentes compactes SunBlaster de 26 watts pour remplacer vos ampoules existantes de 60 \u00e0 100 watts, partout o\u00f9 vous souhaitez fournir une lumi\u00e8re naturelle \u00e0 spectre complet de 6 400 kelvins, comparable \u00e0 la lumi\u00e8re du jour.<br \/>\nCes ampoules fonctionnent bien dans les jardins domestiques et les applications domestiques.<\/p>\n<p>&nbsp;<\/p>\n<p><strong>Description d\u00e9taill\u00e9e:<\/strong><\/p>\n<p>&#8211; Puissance lumineuse: 1 700 lumens<br \/>\n&#8211; Consommation \u00e9lectrique: 26 Watts<br \/>\n&#8211; Lumens par Watt: 69<br \/>\n&#8211; Dur\u00e9e de vie nominale: 10 000 heures<br \/>\n&#8211; Longueur nominale: 138 mm<br \/>\n&#8211; Largeur nominale: 60 mm<br \/>\n&#8211; IRC: 81 IRC<br \/>\n&#8211; Tension: 110-130 Volts<br \/>\n&#8211; Type de base: Standard &#8211; E26<\/p>\n","protected":false},"excerpt":{"rendered":"<p>Utilisez des lampes fluorescentes compactes SunBlaster de 26 watts pour remplacer vos ampoules existantes de 60 \u00e0 100 watts, partout o\u00f9 vous souhaitez fournir une lumi\u00e8re naturelle \u00e0 spectre complet de 6 400 kelvins, comparable \u00e0 la lumi\u00e8re du jour. Ces ampoules fonctionnent bien dans les jardins domestiques et les applications domestiques. &nbsp; Description d\u00e9taill\u00e9e: [&hellip;]<\/p>\n","protected":false},"featured_media":7734,"template":"","meta":[],"product_brand":[],"product_cat":[23],"product_tag":[],"class_list":{"0":"post-7733","1":"product","2":"type-product","3":"status-publish","4":"has-post-thumbnail","6":"product_cat-lumieres","8":"first","9":"instock","10":"taxable","11":"shipping-taxable","12":"purchasable","13":"product-type-simple"},"yoast_head":"<!-- This site is optimized with the Yoast SEO plugin v27.5 - https:\/\/yoast.com\/product\/yoast-seo-wordpress\/ -->\n<title>SUNBLASTER AMPOULE FLUOCOMPACTE 26W 6400K - Le Mara\u00eecher Moderne<\/title>\n<meta name=\"robots\" content=\"index, follow, max-snippet:-1, max-image-preview:large, max-video-preview:-1\" \/>\n<link rel=\"canonical\" href=\"https:\/\/lemaraichermoderne.com\/en\/produit\/sunblaster-ampoule-fluocompacte-26w-6400k\/\" \/>\n<meta property=\"og:locale\" content=\"en_US\" \/>\n<meta property=\"og:type\" content=\"article\" \/>\n<meta property=\"og:title\" content=\"SUNBLASTER AMPOULE FLUOCOMPACTE 26W 6400K - Le Mara\u00eecher Moderne\" \/>\n<meta property=\"og:description\" content=\"Utilisez des lampes fluorescentes compactes SunBlaster de 26 watts pour remplacer vos ampoules existantes de 60 \u00e0 100 watts, partout o\u00f9 vous souhaitez fournir une lumi\u00e8re naturelle \u00e0 spectre complet de 6 400 kelvins, comparable \u00e0 la lumi\u00e8re du jour. Ces ampoules fonctionnent bien dans les jardins domestiques et les applications domestiques. &nbsp; Description d\u00e9taill\u00e9e: [&hellip;]\" \/>\n<meta property=\"og:url\" content=\"https:\/\/lemaraichermoderne.com\/en\/produit\/sunblaster-ampoule-fluocompacte-26w-6400k\/\" \/>\n<meta property=\"og:site_name\" content=\"Le Mara\u00eecher Moderne\" \/>\n<meta property=\"article:publisher\" content=\"https:\/\/www.facebook.com\/lemaraichermoderne\" \/>\n<meta property=\"article:modified_time\" content=\"2025-12-13T19:27:09+00:00\" \/>\n<meta property=\"og:image\" content=\"https:\/\/lemaraichermoderne.com\/wp-content\/uploads\/2025\/02\/Ampoule-_26W_CFL_6400K.jpg\" \/>\n\t<meta property=\"og:image:width\" content=\"900\" \/>\n\t<meta property=\"og:image:height\" content=\"900\" \/>\n\t<meta property=\"og:image:type\" content=\"image\/jpeg\" \/>\n<meta name=\"twitter:card\" content=\"summary_large_image\" \/>\n<meta name=\"twitter:label1\" content=\"Est. reading time\" \/>\n\t<meta name=\"twitter:data1\" content=\"1 minute\" \/>\n<script type=\"application\/ld+json\" class=\"yoast-schema-graph\">{\"@context\":\"https:\\\/\\\/schema.org\",\"@graph\":[{\"@type\":\"WebPage\",\"@id\":\"https:\\\/\\\/lemaraichermoderne.com\\\/en\\\/produit\\\/sunblaster-ampoule-fluocompacte-26w-6400k\\\/\",\"url\":\"https:\\\/\\\/lemaraichermoderne.com\\\/en\\\/produit\\\/sunblaster-ampoule-fluocompacte-26w-6400k\\\/\",\"name\":\"SUNBLASTER AMPOULE FLUOCOMPACTE 26W 6400K - Le Mara\u00eecher Moderne\",\"isPartOf\":{\"@id\":\"https:\\\/\\\/lemaraichermoderne.com\\\/en\\\/#website\"},\"primaryImageOfPage\":{\"@id\":\"https:\\\/\\\/lemaraichermoderne.com\\\/en\\\/produit\\\/sunblaster-ampoule-fluocompacte-26w-6400k\\\/#primaryimage\"},\"image\":{\"@id\":\"https:\\\/\\\/lemaraichermoderne.com\\\/en\\\/produit\\\/sunblaster-ampoule-fluocompacte-26w-6400k\\\/#primaryimage\"},\"thumbnailUrl\":\"https:\\\/\\\/lemaraichermoderne.com\\\/wp-content\\\/uploads\\\/2025\\\/02\\\/Ampoule-_26W_CFL_6400K.jpg\",\"datePublished\":\"2025-02-05T15:30:35+00:00\",\"dateModified\":\"2025-12-13T19:27:09+00:00\",\"breadcrumb\":{\"@id\":\"https:\\\/\\\/lemaraichermoderne.com\\\/en\\\/produit\\\/sunblaster-ampoule-fluocompacte-26w-6400k\\\/#breadcrumb\"},\"inLanguage\":\"en-US\",\"potentialAction\":[{\"@type\":\"ReadAction\",\"target\":[\"https:\\\/\\\/lemaraichermoderne.com\\\/en\\\/produit\\\/sunblaster-ampoule-fluocompacte-26w-6400k\\\/\"]}]},{\"@type\":\"ImageObject\",\"inLanguage\":\"en-US\",\"@id\":\"https:\\\/\\\/lemaraichermoderne.com\\\/en\\\/produit\\\/sunblaster-ampoule-fluocompacte-26w-6400k\\\/#primaryimage\",\"url\":\"https:\\\/\\\/lemaraichermoderne.com\\\/wp-content\\\/uploads\\\/2025\\\/02\\\/Ampoule-_26W_CFL_6400K.jpg\",\"contentUrl\":\"https:\\\/\\\/lemaraichermoderne.com\\\/wp-content\\\/uploads\\\/2025\\\/02\\\/Ampoule-_26W_CFL_6400K.jpg\",\"width\":900,\"height\":900},{\"@type\":\"BreadcrumbList\",\"@id\":\"https:\\\/\\\/lemaraichermoderne.com\\\/en\\\/produit\\\/sunblaster-ampoule-fluocompacte-26w-6400k\\\/#breadcrumb\",\"itemListElement\":[{\"@type\":\"ListItem\",\"position\":1,\"name\":\"Accueil\",\"item\":\"https:\\\/\\\/lemaraichermoderne.com\\\/en\\\/\"},{\"@type\":\"ListItem\",\"position\":2,\"name\":\"Boutique\",\"item\":\"https:\\\/\\\/lemaraichermoderne.com\\\/boutique\\\/\"},{\"@type\":\"ListItem\",\"position\":3,\"name\":\"SUNBLASTER AMPOULE FLUOCOMPACTE 26W 6400K\"}]},{\"@type\":\"WebSite\",\"@id\":\"https:\\\/\\\/lemaraichermoderne.com\\\/en\\\/#website\",\"url\":\"https:\\\/\\\/lemaraichermoderne.com\\\/en\\\/\",\"name\":\"Le Mara\u00eecher Moderne\",\"description\":\"R\u00e9f\u00e9rence en hydroponie \u00e0 Qu\u00e9bec\",\"publisher\":{\"@id\":\"https:\\\/\\\/lemaraichermoderne.com\\\/en\\\/#organization\"},\"potentialAction\":[{\"@type\":\"SearchAction\",\"target\":{\"@type\":\"EntryPoint\",\"urlTemplate\":\"https:\\\/\\\/lemaraichermoderne.com\\\/en\\\/?s={search_term_string}\"},\"query-input\":{\"@type\":\"PropertyValueSpecification\",\"valueRequired\":true,\"valueName\":\"search_term_string\"}}],\"inLanguage\":\"en-US\"},{\"@type\":\"Organization\",\"@id\":\"https:\\\/\\\/lemaraichermoderne.com\\\/en\\\/#organization\",\"name\":\"Le Mara\u00eecher Moderne\",\"url\":\"https:\\\/\\\/lemaraichermoderne.com\\\/en\\\/\",\"logo\":{\"@type\":\"ImageObject\",\"inLanguage\":\"en-US\",\"@id\":\"https:\\\/\\\/lemaraichermoderne.com\\\/en\\\/#\\\/schema\\\/logo\\\/image\\\/\",\"url\":\"https:\\\/\\\/lemaraichermoderne.com\\\/wp-content\\\/uploads\\\/2023\\\/03\\\/logo_mm1.png\",\"contentUrl\":\"https:\\\/\\\/lemaraichermoderne.com\\\/wp-content\\\/uploads\\\/2023\\\/03\\\/logo_mm1.png\",\"width\":500,\"height\":222,\"caption\":\"Le Mara\u00eecher Moderne\"},\"image\":{\"@id\":\"https:\\\/\\\/lemaraichermoderne.com\\\/en\\\/#\\\/schema\\\/logo\\\/image\\\/\"},\"sameAs\":[\"https:\\\/\\\/www.facebook.com\\\/lemaraichermoderne\",\"https:\\\/\\\/www.instagram.com\\\/lemaraichermoderne\"]}]}<\/script>\n<!-- \/ Yoast SEO plugin. -->","yoast_head_json":{"title":"SUNBLASTER AMPOULE FLUOCOMPACTE 26W 6400K - Le Mara\u00eecher Moderne","robots":{"index":"index","follow":"follow","max-snippet":"max-snippet:-1","max-image-preview":"max-image-preview:large","max-video-preview":"max-video-preview:-1"},"canonical":"https:\/\/lemaraichermoderne.com\/en\/produit\/sunblaster-ampoule-fluocompacte-26w-6400k\/","og_locale":"en_US","og_type":"article","og_title":"SUNBLASTER AMPOULE FLUOCOMPACTE 26W 6400K - Le Mara\u00eecher Moderne","og_description":"Utilisez des lampes fluorescentes compactes SunBlaster de 26 watts pour remplacer vos ampoules existantes de 60 \u00e0 100 watts, partout o\u00f9 vous souhaitez fournir une lumi\u00e8re naturelle \u00e0 spectre complet de 6 400 kelvins, comparable \u00e0 la lumi\u00e8re du jour. Ces ampoules fonctionnent bien dans les jardins domestiques et les applications domestiques. &nbsp; Description d\u00e9taill\u00e9e: [&hellip;]","og_url":"https:\/\/lemaraichermoderne.com\/en\/produit\/sunblaster-ampoule-fluocompacte-26w-6400k\/","og_site_name":"Le Mara\u00eecher Moderne","article_publisher":"https:\/\/www.facebook.com\/lemaraichermoderne","article_modified_time":"2025-12-13T19:27:09+00:00","og_image":[{"width":900,"height":900,"url":"https:\/\/lemaraichermoderne.com\/wp-content\/uploads\/2025\/02\/Ampoule-_26W_CFL_6400K.jpg","type":"image\/jpeg"}],"twitter_card":"summary_large_image","twitter_misc":{"Est. reading time":"1 minute"},"schema":{"@context":"https:\/\/schema.org","@graph":[{"@type":"WebPage","@id":"https:\/\/lemaraichermoderne.com\/en\/produit\/sunblaster-ampoule-fluocompacte-26w-6400k\/","url":"https:\/\/lemaraichermoderne.com\/en\/produit\/sunblaster-ampoule-fluocompacte-26w-6400k\/","name":"SUNBLASTER AMPOULE FLUOCOMPACTE 26W 6400K - Le Mara\u00eecher Moderne","isPartOf":{"@id":"https:\/\/lemaraichermoderne.com\/en\/#website"},"primaryImageOfPage":{"@id":"https:\/\/lemaraichermoderne.com\/en\/produit\/sunblaster-ampoule-fluocompacte-26w-6400k\/#primaryimage"},"image":{"@id":"https:\/\/lemaraichermoderne.com\/en\/produit\/sunblaster-ampoule-fluocompacte-26w-6400k\/#primaryimage"},"thumbnailUrl":"https:\/\/lemaraichermoderne.com\/wp-content\/uploads\/2025\/02\/Ampoule-_26W_CFL_6400K.jpg","datePublished":"2025-02-05T15:30:35+00:00","dateModified":"2025-12-13T19:27:09+00:00","breadcrumb":{"@id":"https:\/\/lemaraichermoderne.com\/en\/produit\/sunblaster-ampoule-fluocompacte-26w-6400k\/#breadcrumb"},"inLanguage":"en-US","potentialAction":[{"@type":"ReadAction","target":["https:\/\/lemaraichermoderne.com\/en\/produit\/sunblaster-ampoule-fluocompacte-26w-6400k\/"]}]},{"@type":"ImageObject","inLanguage":"en-US","@id":"https:\/\/lemaraichermoderne.com\/en\/produit\/sunblaster-ampoule-fluocompacte-26w-6400k\/#primaryimage","url":"https:\/\/lemaraichermoderne.com\/wp-content\/uploads\/2025\/02\/Ampoule-_26W_CFL_6400K.jpg","contentUrl":"https:\/\/lemaraichermoderne.com\/wp-content\/uploads\/2025\/02\/Ampoule-_26W_CFL_6400K.jpg","width":900,"height":900},{"@type":"BreadcrumbList","@id":"https:\/\/lemaraichermoderne.com\/en\/produit\/sunblaster-ampoule-fluocompacte-26w-6400k\/#breadcrumb","itemListElement":[{"@type":"ListItem","position":1,"name":"Accueil","item":"https:\/\/lemaraichermoderne.com\/en\/"},{"@type":"ListItem","position":2,"name":"Boutique","item":"https:\/\/lemaraichermoderne.com\/boutique\/"},{"@type":"ListItem","position":3,"name":"SUNBLASTER AMPOULE FLUOCOMPACTE 26W 6400K"}]},{"@type":"WebSite","@id":"https:\/\/lemaraichermoderne.com\/en\/#website","url":"https:\/\/lemaraichermoderne.com\/en\/","name":"Le Mara\u00eecher Moderne","description":"R\u00e9f\u00e9rence en hydroponie \u00e0 Qu\u00e9bec","publisher":{"@id":"https:\/\/lemaraichermoderne.com\/en\/#organization"},"potentialAction":[{"@type":"SearchAction","target":{"@type":"EntryPoint","urlTemplate":"https:\/\/lemaraichermoderne.com\/en\/?s={search_term_string}"},"query-input":{"@type":"PropertyValueSpecification","valueRequired":true,"valueName":"search_term_string"}}],"inLanguage":"en-US"},{"@type":"Organization","@id":"https:\/\/lemaraichermoderne.com\/en\/#organization","name":"Le Mara\u00eecher Moderne","url":"https:\/\/lemaraichermoderne.com\/en\/","logo":{"@type":"ImageObject","inLanguage":"en-US","@id":"https:\/\/lemaraichermoderne.com\/en\/#\/schema\/logo\/image\/","url":"https:\/\/lemaraichermoderne.com\/wp-content\/uploads\/2023\/03\/logo_mm1.png","contentUrl":"https:\/\/lemaraichermoderne.com\/wp-content\/uploads\/2023\/03\/logo_mm1.png","width":500,"height":222,"caption":"Le Mara\u00eecher Moderne"},"image":{"@id":"https:\/\/lemaraichermoderne.com\/en\/#\/schema\/logo\/image\/"},"sameAs":["https:\/\/www.facebook.com\/lemaraichermoderne","https:\/\/www.instagram.com\/lemaraichermoderne"]}]}},"_links":{"self":[{"href":"https:\/\/lemaraichermoderne.com\/en\/wp-json\/wp\/v2\/product\/7733","targetHints":{"allow":["GET"]}}],"collection":[{"href":"https:\/\/lemaraichermoderne.com\/en\/wp-json\/wp\/v2\/product"}],"about":[{"href":"https:\/\/lemaraichermoderne.com\/en\/wp-json\/wp\/v2\/types\/product"}],"wp:featuredmedia":[{"embeddable":true,"href":"https:\/\/lemaraichermoderne.com\/en\/wp-json\/wp\/v2\/media\/7734"}],"wp:attachment":[{"href":"https:\/\/lemaraichermoderne.com\/en\/wp-json\/wp\/v2\/media?parent=7733"}],"wp:term":[{"taxonomy":"product_brand","embeddable":true,"href":"https:\/\/lemaraichermoderne.com\/en\/wp-json\/wp\/v2\/product_brand?post=7733"},{"taxonomy":"product_cat","embeddable":true,"href":"https:\/\/lemaraichermoderne.com\/en\/wp-json\/wp\/v2\/product_cat?post=7733"},{"taxonomy":"product_tag","embeddable":true,"href":"https:\/\/lemaraichermoderne.com\/en\/wp-json\/wp\/v2\/product_tag?post=7733"}],"curies":[{"name":"wp","href":"https:\/\/api.w.org\/{rel}","templated":true}]}}