{"id":7736,"date":"2025-02-05T10:48:02","date_gmt":"2025-02-05T15:48:02","guid":{"rendered":"https:\/\/lemaraichermoderne.com\/?post_type=product&#038;p=7736"},"modified":"2026-04-16T10:00:35","modified_gmt":"2026-04-16T14:00:35","slug":"trousse-danalyse-du-ph-a-large-plage-45-90","status":"publish","type":"product","link":"https:\/\/lemaraichermoderne.com\/en\/produit\/trousse-danalyse-du-ph-a-large-plage-45-90\/","title":{"rendered":"TROUSSE D&#8217;ANALYSE DU PH \u00c0 LARGE PLAGE (4,5-9,0)"},"content":{"rendered":"<p>La trousse d&#8217;analyse du pH large plage (4,5-9,0) mesure le taux de pH dans les aquariums d&#8217;eau douce et d&#8217;eau de mer. La majorit\u00e9 des esp\u00e8ces de poissons requiert des taux de pH pr\u00e9cis pour survivre. C&#8217;est en d\u00e9terminant si l&#8217;eau de l&#8217;aquarium est acide ou alcaline que vous pouvez cr\u00e9er un habitat naturel pour vos poissons.<\/p>\n<p>La trousse permet jusqu&#8217;\u00e0 100 tests et comprend :<\/p>\n<p>&#8211; Une bouteille de r\u00e9actif de pH large plage de 10 ml (0,3 oz).<br \/>\n&#8211; Un tube de verre avec bouchon.<br \/>\n&#8211; Une pipette.<br \/>\n&#8211; Un support de laboratoire.<br \/>\n&#8211; Un mode d&#8217;emploi.<\/p>\n","protected":false},"excerpt":{"rendered":"<p>La trousse d&#8217;analyse du pH large plage (4,5-9,0) mesure le taux de pH dans les aquariums d&#8217;eau douce et d&#8217;eau de mer. La majorit\u00e9 des esp\u00e8ces de poissons requiert des taux de pH pr\u00e9cis pour survivre. C&#8217;est en d\u00e9terminant si l&#8217;eau de l&#8217;aquarium est acide ou alcaline que vous pouvez cr\u00e9er un habitat naturel pour [&hellip;]<\/p>\n","protected":false},"featured_media":7737,"template":"","meta":[],"product_brand":[],"product_cat":[32],"product_tag":[],"class_list":{"0":"post-7736","1":"product","2":"type-product","3":"status-publish","4":"has-post-thumbnail","6":"product_cat-controle-de-leau","8":"first","9":"outofstock","10":"taxable","11":"shipping-taxable","12":"purchasable","13":"product-type-simple"},"yoast_head":"<!-- This site is optimized with the Yoast SEO plugin v27.4 - https:\/\/yoast.com\/product\/yoast-seo-wordpress\/ -->\n<title>TROUSSE D&#039;ANALYSE DU PH \u00c0 LARGE PLAGE (4,5-9,0) - Le Mara\u00eecher Moderne<\/title>\n<meta name=\"robots\" content=\"index, follow, max-snippet:-1, max-image-preview:large, max-video-preview:-1\" \/>\n<link rel=\"canonical\" href=\"https:\/\/lemaraichermoderne.com\/en\/produit\/trousse-danalyse-du-ph-a-large-plage-45-90\/\" \/>\n<meta property=\"og:locale\" content=\"en_US\" \/>\n<meta property=\"og:type\" content=\"article\" \/>\n<meta property=\"og:title\" content=\"TROUSSE D&#039;ANALYSE DU PH \u00c0 LARGE PLAGE (4,5-9,0) - Le Mara\u00eecher Moderne\" \/>\n<meta property=\"og:description\" content=\"La trousse d&#8217;analyse du pH large plage (4,5-9,0) mesure le taux de pH dans les aquariums d&#8217;eau douce et d&#8217;eau de mer. La majorit\u00e9 des esp\u00e8ces de poissons requiert des taux de pH pr\u00e9cis pour survivre. C&#8217;est en d\u00e9terminant si l&#8217;eau de l&#8217;aquarium est acide ou alcaline que vous pouvez cr\u00e9er un habitat naturel pour [&hellip;]\" \/>\n<meta property=\"og:url\" content=\"https:\/\/lemaraichermoderne.com\/en\/produit\/trousse-danalyse-du-ph-a-large-plage-45-90\/\" \/>\n<meta property=\"og:site_name\" content=\"Le Mara\u00eecher Moderne\" \/>\n<meta property=\"article:publisher\" content=\"https:\/\/www.facebook.com\/lemaraichermoderne\" \/>\n<meta property=\"article:modified_time\" content=\"2026-04-16T14:00:35+00:00\" \/>\n<meta property=\"og:image\" content=\"https:\/\/lemaraichermoderne.com\/wp-content\/uploads\/2025\/02\/Fluval-A7815-pHWideRangeTest-1A-Canada-Z.jpg\" \/>\n\t<meta property=\"og:image:width\" content=\"900\" \/>\n\t<meta property=\"og:image:height\" content=\"900\" \/>\n\t<meta property=\"og:image:type\" content=\"image\/jpeg\" \/>\n<meta name=\"twitter:card\" content=\"summary_large_image\" \/>\n<meta name=\"twitter:label1\" content=\"Est. reading time\" \/>\n\t<meta name=\"twitter:data1\" content=\"1 minute\" \/>\n<script type=\"application\/ld+json\" class=\"yoast-schema-graph\">{\"@context\":\"https:\\\/\\\/schema.org\",\"@graph\":[{\"@type\":\"WebPage\",\"@id\":\"https:\\\/\\\/lemaraichermoderne.com\\\/en\\\/produit\\\/trousse-danalyse-du-ph-a-large-plage-45-90\\\/\",\"url\":\"https:\\\/\\\/lemaraichermoderne.com\\\/en\\\/produit\\\/trousse-danalyse-du-ph-a-large-plage-45-90\\\/\",\"name\":\"TROUSSE D'ANALYSE DU PH \u00c0 LARGE PLAGE (4,5-9,0) - Le Mara\u00eecher Moderne\",\"isPartOf\":{\"@id\":\"https:\\\/\\\/lemaraichermoderne.com\\\/en\\\/#website\"},\"primaryImageOfPage\":{\"@id\":\"https:\\\/\\\/lemaraichermoderne.com\\\/en\\\/produit\\\/trousse-danalyse-du-ph-a-large-plage-45-90\\\/#primaryimage\"},\"image\":{\"@id\":\"https:\\\/\\\/lemaraichermoderne.com\\\/en\\\/produit\\\/trousse-danalyse-du-ph-a-large-plage-45-90\\\/#primaryimage\"},\"thumbnailUrl\":\"https:\\\/\\\/lemaraichermoderne.com\\\/wp-content\\\/uploads\\\/2025\\\/02\\\/Fluval-A7815-pHWideRangeTest-1A-Canada-Z.jpg\",\"datePublished\":\"2025-02-05T15:48:02+00:00\",\"dateModified\":\"2026-04-16T14:00:35+00:00\",\"breadcrumb\":{\"@id\":\"https:\\\/\\\/lemaraichermoderne.com\\\/en\\\/produit\\\/trousse-danalyse-du-ph-a-large-plage-45-90\\\/#breadcrumb\"},\"inLanguage\":\"en-US\",\"potentialAction\":[{\"@type\":\"ReadAction\",\"target\":[\"https:\\\/\\\/lemaraichermoderne.com\\\/en\\\/produit\\\/trousse-danalyse-du-ph-a-large-plage-45-90\\\/\"]}]},{\"@type\":\"ImageObject\",\"inLanguage\":\"en-US\",\"@id\":\"https:\\\/\\\/lemaraichermoderne.com\\\/en\\\/produit\\\/trousse-danalyse-du-ph-a-large-plage-45-90\\\/#primaryimage\",\"url\":\"https:\\\/\\\/lemaraichermoderne.com\\\/wp-content\\\/uploads\\\/2025\\\/02\\\/Fluval-A7815-pHWideRangeTest-1A-Canada-Z.jpg\",\"contentUrl\":\"https:\\\/\\\/lemaraichermoderne.com\\\/wp-content\\\/uploads\\\/2025\\\/02\\\/Fluval-A7815-pHWideRangeTest-1A-Canada-Z.jpg\",\"width\":900,\"height\":900},{\"@type\":\"BreadcrumbList\",\"@id\":\"https:\\\/\\\/lemaraichermoderne.com\\\/en\\\/produit\\\/trousse-danalyse-du-ph-a-large-plage-45-90\\\/#breadcrumb\",\"itemListElement\":[{\"@type\":\"ListItem\",\"position\":1,\"name\":\"Accueil\",\"item\":\"https:\\\/\\\/lemaraichermoderne.com\\\/en\\\/\"},{\"@type\":\"ListItem\",\"position\":2,\"name\":\"Boutique\",\"item\":\"https:\\\/\\\/lemaraichermoderne.com\\\/boutique\\\/\"},{\"@type\":\"ListItem\",\"position\":3,\"name\":\"TROUSSE D&#8217;ANALYSE DU PH \u00c0 LARGE PLAGE (4,5-9,0)\"}]},{\"@type\":\"WebSite\",\"@id\":\"https:\\\/\\\/lemaraichermoderne.com\\\/en\\\/#website\",\"url\":\"https:\\\/\\\/lemaraichermoderne.com\\\/en\\\/\",\"name\":\"Le Mara\u00eecher Moderne\",\"description\":\"R\u00e9f\u00e9rence en hydroponie \u00e0 Qu\u00e9bec\",\"publisher\":{\"@id\":\"https:\\\/\\\/lemaraichermoderne.com\\\/en\\\/#organization\"},\"potentialAction\":[{\"@type\":\"SearchAction\",\"target\":{\"@type\":\"EntryPoint\",\"urlTemplate\":\"https:\\\/\\\/lemaraichermoderne.com\\\/en\\\/?s={search_term_string}\"},\"query-input\":{\"@type\":\"PropertyValueSpecification\",\"valueRequired\":true,\"valueName\":\"search_term_string\"}}],\"inLanguage\":\"en-US\"},{\"@type\":\"Organization\",\"@id\":\"https:\\\/\\\/lemaraichermoderne.com\\\/en\\\/#organization\",\"name\":\"Le Mara\u00eecher Moderne\",\"url\":\"https:\\\/\\\/lemaraichermoderne.com\\\/en\\\/\",\"logo\":{\"@type\":\"ImageObject\",\"inLanguage\":\"en-US\",\"@id\":\"https:\\\/\\\/lemaraichermoderne.com\\\/en\\\/#\\\/schema\\\/logo\\\/image\\\/\",\"url\":\"https:\\\/\\\/lemaraichermoderne.com\\\/wp-content\\\/uploads\\\/2023\\\/03\\\/logo_mm1.png\",\"contentUrl\":\"https:\\\/\\\/lemaraichermoderne.com\\\/wp-content\\\/uploads\\\/2023\\\/03\\\/logo_mm1.png\",\"width\":500,\"height\":222,\"caption\":\"Le Mara\u00eecher Moderne\"},\"image\":{\"@id\":\"https:\\\/\\\/lemaraichermoderne.com\\\/en\\\/#\\\/schema\\\/logo\\\/image\\\/\"},\"sameAs\":[\"https:\\\/\\\/www.facebook.com\\\/lemaraichermoderne\",\"https:\\\/\\\/www.instagram.com\\\/lemaraichermoderne\"]}]}<\/script>\n<!-- \/ Yoast SEO plugin. -->","yoast_head_json":{"title":"TROUSSE D'ANALYSE DU PH \u00c0 LARGE PLAGE (4,5-9,0) - Le Mara\u00eecher Moderne","robots":{"index":"index","follow":"follow","max-snippet":"max-snippet:-1","max-image-preview":"max-image-preview:large","max-video-preview":"max-video-preview:-1"},"canonical":"https:\/\/lemaraichermoderne.com\/en\/produit\/trousse-danalyse-du-ph-a-large-plage-45-90\/","og_locale":"en_US","og_type":"article","og_title":"TROUSSE D'ANALYSE DU PH \u00c0 LARGE PLAGE (4,5-9,0) - Le Mara\u00eecher Moderne","og_description":"La trousse d&#8217;analyse du pH large plage (4,5-9,0) mesure le taux de pH dans les aquariums d&#8217;eau douce et d&#8217;eau de mer. La majorit\u00e9 des esp\u00e8ces de poissons requiert des taux de pH pr\u00e9cis pour survivre. C&#8217;est en d\u00e9terminant si l&#8217;eau de l&#8217;aquarium est acide ou alcaline que vous pouvez cr\u00e9er un habitat naturel pour [&hellip;]","og_url":"https:\/\/lemaraichermoderne.com\/en\/produit\/trousse-danalyse-du-ph-a-large-plage-45-90\/","og_site_name":"Le Mara\u00eecher Moderne","article_publisher":"https:\/\/www.facebook.com\/lemaraichermoderne","article_modified_time":"2026-04-16T14:00:35+00:00","og_image":[{"width":900,"height":900,"url":"https:\/\/lemaraichermoderne.com\/wp-content\/uploads\/2025\/02\/Fluval-A7815-pHWideRangeTest-1A-Canada-Z.jpg","type":"image\/jpeg"}],"twitter_card":"summary_large_image","twitter_misc":{"Est. reading time":"1 minute"},"schema":{"@context":"https:\/\/schema.org","@graph":[{"@type":"WebPage","@id":"https:\/\/lemaraichermoderne.com\/en\/produit\/trousse-danalyse-du-ph-a-large-plage-45-90\/","url":"https:\/\/lemaraichermoderne.com\/en\/produit\/trousse-danalyse-du-ph-a-large-plage-45-90\/","name":"TROUSSE D'ANALYSE DU PH \u00c0 LARGE PLAGE (4,5-9,0) - Le Mara\u00eecher Moderne","isPartOf":{"@id":"https:\/\/lemaraichermoderne.com\/en\/#website"},"primaryImageOfPage":{"@id":"https:\/\/lemaraichermoderne.com\/en\/produit\/trousse-danalyse-du-ph-a-large-plage-45-90\/#primaryimage"},"image":{"@id":"https:\/\/lemaraichermoderne.com\/en\/produit\/trousse-danalyse-du-ph-a-large-plage-45-90\/#primaryimage"},"thumbnailUrl":"https:\/\/lemaraichermoderne.com\/wp-content\/uploads\/2025\/02\/Fluval-A7815-pHWideRangeTest-1A-Canada-Z.jpg","datePublished":"2025-02-05T15:48:02+00:00","dateModified":"2026-04-16T14:00:35+00:00","breadcrumb":{"@id":"https:\/\/lemaraichermoderne.com\/en\/produit\/trousse-danalyse-du-ph-a-large-plage-45-90\/#breadcrumb"},"inLanguage":"en-US","potentialAction":[{"@type":"ReadAction","target":["https:\/\/lemaraichermoderne.com\/en\/produit\/trousse-danalyse-du-ph-a-large-plage-45-90\/"]}]},{"@type":"ImageObject","inLanguage":"en-US","@id":"https:\/\/lemaraichermoderne.com\/en\/produit\/trousse-danalyse-du-ph-a-large-plage-45-90\/#primaryimage","url":"https:\/\/lemaraichermoderne.com\/wp-content\/uploads\/2025\/02\/Fluval-A7815-pHWideRangeTest-1A-Canada-Z.jpg","contentUrl":"https:\/\/lemaraichermoderne.com\/wp-content\/uploads\/2025\/02\/Fluval-A7815-pHWideRangeTest-1A-Canada-Z.jpg","width":900,"height":900},{"@type":"BreadcrumbList","@id":"https:\/\/lemaraichermoderne.com\/en\/produit\/trousse-danalyse-du-ph-a-large-plage-45-90\/#breadcrumb","itemListElement":[{"@type":"ListItem","position":1,"name":"Accueil","item":"https:\/\/lemaraichermoderne.com\/en\/"},{"@type":"ListItem","position":2,"name":"Boutique","item":"https:\/\/lemaraichermoderne.com\/boutique\/"},{"@type":"ListItem","position":3,"name":"TROUSSE D&#8217;ANALYSE DU PH \u00c0 LARGE PLAGE (4,5-9,0)"}]},{"@type":"WebSite","@id":"https:\/\/lemaraichermoderne.com\/en\/#website","url":"https:\/\/lemaraichermoderne.com\/en\/","name":"Le Mara\u00eecher Moderne","description":"R\u00e9f\u00e9rence en hydroponie \u00e0 Qu\u00e9bec","publisher":{"@id":"https:\/\/lemaraichermoderne.com\/en\/#organization"},"potentialAction":[{"@type":"SearchAction","target":{"@type":"EntryPoint","urlTemplate":"https:\/\/lemaraichermoderne.com\/en\/?s={search_term_string}"},"query-input":{"@type":"PropertyValueSpecification","valueRequired":true,"valueName":"search_term_string"}}],"inLanguage":"en-US"},{"@type":"Organization","@id":"https:\/\/lemaraichermoderne.com\/en\/#organization","name":"Le Mara\u00eecher Moderne","url":"https:\/\/lemaraichermoderne.com\/en\/","logo":{"@type":"ImageObject","inLanguage":"en-US","@id":"https:\/\/lemaraichermoderne.com\/en\/#\/schema\/logo\/image\/","url":"https:\/\/lemaraichermoderne.com\/wp-content\/uploads\/2023\/03\/logo_mm1.png","contentUrl":"https:\/\/lemaraichermoderne.com\/wp-content\/uploads\/2023\/03\/logo_mm1.png","width":500,"height":222,"caption":"Le Mara\u00eecher Moderne"},"image":{"@id":"https:\/\/lemaraichermoderne.com\/en\/#\/schema\/logo\/image\/"},"sameAs":["https:\/\/www.facebook.com\/lemaraichermoderne","https:\/\/www.instagram.com\/lemaraichermoderne"]}]}},"_links":{"self":[{"href":"https:\/\/lemaraichermoderne.com\/en\/wp-json\/wp\/v2\/product\/7736","targetHints":{"allow":["GET"]}}],"collection":[{"href":"https:\/\/lemaraichermoderne.com\/en\/wp-json\/wp\/v2\/product"}],"about":[{"href":"https:\/\/lemaraichermoderne.com\/en\/wp-json\/wp\/v2\/types\/product"}],"wp:featuredmedia":[{"embeddable":true,"href":"https:\/\/lemaraichermoderne.com\/en\/wp-json\/wp\/v2\/media\/7737"}],"wp:attachment":[{"href":"https:\/\/lemaraichermoderne.com\/en\/wp-json\/wp\/v2\/media?parent=7736"}],"wp:term":[{"taxonomy":"product_brand","embeddable":true,"href":"https:\/\/lemaraichermoderne.com\/en\/wp-json\/wp\/v2\/product_brand?post=7736"},{"taxonomy":"product_cat","embeddable":true,"href":"https:\/\/lemaraichermoderne.com\/en\/wp-json\/wp\/v2\/product_cat?post=7736"},{"taxonomy":"product_tag","embeddable":true,"href":"https:\/\/lemaraichermoderne.com\/en\/wp-json\/wp\/v2\/product_tag?post=7736"}],"curies":[{"name":"wp","href":"https:\/\/api.w.org\/{rel}","templated":true}]}}