{"id":7982,"date":"2025-03-13T10:23:27","date_gmt":"2025-03-13T14:23:27","guid":{"rendered":"https:\/\/lemaraichermoderne.com\/?post_type=product&#038;p=7982"},"modified":"2025-09-18T17:22:27","modified_gmt":"2025-09-18T21:22:27","slug":"hygroben-500ml","status":"publish","type":"product","link":"https:\/\/lemaraichermoderne.com\/en\/produit\/hygroben-500ml\/","title":{"rendered":"Hygroben 500ml"},"content":{"rendered":"<div class=\"row-fluid\">\n<div class=\"product-details-desc\">\n<p><strong>HYGROBEN\u2122<\/strong>\u00a0est un inoculant microbien pour les racines compos\u00e9 de 5 esp\u00e8ces diff\u00e9rentes de bacilles dont la compatibilit\u00e9 physiologique a \u00e9t\u00e9 d\u00e9montr\u00e9e et qui travaillent ensemble pour augmenter vos rendements.\u00a0\u00a0Efficace dans tous les milieux de culture. Les ingr\u00e9dients pr\u00e9sents dans l<strong>\u2019HYGROBEN\u2122<\/strong>\u00a0sont naturels et conviennent aux plantes ornementales, aux l\u00e9gumes, aux plantes \u00e0 fleurs, etc.<\/p>\n<p><strong>Pourquoi choisir HYGROBEN?<\/strong><\/p>\n<ul>\n<li>Am\u00e9liore l&#8217;activit\u00e9 de la microflore racinaire.<\/li>\n<li>Compatible avec la plupart des programmes de nutriments et de suppl\u00e9ments.<\/li>\n<li>Ingr\u00e9dient essentiel pour la cr\u00e9ation d&#8217;un \u2018\u2019super soil\u2019\u2019.<\/li>\n<li>Augmente le profil total des terp\u00e8nes.<\/li>\n<li>Augmente le total des cannabino\u00efdes.<\/li>\n<li>Augmente le rendement en fleurs s\u00e9ch\u00e9es.<\/li>\n<li>Des plantes et des racines plus grandes et plus saines.<\/li>\n<\/ul>\n<p><strong>Ingr\u00e9dients actifs :<\/strong><\/p>\n<ul>\n<li>Bacillus licheniformis 1,0 x 108 CFU\/mL<\/li>\n<li>Bacillus subtilis 1,0 x 108 CFU\/mL<\/li>\n<li>Bacillus pumilus 5,0 x 107 CFU\/mL<\/li>\n<li>Bacillus amyloliquefaciens 5,0 x 107 CFU\/mL<\/li>\n<li>Bacillus megaterium 5,0 x 107 UFC\/mL<\/li>\n<\/ul>\n<\/div>\n<\/div>\n<div class=\"row-fluid\">\n<div class=\"span8\">\n<div class=\"unstyled single-price-display\"><\/div>\n<\/div>\n<\/div>\n","protected":false},"excerpt":{"rendered":"<p>HYGROBEN\u2122\u00a0est un inoculant microbien pour les racines compos\u00e9 de 5 esp\u00e8ces diff\u00e9rentes de bacilles dont la compatibilit\u00e9 physiologique a \u00e9t\u00e9 d\u00e9montr\u00e9e et qui travaillent ensemble pour augmenter vos rendements.\u00a0\u00a0Efficace dans tous les milieux de culture. Les ingr\u00e9dients pr\u00e9sents dans l\u2019HYGROBEN\u2122\u00a0sont naturels et conviennent aux plantes ornementales, aux l\u00e9gumes, aux plantes \u00e0 fleurs, etc. Pourquoi choisir [&hellip;]<\/p>\n","protected":false},"featured_media":7983,"template":"","meta":[],"product_brand":[],"product_cat":[21],"product_tag":[],"class_list":{"0":"post-7982","1":"product","2":"type-product","3":"status-publish","4":"has-post-thumbnail","6":"product_cat-nutriments","8":"first","9":"instock","10":"taxable","11":"shipping-taxable","12":"purchasable","13":"product-type-simple"},"yoast_head":"<!-- This site is optimized with the Yoast SEO plugin v27.4 - https:\/\/yoast.com\/product\/yoast-seo-wordpress\/ -->\n<title>Hygroben 500ml - Le Mara\u00eecher Moderne<\/title>\n<meta name=\"robots\" content=\"index, follow, max-snippet:-1, max-image-preview:large, max-video-preview:-1\" \/>\n<link rel=\"canonical\" href=\"https:\/\/lemaraichermoderne.com\/en\/produit\/hygroben-500ml\/\" \/>\n<meta property=\"og:locale\" content=\"en_US\" \/>\n<meta property=\"og:type\" content=\"article\" \/>\n<meta property=\"og:title\" content=\"Hygroben 500ml - Le Mara\u00eecher Moderne\" \/>\n<meta property=\"og:description\" content=\"HYGROBEN\u2122\u00a0est un inoculant microbien pour les racines compos\u00e9 de 5 esp\u00e8ces diff\u00e9rentes de bacilles dont la compatibilit\u00e9 physiologique a \u00e9t\u00e9 d\u00e9montr\u00e9e et qui travaillent ensemble pour augmenter vos rendements.\u00a0\u00a0Efficace dans tous les milieux de culture. Les ingr\u00e9dients pr\u00e9sents dans l\u2019HYGROBEN\u2122\u00a0sont naturels et conviennent aux plantes ornementales, aux l\u00e9gumes, aux plantes \u00e0 fleurs, etc. Pourquoi choisir [&hellip;]\" \/>\n<meta property=\"og:url\" content=\"https:\/\/lemaraichermoderne.com\/en\/produit\/hygroben-500ml\/\" \/>\n<meta property=\"og:site_name\" content=\"Le Mara\u00eecher Moderne\" \/>\n<meta property=\"article:publisher\" content=\"https:\/\/www.facebook.com\/lemaraichermoderne\" \/>\n<meta property=\"article:modified_time\" content=\"2025-09-18T21:22:27+00:00\" \/>\n<meta property=\"og:image\" content=\"https:\/\/lemaraichermoderne.com\/wp-content\/uploads\/2025\/03\/62835-B-1.jpeg\" \/>\n\t<meta property=\"og:image:width\" content=\"900\" \/>\n\t<meta property=\"og:image:height\" content=\"900\" \/>\n\t<meta property=\"og:image:type\" content=\"image\/jpeg\" \/>\n<meta name=\"twitter:card\" content=\"summary_large_image\" \/>\n<meta name=\"twitter:label1\" content=\"Est. reading time\" \/>\n\t<meta name=\"twitter:data1\" content=\"1 minute\" \/>\n<script type=\"application\/ld+json\" class=\"yoast-schema-graph\">{\"@context\":\"https:\\\/\\\/schema.org\",\"@graph\":[{\"@type\":\"WebPage\",\"@id\":\"https:\\\/\\\/lemaraichermoderne.com\\\/en\\\/produit\\\/hygroben-500ml\\\/\",\"url\":\"https:\\\/\\\/lemaraichermoderne.com\\\/en\\\/produit\\\/hygroben-500ml\\\/\",\"name\":\"Hygroben 500ml - Le Mara\u00eecher Moderne\",\"isPartOf\":{\"@id\":\"https:\\\/\\\/lemaraichermoderne.com\\\/en\\\/#website\"},\"primaryImageOfPage\":{\"@id\":\"https:\\\/\\\/lemaraichermoderne.com\\\/en\\\/produit\\\/hygroben-500ml\\\/#primaryimage\"},\"image\":{\"@id\":\"https:\\\/\\\/lemaraichermoderne.com\\\/en\\\/produit\\\/hygroben-500ml\\\/#primaryimage\"},\"thumbnailUrl\":\"https:\\\/\\\/lemaraichermoderne.com\\\/wp-content\\\/uploads\\\/2025\\\/03\\\/62835-B-1.jpeg\",\"datePublished\":\"2025-03-13T14:23:27+00:00\",\"dateModified\":\"2025-09-18T21:22:27+00:00\",\"breadcrumb\":{\"@id\":\"https:\\\/\\\/lemaraichermoderne.com\\\/en\\\/produit\\\/hygroben-500ml\\\/#breadcrumb\"},\"inLanguage\":\"en-US\",\"potentialAction\":[{\"@type\":\"ReadAction\",\"target\":[\"https:\\\/\\\/lemaraichermoderne.com\\\/en\\\/produit\\\/hygroben-500ml\\\/\"]}]},{\"@type\":\"ImageObject\",\"inLanguage\":\"en-US\",\"@id\":\"https:\\\/\\\/lemaraichermoderne.com\\\/en\\\/produit\\\/hygroben-500ml\\\/#primaryimage\",\"url\":\"https:\\\/\\\/lemaraichermoderne.com\\\/wp-content\\\/uploads\\\/2025\\\/03\\\/62835-B-1.jpeg\",\"contentUrl\":\"https:\\\/\\\/lemaraichermoderne.com\\\/wp-content\\\/uploads\\\/2025\\\/03\\\/62835-B-1.jpeg\",\"width\":900,\"height\":900},{\"@type\":\"BreadcrumbList\",\"@id\":\"https:\\\/\\\/lemaraichermoderne.com\\\/en\\\/produit\\\/hygroben-500ml\\\/#breadcrumb\",\"itemListElement\":[{\"@type\":\"ListItem\",\"position\":1,\"name\":\"Accueil\",\"item\":\"https:\\\/\\\/lemaraichermoderne.com\\\/en\\\/\"},{\"@type\":\"ListItem\",\"position\":2,\"name\":\"Boutique\",\"item\":\"https:\\\/\\\/lemaraichermoderne.com\\\/boutique\\\/\"},{\"@type\":\"ListItem\",\"position\":3,\"name\":\"Hygroben 500ml\"}]},{\"@type\":\"WebSite\",\"@id\":\"https:\\\/\\\/lemaraichermoderne.com\\\/en\\\/#website\",\"url\":\"https:\\\/\\\/lemaraichermoderne.com\\\/en\\\/\",\"name\":\"Le Mara\u00eecher Moderne\",\"description\":\"R\u00e9f\u00e9rence en hydroponie \u00e0 Qu\u00e9bec\",\"publisher\":{\"@id\":\"https:\\\/\\\/lemaraichermoderne.com\\\/en\\\/#organization\"},\"potentialAction\":[{\"@type\":\"SearchAction\",\"target\":{\"@type\":\"EntryPoint\",\"urlTemplate\":\"https:\\\/\\\/lemaraichermoderne.com\\\/en\\\/?s={search_term_string}\"},\"query-input\":{\"@type\":\"PropertyValueSpecification\",\"valueRequired\":true,\"valueName\":\"search_term_string\"}}],\"inLanguage\":\"en-US\"},{\"@type\":\"Organization\",\"@id\":\"https:\\\/\\\/lemaraichermoderne.com\\\/en\\\/#organization\",\"name\":\"Le Mara\u00eecher Moderne\",\"url\":\"https:\\\/\\\/lemaraichermoderne.com\\\/en\\\/\",\"logo\":{\"@type\":\"ImageObject\",\"inLanguage\":\"en-US\",\"@id\":\"https:\\\/\\\/lemaraichermoderne.com\\\/en\\\/#\\\/schema\\\/logo\\\/image\\\/\",\"url\":\"https:\\\/\\\/lemaraichermoderne.com\\\/wp-content\\\/uploads\\\/2023\\\/03\\\/logo_mm1.png\",\"contentUrl\":\"https:\\\/\\\/lemaraichermoderne.com\\\/wp-content\\\/uploads\\\/2023\\\/03\\\/logo_mm1.png\",\"width\":500,\"height\":222,\"caption\":\"Le Mara\u00eecher Moderne\"},\"image\":{\"@id\":\"https:\\\/\\\/lemaraichermoderne.com\\\/en\\\/#\\\/schema\\\/logo\\\/image\\\/\"},\"sameAs\":[\"https:\\\/\\\/www.facebook.com\\\/lemaraichermoderne\",\"https:\\\/\\\/www.instagram.com\\\/lemaraichermoderne\"]}]}<\/script>\n<!-- \/ Yoast SEO plugin. -->","yoast_head_json":{"title":"Hygroben 500ml - Le Mara\u00eecher Moderne","robots":{"index":"index","follow":"follow","max-snippet":"max-snippet:-1","max-image-preview":"max-image-preview:large","max-video-preview":"max-video-preview:-1"},"canonical":"https:\/\/lemaraichermoderne.com\/en\/produit\/hygroben-500ml\/","og_locale":"en_US","og_type":"article","og_title":"Hygroben 500ml - Le Mara\u00eecher Moderne","og_description":"HYGROBEN\u2122\u00a0est un inoculant microbien pour les racines compos\u00e9 de 5 esp\u00e8ces diff\u00e9rentes de bacilles dont la compatibilit\u00e9 physiologique a \u00e9t\u00e9 d\u00e9montr\u00e9e et qui travaillent ensemble pour augmenter vos rendements.\u00a0\u00a0Efficace dans tous les milieux de culture. Les ingr\u00e9dients pr\u00e9sents dans l\u2019HYGROBEN\u2122\u00a0sont naturels et conviennent aux plantes ornementales, aux l\u00e9gumes, aux plantes \u00e0 fleurs, etc. Pourquoi choisir [&hellip;]","og_url":"https:\/\/lemaraichermoderne.com\/en\/produit\/hygroben-500ml\/","og_site_name":"Le Mara\u00eecher Moderne","article_publisher":"https:\/\/www.facebook.com\/lemaraichermoderne","article_modified_time":"2025-09-18T21:22:27+00:00","og_image":[{"width":900,"height":900,"url":"https:\/\/lemaraichermoderne.com\/wp-content\/uploads\/2025\/03\/62835-B-1.jpeg","type":"image\/jpeg"}],"twitter_card":"summary_large_image","twitter_misc":{"Est. reading time":"1 minute"},"schema":{"@context":"https:\/\/schema.org","@graph":[{"@type":"WebPage","@id":"https:\/\/lemaraichermoderne.com\/en\/produit\/hygroben-500ml\/","url":"https:\/\/lemaraichermoderne.com\/en\/produit\/hygroben-500ml\/","name":"Hygroben 500ml - Le Mara\u00eecher Moderne","isPartOf":{"@id":"https:\/\/lemaraichermoderne.com\/en\/#website"},"primaryImageOfPage":{"@id":"https:\/\/lemaraichermoderne.com\/en\/produit\/hygroben-500ml\/#primaryimage"},"image":{"@id":"https:\/\/lemaraichermoderne.com\/en\/produit\/hygroben-500ml\/#primaryimage"},"thumbnailUrl":"https:\/\/lemaraichermoderne.com\/wp-content\/uploads\/2025\/03\/62835-B-1.jpeg","datePublished":"2025-03-13T14:23:27+00:00","dateModified":"2025-09-18T21:22:27+00:00","breadcrumb":{"@id":"https:\/\/lemaraichermoderne.com\/en\/produit\/hygroben-500ml\/#breadcrumb"},"inLanguage":"en-US","potentialAction":[{"@type":"ReadAction","target":["https:\/\/lemaraichermoderne.com\/en\/produit\/hygroben-500ml\/"]}]},{"@type":"ImageObject","inLanguage":"en-US","@id":"https:\/\/lemaraichermoderne.com\/en\/produit\/hygroben-500ml\/#primaryimage","url":"https:\/\/lemaraichermoderne.com\/wp-content\/uploads\/2025\/03\/62835-B-1.jpeg","contentUrl":"https:\/\/lemaraichermoderne.com\/wp-content\/uploads\/2025\/03\/62835-B-1.jpeg","width":900,"height":900},{"@type":"BreadcrumbList","@id":"https:\/\/lemaraichermoderne.com\/en\/produit\/hygroben-500ml\/#breadcrumb","itemListElement":[{"@type":"ListItem","position":1,"name":"Accueil","item":"https:\/\/lemaraichermoderne.com\/en\/"},{"@type":"ListItem","position":2,"name":"Boutique","item":"https:\/\/lemaraichermoderne.com\/boutique\/"},{"@type":"ListItem","position":3,"name":"Hygroben 500ml"}]},{"@type":"WebSite","@id":"https:\/\/lemaraichermoderne.com\/en\/#website","url":"https:\/\/lemaraichermoderne.com\/en\/","name":"Le Mara\u00eecher Moderne","description":"R\u00e9f\u00e9rence en hydroponie \u00e0 Qu\u00e9bec","publisher":{"@id":"https:\/\/lemaraichermoderne.com\/en\/#organization"},"potentialAction":[{"@type":"SearchAction","target":{"@type":"EntryPoint","urlTemplate":"https:\/\/lemaraichermoderne.com\/en\/?s={search_term_string}"},"query-input":{"@type":"PropertyValueSpecification","valueRequired":true,"valueName":"search_term_string"}}],"inLanguage":"en-US"},{"@type":"Organization","@id":"https:\/\/lemaraichermoderne.com\/en\/#organization","name":"Le Mara\u00eecher Moderne","url":"https:\/\/lemaraichermoderne.com\/en\/","logo":{"@type":"ImageObject","inLanguage":"en-US","@id":"https:\/\/lemaraichermoderne.com\/en\/#\/schema\/logo\/image\/","url":"https:\/\/lemaraichermoderne.com\/wp-content\/uploads\/2023\/03\/logo_mm1.png","contentUrl":"https:\/\/lemaraichermoderne.com\/wp-content\/uploads\/2023\/03\/logo_mm1.png","width":500,"height":222,"caption":"Le Mara\u00eecher Moderne"},"image":{"@id":"https:\/\/lemaraichermoderne.com\/en\/#\/schema\/logo\/image\/"},"sameAs":["https:\/\/www.facebook.com\/lemaraichermoderne","https:\/\/www.instagram.com\/lemaraichermoderne"]}]}},"_links":{"self":[{"href":"https:\/\/lemaraichermoderne.com\/en\/wp-json\/wp\/v2\/product\/7982","targetHints":{"allow":["GET"]}}],"collection":[{"href":"https:\/\/lemaraichermoderne.com\/en\/wp-json\/wp\/v2\/product"}],"about":[{"href":"https:\/\/lemaraichermoderne.com\/en\/wp-json\/wp\/v2\/types\/product"}],"wp:featuredmedia":[{"embeddable":true,"href":"https:\/\/lemaraichermoderne.com\/en\/wp-json\/wp\/v2\/media\/7983"}],"wp:attachment":[{"href":"https:\/\/lemaraichermoderne.com\/en\/wp-json\/wp\/v2\/media?parent=7982"}],"wp:term":[{"taxonomy":"product_brand","embeddable":true,"href":"https:\/\/lemaraichermoderne.com\/en\/wp-json\/wp\/v2\/product_brand?post=7982"},{"taxonomy":"product_cat","embeddable":true,"href":"https:\/\/lemaraichermoderne.com\/en\/wp-json\/wp\/v2\/product_cat?post=7982"},{"taxonomy":"product_tag","embeddable":true,"href":"https:\/\/lemaraichermoderne.com\/en\/wp-json\/wp\/v2\/product_tag?post=7982"}],"curies":[{"name":"wp","href":"https:\/\/api.w.org\/{rel}","templated":true}]}}