{"id":8353,"date":"2025-04-26T10:06:52","date_gmt":"2025-04-26T14:06:52","guid":{"rendered":"https:\/\/lemaraichermoderne.com\/?post_type=product&#038;p=8353"},"modified":"2026-04-10T11:40:54","modified_gmt":"2026-04-10T15:40:54","slug":"tuyau-bleu-1-2-int","status":"publish","type":"product","link":"https:\/\/lemaraichermoderne.com\/en\/produit\/tuyau-bleu-1-2-int\/","title":{"rendered":"Tuyau Bleu 1\/2&#8243; int."},"content":{"rendered":"<div id=\"tw-container\" class=\"nev7se\" data-cp=\"1\" data-nnttsvi=\"1\" data-ntl-fpwrite=\"true\" data-sletp=\"false\" data-sm=\"1\" data-ssbp=\"false\" data-sugg-time=\"500\" data-sugg-url=\"https:\/\/clients1.google.com\/complete\/search\" data-uilc=\"fr\" data-vil=\",af,af-ZA,am,am-ET,ar-EG,ar-AE,ar-KW,ar-QA,ar,ar-IL,ar-JO,ar-LB,ar-PS,az,az-AZ,bg,bg-BG,bn,bn-BD,bn-IN,ca,ca-es,cs,cs-CZ,de,de-DE,de-CH,de-AT,de-LI,en,en-US,en-CA,en-AU,en-NZ,en-GB,en-IN,en-KE,en-TZ,en-NG,en-GH,en-PH,en-ZA,es,es-ES,es-AR,es-UY,es-419,es-BO,es-CL,es-CR,es-CO,es-DO,es-EC,es-GT,es-HN,es-NI,es-PA,es-PE,es-PR,es-PY,es-SV,es-VE,es-MX,es-US,eu,eu-ES,fi,fi-FI,fr,fr-FR,fr-CH,fr-BE,gl,gl-ES,gu,gu-IN,he,he-IL,iw,iw-IL,hu,hu-HU,hy,hy-AM,id,id-ID,is,is-IS,it,it-IT,it-CH,ja,ja-JP,jv,jv-ID,ka,ka-GE,km,km-KH,kn,kn-IN,ko,ko-KR,la,lo,lo-LA,lv,lv-LV,ml,ml-IN,mr,mr-IN,ms,ms-MY,nl,nl-NL,nb,nb-NO,ne,ne-NP,pl,pl-PL,pt,pt-BR,pt-PT,ro,ro-RO,ru,ru-RU,si-LK,sk,sk-SK,sr,sr-RS,su,su-ID,sv,sv-SE,sw,sw-TZ,sw-KE,ta,ta-IN,ta-SG,ta-LK,ta-MY,te,te-IN,tr,tr-TR,ur,ur-PK,ur-IN,yue,yue-HK,yue-Hant-HK,zh-HK,zh,zh-CN,zh-cmn,zh-cmn-CN,zh-Hans,zh-Hans-CN,zh-cmn-Hans,zh-cmn-Hans-CN,cmn-CN,cmn-Hans,cmn-Hans-CN,zh-TW,zh-Hant-TW,cmn-TW,cmn-Hant-TW,zh-cmn-TW,zh-cmn-Hant-TW,zu,zu-ZA,hi,hi-IN,tl,tl-PH,pa,pa-IN\">\n<div>\n<div>\n<div id=\"tw-ob\" class=\"tw-src-ltr\">\n<div class=\"oSioSc\">\n<div id=\"tw-target\">\n<div id=\"kAz1tf\" class=\"g9WsWb PZPZlf\" data-attrid=\"tw-targetArea\" data-entityname=\"Google Translate\">\n<div id=\"tw-target-text-container\" class=\"tw-ta-container tw-nfl\" role=\"text\">\n<pre id=\"tw-target-text\" class=\"tw-data-text tw-text-large tw-ta\" dir=\"ltr\" data-placeholder=\"Traduction\" data-ved=\"2ahUKEwjbv77y7_WMAxVnKVkFHR-wB4kQ3ewLegQICBAV\" aria-label=\"Texte traduit\u00a0: Paroi translucide color\u00e9e pour une inspection facile et une visibilit\u00e9 optimale du d\u00e9bit.\r\nTr\u00e8s flexible\u00a0: id\u00e9al pour travailler dans des espaces confin\u00e9s\u00a0; permet \u00e0 l'installateur de r\u00e9aliser des virages serr\u00e9s et fluides\u00a0; gain de temps et de main-d'\u0153uvre, duret\u00e9 Shore A.\r\nR\u00e9sistant aux produits chimiques\u00a0; non marquant, non conducteur et sans silicone.\r\nLisse \u00e0 l'int\u00e9rieur comme \u00e0 l'ext\u00e9rieur\u00a0: permet un d\u00e9bit sans restriction.\r\nTube en PVC non toxique st\u00e9rilisable \u00e0 la vapeur\u00a0; fabriqu\u00e9 selon les normes FDA et USDA.\r\nTemp\u00e9ratures de fonctionnement\u00a0: de 15\u00a0\u00b0C \u00e0 65\u00a0\u00b0C.\"><span class=\"Y2IQFc\" lang=\"fr\">$1.75 \/ pied\r\n\r\nParoi translucide color\u00e9e pour une inspection facile et une visibilit\u00e9 optimale du d\u00e9bit.\r\nTr\u00e8s flexible : id\u00e9al pour travailler dans des espaces confin\u00e9s ; permet \u00e0 l'installateur de r\u00e9aliser des virages serr\u00e9s et fluides ; gain de temps et de main-d'\u0153uvre.\r\nR\u00e9sistant aux produits chimiques ; non marquant, non conducteur et sans silicone.\r\nLisse \u00e0 l'int\u00e9rieur comme \u00e0 l'ext\u00e9rieur : permet un d\u00e9bit sans restriction.\r\nTube en PVC non toxique st\u00e9rilisable \u00e0 la vapeur ; fabriqu\u00e9 selon les normes FDA et USDA.\r\nTemp\u00e9ratures de fonctionnement : de 15 \u00b0C \u00e0 65 \u00b0C.<\/span><\/pre>\n<\/div>\n<div id=\"tw-target-rmn-container\" class=\"tw-target-rmn tw-ta-container tw-nfl\" role=\"text\">\n<pre id=\"tw-target-rmn\" class=\"tw-data-placeholder tw-text-small tw-ta\" dir=\"ltr\" data-placeholder=\"\"><\/pre>\n<\/div>\n<div class=\"iYB33c\">\n<div id=\"tw-tmenu\" class=\"tw-menu\"><\/div>\n<\/div>\n<\/div>\n<\/div>\n<\/div>\n<\/div>\n<div id=\"tw-images\"><\/div>\n<div class=\"dURPtb\"><\/div>\n<div>\n<div><\/div>\n<\/div>\n<\/div>\n<\/div>\n<\/div>\n<div class=\"KFFQ0c xKf9F\"><\/div>\n","protected":false},"excerpt":{"rendered":"<p>$1.75 \/ pied Paroi translucide color\u00e9e pour une inspection facile et une visibilit\u00e9 optimale du d\u00e9bit. Tr\u00e8s flexible : id\u00e9al pour travailler dans des espaces confin\u00e9s ; permet \u00e0 l&#8217;installateur de r\u00e9aliser des virages serr\u00e9s et fluides ; gain de temps et de main-d&#8217;\u0153uvre. R\u00e9sistant aux produits chimiques ; non marquant, non conducteur et sans [&hellip;]<\/p>\n","protected":false},"featured_media":8354,"template":"","meta":[],"product_brand":[],"product_cat":[30],"product_tag":[],"class_list":{"0":"post-8353","1":"product","2":"type-product","3":"status-publish","4":"has-post-thumbnail","6":"product_cat-accessoires-hydroponique-2","8":"first","9":"instock","10":"taxable","11":"shipping-taxable","12":"purchasable","13":"product-type-simple"},"yoast_head":"<!-- This site is optimized with the Yoast SEO plugin v27.5 - https:\/\/yoast.com\/product\/yoast-seo-wordpress\/ -->\n<title>Tuyau Bleu 1\/2&quot; int. - Le Mara\u00eecher Moderne<\/title>\n<meta name=\"robots\" content=\"index, follow, max-snippet:-1, max-image-preview:large, max-video-preview:-1\" \/>\n<link rel=\"canonical\" href=\"https:\/\/lemaraichermoderne.com\/en\/produit\/tuyau-bleu-1-2-int\/\" \/>\n<meta property=\"og:locale\" content=\"en_US\" \/>\n<meta property=\"og:type\" content=\"article\" \/>\n<meta property=\"og:title\" content=\"Tuyau Bleu 1\/2&quot; int. - Le Mara\u00eecher Moderne\" \/>\n<meta property=\"og:description\" content=\"$1.75 \/ pied Paroi translucide color\u00e9e pour une inspection facile et une visibilit\u00e9 optimale du d\u00e9bit. Tr\u00e8s flexible : id\u00e9al pour travailler dans des espaces confin\u00e9s ; permet \u00e0 l&#039;installateur de r\u00e9aliser des virages serr\u00e9s et fluides ; gain de temps et de main-d&#039;\u0153uvre. R\u00e9sistant aux produits chimiques ; non marquant, non conducteur et sans [&hellip;]\" \/>\n<meta property=\"og:url\" content=\"https:\/\/lemaraichermoderne.com\/en\/produit\/tuyau-bleu-1-2-int\/\" \/>\n<meta property=\"og:site_name\" content=\"Le Mara\u00eecher Moderne\" \/>\n<meta property=\"article:publisher\" content=\"https:\/\/www.facebook.com\/lemaraichermoderne\" \/>\n<meta property=\"article:modified_time\" content=\"2026-04-10T15:40:54+00:00\" \/>\n<meta property=\"og:image\" content=\"https:\/\/lemaraichermoderne.com\/wp-content\/uploads\/2025\/04\/blue-hydromaxx-hydroponic-irrigation-tubing-1404012100-64_145.jpg\" \/>\n\t<meta property=\"og:image:width\" content=\"145\" \/>\n\t<meta property=\"og:image:height\" content=\"145\" \/>\n\t<meta property=\"og:image:type\" content=\"image\/jpeg\" \/>\n<meta name=\"twitter:card\" content=\"summary_large_image\" \/>\n<meta name=\"twitter:label1\" content=\"Est. reading time\" \/>\n\t<meta name=\"twitter:data1\" content=\"1 minute\" \/>\n<script type=\"application\/ld+json\" class=\"yoast-schema-graph\">{\"@context\":\"https:\\\/\\\/schema.org\",\"@graph\":[{\"@type\":\"WebPage\",\"@id\":\"https:\\\/\\\/lemaraichermoderne.com\\\/en\\\/produit\\\/tuyau-bleu-1-2-int\\\/\",\"url\":\"https:\\\/\\\/lemaraichermoderne.com\\\/en\\\/produit\\\/tuyau-bleu-1-2-int\\\/\",\"name\":\"Tuyau Bleu 1\\\/2\\\" int. - Le Mara\u00eecher Moderne\",\"isPartOf\":{\"@id\":\"https:\\\/\\\/lemaraichermoderne.com\\\/en\\\/#website\"},\"primaryImageOfPage\":{\"@id\":\"https:\\\/\\\/lemaraichermoderne.com\\\/en\\\/produit\\\/tuyau-bleu-1-2-int\\\/#primaryimage\"},\"image\":{\"@id\":\"https:\\\/\\\/lemaraichermoderne.com\\\/en\\\/produit\\\/tuyau-bleu-1-2-int\\\/#primaryimage\"},\"thumbnailUrl\":\"https:\\\/\\\/lemaraichermoderne.com\\\/wp-content\\\/uploads\\\/2025\\\/04\\\/blue-hydromaxx-hydroponic-irrigation-tubing-1404012100-64_145.jpg\",\"datePublished\":\"2025-04-26T14:06:52+00:00\",\"dateModified\":\"2026-04-10T15:40:54+00:00\",\"breadcrumb\":{\"@id\":\"https:\\\/\\\/lemaraichermoderne.com\\\/en\\\/produit\\\/tuyau-bleu-1-2-int\\\/#breadcrumb\"},\"inLanguage\":\"en-US\",\"potentialAction\":[{\"@type\":\"ReadAction\",\"target\":[\"https:\\\/\\\/lemaraichermoderne.com\\\/en\\\/produit\\\/tuyau-bleu-1-2-int\\\/\"]}]},{\"@type\":\"ImageObject\",\"inLanguage\":\"en-US\",\"@id\":\"https:\\\/\\\/lemaraichermoderne.com\\\/en\\\/produit\\\/tuyau-bleu-1-2-int\\\/#primaryimage\",\"url\":\"https:\\\/\\\/lemaraichermoderne.com\\\/wp-content\\\/uploads\\\/2025\\\/04\\\/blue-hydromaxx-hydroponic-irrigation-tubing-1404012100-64_145.jpg\",\"contentUrl\":\"https:\\\/\\\/lemaraichermoderne.com\\\/wp-content\\\/uploads\\\/2025\\\/04\\\/blue-hydromaxx-hydroponic-irrigation-tubing-1404012100-64_145.jpg\",\"width\":145,\"height\":145},{\"@type\":\"BreadcrumbList\",\"@id\":\"https:\\\/\\\/lemaraichermoderne.com\\\/en\\\/produit\\\/tuyau-bleu-1-2-int\\\/#breadcrumb\",\"itemListElement\":[{\"@type\":\"ListItem\",\"position\":1,\"name\":\"Accueil\",\"item\":\"https:\\\/\\\/lemaraichermoderne.com\\\/en\\\/\"},{\"@type\":\"ListItem\",\"position\":2,\"name\":\"Boutique\",\"item\":\"https:\\\/\\\/lemaraichermoderne.com\\\/boutique\\\/\"},{\"@type\":\"ListItem\",\"position\":3,\"name\":\"Tuyau Bleu 1\\\/2&Prime; int.\"}]},{\"@type\":\"WebSite\",\"@id\":\"https:\\\/\\\/lemaraichermoderne.com\\\/en\\\/#website\",\"url\":\"https:\\\/\\\/lemaraichermoderne.com\\\/en\\\/\",\"name\":\"Le Mara\u00eecher Moderne\",\"description\":\"R\u00e9f\u00e9rence en hydroponie \u00e0 Qu\u00e9bec\",\"publisher\":{\"@id\":\"https:\\\/\\\/lemaraichermoderne.com\\\/en\\\/#organization\"},\"potentialAction\":[{\"@type\":\"SearchAction\",\"target\":{\"@type\":\"EntryPoint\",\"urlTemplate\":\"https:\\\/\\\/lemaraichermoderne.com\\\/en\\\/?s={search_term_string}\"},\"query-input\":{\"@type\":\"PropertyValueSpecification\",\"valueRequired\":true,\"valueName\":\"search_term_string\"}}],\"inLanguage\":\"en-US\"},{\"@type\":\"Organization\",\"@id\":\"https:\\\/\\\/lemaraichermoderne.com\\\/en\\\/#organization\",\"name\":\"Le Mara\u00eecher Moderne\",\"url\":\"https:\\\/\\\/lemaraichermoderne.com\\\/en\\\/\",\"logo\":{\"@type\":\"ImageObject\",\"inLanguage\":\"en-US\",\"@id\":\"https:\\\/\\\/lemaraichermoderne.com\\\/en\\\/#\\\/schema\\\/logo\\\/image\\\/\",\"url\":\"https:\\\/\\\/lemaraichermoderne.com\\\/wp-content\\\/uploads\\\/2023\\\/03\\\/logo_mm1.png\",\"contentUrl\":\"https:\\\/\\\/lemaraichermoderne.com\\\/wp-content\\\/uploads\\\/2023\\\/03\\\/logo_mm1.png\",\"width\":500,\"height\":222,\"caption\":\"Le Mara\u00eecher Moderne\"},\"image\":{\"@id\":\"https:\\\/\\\/lemaraichermoderne.com\\\/en\\\/#\\\/schema\\\/logo\\\/image\\\/\"},\"sameAs\":[\"https:\\\/\\\/www.facebook.com\\\/lemaraichermoderne\",\"https:\\\/\\\/www.instagram.com\\\/lemaraichermoderne\"]}]}<\/script>\n<!-- \/ Yoast SEO plugin. -->","yoast_head_json":{"title":"Tuyau Bleu 1\/2\" int. - Le Mara\u00eecher Moderne","robots":{"index":"index","follow":"follow","max-snippet":"max-snippet:-1","max-image-preview":"max-image-preview:large","max-video-preview":"max-video-preview:-1"},"canonical":"https:\/\/lemaraichermoderne.com\/en\/produit\/tuyau-bleu-1-2-int\/","og_locale":"en_US","og_type":"article","og_title":"Tuyau Bleu 1\/2\" int. - Le Mara\u00eecher Moderne","og_description":"$1.75 \/ pied Paroi translucide color\u00e9e pour une inspection facile et une visibilit\u00e9 optimale du d\u00e9bit. Tr\u00e8s flexible : id\u00e9al pour travailler dans des espaces confin\u00e9s ; permet \u00e0 l'installateur de r\u00e9aliser des virages serr\u00e9s et fluides ; gain de temps et de main-d'\u0153uvre. R\u00e9sistant aux produits chimiques ; non marquant, non conducteur et sans [&hellip;]","og_url":"https:\/\/lemaraichermoderne.com\/en\/produit\/tuyau-bleu-1-2-int\/","og_site_name":"Le Mara\u00eecher Moderne","article_publisher":"https:\/\/www.facebook.com\/lemaraichermoderne","article_modified_time":"2026-04-10T15:40:54+00:00","og_image":[{"width":145,"height":145,"url":"https:\/\/lemaraichermoderne.com\/wp-content\/uploads\/2025\/04\/blue-hydromaxx-hydroponic-irrigation-tubing-1404012100-64_145.jpg","type":"image\/jpeg"}],"twitter_card":"summary_large_image","twitter_misc":{"Est. reading time":"1 minute"},"schema":{"@context":"https:\/\/schema.org","@graph":[{"@type":"WebPage","@id":"https:\/\/lemaraichermoderne.com\/en\/produit\/tuyau-bleu-1-2-int\/","url":"https:\/\/lemaraichermoderne.com\/en\/produit\/tuyau-bleu-1-2-int\/","name":"Tuyau Bleu 1\/2\" int. - Le Mara\u00eecher Moderne","isPartOf":{"@id":"https:\/\/lemaraichermoderne.com\/en\/#website"},"primaryImageOfPage":{"@id":"https:\/\/lemaraichermoderne.com\/en\/produit\/tuyau-bleu-1-2-int\/#primaryimage"},"image":{"@id":"https:\/\/lemaraichermoderne.com\/en\/produit\/tuyau-bleu-1-2-int\/#primaryimage"},"thumbnailUrl":"https:\/\/lemaraichermoderne.com\/wp-content\/uploads\/2025\/04\/blue-hydromaxx-hydroponic-irrigation-tubing-1404012100-64_145.jpg","datePublished":"2025-04-26T14:06:52+00:00","dateModified":"2026-04-10T15:40:54+00:00","breadcrumb":{"@id":"https:\/\/lemaraichermoderne.com\/en\/produit\/tuyau-bleu-1-2-int\/#breadcrumb"},"inLanguage":"en-US","potentialAction":[{"@type":"ReadAction","target":["https:\/\/lemaraichermoderne.com\/en\/produit\/tuyau-bleu-1-2-int\/"]}]},{"@type":"ImageObject","inLanguage":"en-US","@id":"https:\/\/lemaraichermoderne.com\/en\/produit\/tuyau-bleu-1-2-int\/#primaryimage","url":"https:\/\/lemaraichermoderne.com\/wp-content\/uploads\/2025\/04\/blue-hydromaxx-hydroponic-irrigation-tubing-1404012100-64_145.jpg","contentUrl":"https:\/\/lemaraichermoderne.com\/wp-content\/uploads\/2025\/04\/blue-hydromaxx-hydroponic-irrigation-tubing-1404012100-64_145.jpg","width":145,"height":145},{"@type":"BreadcrumbList","@id":"https:\/\/lemaraichermoderne.com\/en\/produit\/tuyau-bleu-1-2-int\/#breadcrumb","itemListElement":[{"@type":"ListItem","position":1,"name":"Accueil","item":"https:\/\/lemaraichermoderne.com\/en\/"},{"@type":"ListItem","position":2,"name":"Boutique","item":"https:\/\/lemaraichermoderne.com\/boutique\/"},{"@type":"ListItem","position":3,"name":"Tuyau Bleu 1\/2&Prime; int."}]},{"@type":"WebSite","@id":"https:\/\/lemaraichermoderne.com\/en\/#website","url":"https:\/\/lemaraichermoderne.com\/en\/","name":"Le Mara\u00eecher Moderne","description":"R\u00e9f\u00e9rence en hydroponie \u00e0 Qu\u00e9bec","publisher":{"@id":"https:\/\/lemaraichermoderne.com\/en\/#organization"},"potentialAction":[{"@type":"SearchAction","target":{"@type":"EntryPoint","urlTemplate":"https:\/\/lemaraichermoderne.com\/en\/?s={search_term_string}"},"query-input":{"@type":"PropertyValueSpecification","valueRequired":true,"valueName":"search_term_string"}}],"inLanguage":"en-US"},{"@type":"Organization","@id":"https:\/\/lemaraichermoderne.com\/en\/#organization","name":"Le Mara\u00eecher Moderne","url":"https:\/\/lemaraichermoderne.com\/en\/","logo":{"@type":"ImageObject","inLanguage":"en-US","@id":"https:\/\/lemaraichermoderne.com\/en\/#\/schema\/logo\/image\/","url":"https:\/\/lemaraichermoderne.com\/wp-content\/uploads\/2023\/03\/logo_mm1.png","contentUrl":"https:\/\/lemaraichermoderne.com\/wp-content\/uploads\/2023\/03\/logo_mm1.png","width":500,"height":222,"caption":"Le Mara\u00eecher Moderne"},"image":{"@id":"https:\/\/lemaraichermoderne.com\/en\/#\/schema\/logo\/image\/"},"sameAs":["https:\/\/www.facebook.com\/lemaraichermoderne","https:\/\/www.instagram.com\/lemaraichermoderne"]}]}},"_links":{"self":[{"href":"https:\/\/lemaraichermoderne.com\/en\/wp-json\/wp\/v2\/product\/8353","targetHints":{"allow":["GET"]}}],"collection":[{"href":"https:\/\/lemaraichermoderne.com\/en\/wp-json\/wp\/v2\/product"}],"about":[{"href":"https:\/\/lemaraichermoderne.com\/en\/wp-json\/wp\/v2\/types\/product"}],"wp:featuredmedia":[{"embeddable":true,"href":"https:\/\/lemaraichermoderne.com\/en\/wp-json\/wp\/v2\/media\/8354"}],"wp:attachment":[{"href":"https:\/\/lemaraichermoderne.com\/en\/wp-json\/wp\/v2\/media?parent=8353"}],"wp:term":[{"taxonomy":"product_brand","embeddable":true,"href":"https:\/\/lemaraichermoderne.com\/en\/wp-json\/wp\/v2\/product_brand?post=8353"},{"taxonomy":"product_cat","embeddable":true,"href":"https:\/\/lemaraichermoderne.com\/en\/wp-json\/wp\/v2\/product_cat?post=8353"},{"taxonomy":"product_tag","embeddable":true,"href":"https:\/\/lemaraichermoderne.com\/en\/wp-json\/wp\/v2\/product_tag?post=8353"}],"curies":[{"name":"wp","href":"https:\/\/api.w.org\/{rel}","templated":true}]}}