{"id":8401,"date":"2025-05-07T12:25:50","date_gmt":"2025-05-07T16:25:50","guid":{"rendered":"https:\/\/lemaraichermoderne.com\/?post_type=product&#038;p=8401"},"modified":"2025-09-19T13:12:25","modified_gmt":"2025-09-19T17:12:25","slug":"engrais-de-fumier-de-vers-liquide","status":"publish","type":"product","link":"https:\/\/lemaraichermoderne.com\/en\/produit\/engrais-de-fumier-de-vers-liquide\/","title":{"rendered":"Engrais de fumier de vers liquide"},"content":{"rendered":"<p>Donnez \u00e0 vos plantes le coup de pouce qu\u2019elles m\u00e9ritent avec le Compost liquide de vers de terre de Fred T. Lizer \u2013 un engrais biologique \u00e0 base d\u2019extrait de compost de vers de terre certifi\u00e9, enrichi de cannelle et de curcuma. Con\u00e7u pour l\u2019enracinement, les semis, les boutures, la floraison et m\u00eame pour redonner vie aux plantes d\u2019int\u00e9rieur fatigu\u00e9es, cet \u00e9lixir nourrit de la racine \u00e0 la floraison.<\/p>\n<p>Diluer et appliquer toutes les 1 \u00e0 2 semaines pour une vitalit\u00e9 visible et une croissance luxuriante, que vous jardiniez en terre ou en hydroponie. Avec un parfum \u00e9tonnamment agr\u00e9able et une formule naturelle riche, c\u2019est la preuve que les bio-fertilisants n\u2019ont pas besoin de sentir mauvais pour faire des merveilles.<\/p>\n<p>&nbsp;<\/p>\n<ul>\n<li>Le composte de fumier de vers liquide Fred T. Lizer est une dose de magie pour vos plantes. Non seulement il apporte tout les bien faits que les vers de terres procurent aux cultures, mais il est additionn\u00e9 de curcuma et de cannelle, 2 \u00e9pices reconnu pour leurs mol\u00e9cules aromantiques stimulantes et protectrices.<\/li>\n<li>\u00c7a formule liquide est id\u00e9al pour les Plantes d\u2019int\u00e9rieurs, les plantes en pots, les syst\u00e8mes hydroponiques et tout autre endroit ou l\u2019utilisation de vers de terres n\u2019est pas possible.<\/li>\n<\/ul>\n<p>&nbsp;<\/p>\n<ul>\n<li>Il est aussi recommand\u00e9 pour le r\u00e9tablissement de plantes malades<\/li>\n<\/ul>\n<p>Diluer \u00e0 raison de 20ml par 1 litre d\u2019eau, appliquer au 2 semaines<\/p>\n<p>&nbsp;<\/p>\n<ul>\n<li>Enracinement, semis, boutures, croissance et floraison<\/li>\n<\/ul>\n<p>Diluer \u00e0 raison de 5ml par 1 litre d\u2019eau, appliquer une fois semaines<\/p>\n<p>&nbsp;<\/p>\n<p>Fabriqu\u00e9 au Canada<\/p>\n","protected":false},"excerpt":{"rendered":"<p>Donnez \u00e0 vos plantes le coup de pouce qu\u2019elles m\u00e9ritent avec le Compost liquide de vers de terre de Fred T. Lizer \u2013 un engrais biologique \u00e0 base d\u2019extrait de compost de vers de terre certifi\u00e9, enrichi de cannelle et de curcuma. Con\u00e7u pour l\u2019enracinement, les semis, les boutures, la floraison et m\u00eame pour redonner [&hellip;]<\/p>\n","protected":false},"featured_media":8402,"template":"","meta":[],"product_brand":[],"product_cat":[21],"product_tag":[],"class_list":{"0":"post-8401","1":"product","2":"type-product","3":"status-publish","4":"has-post-thumbnail","6":"product_cat-nutriments","8":"first","9":"instock","10":"taxable","11":"shipping-taxable","12":"purchasable","13":"product-type-simple"},"yoast_head":"<!-- This site is optimized with the Yoast SEO plugin v27.4 - https:\/\/yoast.com\/product\/yoast-seo-wordpress\/ -->\n<title>Engrais de fumier de vers liquide - Le Mara\u00eecher Moderne<\/title>\n<meta name=\"robots\" content=\"index, follow, max-snippet:-1, max-image-preview:large, max-video-preview:-1\" \/>\n<link rel=\"canonical\" href=\"https:\/\/lemaraichermoderne.com\/en\/produit\/engrais-de-fumier-de-vers-liquide\/\" \/>\n<meta property=\"og:locale\" content=\"en_US\" \/>\n<meta property=\"og:type\" content=\"article\" \/>\n<meta property=\"og:title\" content=\"Engrais de fumier de vers liquide - Le Mara\u00eecher Moderne\" \/>\n<meta property=\"og:description\" content=\"Donnez \u00e0 vos plantes le coup de pouce qu\u2019elles m\u00e9ritent avec le Compost liquide de vers de terre de Fred T. Lizer \u2013 un engrais biologique \u00e0 base d\u2019extrait de compost de vers de terre certifi\u00e9, enrichi de cannelle et de curcuma. Con\u00e7u pour l\u2019enracinement, les semis, les boutures, la floraison et m\u00eame pour redonner [&hellip;]\" \/>\n<meta property=\"og:url\" content=\"https:\/\/lemaraichermoderne.com\/en\/produit\/engrais-de-fumier-de-vers-liquide\/\" \/>\n<meta property=\"og:site_name\" content=\"Le Mara\u00eecher Moderne\" \/>\n<meta property=\"article:publisher\" content=\"https:\/\/www.facebook.com\/lemaraichermoderne\" \/>\n<meta property=\"article:modified_time\" content=\"2025-09-19T17:12:25+00:00\" \/>\n<meta property=\"og:image\" content=\"https:\/\/lemaraichermoderne.com\/wp-content\/uploads\/2025\/05\/fumier-vers.png\" \/>\n\t<meta property=\"og:image:width\" content=\"800\" \/>\n\t<meta property=\"og:image:height\" content=\"600\" \/>\n\t<meta property=\"og:image:type\" content=\"image\/png\" \/>\n<meta name=\"twitter:card\" content=\"summary_large_image\" \/>\n<meta name=\"twitter:label1\" content=\"Est. reading time\" \/>\n\t<meta name=\"twitter:data1\" content=\"2 minutes\" \/>\n<script type=\"application\/ld+json\" class=\"yoast-schema-graph\">{\"@context\":\"https:\\\/\\\/schema.org\",\"@graph\":[{\"@type\":\"WebPage\",\"@id\":\"https:\\\/\\\/lemaraichermoderne.com\\\/en\\\/produit\\\/engrais-de-fumier-de-vers-liquide\\\/\",\"url\":\"https:\\\/\\\/lemaraichermoderne.com\\\/en\\\/produit\\\/engrais-de-fumier-de-vers-liquide\\\/\",\"name\":\"Engrais de fumier de vers liquide - Le Mara\u00eecher Moderne\",\"isPartOf\":{\"@id\":\"https:\\\/\\\/lemaraichermoderne.com\\\/en\\\/#website\"},\"primaryImageOfPage\":{\"@id\":\"https:\\\/\\\/lemaraichermoderne.com\\\/en\\\/produit\\\/engrais-de-fumier-de-vers-liquide\\\/#primaryimage\"},\"image\":{\"@id\":\"https:\\\/\\\/lemaraichermoderne.com\\\/en\\\/produit\\\/engrais-de-fumier-de-vers-liquide\\\/#primaryimage\"},\"thumbnailUrl\":\"https:\\\/\\\/lemaraichermoderne.com\\\/wp-content\\\/uploads\\\/2025\\\/05\\\/fumier-vers.png\",\"datePublished\":\"2025-05-07T16:25:50+00:00\",\"dateModified\":\"2025-09-19T17:12:25+00:00\",\"breadcrumb\":{\"@id\":\"https:\\\/\\\/lemaraichermoderne.com\\\/en\\\/produit\\\/engrais-de-fumier-de-vers-liquide\\\/#breadcrumb\"},\"inLanguage\":\"en-US\",\"potentialAction\":[{\"@type\":\"ReadAction\",\"target\":[\"https:\\\/\\\/lemaraichermoderne.com\\\/en\\\/produit\\\/engrais-de-fumier-de-vers-liquide\\\/\"]}]},{\"@type\":\"ImageObject\",\"inLanguage\":\"en-US\",\"@id\":\"https:\\\/\\\/lemaraichermoderne.com\\\/en\\\/produit\\\/engrais-de-fumier-de-vers-liquide\\\/#primaryimage\",\"url\":\"https:\\\/\\\/lemaraichermoderne.com\\\/wp-content\\\/uploads\\\/2025\\\/05\\\/fumier-vers.png\",\"contentUrl\":\"https:\\\/\\\/lemaraichermoderne.com\\\/wp-content\\\/uploads\\\/2025\\\/05\\\/fumier-vers.png\",\"width\":800,\"height\":600},{\"@type\":\"BreadcrumbList\",\"@id\":\"https:\\\/\\\/lemaraichermoderne.com\\\/en\\\/produit\\\/engrais-de-fumier-de-vers-liquide\\\/#breadcrumb\",\"itemListElement\":[{\"@type\":\"ListItem\",\"position\":1,\"name\":\"Accueil\",\"item\":\"https:\\\/\\\/lemaraichermoderne.com\\\/en\\\/\"},{\"@type\":\"ListItem\",\"position\":2,\"name\":\"Boutique\",\"item\":\"https:\\\/\\\/lemaraichermoderne.com\\\/boutique\\\/\"},{\"@type\":\"ListItem\",\"position\":3,\"name\":\"Engrais de fumier de vers liquide\"}]},{\"@type\":\"WebSite\",\"@id\":\"https:\\\/\\\/lemaraichermoderne.com\\\/en\\\/#website\",\"url\":\"https:\\\/\\\/lemaraichermoderne.com\\\/en\\\/\",\"name\":\"Le Mara\u00eecher Moderne\",\"description\":\"R\u00e9f\u00e9rence en hydroponie \u00e0 Qu\u00e9bec\",\"publisher\":{\"@id\":\"https:\\\/\\\/lemaraichermoderne.com\\\/en\\\/#organization\"},\"potentialAction\":[{\"@type\":\"SearchAction\",\"target\":{\"@type\":\"EntryPoint\",\"urlTemplate\":\"https:\\\/\\\/lemaraichermoderne.com\\\/en\\\/?s={search_term_string}\"},\"query-input\":{\"@type\":\"PropertyValueSpecification\",\"valueRequired\":true,\"valueName\":\"search_term_string\"}}],\"inLanguage\":\"en-US\"},{\"@type\":\"Organization\",\"@id\":\"https:\\\/\\\/lemaraichermoderne.com\\\/en\\\/#organization\",\"name\":\"Le Mara\u00eecher Moderne\",\"url\":\"https:\\\/\\\/lemaraichermoderne.com\\\/en\\\/\",\"logo\":{\"@type\":\"ImageObject\",\"inLanguage\":\"en-US\",\"@id\":\"https:\\\/\\\/lemaraichermoderne.com\\\/en\\\/#\\\/schema\\\/logo\\\/image\\\/\",\"url\":\"https:\\\/\\\/lemaraichermoderne.com\\\/wp-content\\\/uploads\\\/2023\\\/03\\\/logo_mm1.png\",\"contentUrl\":\"https:\\\/\\\/lemaraichermoderne.com\\\/wp-content\\\/uploads\\\/2023\\\/03\\\/logo_mm1.png\",\"width\":500,\"height\":222,\"caption\":\"Le Mara\u00eecher Moderne\"},\"image\":{\"@id\":\"https:\\\/\\\/lemaraichermoderne.com\\\/en\\\/#\\\/schema\\\/logo\\\/image\\\/\"},\"sameAs\":[\"https:\\\/\\\/www.facebook.com\\\/lemaraichermoderne\",\"https:\\\/\\\/www.instagram.com\\\/lemaraichermoderne\"]}]}<\/script>\n<!-- \/ Yoast SEO plugin. -->","yoast_head_json":{"title":"Engrais de fumier de vers liquide - Le Mara\u00eecher Moderne","robots":{"index":"index","follow":"follow","max-snippet":"max-snippet:-1","max-image-preview":"max-image-preview:large","max-video-preview":"max-video-preview:-1"},"canonical":"https:\/\/lemaraichermoderne.com\/en\/produit\/engrais-de-fumier-de-vers-liquide\/","og_locale":"en_US","og_type":"article","og_title":"Engrais de fumier de vers liquide - Le Mara\u00eecher Moderne","og_description":"Donnez \u00e0 vos plantes le coup de pouce qu\u2019elles m\u00e9ritent avec le Compost liquide de vers de terre de Fred T. Lizer \u2013 un engrais biologique \u00e0 base d\u2019extrait de compost de vers de terre certifi\u00e9, enrichi de cannelle et de curcuma. Con\u00e7u pour l\u2019enracinement, les semis, les boutures, la floraison et m\u00eame pour redonner [&hellip;]","og_url":"https:\/\/lemaraichermoderne.com\/en\/produit\/engrais-de-fumier-de-vers-liquide\/","og_site_name":"Le Mara\u00eecher Moderne","article_publisher":"https:\/\/www.facebook.com\/lemaraichermoderne","article_modified_time":"2025-09-19T17:12:25+00:00","og_image":[{"width":800,"height":600,"url":"https:\/\/lemaraichermoderne.com\/wp-content\/uploads\/2025\/05\/fumier-vers.png","type":"image\/png"}],"twitter_card":"summary_large_image","twitter_misc":{"Est. reading time":"2 minutes"},"schema":{"@context":"https:\/\/schema.org","@graph":[{"@type":"WebPage","@id":"https:\/\/lemaraichermoderne.com\/en\/produit\/engrais-de-fumier-de-vers-liquide\/","url":"https:\/\/lemaraichermoderne.com\/en\/produit\/engrais-de-fumier-de-vers-liquide\/","name":"Engrais de fumier de vers liquide - Le Mara\u00eecher Moderne","isPartOf":{"@id":"https:\/\/lemaraichermoderne.com\/en\/#website"},"primaryImageOfPage":{"@id":"https:\/\/lemaraichermoderne.com\/en\/produit\/engrais-de-fumier-de-vers-liquide\/#primaryimage"},"image":{"@id":"https:\/\/lemaraichermoderne.com\/en\/produit\/engrais-de-fumier-de-vers-liquide\/#primaryimage"},"thumbnailUrl":"https:\/\/lemaraichermoderne.com\/wp-content\/uploads\/2025\/05\/fumier-vers.png","datePublished":"2025-05-07T16:25:50+00:00","dateModified":"2025-09-19T17:12:25+00:00","breadcrumb":{"@id":"https:\/\/lemaraichermoderne.com\/en\/produit\/engrais-de-fumier-de-vers-liquide\/#breadcrumb"},"inLanguage":"en-US","potentialAction":[{"@type":"ReadAction","target":["https:\/\/lemaraichermoderne.com\/en\/produit\/engrais-de-fumier-de-vers-liquide\/"]}]},{"@type":"ImageObject","inLanguage":"en-US","@id":"https:\/\/lemaraichermoderne.com\/en\/produit\/engrais-de-fumier-de-vers-liquide\/#primaryimage","url":"https:\/\/lemaraichermoderne.com\/wp-content\/uploads\/2025\/05\/fumier-vers.png","contentUrl":"https:\/\/lemaraichermoderne.com\/wp-content\/uploads\/2025\/05\/fumier-vers.png","width":800,"height":600},{"@type":"BreadcrumbList","@id":"https:\/\/lemaraichermoderne.com\/en\/produit\/engrais-de-fumier-de-vers-liquide\/#breadcrumb","itemListElement":[{"@type":"ListItem","position":1,"name":"Accueil","item":"https:\/\/lemaraichermoderne.com\/en\/"},{"@type":"ListItem","position":2,"name":"Boutique","item":"https:\/\/lemaraichermoderne.com\/boutique\/"},{"@type":"ListItem","position":3,"name":"Engrais de fumier de vers liquide"}]},{"@type":"WebSite","@id":"https:\/\/lemaraichermoderne.com\/en\/#website","url":"https:\/\/lemaraichermoderne.com\/en\/","name":"Le Mara\u00eecher Moderne","description":"R\u00e9f\u00e9rence en hydroponie \u00e0 Qu\u00e9bec","publisher":{"@id":"https:\/\/lemaraichermoderne.com\/en\/#organization"},"potentialAction":[{"@type":"SearchAction","target":{"@type":"EntryPoint","urlTemplate":"https:\/\/lemaraichermoderne.com\/en\/?s={search_term_string}"},"query-input":{"@type":"PropertyValueSpecification","valueRequired":true,"valueName":"search_term_string"}}],"inLanguage":"en-US"},{"@type":"Organization","@id":"https:\/\/lemaraichermoderne.com\/en\/#organization","name":"Le Mara\u00eecher Moderne","url":"https:\/\/lemaraichermoderne.com\/en\/","logo":{"@type":"ImageObject","inLanguage":"en-US","@id":"https:\/\/lemaraichermoderne.com\/en\/#\/schema\/logo\/image\/","url":"https:\/\/lemaraichermoderne.com\/wp-content\/uploads\/2023\/03\/logo_mm1.png","contentUrl":"https:\/\/lemaraichermoderne.com\/wp-content\/uploads\/2023\/03\/logo_mm1.png","width":500,"height":222,"caption":"Le Mara\u00eecher Moderne"},"image":{"@id":"https:\/\/lemaraichermoderne.com\/en\/#\/schema\/logo\/image\/"},"sameAs":["https:\/\/www.facebook.com\/lemaraichermoderne","https:\/\/www.instagram.com\/lemaraichermoderne"]}]}},"_links":{"self":[{"href":"https:\/\/lemaraichermoderne.com\/en\/wp-json\/wp\/v2\/product\/8401","targetHints":{"allow":["GET"]}}],"collection":[{"href":"https:\/\/lemaraichermoderne.com\/en\/wp-json\/wp\/v2\/product"}],"about":[{"href":"https:\/\/lemaraichermoderne.com\/en\/wp-json\/wp\/v2\/types\/product"}],"wp:featuredmedia":[{"embeddable":true,"href":"https:\/\/lemaraichermoderne.com\/en\/wp-json\/wp\/v2\/media\/8402"}],"wp:attachment":[{"href":"https:\/\/lemaraichermoderne.com\/en\/wp-json\/wp\/v2\/media?parent=8401"}],"wp:term":[{"taxonomy":"product_brand","embeddable":true,"href":"https:\/\/lemaraichermoderne.com\/en\/wp-json\/wp\/v2\/product_brand?post=8401"},{"taxonomy":"product_cat","embeddable":true,"href":"https:\/\/lemaraichermoderne.com\/en\/wp-json\/wp\/v2\/product_cat?post=8401"},{"taxonomy":"product_tag","embeddable":true,"href":"https:\/\/lemaraichermoderne.com\/en\/wp-json\/wp\/v2\/product_tag?post=8401"}],"curies":[{"name":"wp","href":"https:\/\/api.w.org\/{rel}","templated":true}]}}