{"id":8404,"date":"2025-05-07T12:26:38","date_gmt":"2025-05-07T16:26:38","guid":{"rendered":"https:\/\/lemaraichermoderne.com\/?post_type=product&#038;p=8404"},"modified":"2026-02-08T13:28:44","modified_gmt":"2026-02-08T18:28:44","slug":"engrais-algue-marine","status":"publish","type":"product","link":"https:\/\/lemaraichermoderne.com\/en\/produit\/engrais-algue-marine\/","title":{"rendered":"Engrais algue marine"},"content":{"rendered":"<p>Donnez vie \u00e0 votre jardin avec l\u2019engrais organique aux algues de Fred T. Lizer, un extrait \u00e0 base d\u2019algues de premi\u00e8re qualit\u00e9 con\u00e7u pour une croissance dynamique et des plantes plus saines. R\u00e9colt\u00e9e \u00e0 partir d\u2019Ascophyllum nodosum, cette formule naturelle de 500 ml favorise la croissance des fleurs, des l\u00e9gumes, des haies et des plantes d\u2019int\u00e9rieur.<\/p>\n<p>Utilisez le toutes les semaines ou toutes les deux semaines \u2013 il est facile \u00e0 diluer et donne des r\u00e9sultats visibles. Avec sa composition propre et son parfum \u00e9tonnamment agr\u00e9able, c\u2019est un engrais que vous n\u2019h\u00e9siterez pas \u00e0 utiliser r\u00e9guli\u00e8rement.<\/p>\n<p>Fabriqu\u00e9e au Canada, cette formule respectueuse de l\u2019environnement fait partie de la famille des biofertilisants Fred T. Lizer \u2013 un m\u00e9lange de nature, de science et de passion pour les plantes dans chaque bouteille.<\/p>\n<p>Plantes d\u2019int\u00e9rieurs, plantes en pot<\/p>\n<p>Diluer \u00e0 raison de 5ml par 1 litre d\u2019eau<\/p>\n<p>Appliquer au 2 semaines<\/p>\n<p>&nbsp;<\/p>\n<p>Plantes \u00e0 fleurs, jardins, haies et pelouses<\/p>\n<p>Diluer \u00e0 raison de 5ml par 1 litre d\u2019eau<\/p>\n<p>Appliquer une fois semaines<\/p>\n<p>&nbsp;<\/p>\n","protected":false},"excerpt":{"rendered":"<p>Donnez vie \u00e0 votre jardin avec l\u2019engrais organique aux algues de Fred T. Lizer, un extrait \u00e0 base d\u2019algues de premi\u00e8re qualit\u00e9 con\u00e7u pour une croissance dynamique et des plantes plus saines. R\u00e9colt\u00e9e \u00e0 partir d\u2019Ascophyllum nodosum, cette formule naturelle de 500 ml favorise la croissance des fleurs, des l\u00e9gumes, des haies et des plantes [&hellip;]<\/p>\n","protected":false},"featured_media":8405,"template":"","meta":[],"product_brand":[],"product_cat":[21],"product_tag":[],"class_list":{"0":"post-8404","1":"product","2":"type-product","3":"status-publish","4":"has-post-thumbnail","6":"product_cat-nutriments","8":"first","9":"instock","10":"taxable","11":"shipping-taxable","12":"purchasable","13":"product-type-simple"},"yoast_head":"<!-- This site is optimized with the Yoast SEO plugin v27.4 - https:\/\/yoast.com\/product\/yoast-seo-wordpress\/ -->\n<title>Engrais algue marine - Le Mara\u00eecher Moderne<\/title>\n<meta name=\"robots\" content=\"index, follow, max-snippet:-1, max-image-preview:large, max-video-preview:-1\" \/>\n<link rel=\"canonical\" href=\"https:\/\/lemaraichermoderne.com\/en\/produit\/engrais-algue-marine\/\" \/>\n<meta property=\"og:locale\" content=\"en_US\" \/>\n<meta property=\"og:type\" content=\"article\" \/>\n<meta property=\"og:title\" content=\"Engrais algue marine - Le Mara\u00eecher Moderne\" \/>\n<meta property=\"og:description\" content=\"Donnez vie \u00e0 votre jardin avec l\u2019engrais organique aux algues de Fred T. Lizer, un extrait \u00e0 base d\u2019algues de premi\u00e8re qualit\u00e9 con\u00e7u pour une croissance dynamique et des plantes plus saines. R\u00e9colt\u00e9e \u00e0 partir d\u2019Ascophyllum nodosum, cette formule naturelle de 500 ml favorise la croissance des fleurs, des l\u00e9gumes, des haies et des plantes [&hellip;]\" \/>\n<meta property=\"og:url\" content=\"https:\/\/lemaraichermoderne.com\/en\/produit\/engrais-algue-marine\/\" \/>\n<meta property=\"og:site_name\" content=\"Le Mara\u00eecher Moderne\" \/>\n<meta property=\"article:publisher\" content=\"https:\/\/www.facebook.com\/lemaraichermoderne\" \/>\n<meta property=\"article:modified_time\" content=\"2026-02-08T18:28:44+00:00\" \/>\n<meta property=\"og:image\" content=\"https:\/\/lemaraichermoderne.com\/wp-content\/uploads\/2025\/05\/algue-marine.png\" \/>\n\t<meta property=\"og:image:width\" content=\"800\" \/>\n\t<meta property=\"og:image:height\" content=\"600\" \/>\n\t<meta property=\"og:image:type\" content=\"image\/png\" \/>\n<meta name=\"twitter:card\" content=\"summary_large_image\" \/>\n<meta name=\"twitter:label1\" content=\"Est. reading time\" \/>\n\t<meta name=\"twitter:data1\" content=\"2 minutes\" \/>\n<script type=\"application\/ld+json\" class=\"yoast-schema-graph\">{\"@context\":\"https:\\\/\\\/schema.org\",\"@graph\":[{\"@type\":\"WebPage\",\"@id\":\"https:\\\/\\\/lemaraichermoderne.com\\\/en\\\/produit\\\/engrais-algue-marine\\\/\",\"url\":\"https:\\\/\\\/lemaraichermoderne.com\\\/en\\\/produit\\\/engrais-algue-marine\\\/\",\"name\":\"Engrais algue marine - Le Mara\u00eecher Moderne\",\"isPartOf\":{\"@id\":\"https:\\\/\\\/lemaraichermoderne.com\\\/en\\\/#website\"},\"primaryImageOfPage\":{\"@id\":\"https:\\\/\\\/lemaraichermoderne.com\\\/en\\\/produit\\\/engrais-algue-marine\\\/#primaryimage\"},\"image\":{\"@id\":\"https:\\\/\\\/lemaraichermoderne.com\\\/en\\\/produit\\\/engrais-algue-marine\\\/#primaryimage\"},\"thumbnailUrl\":\"https:\\\/\\\/lemaraichermoderne.com\\\/wp-content\\\/uploads\\\/2025\\\/05\\\/algue-marine.png\",\"datePublished\":\"2025-05-07T16:26:38+00:00\",\"dateModified\":\"2026-02-08T18:28:44+00:00\",\"breadcrumb\":{\"@id\":\"https:\\\/\\\/lemaraichermoderne.com\\\/en\\\/produit\\\/engrais-algue-marine\\\/#breadcrumb\"},\"inLanguage\":\"en-US\",\"potentialAction\":[{\"@type\":\"ReadAction\",\"target\":[\"https:\\\/\\\/lemaraichermoderne.com\\\/en\\\/produit\\\/engrais-algue-marine\\\/\"]}]},{\"@type\":\"ImageObject\",\"inLanguage\":\"en-US\",\"@id\":\"https:\\\/\\\/lemaraichermoderne.com\\\/en\\\/produit\\\/engrais-algue-marine\\\/#primaryimage\",\"url\":\"https:\\\/\\\/lemaraichermoderne.com\\\/wp-content\\\/uploads\\\/2025\\\/05\\\/algue-marine.png\",\"contentUrl\":\"https:\\\/\\\/lemaraichermoderne.com\\\/wp-content\\\/uploads\\\/2025\\\/05\\\/algue-marine.png\",\"width\":800,\"height\":600},{\"@type\":\"BreadcrumbList\",\"@id\":\"https:\\\/\\\/lemaraichermoderne.com\\\/en\\\/produit\\\/engrais-algue-marine\\\/#breadcrumb\",\"itemListElement\":[{\"@type\":\"ListItem\",\"position\":1,\"name\":\"Accueil\",\"item\":\"https:\\\/\\\/lemaraichermoderne.com\\\/en\\\/\"},{\"@type\":\"ListItem\",\"position\":2,\"name\":\"Boutique\",\"item\":\"https:\\\/\\\/lemaraichermoderne.com\\\/boutique\\\/\"},{\"@type\":\"ListItem\",\"position\":3,\"name\":\"Engrais algue marine\"}]},{\"@type\":\"WebSite\",\"@id\":\"https:\\\/\\\/lemaraichermoderne.com\\\/en\\\/#website\",\"url\":\"https:\\\/\\\/lemaraichermoderne.com\\\/en\\\/\",\"name\":\"Le Mara\u00eecher Moderne\",\"description\":\"R\u00e9f\u00e9rence en hydroponie \u00e0 Qu\u00e9bec\",\"publisher\":{\"@id\":\"https:\\\/\\\/lemaraichermoderne.com\\\/en\\\/#organization\"},\"potentialAction\":[{\"@type\":\"SearchAction\",\"target\":{\"@type\":\"EntryPoint\",\"urlTemplate\":\"https:\\\/\\\/lemaraichermoderne.com\\\/en\\\/?s={search_term_string}\"},\"query-input\":{\"@type\":\"PropertyValueSpecification\",\"valueRequired\":true,\"valueName\":\"search_term_string\"}}],\"inLanguage\":\"en-US\"},{\"@type\":\"Organization\",\"@id\":\"https:\\\/\\\/lemaraichermoderne.com\\\/en\\\/#organization\",\"name\":\"Le Mara\u00eecher Moderne\",\"url\":\"https:\\\/\\\/lemaraichermoderne.com\\\/en\\\/\",\"logo\":{\"@type\":\"ImageObject\",\"inLanguage\":\"en-US\",\"@id\":\"https:\\\/\\\/lemaraichermoderne.com\\\/en\\\/#\\\/schema\\\/logo\\\/image\\\/\",\"url\":\"https:\\\/\\\/lemaraichermoderne.com\\\/wp-content\\\/uploads\\\/2023\\\/03\\\/logo_mm1.png\",\"contentUrl\":\"https:\\\/\\\/lemaraichermoderne.com\\\/wp-content\\\/uploads\\\/2023\\\/03\\\/logo_mm1.png\",\"width\":500,\"height\":222,\"caption\":\"Le Mara\u00eecher Moderne\"},\"image\":{\"@id\":\"https:\\\/\\\/lemaraichermoderne.com\\\/en\\\/#\\\/schema\\\/logo\\\/image\\\/\"},\"sameAs\":[\"https:\\\/\\\/www.facebook.com\\\/lemaraichermoderne\",\"https:\\\/\\\/www.instagram.com\\\/lemaraichermoderne\"]}]}<\/script>\n<!-- \/ Yoast SEO plugin. -->","yoast_head_json":{"title":"Engrais algue marine - Le Mara\u00eecher Moderne","robots":{"index":"index","follow":"follow","max-snippet":"max-snippet:-1","max-image-preview":"max-image-preview:large","max-video-preview":"max-video-preview:-1"},"canonical":"https:\/\/lemaraichermoderne.com\/en\/produit\/engrais-algue-marine\/","og_locale":"en_US","og_type":"article","og_title":"Engrais algue marine - Le Mara\u00eecher Moderne","og_description":"Donnez vie \u00e0 votre jardin avec l\u2019engrais organique aux algues de Fred T. Lizer, un extrait \u00e0 base d\u2019algues de premi\u00e8re qualit\u00e9 con\u00e7u pour une croissance dynamique et des plantes plus saines. R\u00e9colt\u00e9e \u00e0 partir d\u2019Ascophyllum nodosum, cette formule naturelle de 500 ml favorise la croissance des fleurs, des l\u00e9gumes, des haies et des plantes [&hellip;]","og_url":"https:\/\/lemaraichermoderne.com\/en\/produit\/engrais-algue-marine\/","og_site_name":"Le Mara\u00eecher Moderne","article_publisher":"https:\/\/www.facebook.com\/lemaraichermoderne","article_modified_time":"2026-02-08T18:28:44+00:00","og_image":[{"width":800,"height":600,"url":"https:\/\/lemaraichermoderne.com\/wp-content\/uploads\/2025\/05\/algue-marine.png","type":"image\/png"}],"twitter_card":"summary_large_image","twitter_misc":{"Est. reading time":"2 minutes"},"schema":{"@context":"https:\/\/schema.org","@graph":[{"@type":"WebPage","@id":"https:\/\/lemaraichermoderne.com\/en\/produit\/engrais-algue-marine\/","url":"https:\/\/lemaraichermoderne.com\/en\/produit\/engrais-algue-marine\/","name":"Engrais algue marine - Le Mara\u00eecher Moderne","isPartOf":{"@id":"https:\/\/lemaraichermoderne.com\/en\/#website"},"primaryImageOfPage":{"@id":"https:\/\/lemaraichermoderne.com\/en\/produit\/engrais-algue-marine\/#primaryimage"},"image":{"@id":"https:\/\/lemaraichermoderne.com\/en\/produit\/engrais-algue-marine\/#primaryimage"},"thumbnailUrl":"https:\/\/lemaraichermoderne.com\/wp-content\/uploads\/2025\/05\/algue-marine.png","datePublished":"2025-05-07T16:26:38+00:00","dateModified":"2026-02-08T18:28:44+00:00","breadcrumb":{"@id":"https:\/\/lemaraichermoderne.com\/en\/produit\/engrais-algue-marine\/#breadcrumb"},"inLanguage":"en-US","potentialAction":[{"@type":"ReadAction","target":["https:\/\/lemaraichermoderne.com\/en\/produit\/engrais-algue-marine\/"]}]},{"@type":"ImageObject","inLanguage":"en-US","@id":"https:\/\/lemaraichermoderne.com\/en\/produit\/engrais-algue-marine\/#primaryimage","url":"https:\/\/lemaraichermoderne.com\/wp-content\/uploads\/2025\/05\/algue-marine.png","contentUrl":"https:\/\/lemaraichermoderne.com\/wp-content\/uploads\/2025\/05\/algue-marine.png","width":800,"height":600},{"@type":"BreadcrumbList","@id":"https:\/\/lemaraichermoderne.com\/en\/produit\/engrais-algue-marine\/#breadcrumb","itemListElement":[{"@type":"ListItem","position":1,"name":"Accueil","item":"https:\/\/lemaraichermoderne.com\/en\/"},{"@type":"ListItem","position":2,"name":"Boutique","item":"https:\/\/lemaraichermoderne.com\/boutique\/"},{"@type":"ListItem","position":3,"name":"Engrais algue marine"}]},{"@type":"WebSite","@id":"https:\/\/lemaraichermoderne.com\/en\/#website","url":"https:\/\/lemaraichermoderne.com\/en\/","name":"Le Mara\u00eecher Moderne","description":"R\u00e9f\u00e9rence en hydroponie \u00e0 Qu\u00e9bec","publisher":{"@id":"https:\/\/lemaraichermoderne.com\/en\/#organization"},"potentialAction":[{"@type":"SearchAction","target":{"@type":"EntryPoint","urlTemplate":"https:\/\/lemaraichermoderne.com\/en\/?s={search_term_string}"},"query-input":{"@type":"PropertyValueSpecification","valueRequired":true,"valueName":"search_term_string"}}],"inLanguage":"en-US"},{"@type":"Organization","@id":"https:\/\/lemaraichermoderne.com\/en\/#organization","name":"Le Mara\u00eecher Moderne","url":"https:\/\/lemaraichermoderne.com\/en\/","logo":{"@type":"ImageObject","inLanguage":"en-US","@id":"https:\/\/lemaraichermoderne.com\/en\/#\/schema\/logo\/image\/","url":"https:\/\/lemaraichermoderne.com\/wp-content\/uploads\/2023\/03\/logo_mm1.png","contentUrl":"https:\/\/lemaraichermoderne.com\/wp-content\/uploads\/2023\/03\/logo_mm1.png","width":500,"height":222,"caption":"Le Mara\u00eecher Moderne"},"image":{"@id":"https:\/\/lemaraichermoderne.com\/en\/#\/schema\/logo\/image\/"},"sameAs":["https:\/\/www.facebook.com\/lemaraichermoderne","https:\/\/www.instagram.com\/lemaraichermoderne"]}]}},"_links":{"self":[{"href":"https:\/\/lemaraichermoderne.com\/en\/wp-json\/wp\/v2\/product\/8404","targetHints":{"allow":["GET"]}}],"collection":[{"href":"https:\/\/lemaraichermoderne.com\/en\/wp-json\/wp\/v2\/product"}],"about":[{"href":"https:\/\/lemaraichermoderne.com\/en\/wp-json\/wp\/v2\/types\/product"}],"wp:featuredmedia":[{"embeddable":true,"href":"https:\/\/lemaraichermoderne.com\/en\/wp-json\/wp\/v2\/media\/8405"}],"wp:attachment":[{"href":"https:\/\/lemaraichermoderne.com\/en\/wp-json\/wp\/v2\/media?parent=8404"}],"wp:term":[{"taxonomy":"product_brand","embeddable":true,"href":"https:\/\/lemaraichermoderne.com\/en\/wp-json\/wp\/v2\/product_brand?post=8404"},{"taxonomy":"product_cat","embeddable":true,"href":"https:\/\/lemaraichermoderne.com\/en\/wp-json\/wp\/v2\/product_cat?post=8404"},{"taxonomy":"product_tag","embeddable":true,"href":"https:\/\/lemaraichermoderne.com\/en\/wp-json\/wp\/v2\/product_tag?post=8404"}],"curies":[{"name":"wp","href":"https:\/\/api.w.org\/{rel}","templated":true}]}}