{"id":8517,"date":"2025-05-22T10:27:43","date_gmt":"2025-05-22T14:27:43","guid":{"rendered":"https:\/\/lemaraichermoderne.com\/?post_type=product&#038;p=8517"},"modified":"2025-05-22T10:57:35","modified_gmt":"2025-05-22T14:57:35","slug":"nutri-croissance-4l-ab","status":"publish","type":"product","link":"https:\/\/lemaraichermoderne.com\/en\/produit\/nutri-croissance-4l-ab\/","title":{"rendered":"Nutri+ Croissance 4L A+B"},"content":{"rendered":"<div>NUTRI+\u00ae CROISSANCE<br \/>\nEngrais liquides tr\u00e8s concentr\u00e9s<\/div>\n<div><\/div>\n<div>Nos engrais liquides complets, contenant un m\u00e9lange \u00e9quilibr\u00e9 d&#8217;azote, de potassium ainsi que du calcium, du magn\u00e9sium et des oligo-\u00e9l\u00e9ments, permettent \u00e0 vos plantes de grandir au maximum, \u00e0 un co\u00fbt minimum. Ils peuvent \u00eatre utilis\u00e9s avec terreaux, m\u00e9langes sans terre, fibre de noix de coco et en culture hydroponique.<\/div>\n<div><\/div>\n<div>\n<ul>\n<li>Fabriqu\u00e9s \u00e0 partir d\u2019eau osmos\u00e9e assurant un produit de qualit\u00e9 et fiable. Sans chlore.<\/li>\n<li>Respectant des standards rigoureux de fabrication, nos engrais contiennent uniquement des sels min\u00e9raux de qualit\u00e9 sup\u00e9rieure sans contaminants ou m\u00e9taux lourds non voulus.<\/li>\n<li>Formule riche en calcium n\u00e9cessaire \u00e0 la production de racines saines et \u00e0 la fortification du syst\u00e8me immunitaire, et en magn\u00e9sium essentiel \u00e0 la production de chlorophylle.<\/li>\n<li>Engrais A + B \u00e9prouv\u00e9s depuis 25 ans dans l\u2019est du Canada.<\/li>\n<li>Facile \u00e0 utiliser, formule super concentr\u00e9e, \u00e9conomique.<\/li>\n<\/ul>\n<p>Croissance A (4-0-2), B (1-5-8)<\/p>\n<p><strong>APPLICATION<\/strong><br \/>\nAgiter avant l\u2019usage.<br \/>\nDosage: 2 ml de NUTRI+\u00ae CROISSANCE A et 2 ml de NUTRI+\u00ae CROISSANCE B par litre d\u2019eau.<br \/>\nAppliquer pendant toute la p\u00e9riode de croissance v\u00e9g\u00e9tative.<\/div>\n","protected":false},"excerpt":{"rendered":"<p>NUTRI+\u00ae CROISSANCE Engrais liquides tr\u00e8s concentr\u00e9s Nos engrais liquides complets, contenant un m\u00e9lange \u00e9quilibr\u00e9 d&#8217;azote, de potassium ainsi que du calcium, du magn\u00e9sium et des oligo-\u00e9l\u00e9ments, permettent \u00e0 vos plantes de grandir au maximum, \u00e0 un co\u00fbt minimum. Ils peuvent \u00eatre utilis\u00e9s avec terreaux, m\u00e9langes sans terre, fibre de noix de coco et en culture [&hellip;]<\/p>\n","protected":false},"featured_media":8519,"template":"","meta":[],"product_brand":[],"product_cat":[21],"product_tag":[],"class_list":{"0":"post-8517","1":"product","2":"type-product","3":"status-publish","4":"has-post-thumbnail","6":"product_cat-nutriments","8":"first","9":"outofstock","10":"taxable","11":"shipping-taxable","12":"purchasable","13":"product-type-simple"},"yoast_head":"<!-- This site is optimized with the Yoast SEO plugin v27.4 - https:\/\/yoast.com\/product\/yoast-seo-wordpress\/ -->\n<title>Nutri+ Croissance 4L A+B - Le Mara\u00eecher Moderne<\/title>\n<meta name=\"robots\" content=\"index, follow, max-snippet:-1, max-image-preview:large, max-video-preview:-1\" \/>\n<link rel=\"canonical\" href=\"https:\/\/lemaraichermoderne.com\/en\/produit\/nutri-croissance-4l-ab\/\" \/>\n<meta property=\"og:locale\" content=\"en_US\" \/>\n<meta property=\"og:type\" content=\"article\" \/>\n<meta property=\"og:title\" content=\"Nutri+ Croissance 4L A+B - Le Mara\u00eecher Moderne\" \/>\n<meta property=\"og:description\" content=\"NUTRI+\u00ae CROISSANCE Engrais liquides tr\u00e8s concentr\u00e9s Nos engrais liquides complets, contenant un m\u00e9lange \u00e9quilibr\u00e9 d&#8217;azote, de potassium ainsi que du calcium, du magn\u00e9sium et des oligo-\u00e9l\u00e9ments, permettent \u00e0 vos plantes de grandir au maximum, \u00e0 un co\u00fbt minimum. Ils peuvent \u00eatre utilis\u00e9s avec terreaux, m\u00e9langes sans terre, fibre de noix de coco et en culture [&hellip;]\" \/>\n<meta property=\"og:url\" content=\"https:\/\/lemaraichermoderne.com\/en\/produit\/nutri-croissance-4l-ab\/\" \/>\n<meta property=\"og:site_name\" content=\"Le Mara\u00eecher Moderne\" \/>\n<meta property=\"article:publisher\" content=\"https:\/\/www.facebook.com\/lemaraichermoderne\" \/>\n<meta property=\"article:modified_time\" content=\"2025-05-22T14:57:35+00:00\" \/>\n<meta property=\"og:image\" content=\"https:\/\/lemaraichermoderne.com\/wp-content\/uploads\/2025\/05\/60112-B.jpg\" \/>\n\t<meta property=\"og:image:width\" content=\"900\" \/>\n\t<meta property=\"og:image:height\" content=\"900\" \/>\n\t<meta property=\"og:image:type\" content=\"image\/jpeg\" \/>\n<meta name=\"twitter:card\" content=\"summary_large_image\" \/>\n<meta name=\"twitter:label1\" content=\"Est. reading time\" \/>\n\t<meta name=\"twitter:data1\" content=\"2 minutes\" \/>\n<script type=\"application\/ld+json\" class=\"yoast-schema-graph\">{\"@context\":\"https:\\\/\\\/schema.org\",\"@graph\":[{\"@type\":\"WebPage\",\"@id\":\"https:\\\/\\\/lemaraichermoderne.com\\\/en\\\/produit\\\/nutri-croissance-4l-ab\\\/\",\"url\":\"https:\\\/\\\/lemaraichermoderne.com\\\/en\\\/produit\\\/nutri-croissance-4l-ab\\\/\",\"name\":\"Nutri+ Croissance 4L A+B - Le Mara\u00eecher Moderne\",\"isPartOf\":{\"@id\":\"https:\\\/\\\/lemaraichermoderne.com\\\/en\\\/#website\"},\"primaryImageOfPage\":{\"@id\":\"https:\\\/\\\/lemaraichermoderne.com\\\/en\\\/produit\\\/nutri-croissance-4l-ab\\\/#primaryimage\"},\"image\":{\"@id\":\"https:\\\/\\\/lemaraichermoderne.com\\\/en\\\/produit\\\/nutri-croissance-4l-ab\\\/#primaryimage\"},\"thumbnailUrl\":\"https:\\\/\\\/lemaraichermoderne.com\\\/wp-content\\\/uploads\\\/2025\\\/05\\\/60112-B.jpg\",\"datePublished\":\"2025-05-22T14:27:43+00:00\",\"dateModified\":\"2025-05-22T14:57:35+00:00\",\"breadcrumb\":{\"@id\":\"https:\\\/\\\/lemaraichermoderne.com\\\/en\\\/produit\\\/nutri-croissance-4l-ab\\\/#breadcrumb\"},\"inLanguage\":\"en-US\",\"potentialAction\":[{\"@type\":\"ReadAction\",\"target\":[\"https:\\\/\\\/lemaraichermoderne.com\\\/en\\\/produit\\\/nutri-croissance-4l-ab\\\/\"]}]},{\"@type\":\"ImageObject\",\"inLanguage\":\"en-US\",\"@id\":\"https:\\\/\\\/lemaraichermoderne.com\\\/en\\\/produit\\\/nutri-croissance-4l-ab\\\/#primaryimage\",\"url\":\"https:\\\/\\\/lemaraichermoderne.com\\\/wp-content\\\/uploads\\\/2025\\\/05\\\/60112-B.jpg\",\"contentUrl\":\"https:\\\/\\\/lemaraichermoderne.com\\\/wp-content\\\/uploads\\\/2025\\\/05\\\/60112-B.jpg\",\"width\":900,\"height\":900},{\"@type\":\"BreadcrumbList\",\"@id\":\"https:\\\/\\\/lemaraichermoderne.com\\\/en\\\/produit\\\/nutri-croissance-4l-ab\\\/#breadcrumb\",\"itemListElement\":[{\"@type\":\"ListItem\",\"position\":1,\"name\":\"Accueil\",\"item\":\"https:\\\/\\\/lemaraichermoderne.com\\\/en\\\/\"},{\"@type\":\"ListItem\",\"position\":2,\"name\":\"Boutique\",\"item\":\"https:\\\/\\\/lemaraichermoderne.com\\\/boutique\\\/\"},{\"@type\":\"ListItem\",\"position\":3,\"name\":\"Nutri+ Croissance 4L A+B\"}]},{\"@type\":\"WebSite\",\"@id\":\"https:\\\/\\\/lemaraichermoderne.com\\\/en\\\/#website\",\"url\":\"https:\\\/\\\/lemaraichermoderne.com\\\/en\\\/\",\"name\":\"Le Mara\u00eecher Moderne\",\"description\":\"R\u00e9f\u00e9rence en hydroponie \u00e0 Qu\u00e9bec\",\"publisher\":{\"@id\":\"https:\\\/\\\/lemaraichermoderne.com\\\/en\\\/#organization\"},\"potentialAction\":[{\"@type\":\"SearchAction\",\"target\":{\"@type\":\"EntryPoint\",\"urlTemplate\":\"https:\\\/\\\/lemaraichermoderne.com\\\/en\\\/?s={search_term_string}\"},\"query-input\":{\"@type\":\"PropertyValueSpecification\",\"valueRequired\":true,\"valueName\":\"search_term_string\"}}],\"inLanguage\":\"en-US\"},{\"@type\":\"Organization\",\"@id\":\"https:\\\/\\\/lemaraichermoderne.com\\\/en\\\/#organization\",\"name\":\"Le Mara\u00eecher Moderne\",\"url\":\"https:\\\/\\\/lemaraichermoderne.com\\\/en\\\/\",\"logo\":{\"@type\":\"ImageObject\",\"inLanguage\":\"en-US\",\"@id\":\"https:\\\/\\\/lemaraichermoderne.com\\\/en\\\/#\\\/schema\\\/logo\\\/image\\\/\",\"url\":\"https:\\\/\\\/lemaraichermoderne.com\\\/wp-content\\\/uploads\\\/2023\\\/03\\\/logo_mm1.png\",\"contentUrl\":\"https:\\\/\\\/lemaraichermoderne.com\\\/wp-content\\\/uploads\\\/2023\\\/03\\\/logo_mm1.png\",\"width\":500,\"height\":222,\"caption\":\"Le Mara\u00eecher Moderne\"},\"image\":{\"@id\":\"https:\\\/\\\/lemaraichermoderne.com\\\/en\\\/#\\\/schema\\\/logo\\\/image\\\/\"},\"sameAs\":[\"https:\\\/\\\/www.facebook.com\\\/lemaraichermoderne\",\"https:\\\/\\\/www.instagram.com\\\/lemaraichermoderne\"]}]}<\/script>\n<!-- \/ Yoast SEO plugin. -->","yoast_head_json":{"title":"Nutri+ Croissance 4L A+B - Le Mara\u00eecher Moderne","robots":{"index":"index","follow":"follow","max-snippet":"max-snippet:-1","max-image-preview":"max-image-preview:large","max-video-preview":"max-video-preview:-1"},"canonical":"https:\/\/lemaraichermoderne.com\/en\/produit\/nutri-croissance-4l-ab\/","og_locale":"en_US","og_type":"article","og_title":"Nutri+ Croissance 4L A+B - Le Mara\u00eecher Moderne","og_description":"NUTRI+\u00ae CROISSANCE Engrais liquides tr\u00e8s concentr\u00e9s Nos engrais liquides complets, contenant un m\u00e9lange \u00e9quilibr\u00e9 d&#8217;azote, de potassium ainsi que du calcium, du magn\u00e9sium et des oligo-\u00e9l\u00e9ments, permettent \u00e0 vos plantes de grandir au maximum, \u00e0 un co\u00fbt minimum. Ils peuvent \u00eatre utilis\u00e9s avec terreaux, m\u00e9langes sans terre, fibre de noix de coco et en culture [&hellip;]","og_url":"https:\/\/lemaraichermoderne.com\/en\/produit\/nutri-croissance-4l-ab\/","og_site_name":"Le Mara\u00eecher Moderne","article_publisher":"https:\/\/www.facebook.com\/lemaraichermoderne","article_modified_time":"2025-05-22T14:57:35+00:00","og_image":[{"width":900,"height":900,"url":"https:\/\/lemaraichermoderne.com\/wp-content\/uploads\/2025\/05\/60112-B.jpg","type":"image\/jpeg"}],"twitter_card":"summary_large_image","twitter_misc":{"Est. reading time":"2 minutes"},"schema":{"@context":"https:\/\/schema.org","@graph":[{"@type":"WebPage","@id":"https:\/\/lemaraichermoderne.com\/en\/produit\/nutri-croissance-4l-ab\/","url":"https:\/\/lemaraichermoderne.com\/en\/produit\/nutri-croissance-4l-ab\/","name":"Nutri+ Croissance 4L A+B - Le Mara\u00eecher Moderne","isPartOf":{"@id":"https:\/\/lemaraichermoderne.com\/en\/#website"},"primaryImageOfPage":{"@id":"https:\/\/lemaraichermoderne.com\/en\/produit\/nutri-croissance-4l-ab\/#primaryimage"},"image":{"@id":"https:\/\/lemaraichermoderne.com\/en\/produit\/nutri-croissance-4l-ab\/#primaryimage"},"thumbnailUrl":"https:\/\/lemaraichermoderne.com\/wp-content\/uploads\/2025\/05\/60112-B.jpg","datePublished":"2025-05-22T14:27:43+00:00","dateModified":"2025-05-22T14:57:35+00:00","breadcrumb":{"@id":"https:\/\/lemaraichermoderne.com\/en\/produit\/nutri-croissance-4l-ab\/#breadcrumb"},"inLanguage":"en-US","potentialAction":[{"@type":"ReadAction","target":["https:\/\/lemaraichermoderne.com\/en\/produit\/nutri-croissance-4l-ab\/"]}]},{"@type":"ImageObject","inLanguage":"en-US","@id":"https:\/\/lemaraichermoderne.com\/en\/produit\/nutri-croissance-4l-ab\/#primaryimage","url":"https:\/\/lemaraichermoderne.com\/wp-content\/uploads\/2025\/05\/60112-B.jpg","contentUrl":"https:\/\/lemaraichermoderne.com\/wp-content\/uploads\/2025\/05\/60112-B.jpg","width":900,"height":900},{"@type":"BreadcrumbList","@id":"https:\/\/lemaraichermoderne.com\/en\/produit\/nutri-croissance-4l-ab\/#breadcrumb","itemListElement":[{"@type":"ListItem","position":1,"name":"Accueil","item":"https:\/\/lemaraichermoderne.com\/en\/"},{"@type":"ListItem","position":2,"name":"Boutique","item":"https:\/\/lemaraichermoderne.com\/boutique\/"},{"@type":"ListItem","position":3,"name":"Nutri+ Croissance 4L A+B"}]},{"@type":"WebSite","@id":"https:\/\/lemaraichermoderne.com\/en\/#website","url":"https:\/\/lemaraichermoderne.com\/en\/","name":"Le Mara\u00eecher Moderne","description":"R\u00e9f\u00e9rence en hydroponie \u00e0 Qu\u00e9bec","publisher":{"@id":"https:\/\/lemaraichermoderne.com\/en\/#organization"},"potentialAction":[{"@type":"SearchAction","target":{"@type":"EntryPoint","urlTemplate":"https:\/\/lemaraichermoderne.com\/en\/?s={search_term_string}"},"query-input":{"@type":"PropertyValueSpecification","valueRequired":true,"valueName":"search_term_string"}}],"inLanguage":"en-US"},{"@type":"Organization","@id":"https:\/\/lemaraichermoderne.com\/en\/#organization","name":"Le Mara\u00eecher Moderne","url":"https:\/\/lemaraichermoderne.com\/en\/","logo":{"@type":"ImageObject","inLanguage":"en-US","@id":"https:\/\/lemaraichermoderne.com\/en\/#\/schema\/logo\/image\/","url":"https:\/\/lemaraichermoderne.com\/wp-content\/uploads\/2023\/03\/logo_mm1.png","contentUrl":"https:\/\/lemaraichermoderne.com\/wp-content\/uploads\/2023\/03\/logo_mm1.png","width":500,"height":222,"caption":"Le Mara\u00eecher Moderne"},"image":{"@id":"https:\/\/lemaraichermoderne.com\/en\/#\/schema\/logo\/image\/"},"sameAs":["https:\/\/www.facebook.com\/lemaraichermoderne","https:\/\/www.instagram.com\/lemaraichermoderne"]}]}},"_links":{"self":[{"href":"https:\/\/lemaraichermoderne.com\/en\/wp-json\/wp\/v2\/product\/8517","targetHints":{"allow":["GET"]}}],"collection":[{"href":"https:\/\/lemaraichermoderne.com\/en\/wp-json\/wp\/v2\/product"}],"about":[{"href":"https:\/\/lemaraichermoderne.com\/en\/wp-json\/wp\/v2\/types\/product"}],"wp:featuredmedia":[{"embeddable":true,"href":"https:\/\/lemaraichermoderne.com\/en\/wp-json\/wp\/v2\/media\/8519"}],"wp:attachment":[{"href":"https:\/\/lemaraichermoderne.com\/en\/wp-json\/wp\/v2\/media?parent=8517"}],"wp:term":[{"taxonomy":"product_brand","embeddable":true,"href":"https:\/\/lemaraichermoderne.com\/en\/wp-json\/wp\/v2\/product_brand?post=8517"},{"taxonomy":"product_cat","embeddable":true,"href":"https:\/\/lemaraichermoderne.com\/en\/wp-json\/wp\/v2\/product_cat?post=8517"},{"taxonomy":"product_tag","embeddable":true,"href":"https:\/\/lemaraichermoderne.com\/en\/wp-json\/wp\/v2\/product_tag?post=8517"}],"curies":[{"name":"wp","href":"https:\/\/api.w.org\/{rel}","templated":true}]}}