{"id":8663,"date":"2025-06-12T09:49:49","date_gmt":"2025-06-12T13:49:49","guid":{"rendered":"https:\/\/lemaraichermoderne.com\/?post_type=product&#038;p=8663"},"modified":"2025-07-24T10:02:10","modified_gmt":"2025-07-24T14:02:10","slug":"dutch-bucket-10-pack-kit","status":"publish","type":"product","link":"https:\/\/lemaraichermoderne.com\/en\/produit\/dutch-bucket-10-pack-kit\/","title":{"rendered":"Dutch bucket 10 pack kit"},"content":{"rendered":"<h3 id=\"tw-target-text\" class=\"tw-data-text tw-text-large tw-ta\" dir=\"ltr\" data-placeholder=\"Traduction\" aria-label=\"Texte traduit\u00a0: Cultivez en hydroponie avec ce seau Bato de Bootstrap Farmer. Les seaux hollandais sont un outil fantastique pour cultiver de magnifiques tomates et autres produits sans utiliser de terreau. Connectez plusieurs seaux pour cr\u00e9er un syst\u00e8me hydroponique sur votre terrasse, balcon, salle de culture ou serre.\n\nDimensions\u00a0: 30,5\u00a0\u00d7 25,4\u00a0\u00d7 23,8\u00a0cm\n\nLe seau Bato original comprend\u00a0: 1 seau Bato et 2 coudes.\n\nLe kit seau Bato original comprend\u00a0: 1 seau Bato, 1 couvercle, 4 pots filets de 5\u00a0cm, 1 pot filet de 7,6\u00a0cm et 2 coudes.\" data-ved=\"2ahUKEwjC1teKhOyNAxUFlYkEHaL_NE4Q3ewLegQIDhAW\"><span class=\"Y2IQFc\" lang=\"fr\">Cultivez en hydroponie avec ce seau Bato de Bootstrap Farmer. <\/span><\/h3>\n<h3 class=\"tw-data-text tw-text-large tw-ta\" dir=\"ltr\" data-placeholder=\"Traduction\" aria-label=\"Texte traduit\u00a0: Cultivez en hydroponie avec ce seau Bato de Bootstrap Farmer. Les seaux hollandais sont un outil fantastique pour cultiver de magnifiques tomates et autres produits sans utiliser de terreau. Connectez plusieurs seaux pour cr\u00e9er un syst\u00e8me hydroponique sur votre terrasse, balcon, salle de culture ou serre.\n\nDimensions\u00a0: 30,5\u00a0\u00d7 25,4\u00a0\u00d7 23,8\u00a0cm\n\nLe seau Bato original comprend\u00a0: 1 seau Bato et 2 coudes.\n\nLe kit seau Bato original comprend\u00a0: 1 seau Bato, 1 couvercle, 4 pots filets de 5\u00a0cm, 1 pot filet de 7,6\u00a0cm et 2 coudes.\" data-ved=\"2ahUKEwjC1teKhOyNAxUFlYkEHaL_NE4Q3ewLegQIDhAW\"><span class=\"Y2IQFc\" lang=\"fr\">Les seaux hollandais sont un outil fantastique pour cultiver de magnifiques tomates et autres produits sans utiliser de terreau. <\/span><\/h3>\n<h3 class=\"tw-data-text tw-text-large tw-ta\" dir=\"ltr\" data-placeholder=\"Traduction\" aria-label=\"Texte traduit\u00a0: Cultivez en hydroponie avec ce seau Bato de Bootstrap Farmer. Les seaux hollandais sont un outil fantastique pour cultiver de magnifiques tomates et autres produits sans utiliser de terreau. Connectez plusieurs seaux pour cr\u00e9er un syst\u00e8me hydroponique sur votre terrasse, balcon, salle de culture ou serre.\n\nDimensions\u00a0: 30,5\u00a0\u00d7 25,4\u00a0\u00d7 23,8\u00a0cm\n\nLe seau Bato original comprend\u00a0: 1 seau Bato et 2 coudes.\n\nLe kit seau Bato original comprend\u00a0: 1 seau Bato, 1 couvercle, 4 pots filets de 5\u00a0cm, 1 pot filet de 7,6\u00a0cm et 2 coudes.\" data-ved=\"2ahUKEwjC1teKhOyNAxUFlYkEHaL_NE4Q3ewLegQIDhAW\"><span class=\"Y2IQFc\" lang=\"fr\">Connectez plusieurs seaux pour cr\u00e9er un syst\u00e8me hydroponique sur votre terrasse, balcon, salle de culture ou serre.<\/span><\/h3>\n<h3 class=\"tw-data-text tw-text-large tw-ta\" dir=\"ltr\" data-placeholder=\"Traduction\" aria-label=\"Texte traduit\u00a0: Cultivez en hydroponie avec ce seau Bato de Bootstrap Farmer. Les seaux hollandais sont un outil fantastique pour cultiver de magnifiques tomates et autres produits sans utiliser de terreau. Connectez plusieurs seaux pour cr\u00e9er un syst\u00e8me hydroponique sur votre terrasse, balcon, salle de culture ou serre.\n\nDimensions\u00a0: 30,5\u00a0\u00d7 25,4\u00a0\u00d7 23,8\u00a0cm\n\nLe seau Bato original comprend\u00a0: 1 seau Bato et 2 coudes.\n\nLe kit seau Bato original comprend\u00a0: 1 seau Bato, 1 couvercle, 4 pots filets de 5\u00a0cm, 1 pot filet de 7,6\u00a0cm et 2 coudes.\" data-ved=\"2ahUKEwjC1teKhOyNAxUFlYkEHaL_NE4Q3ewLegQIDhAW\"><span class=\"Y2IQFc\" lang=\"fr\">Dimensions\u00a0: 30,5\u00a0\u00d7 25,4\u00a0\u00d7 23,8\u00a0cm<\/span><\/h3>\n<h3 class=\"tw-data-text tw-text-large tw-ta\" dir=\"ltr\" data-placeholder=\"Traduction\" aria-label=\"Texte traduit\u00a0: Cultivez en hydroponie avec ce seau Bato de Bootstrap Farmer. Les seaux hollandais sont un outil fantastique pour cultiver de magnifiques tomates et autres produits sans utiliser de terreau. Connectez plusieurs seaux pour cr\u00e9er un syst\u00e8me hydroponique sur votre terrasse, balcon, salle de culture ou serre.\n\nDimensions\u00a0: 30,5\u00a0\u00d7 25,4\u00a0\u00d7 23,8\u00a0cm\n\nLe seau Bato original comprend\u00a0: 1 seau Bato et 2 coudes.\n\nLe kit seau Bato original comprend\u00a0: 1 seau Bato, 1 couvercle, 4 pots filets de 5\u00a0cm, 1 pot filet de 7,6\u00a0cm et 2 coudes.\" data-ved=\"2ahUKEwjC1teKhOyNAxUFlYkEHaL_NE4Q3ewLegQIDhAW\"><span class=\"Y2IQFc\" lang=\"fr\">Le seau Bato original comprend\u00a0: 1 seau Bato et 2 coudes. <\/span><\/h3>\n<h3 class=\"tw-data-text tw-text-large tw-ta\" dir=\"ltr\" data-placeholder=\"Traduction\" aria-label=\"Texte traduit\u00a0: Cultivez en hydroponie avec ce seau Bato de Bootstrap Farmer. Les seaux hollandais sont un outil fantastique pour cultiver de magnifiques tomates et autres produits sans utiliser de terreau. Connectez plusieurs seaux pour cr\u00e9er un syst\u00e8me hydroponique sur votre terrasse, balcon, salle de culture ou serre.\n\nDimensions\u00a0: 30,5\u00a0\u00d7 25,4\u00a0\u00d7 23,8\u00a0cm\n\nLe seau Bato original comprend\u00a0: 1 seau Bato et 2 coudes.\n\nLe kit seau Bato original comprend\u00a0: 1 seau Bato, 1 couvercle, 4 pots filets de 5\u00a0cm, 1 pot filet de 7,6\u00a0cm et 2 coudes.\" data-ved=\"2ahUKEwjC1teKhOyNAxUFlYkEHaL_NE4Q3ewLegQIDhAW\"><span class=\"Y2IQFc\" lang=\"fr\">Le kit seau Bato original comprend\u00a0: 1 seau Bato, 1 couvercle, 4 pots filets de 5\u00a0cm, 1 pot filet de 7,6\u00a0cm et 2 coudes.<\/span><\/h3>\n","protected":false},"excerpt":{"rendered":"<p>Cultivez en hydroponie avec ce seau Bato de Bootstrap Farmer. Les seaux hollandais sont un outil fantastique pour cultiver de magnifiques tomates et autres produits sans utiliser de terreau. Connectez plusieurs seaux pour cr\u00e9er un syst\u00e8me hydroponique sur votre terrasse, balcon, salle de culture ou serre. Dimensions\u00a0: 30,5\u00a0\u00d7 25,4\u00a0\u00d7 23,8\u00a0cm Le seau Bato original comprend\u00a0: [&hellip;]<\/p>\n","protected":false},"featured_media":8664,"template":"","meta":[],"product_brand":[],"product_cat":[29],"product_tag":[],"class_list":{"0":"post-8663","1":"product","2":"type-product","3":"status-publish","4":"has-post-thumbnail","6":"product_cat-systeme-hydroponique-hydroponique-2","8":"first","9":"outofstock","10":"taxable","11":"shipping-taxable","12":"purchasable","13":"product-type-simple"},"yoast_head":"<!-- This site is optimized with the Yoast SEO plugin v27.4 - https:\/\/yoast.com\/product\/yoast-seo-wordpress\/ -->\n<title>Dutch bucket 10 pack kit - Le Mara\u00eecher Moderne<\/title>\n<meta name=\"robots\" content=\"index, follow, max-snippet:-1, max-image-preview:large, max-video-preview:-1\" \/>\n<link rel=\"canonical\" href=\"https:\/\/lemaraichermoderne.com\/en\/produit\/dutch-bucket-10-pack-kit\/\" \/>\n<meta property=\"og:locale\" content=\"en_US\" \/>\n<meta property=\"og:type\" content=\"article\" \/>\n<meta property=\"og:title\" content=\"Dutch bucket 10 pack kit - Le Mara\u00eecher Moderne\" \/>\n<meta property=\"og:description\" content=\"Cultivez en hydroponie avec ce seau Bato de Bootstrap Farmer. Les seaux hollandais sont un outil fantastique pour cultiver de magnifiques tomates et autres produits sans utiliser de terreau. Connectez plusieurs seaux pour cr\u00e9er un syst\u00e8me hydroponique sur votre terrasse, balcon, salle de culture ou serre. Dimensions\u00a0: 30,5\u00a0\u00d7 25,4\u00a0\u00d7 23,8\u00a0cm Le seau Bato original comprend\u00a0: [&hellip;]\" \/>\n<meta property=\"og:url\" content=\"https:\/\/lemaraichermoderne.com\/en\/produit\/dutch-bucket-10-pack-kit\/\" \/>\n<meta property=\"og:site_name\" content=\"Le Mara\u00eecher Moderne\" \/>\n<meta property=\"article:publisher\" content=\"https:\/\/www.facebook.com\/lemaraichermoderne\" \/>\n<meta property=\"article:modified_time\" content=\"2025-07-24T14:02:10+00:00\" \/>\n<meta property=\"og:image\" content=\"https:\/\/lemaraichermoderne.com\/wp-content\/uploads\/2025\/06\/bootstrap-farmer-dutch-bucket.webp\" \/>\n\t<meta property=\"og:image:width\" content=\"2000\" \/>\n\t<meta property=\"og:image:height\" content=\"2000\" \/>\n\t<meta property=\"og:image:type\" content=\"image\/webp\" \/>\n<meta name=\"twitter:card\" content=\"summary_large_image\" \/>\n<meta name=\"twitter:label1\" content=\"Est. reading time\" \/>\n\t<meta name=\"twitter:data1\" content=\"1 minute\" \/>\n<script type=\"application\/ld+json\" class=\"yoast-schema-graph\">{\"@context\":\"https:\\\/\\\/schema.org\",\"@graph\":[{\"@type\":\"WebPage\",\"@id\":\"https:\\\/\\\/lemaraichermoderne.com\\\/en\\\/produit\\\/dutch-bucket-10-pack-kit\\\/\",\"url\":\"https:\\\/\\\/lemaraichermoderne.com\\\/en\\\/produit\\\/dutch-bucket-10-pack-kit\\\/\",\"name\":\"Dutch bucket 10 pack kit - Le Mara\u00eecher Moderne\",\"isPartOf\":{\"@id\":\"https:\\\/\\\/lemaraichermoderne.com\\\/en\\\/#website\"},\"primaryImageOfPage\":{\"@id\":\"https:\\\/\\\/lemaraichermoderne.com\\\/en\\\/produit\\\/dutch-bucket-10-pack-kit\\\/#primaryimage\"},\"image\":{\"@id\":\"https:\\\/\\\/lemaraichermoderne.com\\\/en\\\/produit\\\/dutch-bucket-10-pack-kit\\\/#primaryimage\"},\"thumbnailUrl\":\"https:\\\/\\\/lemaraichermoderne.com\\\/wp-content\\\/uploads\\\/2025\\\/06\\\/bootstrap-farmer-dutch-bucket.webp\",\"datePublished\":\"2025-06-12T13:49:49+00:00\",\"dateModified\":\"2025-07-24T14:02:10+00:00\",\"breadcrumb\":{\"@id\":\"https:\\\/\\\/lemaraichermoderne.com\\\/en\\\/produit\\\/dutch-bucket-10-pack-kit\\\/#breadcrumb\"},\"inLanguage\":\"en-US\",\"potentialAction\":[{\"@type\":\"ReadAction\",\"target\":[\"https:\\\/\\\/lemaraichermoderne.com\\\/en\\\/produit\\\/dutch-bucket-10-pack-kit\\\/\"]}]},{\"@type\":\"ImageObject\",\"inLanguage\":\"en-US\",\"@id\":\"https:\\\/\\\/lemaraichermoderne.com\\\/en\\\/produit\\\/dutch-bucket-10-pack-kit\\\/#primaryimage\",\"url\":\"https:\\\/\\\/lemaraichermoderne.com\\\/wp-content\\\/uploads\\\/2025\\\/06\\\/bootstrap-farmer-dutch-bucket.webp\",\"contentUrl\":\"https:\\\/\\\/lemaraichermoderne.com\\\/wp-content\\\/uploads\\\/2025\\\/06\\\/bootstrap-farmer-dutch-bucket.webp\",\"width\":2000,\"height\":2000},{\"@type\":\"BreadcrumbList\",\"@id\":\"https:\\\/\\\/lemaraichermoderne.com\\\/en\\\/produit\\\/dutch-bucket-10-pack-kit\\\/#breadcrumb\",\"itemListElement\":[{\"@type\":\"ListItem\",\"position\":1,\"name\":\"Accueil\",\"item\":\"https:\\\/\\\/lemaraichermoderne.com\\\/en\\\/\"},{\"@type\":\"ListItem\",\"position\":2,\"name\":\"Boutique\",\"item\":\"https:\\\/\\\/lemaraichermoderne.com\\\/boutique\\\/\"},{\"@type\":\"ListItem\",\"position\":3,\"name\":\"Dutch bucket 10 pack kit\"}]},{\"@type\":\"WebSite\",\"@id\":\"https:\\\/\\\/lemaraichermoderne.com\\\/en\\\/#website\",\"url\":\"https:\\\/\\\/lemaraichermoderne.com\\\/en\\\/\",\"name\":\"Le Mara\u00eecher Moderne\",\"description\":\"R\u00e9f\u00e9rence en hydroponie \u00e0 Qu\u00e9bec\",\"publisher\":{\"@id\":\"https:\\\/\\\/lemaraichermoderne.com\\\/en\\\/#organization\"},\"potentialAction\":[{\"@type\":\"SearchAction\",\"target\":{\"@type\":\"EntryPoint\",\"urlTemplate\":\"https:\\\/\\\/lemaraichermoderne.com\\\/en\\\/?s={search_term_string}\"},\"query-input\":{\"@type\":\"PropertyValueSpecification\",\"valueRequired\":true,\"valueName\":\"search_term_string\"}}],\"inLanguage\":\"en-US\"},{\"@type\":\"Organization\",\"@id\":\"https:\\\/\\\/lemaraichermoderne.com\\\/en\\\/#organization\",\"name\":\"Le Mara\u00eecher Moderne\",\"url\":\"https:\\\/\\\/lemaraichermoderne.com\\\/en\\\/\",\"logo\":{\"@type\":\"ImageObject\",\"inLanguage\":\"en-US\",\"@id\":\"https:\\\/\\\/lemaraichermoderne.com\\\/en\\\/#\\\/schema\\\/logo\\\/image\\\/\",\"url\":\"https:\\\/\\\/lemaraichermoderne.com\\\/wp-content\\\/uploads\\\/2023\\\/03\\\/logo_mm1.png\",\"contentUrl\":\"https:\\\/\\\/lemaraichermoderne.com\\\/wp-content\\\/uploads\\\/2023\\\/03\\\/logo_mm1.png\",\"width\":500,\"height\":222,\"caption\":\"Le Mara\u00eecher Moderne\"},\"image\":{\"@id\":\"https:\\\/\\\/lemaraichermoderne.com\\\/en\\\/#\\\/schema\\\/logo\\\/image\\\/\"},\"sameAs\":[\"https:\\\/\\\/www.facebook.com\\\/lemaraichermoderne\",\"https:\\\/\\\/www.instagram.com\\\/lemaraichermoderne\"]}]}<\/script>\n<!-- \/ Yoast SEO plugin. -->","yoast_head_json":{"title":"Dutch bucket 10 pack kit - Le Mara\u00eecher Moderne","robots":{"index":"index","follow":"follow","max-snippet":"max-snippet:-1","max-image-preview":"max-image-preview:large","max-video-preview":"max-video-preview:-1"},"canonical":"https:\/\/lemaraichermoderne.com\/en\/produit\/dutch-bucket-10-pack-kit\/","og_locale":"en_US","og_type":"article","og_title":"Dutch bucket 10 pack kit - Le Mara\u00eecher Moderne","og_description":"Cultivez en hydroponie avec ce seau Bato de Bootstrap Farmer. Les seaux hollandais sont un outil fantastique pour cultiver de magnifiques tomates et autres produits sans utiliser de terreau. Connectez plusieurs seaux pour cr\u00e9er un syst\u00e8me hydroponique sur votre terrasse, balcon, salle de culture ou serre. Dimensions\u00a0: 30,5\u00a0\u00d7 25,4\u00a0\u00d7 23,8\u00a0cm Le seau Bato original comprend\u00a0: [&hellip;]","og_url":"https:\/\/lemaraichermoderne.com\/en\/produit\/dutch-bucket-10-pack-kit\/","og_site_name":"Le Mara\u00eecher Moderne","article_publisher":"https:\/\/www.facebook.com\/lemaraichermoderne","article_modified_time":"2025-07-24T14:02:10+00:00","og_image":[{"width":2000,"height":2000,"url":"https:\/\/lemaraichermoderne.com\/wp-content\/uploads\/2025\/06\/bootstrap-farmer-dutch-bucket.webp","type":"image\/webp"}],"twitter_card":"summary_large_image","twitter_misc":{"Est. reading time":"1 minute"},"schema":{"@context":"https:\/\/schema.org","@graph":[{"@type":"WebPage","@id":"https:\/\/lemaraichermoderne.com\/en\/produit\/dutch-bucket-10-pack-kit\/","url":"https:\/\/lemaraichermoderne.com\/en\/produit\/dutch-bucket-10-pack-kit\/","name":"Dutch bucket 10 pack kit - Le Mara\u00eecher Moderne","isPartOf":{"@id":"https:\/\/lemaraichermoderne.com\/en\/#website"},"primaryImageOfPage":{"@id":"https:\/\/lemaraichermoderne.com\/en\/produit\/dutch-bucket-10-pack-kit\/#primaryimage"},"image":{"@id":"https:\/\/lemaraichermoderne.com\/en\/produit\/dutch-bucket-10-pack-kit\/#primaryimage"},"thumbnailUrl":"https:\/\/lemaraichermoderne.com\/wp-content\/uploads\/2025\/06\/bootstrap-farmer-dutch-bucket.webp","datePublished":"2025-06-12T13:49:49+00:00","dateModified":"2025-07-24T14:02:10+00:00","breadcrumb":{"@id":"https:\/\/lemaraichermoderne.com\/en\/produit\/dutch-bucket-10-pack-kit\/#breadcrumb"},"inLanguage":"en-US","potentialAction":[{"@type":"ReadAction","target":["https:\/\/lemaraichermoderne.com\/en\/produit\/dutch-bucket-10-pack-kit\/"]}]},{"@type":"ImageObject","inLanguage":"en-US","@id":"https:\/\/lemaraichermoderne.com\/en\/produit\/dutch-bucket-10-pack-kit\/#primaryimage","url":"https:\/\/lemaraichermoderne.com\/wp-content\/uploads\/2025\/06\/bootstrap-farmer-dutch-bucket.webp","contentUrl":"https:\/\/lemaraichermoderne.com\/wp-content\/uploads\/2025\/06\/bootstrap-farmer-dutch-bucket.webp","width":2000,"height":2000},{"@type":"BreadcrumbList","@id":"https:\/\/lemaraichermoderne.com\/en\/produit\/dutch-bucket-10-pack-kit\/#breadcrumb","itemListElement":[{"@type":"ListItem","position":1,"name":"Accueil","item":"https:\/\/lemaraichermoderne.com\/en\/"},{"@type":"ListItem","position":2,"name":"Boutique","item":"https:\/\/lemaraichermoderne.com\/boutique\/"},{"@type":"ListItem","position":3,"name":"Dutch bucket 10 pack kit"}]},{"@type":"WebSite","@id":"https:\/\/lemaraichermoderne.com\/en\/#website","url":"https:\/\/lemaraichermoderne.com\/en\/","name":"Le Mara\u00eecher Moderne","description":"R\u00e9f\u00e9rence en hydroponie \u00e0 Qu\u00e9bec","publisher":{"@id":"https:\/\/lemaraichermoderne.com\/en\/#organization"},"potentialAction":[{"@type":"SearchAction","target":{"@type":"EntryPoint","urlTemplate":"https:\/\/lemaraichermoderne.com\/en\/?s={search_term_string}"},"query-input":{"@type":"PropertyValueSpecification","valueRequired":true,"valueName":"search_term_string"}}],"inLanguage":"en-US"},{"@type":"Organization","@id":"https:\/\/lemaraichermoderne.com\/en\/#organization","name":"Le Mara\u00eecher Moderne","url":"https:\/\/lemaraichermoderne.com\/en\/","logo":{"@type":"ImageObject","inLanguage":"en-US","@id":"https:\/\/lemaraichermoderne.com\/en\/#\/schema\/logo\/image\/","url":"https:\/\/lemaraichermoderne.com\/wp-content\/uploads\/2023\/03\/logo_mm1.png","contentUrl":"https:\/\/lemaraichermoderne.com\/wp-content\/uploads\/2023\/03\/logo_mm1.png","width":500,"height":222,"caption":"Le Mara\u00eecher Moderne"},"image":{"@id":"https:\/\/lemaraichermoderne.com\/en\/#\/schema\/logo\/image\/"},"sameAs":["https:\/\/www.facebook.com\/lemaraichermoderne","https:\/\/www.instagram.com\/lemaraichermoderne"]}]}},"_links":{"self":[{"href":"https:\/\/lemaraichermoderne.com\/en\/wp-json\/wp\/v2\/product\/8663","targetHints":{"allow":["GET"]}}],"collection":[{"href":"https:\/\/lemaraichermoderne.com\/en\/wp-json\/wp\/v2\/product"}],"about":[{"href":"https:\/\/lemaraichermoderne.com\/en\/wp-json\/wp\/v2\/types\/product"}],"wp:featuredmedia":[{"embeddable":true,"href":"https:\/\/lemaraichermoderne.com\/en\/wp-json\/wp\/v2\/media\/8664"}],"wp:attachment":[{"href":"https:\/\/lemaraichermoderne.com\/en\/wp-json\/wp\/v2\/media?parent=8663"}],"wp:term":[{"taxonomy":"product_brand","embeddable":true,"href":"https:\/\/lemaraichermoderne.com\/en\/wp-json\/wp\/v2\/product_brand?post=8663"},{"taxonomy":"product_cat","embeddable":true,"href":"https:\/\/lemaraichermoderne.com\/en\/wp-json\/wp\/v2\/product_cat?post=8663"},{"taxonomy":"product_tag","embeddable":true,"href":"https:\/\/lemaraichermoderne.com\/en\/wp-json\/wp\/v2\/product_tag?post=8663"}],"curies":[{"name":"wp","href":"https:\/\/api.w.org\/{rel}","templated":true}]}}