{"id":8940,"date":"2025-08-14T13:43:10","date_gmt":"2025-08-14T17:43:10","guid":{"rendered":"https:\/\/lemaraichermoderne.com\/?post_type=product&#038;p=8940"},"modified":"2025-09-24T17:31:19","modified_gmt":"2025-09-24T21:31:19","slug":"table-de-culture-4-x-4","status":"publish","type":"product","link":"https:\/\/lemaraichermoderne.com\/en\/produit\/table-de-culture-4-x-4\/","title":{"rendered":"TABLE DE CULTURE 4&#8242; X 4&#8242;"},"content":{"rendered":"<div class=\"product-details-desc\">\n<p>Ces tables d\u2019inondation de grandes qualit\u00e9s sont solides et construites \u00e0 partir de plastique ABS r\u00e9sistant aux fissures et aux rayons UV pour des ann\u00e9es d\u2019utilisation. Poss\u00e8dent des canaux de drainage multiples permettant un drainage rapide et complet. Plusieurs locations de drain pour une configuration versatile. Renforcement aux parois pour plus de rigidit\u00e9. Fabriqu\u00e9es au Canada.<\/p>\n<ul>\n<li>Sans BPA.<\/li>\n<li>R\u00e9sistantes aux fissures et rayons UV.<\/li>\n<li>Fabrication canadienne.<\/li>\n<li>Parois renforcies.<\/li>\n<li>Multiples locations pour l\u2019installation de drain<\/li>\n<li>Dimensions ext\u00e9rieures : 48po X 48po X 5po<\/li>\n<li>Dimensions int\u00e9rieures : 41po X 41po X 5po<\/li>\n<\/ul>\n<\/div>\n","protected":false},"excerpt":{"rendered":"<p>Ces tables d\u2019inondation de grandes qualit\u00e9s sont solides et construites \u00e0 partir de plastique ABS r\u00e9sistant aux fissures et aux rayons UV pour des ann\u00e9es d\u2019utilisation. Poss\u00e8dent des canaux de drainage multiples permettant un drainage rapide et complet. Plusieurs locations de drain pour une configuration versatile. Renforcement aux parois pour plus de rigidit\u00e9. Fabriqu\u00e9es au [&hellip;]<\/p>\n","protected":false},"featured_media":8941,"template":"","meta":[],"product_brand":[],"product_cat":[29],"product_tag":[],"class_list":{"0":"post-8940","1":"product","2":"type-product","3":"status-publish","4":"has-post-thumbnail","6":"product_cat-systeme-hydroponique-hydroponique-2","8":"first","9":"instock","10":"taxable","11":"shipping-taxable","12":"purchasable","13":"product-type-simple"},"yoast_head":"<!-- This site is optimized with the Yoast SEO plugin v27.5 - https:\/\/yoast.com\/product\/yoast-seo-wordpress\/ -->\n<title>TABLE DE CULTURE 4&#039; X 4&#039; - Le Mara\u00eecher Moderne<\/title>\n<meta name=\"robots\" content=\"index, follow, max-snippet:-1, max-image-preview:large, max-video-preview:-1\" \/>\n<link rel=\"canonical\" href=\"https:\/\/lemaraichermoderne.com\/en\/produit\/table-de-culture-4-x-4\/\" \/>\n<meta property=\"og:locale\" content=\"en_US\" \/>\n<meta property=\"og:type\" content=\"article\" \/>\n<meta property=\"og:title\" content=\"TABLE DE CULTURE 4&#039; X 4&#039; - Le Mara\u00eecher Moderne\" \/>\n<meta property=\"og:description\" content=\"Ces tables d\u2019inondation de grandes qualit\u00e9s sont solides et construites \u00e0 partir de plastique ABS r\u00e9sistant aux fissures et aux rayons UV pour des ann\u00e9es d\u2019utilisation. Poss\u00e8dent des canaux de drainage multiples permettant un drainage rapide et complet. Plusieurs locations de drain pour une configuration versatile. Renforcement aux parois pour plus de rigidit\u00e9. Fabriqu\u00e9es au [&hellip;]\" \/>\n<meta property=\"og:url\" content=\"https:\/\/lemaraichermoderne.com\/en\/produit\/table-de-culture-4-x-4\/\" \/>\n<meta property=\"og:site_name\" content=\"Le Mara\u00eecher Moderne\" \/>\n<meta property=\"article:publisher\" content=\"https:\/\/www.facebook.com\/lemaraichermoderne\" \/>\n<meta property=\"article:modified_time\" content=\"2025-09-24T21:31:19+00:00\" \/>\n<meta property=\"og:image\" content=\"https:\/\/lemaraichermoderne.com\/wp-content\/uploads\/2025\/08\/Screenshot-2025-08-14-at-13-39-03-TABLE-DE-CULTURE-4-X-4-1.png\" \/>\n\t<meta property=\"og:image:width\" content=\"444\" \/>\n\t<meta property=\"og:image:height\" content=\"444\" \/>\n\t<meta property=\"og:image:type\" content=\"image\/png\" \/>\n<meta name=\"twitter:card\" content=\"summary_large_image\" \/>\n<meta name=\"twitter:label1\" content=\"Est. reading time\" \/>\n\t<meta name=\"twitter:data1\" content=\"1 minute\" \/>\n<script type=\"application\/ld+json\" class=\"yoast-schema-graph\">{\"@context\":\"https:\\\/\\\/schema.org\",\"@graph\":[{\"@type\":\"WebPage\",\"@id\":\"https:\\\/\\\/lemaraichermoderne.com\\\/en\\\/produit\\\/table-de-culture-4-x-4\\\/\",\"url\":\"https:\\\/\\\/lemaraichermoderne.com\\\/en\\\/produit\\\/table-de-culture-4-x-4\\\/\",\"name\":\"TABLE DE CULTURE 4' X 4' - Le Mara\u00eecher Moderne\",\"isPartOf\":{\"@id\":\"https:\\\/\\\/lemaraichermoderne.com\\\/en\\\/#website\"},\"primaryImageOfPage\":{\"@id\":\"https:\\\/\\\/lemaraichermoderne.com\\\/en\\\/produit\\\/table-de-culture-4-x-4\\\/#primaryimage\"},\"image\":{\"@id\":\"https:\\\/\\\/lemaraichermoderne.com\\\/en\\\/produit\\\/table-de-culture-4-x-4\\\/#primaryimage\"},\"thumbnailUrl\":\"https:\\\/\\\/lemaraichermoderne.com\\\/wp-content\\\/uploads\\\/2025\\\/08\\\/Screenshot-2025-08-14-at-13-39-03-TABLE-DE-CULTURE-4-X-4-1.png\",\"datePublished\":\"2025-08-14T17:43:10+00:00\",\"dateModified\":\"2025-09-24T21:31:19+00:00\",\"breadcrumb\":{\"@id\":\"https:\\\/\\\/lemaraichermoderne.com\\\/en\\\/produit\\\/table-de-culture-4-x-4\\\/#breadcrumb\"},\"inLanguage\":\"en-US\",\"potentialAction\":[{\"@type\":\"ReadAction\",\"target\":[\"https:\\\/\\\/lemaraichermoderne.com\\\/en\\\/produit\\\/table-de-culture-4-x-4\\\/\"]}]},{\"@type\":\"ImageObject\",\"inLanguage\":\"en-US\",\"@id\":\"https:\\\/\\\/lemaraichermoderne.com\\\/en\\\/produit\\\/table-de-culture-4-x-4\\\/#primaryimage\",\"url\":\"https:\\\/\\\/lemaraichermoderne.com\\\/wp-content\\\/uploads\\\/2025\\\/08\\\/Screenshot-2025-08-14-at-13-39-03-TABLE-DE-CULTURE-4-X-4-1.png\",\"contentUrl\":\"https:\\\/\\\/lemaraichermoderne.com\\\/wp-content\\\/uploads\\\/2025\\\/08\\\/Screenshot-2025-08-14-at-13-39-03-TABLE-DE-CULTURE-4-X-4-1.png\",\"width\":444,\"height\":444},{\"@type\":\"BreadcrumbList\",\"@id\":\"https:\\\/\\\/lemaraichermoderne.com\\\/en\\\/produit\\\/table-de-culture-4-x-4\\\/#breadcrumb\",\"itemListElement\":[{\"@type\":\"ListItem\",\"position\":1,\"name\":\"Accueil\",\"item\":\"https:\\\/\\\/lemaraichermoderne.com\\\/en\\\/\"},{\"@type\":\"ListItem\",\"position\":2,\"name\":\"Boutique\",\"item\":\"https:\\\/\\\/lemaraichermoderne.com\\\/boutique\\\/\"},{\"@type\":\"ListItem\",\"position\":3,\"name\":\"TABLE DE CULTURE 4&prime; X 4&prime;\"}]},{\"@type\":\"WebSite\",\"@id\":\"https:\\\/\\\/lemaraichermoderne.com\\\/en\\\/#website\",\"url\":\"https:\\\/\\\/lemaraichermoderne.com\\\/en\\\/\",\"name\":\"Le Mara\u00eecher Moderne\",\"description\":\"R\u00e9f\u00e9rence en hydroponie \u00e0 Qu\u00e9bec\",\"publisher\":{\"@id\":\"https:\\\/\\\/lemaraichermoderne.com\\\/en\\\/#organization\"},\"potentialAction\":[{\"@type\":\"SearchAction\",\"target\":{\"@type\":\"EntryPoint\",\"urlTemplate\":\"https:\\\/\\\/lemaraichermoderne.com\\\/en\\\/?s={search_term_string}\"},\"query-input\":{\"@type\":\"PropertyValueSpecification\",\"valueRequired\":true,\"valueName\":\"search_term_string\"}}],\"inLanguage\":\"en-US\"},{\"@type\":\"Organization\",\"@id\":\"https:\\\/\\\/lemaraichermoderne.com\\\/en\\\/#organization\",\"name\":\"Le Mara\u00eecher Moderne\",\"url\":\"https:\\\/\\\/lemaraichermoderne.com\\\/en\\\/\",\"logo\":{\"@type\":\"ImageObject\",\"inLanguage\":\"en-US\",\"@id\":\"https:\\\/\\\/lemaraichermoderne.com\\\/en\\\/#\\\/schema\\\/logo\\\/image\\\/\",\"url\":\"https:\\\/\\\/lemaraichermoderne.com\\\/wp-content\\\/uploads\\\/2023\\\/03\\\/logo_mm1.png\",\"contentUrl\":\"https:\\\/\\\/lemaraichermoderne.com\\\/wp-content\\\/uploads\\\/2023\\\/03\\\/logo_mm1.png\",\"width\":500,\"height\":222,\"caption\":\"Le Mara\u00eecher Moderne\"},\"image\":{\"@id\":\"https:\\\/\\\/lemaraichermoderne.com\\\/en\\\/#\\\/schema\\\/logo\\\/image\\\/\"},\"sameAs\":[\"https:\\\/\\\/www.facebook.com\\\/lemaraichermoderne\",\"https:\\\/\\\/www.instagram.com\\\/lemaraichermoderne\"]}]}<\/script>\n<!-- \/ Yoast SEO plugin. -->","yoast_head_json":{"title":"TABLE DE CULTURE 4' X 4' - Le Mara\u00eecher Moderne","robots":{"index":"index","follow":"follow","max-snippet":"max-snippet:-1","max-image-preview":"max-image-preview:large","max-video-preview":"max-video-preview:-1"},"canonical":"https:\/\/lemaraichermoderne.com\/en\/produit\/table-de-culture-4-x-4\/","og_locale":"en_US","og_type":"article","og_title":"TABLE DE CULTURE 4' X 4' - Le Mara\u00eecher Moderne","og_description":"Ces tables d\u2019inondation de grandes qualit\u00e9s sont solides et construites \u00e0 partir de plastique ABS r\u00e9sistant aux fissures et aux rayons UV pour des ann\u00e9es d\u2019utilisation. Poss\u00e8dent des canaux de drainage multiples permettant un drainage rapide et complet. Plusieurs locations de drain pour une configuration versatile. Renforcement aux parois pour plus de rigidit\u00e9. Fabriqu\u00e9es au [&hellip;]","og_url":"https:\/\/lemaraichermoderne.com\/en\/produit\/table-de-culture-4-x-4\/","og_site_name":"Le Mara\u00eecher Moderne","article_publisher":"https:\/\/www.facebook.com\/lemaraichermoderne","article_modified_time":"2025-09-24T21:31:19+00:00","og_image":[{"width":444,"height":444,"url":"https:\/\/lemaraichermoderne.com\/wp-content\/uploads\/2025\/08\/Screenshot-2025-08-14-at-13-39-03-TABLE-DE-CULTURE-4-X-4-1.png","type":"image\/png"}],"twitter_card":"summary_large_image","twitter_misc":{"Est. reading time":"1 minute"},"schema":{"@context":"https:\/\/schema.org","@graph":[{"@type":"WebPage","@id":"https:\/\/lemaraichermoderne.com\/en\/produit\/table-de-culture-4-x-4\/","url":"https:\/\/lemaraichermoderne.com\/en\/produit\/table-de-culture-4-x-4\/","name":"TABLE DE CULTURE 4' X 4' - Le Mara\u00eecher Moderne","isPartOf":{"@id":"https:\/\/lemaraichermoderne.com\/en\/#website"},"primaryImageOfPage":{"@id":"https:\/\/lemaraichermoderne.com\/en\/produit\/table-de-culture-4-x-4\/#primaryimage"},"image":{"@id":"https:\/\/lemaraichermoderne.com\/en\/produit\/table-de-culture-4-x-4\/#primaryimage"},"thumbnailUrl":"https:\/\/lemaraichermoderne.com\/wp-content\/uploads\/2025\/08\/Screenshot-2025-08-14-at-13-39-03-TABLE-DE-CULTURE-4-X-4-1.png","datePublished":"2025-08-14T17:43:10+00:00","dateModified":"2025-09-24T21:31:19+00:00","breadcrumb":{"@id":"https:\/\/lemaraichermoderne.com\/en\/produit\/table-de-culture-4-x-4\/#breadcrumb"},"inLanguage":"en-US","potentialAction":[{"@type":"ReadAction","target":["https:\/\/lemaraichermoderne.com\/en\/produit\/table-de-culture-4-x-4\/"]}]},{"@type":"ImageObject","inLanguage":"en-US","@id":"https:\/\/lemaraichermoderne.com\/en\/produit\/table-de-culture-4-x-4\/#primaryimage","url":"https:\/\/lemaraichermoderne.com\/wp-content\/uploads\/2025\/08\/Screenshot-2025-08-14-at-13-39-03-TABLE-DE-CULTURE-4-X-4-1.png","contentUrl":"https:\/\/lemaraichermoderne.com\/wp-content\/uploads\/2025\/08\/Screenshot-2025-08-14-at-13-39-03-TABLE-DE-CULTURE-4-X-4-1.png","width":444,"height":444},{"@type":"BreadcrumbList","@id":"https:\/\/lemaraichermoderne.com\/en\/produit\/table-de-culture-4-x-4\/#breadcrumb","itemListElement":[{"@type":"ListItem","position":1,"name":"Accueil","item":"https:\/\/lemaraichermoderne.com\/en\/"},{"@type":"ListItem","position":2,"name":"Boutique","item":"https:\/\/lemaraichermoderne.com\/boutique\/"},{"@type":"ListItem","position":3,"name":"TABLE DE CULTURE 4&prime; X 4&prime;"}]},{"@type":"WebSite","@id":"https:\/\/lemaraichermoderne.com\/en\/#website","url":"https:\/\/lemaraichermoderne.com\/en\/","name":"Le Mara\u00eecher Moderne","description":"R\u00e9f\u00e9rence en hydroponie \u00e0 Qu\u00e9bec","publisher":{"@id":"https:\/\/lemaraichermoderne.com\/en\/#organization"},"potentialAction":[{"@type":"SearchAction","target":{"@type":"EntryPoint","urlTemplate":"https:\/\/lemaraichermoderne.com\/en\/?s={search_term_string}"},"query-input":{"@type":"PropertyValueSpecification","valueRequired":true,"valueName":"search_term_string"}}],"inLanguage":"en-US"},{"@type":"Organization","@id":"https:\/\/lemaraichermoderne.com\/en\/#organization","name":"Le Mara\u00eecher Moderne","url":"https:\/\/lemaraichermoderne.com\/en\/","logo":{"@type":"ImageObject","inLanguage":"en-US","@id":"https:\/\/lemaraichermoderne.com\/en\/#\/schema\/logo\/image\/","url":"https:\/\/lemaraichermoderne.com\/wp-content\/uploads\/2023\/03\/logo_mm1.png","contentUrl":"https:\/\/lemaraichermoderne.com\/wp-content\/uploads\/2023\/03\/logo_mm1.png","width":500,"height":222,"caption":"Le Mara\u00eecher Moderne"},"image":{"@id":"https:\/\/lemaraichermoderne.com\/en\/#\/schema\/logo\/image\/"},"sameAs":["https:\/\/www.facebook.com\/lemaraichermoderne","https:\/\/www.instagram.com\/lemaraichermoderne"]}]}},"_links":{"self":[{"href":"https:\/\/lemaraichermoderne.com\/en\/wp-json\/wp\/v2\/product\/8940","targetHints":{"allow":["GET"]}}],"collection":[{"href":"https:\/\/lemaraichermoderne.com\/en\/wp-json\/wp\/v2\/product"}],"about":[{"href":"https:\/\/lemaraichermoderne.com\/en\/wp-json\/wp\/v2\/types\/product"}],"wp:featuredmedia":[{"embeddable":true,"href":"https:\/\/lemaraichermoderne.com\/en\/wp-json\/wp\/v2\/media\/8941"}],"wp:attachment":[{"href":"https:\/\/lemaraichermoderne.com\/en\/wp-json\/wp\/v2\/media?parent=8940"}],"wp:term":[{"taxonomy":"product_brand","embeddable":true,"href":"https:\/\/lemaraichermoderne.com\/en\/wp-json\/wp\/v2\/product_brand?post=8940"},{"taxonomy":"product_cat","embeddable":true,"href":"https:\/\/lemaraichermoderne.com\/en\/wp-json\/wp\/v2\/product_cat?post=8940"},{"taxonomy":"product_tag","embeddable":true,"href":"https:\/\/lemaraichermoderne.com\/en\/wp-json\/wp\/v2\/product_tag?post=8940"}],"curies":[{"name":"wp","href":"https:\/\/api.w.org\/{rel}","templated":true}]}}