{"id":8989,"date":"2025-08-26T11:01:35","date_gmt":"2025-08-26T15:01:35","guid":{"rendered":"https:\/\/lemaraichermoderne.com\/?post_type=product&#038;p=8989"},"modified":"2025-08-26T11:01:36","modified_gmt":"2025-08-26T15:01:36","slug":"jardin-sureleve-modulaire-9-en-1-en-metal-17-de-haut","status":"publish","type":"product","link":"https:\/\/lemaraichermoderne.com\/en\/produit\/jardin-sureleve-modulaire-9-en-1-en-metal-17-de-haut\/","title":{"rendered":"jardin sur\u00e9lev\u00e9 modulaire 9 en 1 en m\u00e9tal 17&#8243; de haut"},"content":{"rendered":"<p>Kit de jardin Sproutbox le plus populaire avec 9 configurations diff\u00e9rentes au choix.<\/p>\n<p>Il mesure 17&#8243; de haut et est con\u00e7u pour durer plus longtemps qu&#8217;un lit sur\u00e9lev\u00e9 en bois tout en restant superbe.<\/p>\n<p>La conception modulaire s&#8217;int\u00e9grera sans effort dans le jardin de vos r\u00eaves.<\/p>\n<p>Vous avez le choix de construire un 5&#8217;x5&#8242; ou 8&#8217;x2&#8242; ou quelque chose entre les deux.<\/p>\n<p>Fabriqu\u00e9 en acier Aluzinc et compl\u00e9t\u00e9 par une quincaillerie en acier inoxydable et une bordure en caoutchouc de qualit\u00e9 commerciale,<\/p>\n<p>il est facile de comprendre pourquoi les Canadiens \u00e9changent leurs jardins en bois contre un jardin Sproutbox.<\/p>\n","protected":false},"excerpt":{"rendered":"<p>Kit de jardin Sproutbox le plus populaire avec 9 configurations diff\u00e9rentes au choix. Il mesure 17&#8243; de haut et est con\u00e7u pour durer plus longtemps qu&#8217;un lit sur\u00e9lev\u00e9 en bois tout en restant superbe. La conception modulaire s&#8217;int\u00e9grera sans effort dans le jardin de vos r\u00eaves. Vous avez le choix de construire un 5&#8217;x5&#8242; ou [&hellip;]<\/p>\n","protected":false},"featured_media":8990,"template":"","meta":[],"product_brand":[],"product_cat":[40],"product_tag":[],"class_list":{"0":"post-8989","1":"product","2":"type-product","3":"status-publish","4":"has-post-thumbnail","6":"product_cat-jardin","8":"first","9":"instock","10":"taxable","11":"shipping-taxable","12":"purchasable","13":"product-type-simple"},"yoast_head":"<!-- This site is optimized with the Yoast SEO plugin v27.4 - https:\/\/yoast.com\/product\/yoast-seo-wordpress\/ -->\n<title>jardin sur\u00e9lev\u00e9 modulaire 9 en 1 en m\u00e9tal 17&quot; de haut - Le Mara\u00eecher Moderne<\/title>\n<meta name=\"robots\" content=\"index, follow, max-snippet:-1, max-image-preview:large, max-video-preview:-1\" \/>\n<link rel=\"canonical\" href=\"https:\/\/lemaraichermoderne.com\/en\/produit\/jardin-sureleve-modulaire-9-en-1-en-metal-17-de-haut\/\" \/>\n<meta property=\"og:locale\" content=\"en_US\" \/>\n<meta property=\"og:type\" content=\"article\" \/>\n<meta property=\"og:title\" content=\"jardin sur\u00e9lev\u00e9 modulaire 9 en 1 en m\u00e9tal 17&quot; de haut - Le Mara\u00eecher Moderne\" \/>\n<meta property=\"og:description\" content=\"Kit de jardin Sproutbox le plus populaire avec 9 configurations diff\u00e9rentes au choix. Il mesure 17&#8243; de haut et est con\u00e7u pour durer plus longtemps qu&#8217;un lit sur\u00e9lev\u00e9 en bois tout en restant superbe. La conception modulaire s&#8217;int\u00e9grera sans effort dans le jardin de vos r\u00eaves. Vous avez le choix de construire un 5&#8217;x5&#8242; ou [&hellip;]\" \/>\n<meta property=\"og:url\" content=\"https:\/\/lemaraichermoderne.com\/en\/produit\/jardin-sureleve-modulaire-9-en-1-en-metal-17-de-haut\/\" \/>\n<meta property=\"og:site_name\" content=\"Le Mara\u00eecher Moderne\" \/>\n<meta property=\"article:publisher\" content=\"https:\/\/www.facebook.com\/lemaraichermoderne\" \/>\n<meta property=\"article:modified_time\" content=\"2025-08-26T15:01:36+00:00\" \/>\n<meta property=\"og:image\" content=\"https:\/\/lemaraichermoderne.com\/wp-content\/uploads\/2025\/08\/sproutbox-modular-9-in-1-metal-raised-garden-bed-kit-17-tall-944006_500x.webp\" \/>\n\t<meta property=\"og:image:width\" content=\"500\" \/>\n\t<meta property=\"og:image:height\" content=\"500\" \/>\n\t<meta property=\"og:image:type\" content=\"image\/webp\" \/>\n<meta name=\"twitter:card\" content=\"summary_large_image\" \/>\n<meta name=\"twitter:label1\" content=\"Est. reading time\" \/>\n\t<meta name=\"twitter:data1\" content=\"1 minute\" \/>\n<script type=\"application\/ld+json\" class=\"yoast-schema-graph\">{\"@context\":\"https:\\\/\\\/schema.org\",\"@graph\":[{\"@type\":\"WebPage\",\"@id\":\"https:\\\/\\\/lemaraichermoderne.com\\\/en\\\/produit\\\/jardin-sureleve-modulaire-9-en-1-en-metal-17-de-haut\\\/\",\"url\":\"https:\\\/\\\/lemaraichermoderne.com\\\/en\\\/produit\\\/jardin-sureleve-modulaire-9-en-1-en-metal-17-de-haut\\\/\",\"name\":\"jardin sur\u00e9lev\u00e9 modulaire 9 en 1 en m\u00e9tal 17\\\" de haut - Le Mara\u00eecher Moderne\",\"isPartOf\":{\"@id\":\"https:\\\/\\\/lemaraichermoderne.com\\\/en\\\/#website\"},\"primaryImageOfPage\":{\"@id\":\"https:\\\/\\\/lemaraichermoderne.com\\\/en\\\/produit\\\/jardin-sureleve-modulaire-9-en-1-en-metal-17-de-haut\\\/#primaryimage\"},\"image\":{\"@id\":\"https:\\\/\\\/lemaraichermoderne.com\\\/en\\\/produit\\\/jardin-sureleve-modulaire-9-en-1-en-metal-17-de-haut\\\/#primaryimage\"},\"thumbnailUrl\":\"https:\\\/\\\/lemaraichermoderne.com\\\/wp-content\\\/uploads\\\/2025\\\/08\\\/sproutbox-modular-9-in-1-metal-raised-garden-bed-kit-17-tall-944006_500x.webp\",\"datePublished\":\"2025-08-26T15:01:35+00:00\",\"dateModified\":\"2025-08-26T15:01:36+00:00\",\"breadcrumb\":{\"@id\":\"https:\\\/\\\/lemaraichermoderne.com\\\/en\\\/produit\\\/jardin-sureleve-modulaire-9-en-1-en-metal-17-de-haut\\\/#breadcrumb\"},\"inLanguage\":\"en-US\",\"potentialAction\":[{\"@type\":\"ReadAction\",\"target\":[\"https:\\\/\\\/lemaraichermoderne.com\\\/en\\\/produit\\\/jardin-sureleve-modulaire-9-en-1-en-metal-17-de-haut\\\/\"]}]},{\"@type\":\"ImageObject\",\"inLanguage\":\"en-US\",\"@id\":\"https:\\\/\\\/lemaraichermoderne.com\\\/en\\\/produit\\\/jardin-sureleve-modulaire-9-en-1-en-metal-17-de-haut\\\/#primaryimage\",\"url\":\"https:\\\/\\\/lemaraichermoderne.com\\\/wp-content\\\/uploads\\\/2025\\\/08\\\/sproutbox-modular-9-in-1-metal-raised-garden-bed-kit-17-tall-944006_500x.webp\",\"contentUrl\":\"https:\\\/\\\/lemaraichermoderne.com\\\/wp-content\\\/uploads\\\/2025\\\/08\\\/sproutbox-modular-9-in-1-metal-raised-garden-bed-kit-17-tall-944006_500x.webp\",\"width\":500,\"height\":500},{\"@type\":\"BreadcrumbList\",\"@id\":\"https:\\\/\\\/lemaraichermoderne.com\\\/en\\\/produit\\\/jardin-sureleve-modulaire-9-en-1-en-metal-17-de-haut\\\/#breadcrumb\",\"itemListElement\":[{\"@type\":\"ListItem\",\"position\":1,\"name\":\"Accueil\",\"item\":\"https:\\\/\\\/lemaraichermoderne.com\\\/en\\\/\"},{\"@type\":\"ListItem\",\"position\":2,\"name\":\"Boutique\",\"item\":\"https:\\\/\\\/lemaraichermoderne.com\\\/boutique\\\/\"},{\"@type\":\"ListItem\",\"position\":3,\"name\":\"jardin sur\u00e9lev\u00e9 modulaire 9 en 1 en m\u00e9tal 17&Prime; de haut\"}]},{\"@type\":\"WebSite\",\"@id\":\"https:\\\/\\\/lemaraichermoderne.com\\\/en\\\/#website\",\"url\":\"https:\\\/\\\/lemaraichermoderne.com\\\/en\\\/\",\"name\":\"Le Mara\u00eecher Moderne\",\"description\":\"R\u00e9f\u00e9rence en hydroponie \u00e0 Qu\u00e9bec\",\"publisher\":{\"@id\":\"https:\\\/\\\/lemaraichermoderne.com\\\/en\\\/#organization\"},\"potentialAction\":[{\"@type\":\"SearchAction\",\"target\":{\"@type\":\"EntryPoint\",\"urlTemplate\":\"https:\\\/\\\/lemaraichermoderne.com\\\/en\\\/?s={search_term_string}\"},\"query-input\":{\"@type\":\"PropertyValueSpecification\",\"valueRequired\":true,\"valueName\":\"search_term_string\"}}],\"inLanguage\":\"en-US\"},{\"@type\":\"Organization\",\"@id\":\"https:\\\/\\\/lemaraichermoderne.com\\\/en\\\/#organization\",\"name\":\"Le Mara\u00eecher Moderne\",\"url\":\"https:\\\/\\\/lemaraichermoderne.com\\\/en\\\/\",\"logo\":{\"@type\":\"ImageObject\",\"inLanguage\":\"en-US\",\"@id\":\"https:\\\/\\\/lemaraichermoderne.com\\\/en\\\/#\\\/schema\\\/logo\\\/image\\\/\",\"url\":\"https:\\\/\\\/lemaraichermoderne.com\\\/wp-content\\\/uploads\\\/2023\\\/03\\\/logo_mm1.png\",\"contentUrl\":\"https:\\\/\\\/lemaraichermoderne.com\\\/wp-content\\\/uploads\\\/2023\\\/03\\\/logo_mm1.png\",\"width\":500,\"height\":222,\"caption\":\"Le Mara\u00eecher Moderne\"},\"image\":{\"@id\":\"https:\\\/\\\/lemaraichermoderne.com\\\/en\\\/#\\\/schema\\\/logo\\\/image\\\/\"},\"sameAs\":[\"https:\\\/\\\/www.facebook.com\\\/lemaraichermoderne\",\"https:\\\/\\\/www.instagram.com\\\/lemaraichermoderne\"]}]}<\/script>\n<!-- \/ Yoast SEO plugin. -->","yoast_head_json":{"title":"jardin sur\u00e9lev\u00e9 modulaire 9 en 1 en m\u00e9tal 17\" de haut - Le Mara\u00eecher Moderne","robots":{"index":"index","follow":"follow","max-snippet":"max-snippet:-1","max-image-preview":"max-image-preview:large","max-video-preview":"max-video-preview:-1"},"canonical":"https:\/\/lemaraichermoderne.com\/en\/produit\/jardin-sureleve-modulaire-9-en-1-en-metal-17-de-haut\/","og_locale":"en_US","og_type":"article","og_title":"jardin sur\u00e9lev\u00e9 modulaire 9 en 1 en m\u00e9tal 17\" de haut - Le Mara\u00eecher Moderne","og_description":"Kit de jardin Sproutbox le plus populaire avec 9 configurations diff\u00e9rentes au choix. Il mesure 17&#8243; de haut et est con\u00e7u pour durer plus longtemps qu&#8217;un lit sur\u00e9lev\u00e9 en bois tout en restant superbe. La conception modulaire s&#8217;int\u00e9grera sans effort dans le jardin de vos r\u00eaves. Vous avez le choix de construire un 5&#8217;x5&#8242; ou [&hellip;]","og_url":"https:\/\/lemaraichermoderne.com\/en\/produit\/jardin-sureleve-modulaire-9-en-1-en-metal-17-de-haut\/","og_site_name":"Le Mara\u00eecher Moderne","article_publisher":"https:\/\/www.facebook.com\/lemaraichermoderne","article_modified_time":"2025-08-26T15:01:36+00:00","og_image":[{"width":500,"height":500,"url":"https:\/\/lemaraichermoderne.com\/wp-content\/uploads\/2025\/08\/sproutbox-modular-9-in-1-metal-raised-garden-bed-kit-17-tall-944006_500x.webp","type":"image\/webp"}],"twitter_card":"summary_large_image","twitter_misc":{"Est. reading time":"1 minute"},"schema":{"@context":"https:\/\/schema.org","@graph":[{"@type":"WebPage","@id":"https:\/\/lemaraichermoderne.com\/en\/produit\/jardin-sureleve-modulaire-9-en-1-en-metal-17-de-haut\/","url":"https:\/\/lemaraichermoderne.com\/en\/produit\/jardin-sureleve-modulaire-9-en-1-en-metal-17-de-haut\/","name":"jardin sur\u00e9lev\u00e9 modulaire 9 en 1 en m\u00e9tal 17\" de haut - Le Mara\u00eecher Moderne","isPartOf":{"@id":"https:\/\/lemaraichermoderne.com\/en\/#website"},"primaryImageOfPage":{"@id":"https:\/\/lemaraichermoderne.com\/en\/produit\/jardin-sureleve-modulaire-9-en-1-en-metal-17-de-haut\/#primaryimage"},"image":{"@id":"https:\/\/lemaraichermoderne.com\/en\/produit\/jardin-sureleve-modulaire-9-en-1-en-metal-17-de-haut\/#primaryimage"},"thumbnailUrl":"https:\/\/lemaraichermoderne.com\/wp-content\/uploads\/2025\/08\/sproutbox-modular-9-in-1-metal-raised-garden-bed-kit-17-tall-944006_500x.webp","datePublished":"2025-08-26T15:01:35+00:00","dateModified":"2025-08-26T15:01:36+00:00","breadcrumb":{"@id":"https:\/\/lemaraichermoderne.com\/en\/produit\/jardin-sureleve-modulaire-9-en-1-en-metal-17-de-haut\/#breadcrumb"},"inLanguage":"en-US","potentialAction":[{"@type":"ReadAction","target":["https:\/\/lemaraichermoderne.com\/en\/produit\/jardin-sureleve-modulaire-9-en-1-en-metal-17-de-haut\/"]}]},{"@type":"ImageObject","inLanguage":"en-US","@id":"https:\/\/lemaraichermoderne.com\/en\/produit\/jardin-sureleve-modulaire-9-en-1-en-metal-17-de-haut\/#primaryimage","url":"https:\/\/lemaraichermoderne.com\/wp-content\/uploads\/2025\/08\/sproutbox-modular-9-in-1-metal-raised-garden-bed-kit-17-tall-944006_500x.webp","contentUrl":"https:\/\/lemaraichermoderne.com\/wp-content\/uploads\/2025\/08\/sproutbox-modular-9-in-1-metal-raised-garden-bed-kit-17-tall-944006_500x.webp","width":500,"height":500},{"@type":"BreadcrumbList","@id":"https:\/\/lemaraichermoderne.com\/en\/produit\/jardin-sureleve-modulaire-9-en-1-en-metal-17-de-haut\/#breadcrumb","itemListElement":[{"@type":"ListItem","position":1,"name":"Accueil","item":"https:\/\/lemaraichermoderne.com\/en\/"},{"@type":"ListItem","position":2,"name":"Boutique","item":"https:\/\/lemaraichermoderne.com\/boutique\/"},{"@type":"ListItem","position":3,"name":"jardin sur\u00e9lev\u00e9 modulaire 9 en 1 en m\u00e9tal 17&Prime; de haut"}]},{"@type":"WebSite","@id":"https:\/\/lemaraichermoderne.com\/en\/#website","url":"https:\/\/lemaraichermoderne.com\/en\/","name":"Le Mara\u00eecher Moderne","description":"R\u00e9f\u00e9rence en hydroponie \u00e0 Qu\u00e9bec","publisher":{"@id":"https:\/\/lemaraichermoderne.com\/en\/#organization"},"potentialAction":[{"@type":"SearchAction","target":{"@type":"EntryPoint","urlTemplate":"https:\/\/lemaraichermoderne.com\/en\/?s={search_term_string}"},"query-input":{"@type":"PropertyValueSpecification","valueRequired":true,"valueName":"search_term_string"}}],"inLanguage":"en-US"},{"@type":"Organization","@id":"https:\/\/lemaraichermoderne.com\/en\/#organization","name":"Le Mara\u00eecher Moderne","url":"https:\/\/lemaraichermoderne.com\/en\/","logo":{"@type":"ImageObject","inLanguage":"en-US","@id":"https:\/\/lemaraichermoderne.com\/en\/#\/schema\/logo\/image\/","url":"https:\/\/lemaraichermoderne.com\/wp-content\/uploads\/2023\/03\/logo_mm1.png","contentUrl":"https:\/\/lemaraichermoderne.com\/wp-content\/uploads\/2023\/03\/logo_mm1.png","width":500,"height":222,"caption":"Le Mara\u00eecher Moderne"},"image":{"@id":"https:\/\/lemaraichermoderne.com\/en\/#\/schema\/logo\/image\/"},"sameAs":["https:\/\/www.facebook.com\/lemaraichermoderne","https:\/\/www.instagram.com\/lemaraichermoderne"]}]}},"_links":{"self":[{"href":"https:\/\/lemaraichermoderne.com\/en\/wp-json\/wp\/v2\/product\/8989","targetHints":{"allow":["GET"]}}],"collection":[{"href":"https:\/\/lemaraichermoderne.com\/en\/wp-json\/wp\/v2\/product"}],"about":[{"href":"https:\/\/lemaraichermoderne.com\/en\/wp-json\/wp\/v2\/types\/product"}],"wp:featuredmedia":[{"embeddable":true,"href":"https:\/\/lemaraichermoderne.com\/en\/wp-json\/wp\/v2\/media\/8990"}],"wp:attachment":[{"href":"https:\/\/lemaraichermoderne.com\/en\/wp-json\/wp\/v2\/media?parent=8989"}],"wp:term":[{"taxonomy":"product_brand","embeddable":true,"href":"https:\/\/lemaraichermoderne.com\/en\/wp-json\/wp\/v2\/product_brand?post=8989"},{"taxonomy":"product_cat","embeddable":true,"href":"https:\/\/lemaraichermoderne.com\/en\/wp-json\/wp\/v2\/product_cat?post=8989"},{"taxonomy":"product_tag","embeddable":true,"href":"https:\/\/lemaraichermoderne.com\/en\/wp-json\/wp\/v2\/product_tag?post=8989"}],"curies":[{"name":"wp","href":"https:\/\/api.w.org\/{rel}","templated":true}]}}