{"id":9299,"date":"2025-10-07T11:01:10","date_gmt":"2025-10-07T15:01:10","guid":{"rendered":"https:\/\/lemaraichermoderne.com\/?post_type=product&#038;p=9299"},"modified":"2026-04-02T15:50:44","modified_gmt":"2026-04-02T19:50:44","slug":"antelco-valve-micro-barb-thread-1-8","status":"publish","type":"product","link":"https:\/\/lemaraichermoderne.com\/en\/produit\/antelco-valve-micro-barb-thread-1-8\/","title":{"rendered":"ANTELCO VALVE MICRO BARB \/ THREAD 1 \/ 8&#8221;"},"content":{"rendered":"<p>La valve Vari-Flow\u00ae d\u2019Antelco\u00a0 Barb\/Thread est un raccord polyvalent qui est parfait pour une vari\u00e9t\u00e9 d&#8217;applications d&#8217;irrigation.<\/p>\n<p>Ce raccord est dot\u00e9 d&#8217;une connexion cannel\u00e9e compatible avec une gamme de tailles de tuyaux et d&#8217;une valve filet\u00e9e qui vous permet de r\u00e9guler le d\u00e9bit d&#8217;eau avec pr\u00e9cision.<\/p>\n<p>Fabriqu\u00e9 \u00e0 partir de mat\u00e9riaux de haute qualit\u00e9, ce raccord est con\u00e7u pour durer des ann\u00e9es.<\/p>\n<p>Sa taille compacte permet de l&#8217;installer m\u00eame dans les espaces les plus restreints, et il est facile \u00e0 raccorder \u00e0 votre syst\u00e8me d&#8217;irrigation existant.<\/p>\n","protected":false},"excerpt":{"rendered":"<p>La valve Vari-Flow\u00ae d\u2019Antelco\u00a0 Barb\/Thread est un raccord polyvalent qui est parfait pour une vari\u00e9t\u00e9 d&#8217;applications d&#8217;irrigation. Ce raccord est dot\u00e9 d&#8217;une connexion cannel\u00e9e compatible avec une gamme de tailles de tuyaux et d&#8217;une valve filet\u00e9e qui vous permet de r\u00e9guler le d\u00e9bit d&#8217;eau avec pr\u00e9cision. Fabriqu\u00e9 \u00e0 partir de mat\u00e9riaux de haute qualit\u00e9, ce [&hellip;]<\/p>\n","protected":false},"featured_media":9300,"template":"","meta":[],"product_brand":[],"product_cat":[30],"product_tag":[],"class_list":{"0":"post-9299","1":"product","2":"type-product","3":"status-publish","4":"has-post-thumbnail","6":"product_cat-accessoires-hydroponique-2","8":"first","9":"instock","10":"taxable","11":"shipping-taxable","12":"purchasable","13":"product-type-simple"},"yoast_head":"<!-- This site is optimized with the Yoast SEO plugin v27.5 - https:\/\/yoast.com\/product\/yoast-seo-wordpress\/ -->\n<title>ANTELCO VALVE MICRO BARB \/ THREAD 1 \/ 8&#039;&#039; - Le Mara\u00eecher Moderne<\/title>\n<meta name=\"robots\" content=\"index, follow, max-snippet:-1, max-image-preview:large, max-video-preview:-1\" \/>\n<link rel=\"canonical\" href=\"https:\/\/lemaraichermoderne.com\/en\/produit\/antelco-valve-micro-barb-thread-1-8\/\" \/>\n<meta property=\"og:locale\" content=\"en_US\" \/>\n<meta property=\"og:type\" content=\"article\" \/>\n<meta property=\"og:title\" content=\"ANTELCO VALVE MICRO BARB \/ THREAD 1 \/ 8&#039;&#039; - Le Mara\u00eecher Moderne\" \/>\n<meta property=\"og:description\" content=\"La valve Vari-Flow\u00ae d\u2019Antelco\u00a0 Barb\/Thread est un raccord polyvalent qui est parfait pour une vari\u00e9t\u00e9 d&#8217;applications d&#8217;irrigation. Ce raccord est dot\u00e9 d&#8217;une connexion cannel\u00e9e compatible avec une gamme de tailles de tuyaux et d&#8217;une valve filet\u00e9e qui vous permet de r\u00e9guler le d\u00e9bit d&#8217;eau avec pr\u00e9cision. Fabriqu\u00e9 \u00e0 partir de mat\u00e9riaux de haute qualit\u00e9, ce [&hellip;]\" \/>\n<meta property=\"og:url\" content=\"https:\/\/lemaraichermoderne.com\/en\/produit\/antelco-valve-micro-barb-thread-1-8\/\" \/>\n<meta property=\"og:site_name\" content=\"Le Mara\u00eecher Moderne\" \/>\n<meta property=\"article:publisher\" content=\"https:\/\/www.facebook.com\/lemaraichermoderne\" \/>\n<meta property=\"article:modified_time\" content=\"2026-04-02T19:50:44+00:00\" \/>\n<meta property=\"og:image\" content=\"https:\/\/lemaraichermoderne.com\/wp-content\/uploads\/2025\/10\/ANTELCO-VALVE-MICRO-BARB-THREAD-1.8.jpg\" \/>\n\t<meta property=\"og:image:width\" content=\"900\" \/>\n\t<meta property=\"og:image:height\" content=\"900\" \/>\n\t<meta property=\"og:image:type\" content=\"image\/jpeg\" \/>\n<meta name=\"twitter:card\" content=\"summary_large_image\" \/>\n<meta name=\"twitter:label1\" content=\"Est. reading time\" \/>\n\t<meta name=\"twitter:data1\" content=\"1 minute\" \/>\n<script type=\"application\/ld+json\" class=\"yoast-schema-graph\">{\"@context\":\"https:\\\/\\\/schema.org\",\"@graph\":[{\"@type\":\"WebPage\",\"@id\":\"https:\\\/\\\/lemaraichermoderne.com\\\/en\\\/produit\\\/antelco-valve-micro-barb-thread-1-8\\\/\",\"url\":\"https:\\\/\\\/lemaraichermoderne.com\\\/en\\\/produit\\\/antelco-valve-micro-barb-thread-1-8\\\/\",\"name\":\"ANTELCO VALVE MICRO BARB \\\/ THREAD 1 \\\/ 8'' - Le Mara\u00eecher Moderne\",\"isPartOf\":{\"@id\":\"https:\\\/\\\/lemaraichermoderne.com\\\/en\\\/#website\"},\"primaryImageOfPage\":{\"@id\":\"https:\\\/\\\/lemaraichermoderne.com\\\/en\\\/produit\\\/antelco-valve-micro-barb-thread-1-8\\\/#primaryimage\"},\"image\":{\"@id\":\"https:\\\/\\\/lemaraichermoderne.com\\\/en\\\/produit\\\/antelco-valve-micro-barb-thread-1-8\\\/#primaryimage\"},\"thumbnailUrl\":\"https:\\\/\\\/lemaraichermoderne.com\\\/wp-content\\\/uploads\\\/2025\\\/10\\\/ANTELCO-VALVE-MICRO-BARB-THREAD-1.8.jpg\",\"datePublished\":\"2025-10-07T15:01:10+00:00\",\"dateModified\":\"2026-04-02T19:50:44+00:00\",\"breadcrumb\":{\"@id\":\"https:\\\/\\\/lemaraichermoderne.com\\\/en\\\/produit\\\/antelco-valve-micro-barb-thread-1-8\\\/#breadcrumb\"},\"inLanguage\":\"en-US\",\"potentialAction\":[{\"@type\":\"ReadAction\",\"target\":[\"https:\\\/\\\/lemaraichermoderne.com\\\/en\\\/produit\\\/antelco-valve-micro-barb-thread-1-8\\\/\"]}]},{\"@type\":\"ImageObject\",\"inLanguage\":\"en-US\",\"@id\":\"https:\\\/\\\/lemaraichermoderne.com\\\/en\\\/produit\\\/antelco-valve-micro-barb-thread-1-8\\\/#primaryimage\",\"url\":\"https:\\\/\\\/lemaraichermoderne.com\\\/wp-content\\\/uploads\\\/2025\\\/10\\\/ANTELCO-VALVE-MICRO-BARB-THREAD-1.8.jpg\",\"contentUrl\":\"https:\\\/\\\/lemaraichermoderne.com\\\/wp-content\\\/uploads\\\/2025\\\/10\\\/ANTELCO-VALVE-MICRO-BARB-THREAD-1.8.jpg\",\"width\":900,\"height\":900},{\"@type\":\"BreadcrumbList\",\"@id\":\"https:\\\/\\\/lemaraichermoderne.com\\\/en\\\/produit\\\/antelco-valve-micro-barb-thread-1-8\\\/#breadcrumb\",\"itemListElement\":[{\"@type\":\"ListItem\",\"position\":1,\"name\":\"Accueil\",\"item\":\"https:\\\/\\\/lemaraichermoderne.com\\\/en\\\/\"},{\"@type\":\"ListItem\",\"position\":2,\"name\":\"Boutique\",\"item\":\"https:\\\/\\\/lemaraichermoderne.com\\\/boutique\\\/\"},{\"@type\":\"ListItem\",\"position\":3,\"name\":\"ANTELCO VALVE MICRO BARB \\\/ THREAD 1 \\\/ 8\u00a0\u00bb\"}]},{\"@type\":\"WebSite\",\"@id\":\"https:\\\/\\\/lemaraichermoderne.com\\\/en\\\/#website\",\"url\":\"https:\\\/\\\/lemaraichermoderne.com\\\/en\\\/\",\"name\":\"Le Mara\u00eecher Moderne\",\"description\":\"R\u00e9f\u00e9rence en hydroponie \u00e0 Qu\u00e9bec\",\"publisher\":{\"@id\":\"https:\\\/\\\/lemaraichermoderne.com\\\/en\\\/#organization\"},\"potentialAction\":[{\"@type\":\"SearchAction\",\"target\":{\"@type\":\"EntryPoint\",\"urlTemplate\":\"https:\\\/\\\/lemaraichermoderne.com\\\/en\\\/?s={search_term_string}\"},\"query-input\":{\"@type\":\"PropertyValueSpecification\",\"valueRequired\":true,\"valueName\":\"search_term_string\"}}],\"inLanguage\":\"en-US\"},{\"@type\":\"Organization\",\"@id\":\"https:\\\/\\\/lemaraichermoderne.com\\\/en\\\/#organization\",\"name\":\"Le Mara\u00eecher Moderne\",\"url\":\"https:\\\/\\\/lemaraichermoderne.com\\\/en\\\/\",\"logo\":{\"@type\":\"ImageObject\",\"inLanguage\":\"en-US\",\"@id\":\"https:\\\/\\\/lemaraichermoderne.com\\\/en\\\/#\\\/schema\\\/logo\\\/image\\\/\",\"url\":\"https:\\\/\\\/lemaraichermoderne.com\\\/wp-content\\\/uploads\\\/2023\\\/03\\\/logo_mm1.png\",\"contentUrl\":\"https:\\\/\\\/lemaraichermoderne.com\\\/wp-content\\\/uploads\\\/2023\\\/03\\\/logo_mm1.png\",\"width\":500,\"height\":222,\"caption\":\"Le Mara\u00eecher Moderne\"},\"image\":{\"@id\":\"https:\\\/\\\/lemaraichermoderne.com\\\/en\\\/#\\\/schema\\\/logo\\\/image\\\/\"},\"sameAs\":[\"https:\\\/\\\/www.facebook.com\\\/lemaraichermoderne\",\"https:\\\/\\\/www.instagram.com\\\/lemaraichermoderne\"]}]}<\/script>\n<!-- \/ Yoast SEO plugin. -->","yoast_head_json":{"title":"ANTELCO VALVE MICRO BARB \/ THREAD 1 \/ 8'' - Le Mara\u00eecher Moderne","robots":{"index":"index","follow":"follow","max-snippet":"max-snippet:-1","max-image-preview":"max-image-preview:large","max-video-preview":"max-video-preview:-1"},"canonical":"https:\/\/lemaraichermoderne.com\/en\/produit\/antelco-valve-micro-barb-thread-1-8\/","og_locale":"en_US","og_type":"article","og_title":"ANTELCO VALVE MICRO BARB \/ THREAD 1 \/ 8'' - Le Mara\u00eecher Moderne","og_description":"La valve Vari-Flow\u00ae d\u2019Antelco\u00a0 Barb\/Thread est un raccord polyvalent qui est parfait pour une vari\u00e9t\u00e9 d&#8217;applications d&#8217;irrigation. Ce raccord est dot\u00e9 d&#8217;une connexion cannel\u00e9e compatible avec une gamme de tailles de tuyaux et d&#8217;une valve filet\u00e9e qui vous permet de r\u00e9guler le d\u00e9bit d&#8217;eau avec pr\u00e9cision. Fabriqu\u00e9 \u00e0 partir de mat\u00e9riaux de haute qualit\u00e9, ce [&hellip;]","og_url":"https:\/\/lemaraichermoderne.com\/en\/produit\/antelco-valve-micro-barb-thread-1-8\/","og_site_name":"Le Mara\u00eecher Moderne","article_publisher":"https:\/\/www.facebook.com\/lemaraichermoderne","article_modified_time":"2026-04-02T19:50:44+00:00","og_image":[{"width":900,"height":900,"url":"https:\/\/lemaraichermoderne.com\/wp-content\/uploads\/2025\/10\/ANTELCO-VALVE-MICRO-BARB-THREAD-1.8.jpg","type":"image\/jpeg"}],"twitter_card":"summary_large_image","twitter_misc":{"Est. reading time":"1 minute"},"schema":{"@context":"https:\/\/schema.org","@graph":[{"@type":"WebPage","@id":"https:\/\/lemaraichermoderne.com\/en\/produit\/antelco-valve-micro-barb-thread-1-8\/","url":"https:\/\/lemaraichermoderne.com\/en\/produit\/antelco-valve-micro-barb-thread-1-8\/","name":"ANTELCO VALVE MICRO BARB \/ THREAD 1 \/ 8'' - Le Mara\u00eecher Moderne","isPartOf":{"@id":"https:\/\/lemaraichermoderne.com\/en\/#website"},"primaryImageOfPage":{"@id":"https:\/\/lemaraichermoderne.com\/en\/produit\/antelco-valve-micro-barb-thread-1-8\/#primaryimage"},"image":{"@id":"https:\/\/lemaraichermoderne.com\/en\/produit\/antelco-valve-micro-barb-thread-1-8\/#primaryimage"},"thumbnailUrl":"https:\/\/lemaraichermoderne.com\/wp-content\/uploads\/2025\/10\/ANTELCO-VALVE-MICRO-BARB-THREAD-1.8.jpg","datePublished":"2025-10-07T15:01:10+00:00","dateModified":"2026-04-02T19:50:44+00:00","breadcrumb":{"@id":"https:\/\/lemaraichermoderne.com\/en\/produit\/antelco-valve-micro-barb-thread-1-8\/#breadcrumb"},"inLanguage":"en-US","potentialAction":[{"@type":"ReadAction","target":["https:\/\/lemaraichermoderne.com\/en\/produit\/antelco-valve-micro-barb-thread-1-8\/"]}]},{"@type":"ImageObject","inLanguage":"en-US","@id":"https:\/\/lemaraichermoderne.com\/en\/produit\/antelco-valve-micro-barb-thread-1-8\/#primaryimage","url":"https:\/\/lemaraichermoderne.com\/wp-content\/uploads\/2025\/10\/ANTELCO-VALVE-MICRO-BARB-THREAD-1.8.jpg","contentUrl":"https:\/\/lemaraichermoderne.com\/wp-content\/uploads\/2025\/10\/ANTELCO-VALVE-MICRO-BARB-THREAD-1.8.jpg","width":900,"height":900},{"@type":"BreadcrumbList","@id":"https:\/\/lemaraichermoderne.com\/en\/produit\/antelco-valve-micro-barb-thread-1-8\/#breadcrumb","itemListElement":[{"@type":"ListItem","position":1,"name":"Accueil","item":"https:\/\/lemaraichermoderne.com\/en\/"},{"@type":"ListItem","position":2,"name":"Boutique","item":"https:\/\/lemaraichermoderne.com\/boutique\/"},{"@type":"ListItem","position":3,"name":"ANTELCO VALVE MICRO BARB \/ THREAD 1 \/ 8\u00a0\u00bb"}]},{"@type":"WebSite","@id":"https:\/\/lemaraichermoderne.com\/en\/#website","url":"https:\/\/lemaraichermoderne.com\/en\/","name":"Le Mara\u00eecher Moderne","description":"R\u00e9f\u00e9rence en hydroponie \u00e0 Qu\u00e9bec","publisher":{"@id":"https:\/\/lemaraichermoderne.com\/en\/#organization"},"potentialAction":[{"@type":"SearchAction","target":{"@type":"EntryPoint","urlTemplate":"https:\/\/lemaraichermoderne.com\/en\/?s={search_term_string}"},"query-input":{"@type":"PropertyValueSpecification","valueRequired":true,"valueName":"search_term_string"}}],"inLanguage":"en-US"},{"@type":"Organization","@id":"https:\/\/lemaraichermoderne.com\/en\/#organization","name":"Le Mara\u00eecher Moderne","url":"https:\/\/lemaraichermoderne.com\/en\/","logo":{"@type":"ImageObject","inLanguage":"en-US","@id":"https:\/\/lemaraichermoderne.com\/en\/#\/schema\/logo\/image\/","url":"https:\/\/lemaraichermoderne.com\/wp-content\/uploads\/2023\/03\/logo_mm1.png","contentUrl":"https:\/\/lemaraichermoderne.com\/wp-content\/uploads\/2023\/03\/logo_mm1.png","width":500,"height":222,"caption":"Le Mara\u00eecher Moderne"},"image":{"@id":"https:\/\/lemaraichermoderne.com\/en\/#\/schema\/logo\/image\/"},"sameAs":["https:\/\/www.facebook.com\/lemaraichermoderne","https:\/\/www.instagram.com\/lemaraichermoderne"]}]}},"_links":{"self":[{"href":"https:\/\/lemaraichermoderne.com\/en\/wp-json\/wp\/v2\/product\/9299","targetHints":{"allow":["GET"]}}],"collection":[{"href":"https:\/\/lemaraichermoderne.com\/en\/wp-json\/wp\/v2\/product"}],"about":[{"href":"https:\/\/lemaraichermoderne.com\/en\/wp-json\/wp\/v2\/types\/product"}],"wp:featuredmedia":[{"embeddable":true,"href":"https:\/\/lemaraichermoderne.com\/en\/wp-json\/wp\/v2\/media\/9300"}],"wp:attachment":[{"href":"https:\/\/lemaraichermoderne.com\/en\/wp-json\/wp\/v2\/media?parent=9299"}],"wp:term":[{"taxonomy":"product_brand","embeddable":true,"href":"https:\/\/lemaraichermoderne.com\/en\/wp-json\/wp\/v2\/product_brand?post=9299"},{"taxonomy":"product_cat","embeddable":true,"href":"https:\/\/lemaraichermoderne.com\/en\/wp-json\/wp\/v2\/product_cat?post=9299"},{"taxonomy":"product_tag","embeddable":true,"href":"https:\/\/lemaraichermoderne.com\/en\/wp-json\/wp\/v2\/product_tag?post=9299"}],"curies":[{"name":"wp","href":"https:\/\/api.w.org\/{rel}","templated":true}]}}