{"id":9302,"date":"2025-10-07T11:07:46","date_gmt":"2025-10-07T15:07:46","guid":{"rendered":"https:\/\/lemaraichermoderne.com\/?post_type=product&#038;p=9302"},"modified":"2025-10-08T13:23:20","modified_gmt":"2025-10-08T17:23:20","slug":"growonix-valve-flotteur-1-4-ou-3-8-connection-rapide","status":"publish","type":"product","link":"https:\/\/lemaraichermoderne.com\/en\/produit\/growonix-valve-flotteur-1-4-ou-3-8-connection-rapide\/","title":{"rendered":"GROWONIX VALVE FLOTTEUR &#8211; 1 \/ 4&#8243; OU 3 \/ 8&#8243; CONNECTION RAPIDE"},"content":{"rendered":"<p>Les valves \u00e0 flotteur ferment ou ouvrent automatiquement l\u2019arriv\u00e9e d\u2019eau.<\/p>\n<p>Elles sont ajustables permettant un contr\u00f4le du niveau d\u2019eau.<\/p>\n<p>La flotte monte ou descend suivant le niveau de liquide pr\u00e9sent dans le r\u00e9servoir, changeant l\u2019angle du levier d\u2019arr\u00eat.<\/p>\n<p>Lorsque l\u2019angle du levier du flotteur change suffisamment, la valve s\u2019ouvre ou se ferme.<\/p>\n<p>Les valves \u00e0 flotteur sont utilis\u00e9es pour r\u00e9guler le niveau de liquide d\u2019un r\u00e9servoir dans de multiples applications.<\/p>\n<p>Con\u00e7u pour les tuyaux de 3\/8po et de 1\/4po.<\/p>\n","protected":false},"excerpt":{"rendered":"<p>Les valves \u00e0 flotteur ferment ou ouvrent automatiquement l\u2019arriv\u00e9e d\u2019eau. Elles sont ajustables permettant un contr\u00f4le du niveau d\u2019eau. La flotte monte ou descend suivant le niveau de liquide pr\u00e9sent dans le r\u00e9servoir, changeant l\u2019angle du levier d\u2019arr\u00eat. Lorsque l\u2019angle du levier du flotteur change suffisamment, la valve s\u2019ouvre ou se ferme. Les valves \u00e0 [&hellip;]<\/p>\n","protected":false},"featured_media":9303,"template":"","meta":[],"product_brand":[],"product_cat":[30],"product_tag":[],"class_list":{"0":"post-9302","1":"product","2":"type-product","3":"status-publish","4":"has-post-thumbnail","6":"product_cat-accessoires-hydroponique-2","8":"first","9":"instock","10":"taxable","11":"shipping-taxable","12":"purchasable","13":"product-type-simple"},"yoast_head":"<!-- This site is optimized with the Yoast SEO plugin v27.5 - https:\/\/yoast.com\/product\/yoast-seo-wordpress\/ -->\n<title>GROWONIX VALVE FLOTTEUR - 1 \/ 4&quot; OU 3 \/ 8&quot; CONNECTION RAPIDE - Le Mara\u00eecher Moderne<\/title>\n<meta name=\"robots\" content=\"index, follow, max-snippet:-1, max-image-preview:large, max-video-preview:-1\" \/>\n<link rel=\"canonical\" href=\"https:\/\/lemaraichermoderne.com\/en\/produit\/growonix-valve-flotteur-1-4-ou-3-8-connection-rapide\/\" \/>\n<meta property=\"og:locale\" content=\"en_US\" \/>\n<meta property=\"og:type\" content=\"article\" \/>\n<meta property=\"og:title\" content=\"GROWONIX VALVE FLOTTEUR - 1 \/ 4&quot; OU 3 \/ 8&quot; CONNECTION RAPIDE - Le Mara\u00eecher Moderne\" \/>\n<meta property=\"og:description\" content=\"Les valves \u00e0 flotteur ferment ou ouvrent automatiquement l\u2019arriv\u00e9e d\u2019eau. Elles sont ajustables permettant un contr\u00f4le du niveau d\u2019eau. La flotte monte ou descend suivant le niveau de liquide pr\u00e9sent dans le r\u00e9servoir, changeant l\u2019angle du levier d\u2019arr\u00eat. Lorsque l\u2019angle du levier du flotteur change suffisamment, la valve s\u2019ouvre ou se ferme. Les valves \u00e0 [&hellip;]\" \/>\n<meta property=\"og:url\" content=\"https:\/\/lemaraichermoderne.com\/en\/produit\/growonix-valve-flotteur-1-4-ou-3-8-connection-rapide\/\" \/>\n<meta property=\"og:site_name\" content=\"Le Mara\u00eecher Moderne\" \/>\n<meta property=\"article:publisher\" content=\"https:\/\/www.facebook.com\/lemaraichermoderne\" \/>\n<meta property=\"article:modified_time\" content=\"2025-10-08T17:23:20+00:00\" \/>\n<meta property=\"og:image\" content=\"https:\/\/lemaraichermoderne.com\/wp-content\/uploads\/2025\/10\/growonix-va-f-1438-B.jpg\" \/>\n\t<meta property=\"og:image:width\" content=\"900\" \/>\n\t<meta property=\"og:image:height\" content=\"900\" \/>\n\t<meta property=\"og:image:type\" content=\"image\/jpeg\" \/>\n<meta name=\"twitter:card\" content=\"summary_large_image\" \/>\n<meta name=\"twitter:label1\" content=\"Est. reading time\" \/>\n\t<meta name=\"twitter:data1\" content=\"1 minute\" \/>\n<script type=\"application\/ld+json\" class=\"yoast-schema-graph\">{\"@context\":\"https:\\\/\\\/schema.org\",\"@graph\":[{\"@type\":\"WebPage\",\"@id\":\"https:\\\/\\\/lemaraichermoderne.com\\\/en\\\/produit\\\/growonix-valve-flotteur-1-4-ou-3-8-connection-rapide\\\/\",\"url\":\"https:\\\/\\\/lemaraichermoderne.com\\\/en\\\/produit\\\/growonix-valve-flotteur-1-4-ou-3-8-connection-rapide\\\/\",\"name\":\"GROWONIX VALVE FLOTTEUR - 1 \\\/ 4\\\" OU 3 \\\/ 8\\\" CONNECTION RAPIDE - Le Mara\u00eecher Moderne\",\"isPartOf\":{\"@id\":\"https:\\\/\\\/lemaraichermoderne.com\\\/en\\\/#website\"},\"primaryImageOfPage\":{\"@id\":\"https:\\\/\\\/lemaraichermoderne.com\\\/en\\\/produit\\\/growonix-valve-flotteur-1-4-ou-3-8-connection-rapide\\\/#primaryimage\"},\"image\":{\"@id\":\"https:\\\/\\\/lemaraichermoderne.com\\\/en\\\/produit\\\/growonix-valve-flotteur-1-4-ou-3-8-connection-rapide\\\/#primaryimage\"},\"thumbnailUrl\":\"https:\\\/\\\/lemaraichermoderne.com\\\/wp-content\\\/uploads\\\/2025\\\/10\\\/growonix-va-f-1438-B.jpg\",\"datePublished\":\"2025-10-07T15:07:46+00:00\",\"dateModified\":\"2025-10-08T17:23:20+00:00\",\"breadcrumb\":{\"@id\":\"https:\\\/\\\/lemaraichermoderne.com\\\/en\\\/produit\\\/growonix-valve-flotteur-1-4-ou-3-8-connection-rapide\\\/#breadcrumb\"},\"inLanguage\":\"en-US\",\"potentialAction\":[{\"@type\":\"ReadAction\",\"target\":[\"https:\\\/\\\/lemaraichermoderne.com\\\/en\\\/produit\\\/growonix-valve-flotteur-1-4-ou-3-8-connection-rapide\\\/\"]}]},{\"@type\":\"ImageObject\",\"inLanguage\":\"en-US\",\"@id\":\"https:\\\/\\\/lemaraichermoderne.com\\\/en\\\/produit\\\/growonix-valve-flotteur-1-4-ou-3-8-connection-rapide\\\/#primaryimage\",\"url\":\"https:\\\/\\\/lemaraichermoderne.com\\\/wp-content\\\/uploads\\\/2025\\\/10\\\/growonix-va-f-1438-B.jpg\",\"contentUrl\":\"https:\\\/\\\/lemaraichermoderne.com\\\/wp-content\\\/uploads\\\/2025\\\/10\\\/growonix-va-f-1438-B.jpg\",\"width\":900,\"height\":900},{\"@type\":\"BreadcrumbList\",\"@id\":\"https:\\\/\\\/lemaraichermoderne.com\\\/en\\\/produit\\\/growonix-valve-flotteur-1-4-ou-3-8-connection-rapide\\\/#breadcrumb\",\"itemListElement\":[{\"@type\":\"ListItem\",\"position\":1,\"name\":\"Accueil\",\"item\":\"https:\\\/\\\/lemaraichermoderne.com\\\/en\\\/\"},{\"@type\":\"ListItem\",\"position\":2,\"name\":\"Boutique\",\"item\":\"https:\\\/\\\/lemaraichermoderne.com\\\/boutique\\\/\"},{\"@type\":\"ListItem\",\"position\":3,\"name\":\"GROWONIX VALVE FLOTTEUR &#8211; 1 \\\/ 4&Prime; OU 3 \\\/ 8&Prime; CONNECTION RAPIDE\"}]},{\"@type\":\"WebSite\",\"@id\":\"https:\\\/\\\/lemaraichermoderne.com\\\/en\\\/#website\",\"url\":\"https:\\\/\\\/lemaraichermoderne.com\\\/en\\\/\",\"name\":\"Le Mara\u00eecher Moderne\",\"description\":\"R\u00e9f\u00e9rence en hydroponie \u00e0 Qu\u00e9bec\",\"publisher\":{\"@id\":\"https:\\\/\\\/lemaraichermoderne.com\\\/en\\\/#organization\"},\"potentialAction\":[{\"@type\":\"SearchAction\",\"target\":{\"@type\":\"EntryPoint\",\"urlTemplate\":\"https:\\\/\\\/lemaraichermoderne.com\\\/en\\\/?s={search_term_string}\"},\"query-input\":{\"@type\":\"PropertyValueSpecification\",\"valueRequired\":true,\"valueName\":\"search_term_string\"}}],\"inLanguage\":\"en-US\"},{\"@type\":\"Organization\",\"@id\":\"https:\\\/\\\/lemaraichermoderne.com\\\/en\\\/#organization\",\"name\":\"Le Mara\u00eecher Moderne\",\"url\":\"https:\\\/\\\/lemaraichermoderne.com\\\/en\\\/\",\"logo\":{\"@type\":\"ImageObject\",\"inLanguage\":\"en-US\",\"@id\":\"https:\\\/\\\/lemaraichermoderne.com\\\/en\\\/#\\\/schema\\\/logo\\\/image\\\/\",\"url\":\"https:\\\/\\\/lemaraichermoderne.com\\\/wp-content\\\/uploads\\\/2023\\\/03\\\/logo_mm1.png\",\"contentUrl\":\"https:\\\/\\\/lemaraichermoderne.com\\\/wp-content\\\/uploads\\\/2023\\\/03\\\/logo_mm1.png\",\"width\":500,\"height\":222,\"caption\":\"Le Mara\u00eecher Moderne\"},\"image\":{\"@id\":\"https:\\\/\\\/lemaraichermoderne.com\\\/en\\\/#\\\/schema\\\/logo\\\/image\\\/\"},\"sameAs\":[\"https:\\\/\\\/www.facebook.com\\\/lemaraichermoderne\",\"https:\\\/\\\/www.instagram.com\\\/lemaraichermoderne\"]}]}<\/script>\n<!-- \/ Yoast SEO plugin. -->","yoast_head_json":{"title":"GROWONIX VALVE FLOTTEUR - 1 \/ 4\" OU 3 \/ 8\" CONNECTION RAPIDE - Le Mara\u00eecher Moderne","robots":{"index":"index","follow":"follow","max-snippet":"max-snippet:-1","max-image-preview":"max-image-preview:large","max-video-preview":"max-video-preview:-1"},"canonical":"https:\/\/lemaraichermoderne.com\/en\/produit\/growonix-valve-flotteur-1-4-ou-3-8-connection-rapide\/","og_locale":"en_US","og_type":"article","og_title":"GROWONIX VALVE FLOTTEUR - 1 \/ 4\" OU 3 \/ 8\" CONNECTION RAPIDE - Le Mara\u00eecher Moderne","og_description":"Les valves \u00e0 flotteur ferment ou ouvrent automatiquement l\u2019arriv\u00e9e d\u2019eau. Elles sont ajustables permettant un contr\u00f4le du niveau d\u2019eau. La flotte monte ou descend suivant le niveau de liquide pr\u00e9sent dans le r\u00e9servoir, changeant l\u2019angle du levier d\u2019arr\u00eat. Lorsque l\u2019angle du levier du flotteur change suffisamment, la valve s\u2019ouvre ou se ferme. Les valves \u00e0 [&hellip;]","og_url":"https:\/\/lemaraichermoderne.com\/en\/produit\/growonix-valve-flotteur-1-4-ou-3-8-connection-rapide\/","og_site_name":"Le Mara\u00eecher Moderne","article_publisher":"https:\/\/www.facebook.com\/lemaraichermoderne","article_modified_time":"2025-10-08T17:23:20+00:00","og_image":[{"width":900,"height":900,"url":"https:\/\/lemaraichermoderne.com\/wp-content\/uploads\/2025\/10\/growonix-va-f-1438-B.jpg","type":"image\/jpeg"}],"twitter_card":"summary_large_image","twitter_misc":{"Est. reading time":"1 minute"},"schema":{"@context":"https:\/\/schema.org","@graph":[{"@type":"WebPage","@id":"https:\/\/lemaraichermoderne.com\/en\/produit\/growonix-valve-flotteur-1-4-ou-3-8-connection-rapide\/","url":"https:\/\/lemaraichermoderne.com\/en\/produit\/growonix-valve-flotteur-1-4-ou-3-8-connection-rapide\/","name":"GROWONIX VALVE FLOTTEUR - 1 \/ 4\" OU 3 \/ 8\" CONNECTION RAPIDE - Le Mara\u00eecher Moderne","isPartOf":{"@id":"https:\/\/lemaraichermoderne.com\/en\/#website"},"primaryImageOfPage":{"@id":"https:\/\/lemaraichermoderne.com\/en\/produit\/growonix-valve-flotteur-1-4-ou-3-8-connection-rapide\/#primaryimage"},"image":{"@id":"https:\/\/lemaraichermoderne.com\/en\/produit\/growonix-valve-flotteur-1-4-ou-3-8-connection-rapide\/#primaryimage"},"thumbnailUrl":"https:\/\/lemaraichermoderne.com\/wp-content\/uploads\/2025\/10\/growonix-va-f-1438-B.jpg","datePublished":"2025-10-07T15:07:46+00:00","dateModified":"2025-10-08T17:23:20+00:00","breadcrumb":{"@id":"https:\/\/lemaraichermoderne.com\/en\/produit\/growonix-valve-flotteur-1-4-ou-3-8-connection-rapide\/#breadcrumb"},"inLanguage":"en-US","potentialAction":[{"@type":"ReadAction","target":["https:\/\/lemaraichermoderne.com\/en\/produit\/growonix-valve-flotteur-1-4-ou-3-8-connection-rapide\/"]}]},{"@type":"ImageObject","inLanguage":"en-US","@id":"https:\/\/lemaraichermoderne.com\/en\/produit\/growonix-valve-flotteur-1-4-ou-3-8-connection-rapide\/#primaryimage","url":"https:\/\/lemaraichermoderne.com\/wp-content\/uploads\/2025\/10\/growonix-va-f-1438-B.jpg","contentUrl":"https:\/\/lemaraichermoderne.com\/wp-content\/uploads\/2025\/10\/growonix-va-f-1438-B.jpg","width":900,"height":900},{"@type":"BreadcrumbList","@id":"https:\/\/lemaraichermoderne.com\/en\/produit\/growonix-valve-flotteur-1-4-ou-3-8-connection-rapide\/#breadcrumb","itemListElement":[{"@type":"ListItem","position":1,"name":"Accueil","item":"https:\/\/lemaraichermoderne.com\/en\/"},{"@type":"ListItem","position":2,"name":"Boutique","item":"https:\/\/lemaraichermoderne.com\/boutique\/"},{"@type":"ListItem","position":3,"name":"GROWONIX VALVE FLOTTEUR &#8211; 1 \/ 4&Prime; OU 3 \/ 8&Prime; CONNECTION RAPIDE"}]},{"@type":"WebSite","@id":"https:\/\/lemaraichermoderne.com\/en\/#website","url":"https:\/\/lemaraichermoderne.com\/en\/","name":"Le Mara\u00eecher Moderne","description":"R\u00e9f\u00e9rence en hydroponie \u00e0 Qu\u00e9bec","publisher":{"@id":"https:\/\/lemaraichermoderne.com\/en\/#organization"},"potentialAction":[{"@type":"SearchAction","target":{"@type":"EntryPoint","urlTemplate":"https:\/\/lemaraichermoderne.com\/en\/?s={search_term_string}"},"query-input":{"@type":"PropertyValueSpecification","valueRequired":true,"valueName":"search_term_string"}}],"inLanguage":"en-US"},{"@type":"Organization","@id":"https:\/\/lemaraichermoderne.com\/en\/#organization","name":"Le Mara\u00eecher Moderne","url":"https:\/\/lemaraichermoderne.com\/en\/","logo":{"@type":"ImageObject","inLanguage":"en-US","@id":"https:\/\/lemaraichermoderne.com\/en\/#\/schema\/logo\/image\/","url":"https:\/\/lemaraichermoderne.com\/wp-content\/uploads\/2023\/03\/logo_mm1.png","contentUrl":"https:\/\/lemaraichermoderne.com\/wp-content\/uploads\/2023\/03\/logo_mm1.png","width":500,"height":222,"caption":"Le Mara\u00eecher Moderne"},"image":{"@id":"https:\/\/lemaraichermoderne.com\/en\/#\/schema\/logo\/image\/"},"sameAs":["https:\/\/www.facebook.com\/lemaraichermoderne","https:\/\/www.instagram.com\/lemaraichermoderne"]}]}},"_links":{"self":[{"href":"https:\/\/lemaraichermoderne.com\/en\/wp-json\/wp\/v2\/product\/9302","targetHints":{"allow":["GET"]}}],"collection":[{"href":"https:\/\/lemaraichermoderne.com\/en\/wp-json\/wp\/v2\/product"}],"about":[{"href":"https:\/\/lemaraichermoderne.com\/en\/wp-json\/wp\/v2\/types\/product"}],"wp:featuredmedia":[{"embeddable":true,"href":"https:\/\/lemaraichermoderne.com\/en\/wp-json\/wp\/v2\/media\/9303"}],"wp:attachment":[{"href":"https:\/\/lemaraichermoderne.com\/en\/wp-json\/wp\/v2\/media?parent=9302"}],"wp:term":[{"taxonomy":"product_brand","embeddable":true,"href":"https:\/\/lemaraichermoderne.com\/en\/wp-json\/wp\/v2\/product_brand?post=9302"},{"taxonomy":"product_cat","embeddable":true,"href":"https:\/\/lemaraichermoderne.com\/en\/wp-json\/wp\/v2\/product_cat?post=9302"},{"taxonomy":"product_tag","embeddable":true,"href":"https:\/\/lemaraichermoderne.com\/en\/wp-json\/wp\/v2\/product_tag?post=9302"}],"curies":[{"name":"wp","href":"https:\/\/api.w.org\/{rel}","templated":true}]}}