{"id":9447,"date":"2025-10-11T10:14:20","date_gmt":"2025-10-11T14:14:20","guid":{"rendered":"https:\/\/lemaraichermoderne.com\/?post_type=product&#038;p=9447"},"modified":"2025-11-22T11:26:07","modified_gmt":"2025-11-22T16:26:07","slug":"vinaigre-balsamique-fonce-i-g-p-de-modene","status":"publish","type":"product","link":"https:\/\/lemaraichermoderne.com\/en\/produit\/vinaigre-balsamique-fonce-i-g-p-de-modene\/","title":{"rendered":"Vinaigre balsamique fonc\u00e9 &#8211; I. G. P de Mod\u00e8ne"},"content":{"rendered":"<p>Certifi\u00e9 I.G.P. par le Consorzio di Modena, ce balsamique a \u00e9t\u00e9 astucieusement \u00e9labor\u00e9 avec la plus grande quantit\u00e9 de mo\u00fbt de raisin italien jug\u00e9 n\u00e9cessaire pour \u00e9quilibrer l&#8217;acidit\u00e9 de 6% de ce vinaigre. Le produit obtenu est un balsamique bien \u00e9quilibr\u00e9, riche, vif et velout\u00e9. En comparaison avec notre balsamique traditionnel 18 ans, notre I.G.P. est agr\u00e9ablement plus savoureux avec juste la bonne quantit\u00e9 de douceur. Ces caract\u00e9ristiques peuvent \u00eatre attribu\u00e9es aux quantit\u00e9s de vinaigre de vin vieilli en f\u00fbt et de mo\u00fbt de raisin utilis\u00e9es dans ce d\u00e9licieux lot de balsamique \u00ab Gold Line \u00bb. Ce vinaigre aux multiples facettes et polyvalent est \u00e0 peu pr\u00e8s l&#8217;ingr\u00e9dient parfait pour toutes les mani\u00e8res de manger, mais surtout, il est tr\u00e8s bien adapt\u00e9 pour ceux qui suivent un r\u00e9gime sp\u00e9cial et l&#8217;accord id\u00e9al pour toute huile d&#8217;olive.<\/p>\n","protected":false},"excerpt":{"rendered":"<p>Certifi\u00e9 I.G.P. par le Consorzio di Modena, ce balsamique a \u00e9t\u00e9 astucieusement \u00e9labor\u00e9 avec la plus grande quantit\u00e9 de mo\u00fbt de raisin italien jug\u00e9 n\u00e9cessaire pour \u00e9quilibrer l&#8217;acidit\u00e9 de 6% de ce vinaigre. Le produit obtenu est un balsamique bien \u00e9quilibr\u00e9, riche, vif et velout\u00e9. En comparaison avec notre balsamique traditionnel 18 ans, notre I.G.P. [&hellip;]<\/p>\n","protected":false},"featured_media":9452,"template":"","meta":[],"product_brand":[],"product_cat":[58],"product_tag":[],"class_list":{"0":"post-9447","1":"product","2":"type-product","3":"status-publish","4":"has-post-thumbnail","6":"product_cat-vinaigres-balsamiques-fonces","8":"first","9":"outofstock","10":"purchasable","11":"product-type-variable"},"yoast_head":"<!-- This site is optimized with the Yoast SEO plugin v27.4 - https:\/\/yoast.com\/product\/yoast-seo-wordpress\/ -->\n<title>Vinaigre balsamique fonc\u00e9 - I. G. P de Mod\u00e8ne - Le Mara\u00eecher Moderne<\/title>\n<meta name=\"robots\" content=\"index, follow, max-snippet:-1, max-image-preview:large, max-video-preview:-1\" \/>\n<link rel=\"canonical\" href=\"https:\/\/lemaraichermoderne.com\/en\/produit\/vinaigre-balsamique-fonce-i-g-p-de-modene\/\" \/>\n<meta property=\"og:locale\" content=\"en_US\" \/>\n<meta property=\"og:type\" content=\"article\" \/>\n<meta property=\"og:title\" content=\"Vinaigre balsamique fonc\u00e9 - I. G. P de Mod\u00e8ne - Le Mara\u00eecher Moderne\" \/>\n<meta property=\"og:description\" content=\"Certifi\u00e9 I.G.P. par le Consorzio di Modena, ce balsamique a \u00e9t\u00e9 astucieusement \u00e9labor\u00e9 avec la plus grande quantit\u00e9 de mo\u00fbt de raisin italien jug\u00e9 n\u00e9cessaire pour \u00e9quilibrer l&#8217;acidit\u00e9 de 6% de ce vinaigre. Le produit obtenu est un balsamique bien \u00e9quilibr\u00e9, riche, vif et velout\u00e9. En comparaison avec notre balsamique traditionnel 18 ans, notre I.G.P. [&hellip;]\" \/>\n<meta property=\"og:url\" content=\"https:\/\/lemaraichermoderne.com\/en\/produit\/vinaigre-balsamique-fonce-i-g-p-de-modene\/\" \/>\n<meta property=\"og:site_name\" content=\"Le Mara\u00eecher Moderne\" \/>\n<meta property=\"article:publisher\" content=\"https:\/\/www.facebook.com\/lemaraichermoderne\" \/>\n<meta property=\"article:modified_time\" content=\"2025-11-22T16:26:07+00:00\" \/>\n<meta property=\"og:image\" content=\"https:\/\/lemaraichermoderne.com\/wp-content\/uploads\/2025\/10\/140a7960-66ef-4426-88f1-e5360eca1058-683x1024.png\" \/>\n\t<meta property=\"og:image:width\" content=\"683\" \/>\n\t<meta property=\"og:image:height\" content=\"1024\" \/>\n\t<meta property=\"og:image:type\" content=\"image\/png\" \/>\n<meta name=\"twitter:card\" content=\"summary_large_image\" \/>\n<meta name=\"twitter:label1\" content=\"Est. reading time\" \/>\n\t<meta name=\"twitter:data1\" content=\"1 minute\" \/>\n<script type=\"application\/ld+json\" class=\"yoast-schema-graph\">{\"@context\":\"https:\\\/\\\/schema.org\",\"@graph\":[{\"@type\":\"WebPage\",\"@id\":\"https:\\\/\\\/lemaraichermoderne.com\\\/en\\\/produit\\\/vinaigre-balsamique-fonce-i-g-p-de-modene\\\/\",\"url\":\"https:\\\/\\\/lemaraichermoderne.com\\\/en\\\/produit\\\/vinaigre-balsamique-fonce-i-g-p-de-modene\\\/\",\"name\":\"Vinaigre balsamique fonc\u00e9 - I. G. P de Mod\u00e8ne - Le Mara\u00eecher Moderne\",\"isPartOf\":{\"@id\":\"https:\\\/\\\/lemaraichermoderne.com\\\/en\\\/#website\"},\"primaryImageOfPage\":{\"@id\":\"https:\\\/\\\/lemaraichermoderne.com\\\/en\\\/produit\\\/vinaigre-balsamique-fonce-i-g-p-de-modene\\\/#primaryimage\"},\"image\":{\"@id\":\"https:\\\/\\\/lemaraichermoderne.com\\\/en\\\/produit\\\/vinaigre-balsamique-fonce-i-g-p-de-modene\\\/#primaryimage\"},\"thumbnailUrl\":\"https:\\\/\\\/lemaraichermoderne.com\\\/wp-content\\\/uploads\\\/2025\\\/10\\\/140a7960-66ef-4426-88f1-e5360eca1058.png\",\"datePublished\":\"2025-10-11T14:14:20+00:00\",\"dateModified\":\"2025-11-22T16:26:07+00:00\",\"breadcrumb\":{\"@id\":\"https:\\\/\\\/lemaraichermoderne.com\\\/en\\\/produit\\\/vinaigre-balsamique-fonce-i-g-p-de-modene\\\/#breadcrumb\"},\"inLanguage\":\"en-US\",\"potentialAction\":[{\"@type\":\"ReadAction\",\"target\":[\"https:\\\/\\\/lemaraichermoderne.com\\\/en\\\/produit\\\/vinaigre-balsamique-fonce-i-g-p-de-modene\\\/\"]}]},{\"@type\":\"ImageObject\",\"inLanguage\":\"en-US\",\"@id\":\"https:\\\/\\\/lemaraichermoderne.com\\\/en\\\/produit\\\/vinaigre-balsamique-fonce-i-g-p-de-modene\\\/#primaryimage\",\"url\":\"https:\\\/\\\/lemaraichermoderne.com\\\/wp-content\\\/uploads\\\/2025\\\/10\\\/140a7960-66ef-4426-88f1-e5360eca1058.png\",\"contentUrl\":\"https:\\\/\\\/lemaraichermoderne.com\\\/wp-content\\\/uploads\\\/2025\\\/10\\\/140a7960-66ef-4426-88f1-e5360eca1058.png\",\"width\":1024,\"height\":1536},{\"@type\":\"BreadcrumbList\",\"@id\":\"https:\\\/\\\/lemaraichermoderne.com\\\/en\\\/produit\\\/vinaigre-balsamique-fonce-i-g-p-de-modene\\\/#breadcrumb\",\"itemListElement\":[{\"@type\":\"ListItem\",\"position\":1,\"name\":\"Accueil\",\"item\":\"https:\\\/\\\/lemaraichermoderne.com\\\/en\\\/\"},{\"@type\":\"ListItem\",\"position\":2,\"name\":\"Boutique\",\"item\":\"https:\\\/\\\/lemaraichermoderne.com\\\/boutique\\\/\"},{\"@type\":\"ListItem\",\"position\":3,\"name\":\"Vinaigre balsamique fonc\u00e9 &#8211; I. G. P de Mod\u00e8ne\"}]},{\"@type\":\"WebSite\",\"@id\":\"https:\\\/\\\/lemaraichermoderne.com\\\/en\\\/#website\",\"url\":\"https:\\\/\\\/lemaraichermoderne.com\\\/en\\\/\",\"name\":\"Le Mara\u00eecher Moderne\",\"description\":\"R\u00e9f\u00e9rence en hydroponie \u00e0 Qu\u00e9bec\",\"publisher\":{\"@id\":\"https:\\\/\\\/lemaraichermoderne.com\\\/en\\\/#organization\"},\"potentialAction\":[{\"@type\":\"SearchAction\",\"target\":{\"@type\":\"EntryPoint\",\"urlTemplate\":\"https:\\\/\\\/lemaraichermoderne.com\\\/en\\\/?s={search_term_string}\"},\"query-input\":{\"@type\":\"PropertyValueSpecification\",\"valueRequired\":true,\"valueName\":\"search_term_string\"}}],\"inLanguage\":\"en-US\"},{\"@type\":\"Organization\",\"@id\":\"https:\\\/\\\/lemaraichermoderne.com\\\/en\\\/#organization\",\"name\":\"Le Mara\u00eecher Moderne\",\"url\":\"https:\\\/\\\/lemaraichermoderne.com\\\/en\\\/\",\"logo\":{\"@type\":\"ImageObject\",\"inLanguage\":\"en-US\",\"@id\":\"https:\\\/\\\/lemaraichermoderne.com\\\/en\\\/#\\\/schema\\\/logo\\\/image\\\/\",\"url\":\"https:\\\/\\\/lemaraichermoderne.com\\\/wp-content\\\/uploads\\\/2023\\\/03\\\/logo_mm1.png\",\"contentUrl\":\"https:\\\/\\\/lemaraichermoderne.com\\\/wp-content\\\/uploads\\\/2023\\\/03\\\/logo_mm1.png\",\"width\":500,\"height\":222,\"caption\":\"Le Mara\u00eecher Moderne\"},\"image\":{\"@id\":\"https:\\\/\\\/lemaraichermoderne.com\\\/en\\\/#\\\/schema\\\/logo\\\/image\\\/\"},\"sameAs\":[\"https:\\\/\\\/www.facebook.com\\\/lemaraichermoderne\",\"https:\\\/\\\/www.instagram.com\\\/lemaraichermoderne\"]}]}<\/script>\n<!-- \/ Yoast SEO plugin. -->","yoast_head_json":{"title":"Vinaigre balsamique fonc\u00e9 - I. G. P de Mod\u00e8ne - Le Mara\u00eecher Moderne","robots":{"index":"index","follow":"follow","max-snippet":"max-snippet:-1","max-image-preview":"max-image-preview:large","max-video-preview":"max-video-preview:-1"},"canonical":"https:\/\/lemaraichermoderne.com\/en\/produit\/vinaigre-balsamique-fonce-i-g-p-de-modene\/","og_locale":"en_US","og_type":"article","og_title":"Vinaigre balsamique fonc\u00e9 - I. G. P de Mod\u00e8ne - Le Mara\u00eecher Moderne","og_description":"Certifi\u00e9 I.G.P. par le Consorzio di Modena, ce balsamique a \u00e9t\u00e9 astucieusement \u00e9labor\u00e9 avec la plus grande quantit\u00e9 de mo\u00fbt de raisin italien jug\u00e9 n\u00e9cessaire pour \u00e9quilibrer l&#8217;acidit\u00e9 de 6% de ce vinaigre. Le produit obtenu est un balsamique bien \u00e9quilibr\u00e9, riche, vif et velout\u00e9. En comparaison avec notre balsamique traditionnel 18 ans, notre I.G.P. [&hellip;]","og_url":"https:\/\/lemaraichermoderne.com\/en\/produit\/vinaigre-balsamique-fonce-i-g-p-de-modene\/","og_site_name":"Le Mara\u00eecher Moderne","article_publisher":"https:\/\/www.facebook.com\/lemaraichermoderne","article_modified_time":"2025-11-22T16:26:07+00:00","og_image":[{"width":683,"height":1024,"url":"https:\/\/lemaraichermoderne.com\/wp-content\/uploads\/2025\/10\/140a7960-66ef-4426-88f1-e5360eca1058-683x1024.png","type":"image\/png"}],"twitter_card":"summary_large_image","twitter_misc":{"Est. reading time":"1 minute"},"schema":{"@context":"https:\/\/schema.org","@graph":[{"@type":"WebPage","@id":"https:\/\/lemaraichermoderne.com\/en\/produit\/vinaigre-balsamique-fonce-i-g-p-de-modene\/","url":"https:\/\/lemaraichermoderne.com\/en\/produit\/vinaigre-balsamique-fonce-i-g-p-de-modene\/","name":"Vinaigre balsamique fonc\u00e9 - I. G. P de Mod\u00e8ne - Le Mara\u00eecher Moderne","isPartOf":{"@id":"https:\/\/lemaraichermoderne.com\/en\/#website"},"primaryImageOfPage":{"@id":"https:\/\/lemaraichermoderne.com\/en\/produit\/vinaigre-balsamique-fonce-i-g-p-de-modene\/#primaryimage"},"image":{"@id":"https:\/\/lemaraichermoderne.com\/en\/produit\/vinaigre-balsamique-fonce-i-g-p-de-modene\/#primaryimage"},"thumbnailUrl":"https:\/\/lemaraichermoderne.com\/wp-content\/uploads\/2025\/10\/140a7960-66ef-4426-88f1-e5360eca1058.png","datePublished":"2025-10-11T14:14:20+00:00","dateModified":"2025-11-22T16:26:07+00:00","breadcrumb":{"@id":"https:\/\/lemaraichermoderne.com\/en\/produit\/vinaigre-balsamique-fonce-i-g-p-de-modene\/#breadcrumb"},"inLanguage":"en-US","potentialAction":[{"@type":"ReadAction","target":["https:\/\/lemaraichermoderne.com\/en\/produit\/vinaigre-balsamique-fonce-i-g-p-de-modene\/"]}]},{"@type":"ImageObject","inLanguage":"en-US","@id":"https:\/\/lemaraichermoderne.com\/en\/produit\/vinaigre-balsamique-fonce-i-g-p-de-modene\/#primaryimage","url":"https:\/\/lemaraichermoderne.com\/wp-content\/uploads\/2025\/10\/140a7960-66ef-4426-88f1-e5360eca1058.png","contentUrl":"https:\/\/lemaraichermoderne.com\/wp-content\/uploads\/2025\/10\/140a7960-66ef-4426-88f1-e5360eca1058.png","width":1024,"height":1536},{"@type":"BreadcrumbList","@id":"https:\/\/lemaraichermoderne.com\/en\/produit\/vinaigre-balsamique-fonce-i-g-p-de-modene\/#breadcrumb","itemListElement":[{"@type":"ListItem","position":1,"name":"Accueil","item":"https:\/\/lemaraichermoderne.com\/en\/"},{"@type":"ListItem","position":2,"name":"Boutique","item":"https:\/\/lemaraichermoderne.com\/boutique\/"},{"@type":"ListItem","position":3,"name":"Vinaigre balsamique fonc\u00e9 &#8211; I. G. P de Mod\u00e8ne"}]},{"@type":"WebSite","@id":"https:\/\/lemaraichermoderne.com\/en\/#website","url":"https:\/\/lemaraichermoderne.com\/en\/","name":"Le Mara\u00eecher Moderne","description":"R\u00e9f\u00e9rence en hydroponie \u00e0 Qu\u00e9bec","publisher":{"@id":"https:\/\/lemaraichermoderne.com\/en\/#organization"},"potentialAction":[{"@type":"SearchAction","target":{"@type":"EntryPoint","urlTemplate":"https:\/\/lemaraichermoderne.com\/en\/?s={search_term_string}"},"query-input":{"@type":"PropertyValueSpecification","valueRequired":true,"valueName":"search_term_string"}}],"inLanguage":"en-US"},{"@type":"Organization","@id":"https:\/\/lemaraichermoderne.com\/en\/#organization","name":"Le Mara\u00eecher Moderne","url":"https:\/\/lemaraichermoderne.com\/en\/","logo":{"@type":"ImageObject","inLanguage":"en-US","@id":"https:\/\/lemaraichermoderne.com\/en\/#\/schema\/logo\/image\/","url":"https:\/\/lemaraichermoderne.com\/wp-content\/uploads\/2023\/03\/logo_mm1.png","contentUrl":"https:\/\/lemaraichermoderne.com\/wp-content\/uploads\/2023\/03\/logo_mm1.png","width":500,"height":222,"caption":"Le Mara\u00eecher Moderne"},"image":{"@id":"https:\/\/lemaraichermoderne.com\/en\/#\/schema\/logo\/image\/"},"sameAs":["https:\/\/www.facebook.com\/lemaraichermoderne","https:\/\/www.instagram.com\/lemaraichermoderne"]}]}},"_links":{"self":[{"href":"https:\/\/lemaraichermoderne.com\/en\/wp-json\/wp\/v2\/product\/9447","targetHints":{"allow":["GET"]}}],"collection":[{"href":"https:\/\/lemaraichermoderne.com\/en\/wp-json\/wp\/v2\/product"}],"about":[{"href":"https:\/\/lemaraichermoderne.com\/en\/wp-json\/wp\/v2\/types\/product"}],"wp:featuredmedia":[{"embeddable":true,"href":"https:\/\/lemaraichermoderne.com\/en\/wp-json\/wp\/v2\/media\/9452"}],"wp:attachment":[{"href":"https:\/\/lemaraichermoderne.com\/en\/wp-json\/wp\/v2\/media?parent=9447"}],"wp:term":[{"taxonomy":"product_brand","embeddable":true,"href":"https:\/\/lemaraichermoderne.com\/en\/wp-json\/wp\/v2\/product_brand?post=9447"},{"taxonomy":"product_cat","embeddable":true,"href":"https:\/\/lemaraichermoderne.com\/en\/wp-json\/wp\/v2\/product_cat?post=9447"},{"taxonomy":"product_tag","embeddable":true,"href":"https:\/\/lemaraichermoderne.com\/en\/wp-json\/wp\/v2\/product_tag?post=9447"}],"curies":[{"name":"wp","href":"https:\/\/api.w.org\/{rel}","templated":true}]}}