{"id":974,"date":"2023-05-25T12:13:46","date_gmt":"2023-05-25T16:13:46","guid":{"rendered":"https:\/\/lemaraichermoderne.com\/?post_type=product&#038;p=974"},"modified":"2026-03-01T13:25:19","modified_gmt":"2026-03-01T18:25:19","slug":"ecoum-frass-3kg","status":"publish","type":"product","link":"https:\/\/lemaraichermoderne.com\/en\/produit\/ecoum-frass-3kg\/","title":{"rendered":"\u00c9coum. Frass 3KG"},"content":{"rendered":"<div class=\"elementor-element elementor-element-2654c1e elementor-hidden-mobile elementor-widget elementor-widget-woocommerce-product-short-description\" data-id=\"2654c1e\" data-element_type=\"widget\" data-widget_type=\"woocommerce-product-short-description.default\">\n<div class=\"elementor-widget-container\">\n<div class=\"woocommerce-product-details__short-description\">\n<p>Le fertilisant \u00ab frass \u00bb d\u2019insecte est un biostimulant efficace permettant d\u2019augmenter ainsi que d\u2019am\u00e9liorer la microbiologie et la fertilit\u00e9 de votre sol. Il est un \u00e9l\u00e9ment \u00e0 offrir \u00e0 vos plantes potag\u00e8res pour une croissance et des rendements consid\u00e9rablement am\u00e9lior\u00e9s.<\/p>\n<p>En quelque sorte, le frass permet de lib\u00e9rer les superpouvoirs des insectes dans votre potager!<\/p>\n<\/div>\n<div class=\"elementor-element elementor-element-2654c1e elementor-hidden-mobile elementor-widget elementor-widget-woocommerce-product-short-description\" data-id=\"2654c1e\" data-element_type=\"widget\" data-widget_type=\"woocommerce-product-short-description.default\">\n<div class=\"elementor-widget-container\">\n<div class=\"woocommerce-product-details__short-description\">\n<div id=\"elementor-tab-content-4991\" class=\"elementor-tab-content elementor-clearfix elementor-active\" role=\"tabpanel\" data-tab=\"1\" aria-labelledby=\"elementor-tab-title-4991\">\n<h2>Description<\/h2>\n<p>Produit biologique approuv\u00e9 \u00c9co cert:<\/p>\n<ul>\n<li>compos\u00e9 \u00e0 100% de fumier de larves de mouches soldats;<\/li>\n<li>contient de la chitine d\u2019insecte et des micro-organismes qui am\u00e9liore la microbiologie et la fertilit\u00e9 du sol, des plantes et leur croissance;<\/li>\n<li>fabriqu\u00e9 au Qu\u00e9bec;<\/li>\n<li>issu de l\u2019\u00e9conomie circulaire.<\/li>\n<\/ul>\n<p><strong>Application:<\/strong><br \/>\nIl peut \u00eatre m\u00e9lang\u00e9 directement dans le sol ou \u00eatre appliqu\u00e9 en surface afin qu\u2019il se dissolve lentement. Le frass convient bien \u00e0 la culture au potager ou au jardin fruitier, et aussi en mara\u00eechage. En fait, il peut \u00eatre utilis\u00e9 partout dans un jardin.<\/p>\n<p>Comment l\u2019utiliser?\u00a0 Consulter le\u00a0<strong><a href=\"https:\/\/www.ecoumene.com\/wp-content\/uploads\/2022\/11\/frass-guide-dapplication-v002.pdf\" target=\"_blank\" rel=\"noopener\">guide d\u2019application en ligne!<\/a><\/strong><\/p>\n<p><strong>Conservation<\/strong>:<br \/>\nConserver dans son emballage, dans un endroit frais et sec.<\/p>\n<p>&nbsp;<\/p>\n<\/div>\n<\/div>\n<\/div>\n<\/div>\n<\/div>\n<\/div>\n","protected":false},"excerpt":{"rendered":"<p>Le fertilisant \u00ab frass \u00bb d\u2019insecte est un biostimulant efficace permettant d\u2019augmenter ainsi que d\u2019am\u00e9liorer la microbiologie et la fertilit\u00e9 de votre sol. Il est un \u00e9l\u00e9ment \u00e0 offrir \u00e0 vos plantes potag\u00e8res pour une croissance et des rendements consid\u00e9rablement am\u00e9lior\u00e9s. En quelque sorte, le frass permet de lib\u00e9rer les superpouvoirs des insectes dans votre [&hellip;]<\/p>\n","protected":false},"featured_media":975,"template":"","meta":[],"product_brand":[],"product_cat":[40],"product_tag":[],"class_list":{"0":"post-974","1":"product","2":"type-product","3":"status-publish","4":"has-post-thumbnail","6":"product_cat-jardin","8":"first","9":"instock","10":"taxable","11":"shipping-taxable","12":"purchasable","13":"product-type-simple"},"yoast_head":"<!-- This site is optimized with the Yoast SEO plugin v27.4 - https:\/\/yoast.com\/product\/yoast-seo-wordpress\/ -->\n<title>\u00c9coum. Frass 3KG - Le Mara\u00eecher Moderne<\/title>\n<meta name=\"robots\" content=\"index, follow, max-snippet:-1, max-image-preview:large, max-video-preview:-1\" \/>\n<link rel=\"canonical\" href=\"https:\/\/lemaraichermoderne.com\/en\/produit\/ecoum-frass-3kg\/\" \/>\n<meta property=\"og:locale\" content=\"en_US\" \/>\n<meta property=\"og:type\" content=\"article\" \/>\n<meta property=\"og:title\" content=\"\u00c9coum. Frass 3KG - Le Mara\u00eecher Moderne\" \/>\n<meta property=\"og:description\" content=\"Le fertilisant \u00ab frass \u00bb d\u2019insecte est un biostimulant efficace permettant d\u2019augmenter ainsi que d\u2019am\u00e9liorer la microbiologie et la fertilit\u00e9 de votre sol. Il est un \u00e9l\u00e9ment \u00e0 offrir \u00e0 vos plantes potag\u00e8res pour une croissance et des rendements consid\u00e9rablement am\u00e9lior\u00e9s. En quelque sorte, le frass permet de lib\u00e9rer les superpouvoirs des insectes dans votre [&hellip;]\" \/>\n<meta property=\"og:url\" content=\"https:\/\/lemaraichermoderne.com\/en\/produit\/ecoum-frass-3kg\/\" \/>\n<meta property=\"og:site_name\" content=\"Le Mara\u00eecher Moderne\" \/>\n<meta property=\"article:publisher\" content=\"https:\/\/www.facebook.com\/lemaraichermoderne\" \/>\n<meta property=\"article:modified_time\" content=\"2026-03-01T18:25:19+00:00\" \/>\n<meta property=\"og:image\" content=\"https:\/\/lemaraichermoderne.com\/wp-content\/uploads\/2023\/05\/frass-3kg-1000x1000-fond-blanc.png\" \/>\n\t<meta property=\"og:image:width\" content=\"900\" \/>\n\t<meta property=\"og:image:height\" content=\"900\" \/>\n\t<meta property=\"og:image:type\" content=\"image\/png\" \/>\n<meta name=\"twitter:card\" content=\"summary_large_image\" \/>\n<meta name=\"twitter:label1\" content=\"Est. reading time\" \/>\n\t<meta name=\"twitter:data1\" content=\"2 minutes\" \/>\n<script type=\"application\/ld+json\" class=\"yoast-schema-graph\">{\"@context\":\"https:\\\/\\\/schema.org\",\"@graph\":[{\"@type\":\"WebPage\",\"@id\":\"https:\\\/\\\/lemaraichermoderne.com\\\/en\\\/produit\\\/ecoum-frass-3kg\\\/\",\"url\":\"https:\\\/\\\/lemaraichermoderne.com\\\/en\\\/produit\\\/ecoum-frass-3kg\\\/\",\"name\":\"\u00c9coum. Frass 3KG - Le Mara\u00eecher Moderne\",\"isPartOf\":{\"@id\":\"https:\\\/\\\/lemaraichermoderne.com\\\/en\\\/#website\"},\"primaryImageOfPage\":{\"@id\":\"https:\\\/\\\/lemaraichermoderne.com\\\/en\\\/produit\\\/ecoum-frass-3kg\\\/#primaryimage\"},\"image\":{\"@id\":\"https:\\\/\\\/lemaraichermoderne.com\\\/en\\\/produit\\\/ecoum-frass-3kg\\\/#primaryimage\"},\"thumbnailUrl\":\"https:\\\/\\\/lemaraichermoderne.com\\\/wp-content\\\/uploads\\\/2023\\\/05\\\/frass-3kg-1000x1000-fond-blanc.png\",\"datePublished\":\"2023-05-25T16:13:46+00:00\",\"dateModified\":\"2026-03-01T18:25:19+00:00\",\"breadcrumb\":{\"@id\":\"https:\\\/\\\/lemaraichermoderne.com\\\/en\\\/produit\\\/ecoum-frass-3kg\\\/#breadcrumb\"},\"inLanguage\":\"en-US\",\"potentialAction\":[{\"@type\":\"ReadAction\",\"target\":[\"https:\\\/\\\/lemaraichermoderne.com\\\/en\\\/produit\\\/ecoum-frass-3kg\\\/\"]}]},{\"@type\":\"ImageObject\",\"inLanguage\":\"en-US\",\"@id\":\"https:\\\/\\\/lemaraichermoderne.com\\\/en\\\/produit\\\/ecoum-frass-3kg\\\/#primaryimage\",\"url\":\"https:\\\/\\\/lemaraichermoderne.com\\\/wp-content\\\/uploads\\\/2023\\\/05\\\/frass-3kg-1000x1000-fond-blanc.png\",\"contentUrl\":\"https:\\\/\\\/lemaraichermoderne.com\\\/wp-content\\\/uploads\\\/2023\\\/05\\\/frass-3kg-1000x1000-fond-blanc.png\",\"width\":900,\"height\":900,\"caption\":\"\u00c9coum. Frass 3KG\"},{\"@type\":\"BreadcrumbList\",\"@id\":\"https:\\\/\\\/lemaraichermoderne.com\\\/en\\\/produit\\\/ecoum-frass-3kg\\\/#breadcrumb\",\"itemListElement\":[{\"@type\":\"ListItem\",\"position\":1,\"name\":\"Accueil\",\"item\":\"https:\\\/\\\/lemaraichermoderne.com\\\/en\\\/\"},{\"@type\":\"ListItem\",\"position\":2,\"name\":\"Boutique\",\"item\":\"https:\\\/\\\/lemaraichermoderne.com\\\/boutique\\\/\"},{\"@type\":\"ListItem\",\"position\":3,\"name\":\"\u00c9coum. Frass 3KG\"}]},{\"@type\":\"WebSite\",\"@id\":\"https:\\\/\\\/lemaraichermoderne.com\\\/en\\\/#website\",\"url\":\"https:\\\/\\\/lemaraichermoderne.com\\\/en\\\/\",\"name\":\"Le Mara\u00eecher Moderne\",\"description\":\"R\u00e9f\u00e9rence en hydroponie \u00e0 Qu\u00e9bec\",\"publisher\":{\"@id\":\"https:\\\/\\\/lemaraichermoderne.com\\\/en\\\/#organization\"},\"potentialAction\":[{\"@type\":\"SearchAction\",\"target\":{\"@type\":\"EntryPoint\",\"urlTemplate\":\"https:\\\/\\\/lemaraichermoderne.com\\\/en\\\/?s={search_term_string}\"},\"query-input\":{\"@type\":\"PropertyValueSpecification\",\"valueRequired\":true,\"valueName\":\"search_term_string\"}}],\"inLanguage\":\"en-US\"},{\"@type\":\"Organization\",\"@id\":\"https:\\\/\\\/lemaraichermoderne.com\\\/en\\\/#organization\",\"name\":\"Le Mara\u00eecher Moderne\",\"url\":\"https:\\\/\\\/lemaraichermoderne.com\\\/en\\\/\",\"logo\":{\"@type\":\"ImageObject\",\"inLanguage\":\"en-US\",\"@id\":\"https:\\\/\\\/lemaraichermoderne.com\\\/en\\\/#\\\/schema\\\/logo\\\/image\\\/\",\"url\":\"https:\\\/\\\/lemaraichermoderne.com\\\/wp-content\\\/uploads\\\/2023\\\/03\\\/logo_mm1.png\",\"contentUrl\":\"https:\\\/\\\/lemaraichermoderne.com\\\/wp-content\\\/uploads\\\/2023\\\/03\\\/logo_mm1.png\",\"width\":500,\"height\":222,\"caption\":\"Le Mara\u00eecher Moderne\"},\"image\":{\"@id\":\"https:\\\/\\\/lemaraichermoderne.com\\\/en\\\/#\\\/schema\\\/logo\\\/image\\\/\"},\"sameAs\":[\"https:\\\/\\\/www.facebook.com\\\/lemaraichermoderne\",\"https:\\\/\\\/www.instagram.com\\\/lemaraichermoderne\"]}]}<\/script>\n<!-- \/ Yoast SEO plugin. -->","yoast_head_json":{"title":"\u00c9coum. Frass 3KG - Le Mara\u00eecher Moderne","robots":{"index":"index","follow":"follow","max-snippet":"max-snippet:-1","max-image-preview":"max-image-preview:large","max-video-preview":"max-video-preview:-1"},"canonical":"https:\/\/lemaraichermoderne.com\/en\/produit\/ecoum-frass-3kg\/","og_locale":"en_US","og_type":"article","og_title":"\u00c9coum. Frass 3KG - Le Mara\u00eecher Moderne","og_description":"Le fertilisant \u00ab frass \u00bb d\u2019insecte est un biostimulant efficace permettant d\u2019augmenter ainsi que d\u2019am\u00e9liorer la microbiologie et la fertilit\u00e9 de votre sol. Il est un \u00e9l\u00e9ment \u00e0 offrir \u00e0 vos plantes potag\u00e8res pour une croissance et des rendements consid\u00e9rablement am\u00e9lior\u00e9s. En quelque sorte, le frass permet de lib\u00e9rer les superpouvoirs des insectes dans votre [&hellip;]","og_url":"https:\/\/lemaraichermoderne.com\/en\/produit\/ecoum-frass-3kg\/","og_site_name":"Le Mara\u00eecher Moderne","article_publisher":"https:\/\/www.facebook.com\/lemaraichermoderne","article_modified_time":"2026-03-01T18:25:19+00:00","og_image":[{"width":900,"height":900,"url":"https:\/\/lemaraichermoderne.com\/wp-content\/uploads\/2023\/05\/frass-3kg-1000x1000-fond-blanc.png","type":"image\/png"}],"twitter_card":"summary_large_image","twitter_misc":{"Est. reading time":"2 minutes"},"schema":{"@context":"https:\/\/schema.org","@graph":[{"@type":"WebPage","@id":"https:\/\/lemaraichermoderne.com\/en\/produit\/ecoum-frass-3kg\/","url":"https:\/\/lemaraichermoderne.com\/en\/produit\/ecoum-frass-3kg\/","name":"\u00c9coum. Frass 3KG - Le Mara\u00eecher Moderne","isPartOf":{"@id":"https:\/\/lemaraichermoderne.com\/en\/#website"},"primaryImageOfPage":{"@id":"https:\/\/lemaraichermoderne.com\/en\/produit\/ecoum-frass-3kg\/#primaryimage"},"image":{"@id":"https:\/\/lemaraichermoderne.com\/en\/produit\/ecoum-frass-3kg\/#primaryimage"},"thumbnailUrl":"https:\/\/lemaraichermoderne.com\/wp-content\/uploads\/2023\/05\/frass-3kg-1000x1000-fond-blanc.png","datePublished":"2023-05-25T16:13:46+00:00","dateModified":"2026-03-01T18:25:19+00:00","breadcrumb":{"@id":"https:\/\/lemaraichermoderne.com\/en\/produit\/ecoum-frass-3kg\/#breadcrumb"},"inLanguage":"en-US","potentialAction":[{"@type":"ReadAction","target":["https:\/\/lemaraichermoderne.com\/en\/produit\/ecoum-frass-3kg\/"]}]},{"@type":"ImageObject","inLanguage":"en-US","@id":"https:\/\/lemaraichermoderne.com\/en\/produit\/ecoum-frass-3kg\/#primaryimage","url":"https:\/\/lemaraichermoderne.com\/wp-content\/uploads\/2023\/05\/frass-3kg-1000x1000-fond-blanc.png","contentUrl":"https:\/\/lemaraichermoderne.com\/wp-content\/uploads\/2023\/05\/frass-3kg-1000x1000-fond-blanc.png","width":900,"height":900,"caption":"\u00c9coum. Frass 3KG"},{"@type":"BreadcrumbList","@id":"https:\/\/lemaraichermoderne.com\/en\/produit\/ecoum-frass-3kg\/#breadcrumb","itemListElement":[{"@type":"ListItem","position":1,"name":"Accueil","item":"https:\/\/lemaraichermoderne.com\/en\/"},{"@type":"ListItem","position":2,"name":"Boutique","item":"https:\/\/lemaraichermoderne.com\/boutique\/"},{"@type":"ListItem","position":3,"name":"\u00c9coum. Frass 3KG"}]},{"@type":"WebSite","@id":"https:\/\/lemaraichermoderne.com\/en\/#website","url":"https:\/\/lemaraichermoderne.com\/en\/","name":"Le Mara\u00eecher Moderne","description":"R\u00e9f\u00e9rence en hydroponie \u00e0 Qu\u00e9bec","publisher":{"@id":"https:\/\/lemaraichermoderne.com\/en\/#organization"},"potentialAction":[{"@type":"SearchAction","target":{"@type":"EntryPoint","urlTemplate":"https:\/\/lemaraichermoderne.com\/en\/?s={search_term_string}"},"query-input":{"@type":"PropertyValueSpecification","valueRequired":true,"valueName":"search_term_string"}}],"inLanguage":"en-US"},{"@type":"Organization","@id":"https:\/\/lemaraichermoderne.com\/en\/#organization","name":"Le Mara\u00eecher Moderne","url":"https:\/\/lemaraichermoderne.com\/en\/","logo":{"@type":"ImageObject","inLanguage":"en-US","@id":"https:\/\/lemaraichermoderne.com\/en\/#\/schema\/logo\/image\/","url":"https:\/\/lemaraichermoderne.com\/wp-content\/uploads\/2023\/03\/logo_mm1.png","contentUrl":"https:\/\/lemaraichermoderne.com\/wp-content\/uploads\/2023\/03\/logo_mm1.png","width":500,"height":222,"caption":"Le Mara\u00eecher Moderne"},"image":{"@id":"https:\/\/lemaraichermoderne.com\/en\/#\/schema\/logo\/image\/"},"sameAs":["https:\/\/www.facebook.com\/lemaraichermoderne","https:\/\/www.instagram.com\/lemaraichermoderne"]}]}},"_links":{"self":[{"href":"https:\/\/lemaraichermoderne.com\/en\/wp-json\/wp\/v2\/product\/974","targetHints":{"allow":["GET"]}}],"collection":[{"href":"https:\/\/lemaraichermoderne.com\/en\/wp-json\/wp\/v2\/product"}],"about":[{"href":"https:\/\/lemaraichermoderne.com\/en\/wp-json\/wp\/v2\/types\/product"}],"wp:featuredmedia":[{"embeddable":true,"href":"https:\/\/lemaraichermoderne.com\/en\/wp-json\/wp\/v2\/media\/975"}],"wp:attachment":[{"href":"https:\/\/lemaraichermoderne.com\/en\/wp-json\/wp\/v2\/media?parent=974"}],"wp:term":[{"taxonomy":"product_brand","embeddable":true,"href":"https:\/\/lemaraichermoderne.com\/en\/wp-json\/wp\/v2\/product_brand?post=974"},{"taxonomy":"product_cat","embeddable":true,"href":"https:\/\/lemaraichermoderne.com\/en\/wp-json\/wp\/v2\/product_cat?post=974"},{"taxonomy":"product_tag","embeddable":true,"href":"https:\/\/lemaraichermoderne.com\/en\/wp-json\/wp\/v2\/product_tag?post=974"}],"curies":[{"name":"wp","href":"https:\/\/api.w.org\/{rel}","templated":true}]}}