{"id":997,"date":"2023-05-25T14:40:15","date_gmt":"2023-05-25T18:40:15","guid":{"rendered":"https:\/\/lemaraichermoderne.com\/?post_type=product&#038;p=997"},"modified":"2025-09-19T12:10:35","modified_gmt":"2025-09-19T16:10:35","slug":"smart-pot","status":"publish","type":"product","link":"https:\/\/lemaraichermoderne.com\/en\/produit\/smart-pot\/","title":{"rendered":"Smart pot #20"},"content":{"rendered":"<h2>Smart pot 20 Gallons<\/h2>\n<h2>75.7 Litres<\/h2>\n<p>&nbsp;<\/p>\n<div id=\"elementor-tab-content-4991\" class=\"elementor-tab-content elementor-clearfix elementor-active\" role=\"tabpanel\" data-tab=\"1\" aria-labelledby=\"elementor-tab-title-4991\">\n<h2>Description<\/h2>\n<p>La technologie Smart Pots r\u00e9side dans la porosit\u00e9 du mat\u00e9riau, un g\u00e9otextile \u00e9pais qui assure un d\u00e9veloppement optimal des racines et donc des plants. Les Smart Pots permettent un excellent d\u00e9veloppement racinaire car le tissu permet l\u2019a\u00e9ration du terreau et du syst\u00e8me racinaire, un des principes de base du jardinage. L\u2019a\u00e9ration \u00e9vite la spiralisation des racines qui nuit \u00e0 la bonne croissance des plants. La circulation de l\u2019air \u00e9vite en outre la surchauffe n\u00e9faste aux racines et aux micro-organismes du sol.<\/p>\n<p>Les<em> Smart Pots <\/em>sont des contenants simples d\u2019usage et faciles d\u2019entretien. Ils sont lavables et pliables pour rangement. Leur d\u00e9placement est facilit\u00e9 gr\u00e2ce \u00e0 leurs poign\u00e9es. Ils sont con\u00e7us en mat\u00e9riau l\u00e9ger et durable (7 \u00e0 10 ans). Ils sont incassables.<\/p>\n<p>On peut leur ajouter une soucoupe (pour \u00e9viter l\u2019\u00e9coulement d\u2019eau) ou soulever l\u00e9g\u00e8rement les <em>Smart Pots<\/em> du sol (sur des lattes de bois par exemple) afin d\u2019assurer aux plantes une plus grande a\u00e9ration.<\/p>\n<p><strong>Consultez la fiche \u201c<a href=\"https:\/\/www.ecoumene.com\/wp-content\/uploads\/2023\/05\/grille-formats-smart-pots-final-urbainculteurs.pdf\" target=\"_blank\" rel=\"noopener\">Choisir le bon format<\/a>\u201c.<br \/>\n<\/strong>Vous y trouverez les\u00a0indications quant au volume de substrat (terreau et compost) et au nombre de v\u00e9g\u00e9taux qui peuvent \u00eatre plant\u00e9s dans chaque format de Smart Pot.<\/p>\n<p><strong>Performant<\/strong><\/p>\n<ul>\n<li>A\u00e9ration maximale<\/li>\n<li>Pas de spiralisation des racines<\/li>\n<li>R\u00e9seau racinaire plus dense = plus efficace<\/li>\n<li>Excellent drainage<\/li>\n<li>Pas de surchauffe comme dans les pots traditionnels<\/li>\n<\/ul>\n<p><strong>Polyvalents<\/strong><\/p>\n<ul>\n<li>Disponible dans tout les formats<\/li>\n<li>Pour tout les lieux: grande production, p\u00e9pini\u00e8re, serres, balcons, toits potagers, surfaces cultivable, murs, rambardes, etc.<\/li>\n<li>Pour toutes les cultures: l\u00e9gumes, fleurs, fines herbes, petits fruits, arbres, etc.<\/li>\n<\/ul>\n<p><strong>Facile \u00e0 utiliser<\/strong><\/p>\n<ul>\n<li>Peuvent \u00eatre laiss\u00e9s dehors l\u2019hiver<\/li>\n<li>Non cassable, dur\u00e9e de vie de 5 \u00e0 10 ans<\/li>\n<\/ul>\n<\/div>\n","protected":false},"excerpt":{"rendered":"<p>Smart pot 20 Gallons 75.7 Litres &nbsp; Description La technologie Smart Pots r\u00e9side dans la porosit\u00e9 du mat\u00e9riau, un g\u00e9otextile \u00e9pais qui assure un d\u00e9veloppement optimal des racines et donc des plants. Les Smart Pots permettent un excellent d\u00e9veloppement racinaire car le tissu permet l\u2019a\u00e9ration du terreau et du syst\u00e8me racinaire, un des principes de [&hellip;]<\/p>\n","protected":false},"featured_media":998,"template":"","meta":[],"product_brand":[],"product_cat":[55],"product_tag":[],"class_list":{"0":"post-997","1":"product","2":"type-product","3":"status-publish","4":"has-post-thumbnail","6":"product_cat-accessoires-en","8":"first","9":"instock","10":"taxable","11":"shipping-taxable","12":"purchasable","13":"product-type-simple"},"yoast_head":"<!-- This site is optimized with the Yoast SEO plugin v27.5 - https:\/\/yoast.com\/product\/yoast-seo-wordpress\/ -->\n<title>Smart pot #20 - Le Mara\u00eecher Moderne<\/title>\n<meta name=\"robots\" content=\"index, follow, max-snippet:-1, max-image-preview:large, max-video-preview:-1\" \/>\n<link rel=\"canonical\" href=\"https:\/\/lemaraichermoderne.com\/en\/produit\/smart-pot\/\" \/>\n<meta property=\"og:locale\" content=\"en_US\" \/>\n<meta property=\"og:type\" content=\"article\" \/>\n<meta property=\"og:title\" content=\"Smart pot #20 - Le Mara\u00eecher Moderne\" \/>\n<meta property=\"og:description\" content=\"Smart pot 20 Gallons 75.7 Litres &nbsp; Description La technologie Smart Pots r\u00e9side dans la porosit\u00e9 du mat\u00e9riau, un g\u00e9otextile \u00e9pais qui assure un d\u00e9veloppement optimal des racines et donc des plants. Les Smart Pots permettent un excellent d\u00e9veloppement racinaire car le tissu permet l\u2019a\u00e9ration du terreau et du syst\u00e8me racinaire, un des principes de [&hellip;]\" \/>\n<meta property=\"og:url\" content=\"https:\/\/lemaraichermoderne.com\/en\/produit\/smart-pot\/\" \/>\n<meta property=\"og:site_name\" content=\"Le Mara\u00eecher Moderne\" \/>\n<meta property=\"article:publisher\" content=\"https:\/\/www.facebook.com\/lemaraichermoderne\" \/>\n<meta property=\"article:modified_time\" content=\"2025-09-19T16:10:35+00:00\" \/>\n<meta property=\"og:image\" content=\"https:\/\/lemaraichermoderne.com\/wp-content\/uploads\/2023\/05\/smartpot-poignee-nylon.jpg\" \/>\n\t<meta property=\"og:image:width\" content=\"1079\" \/>\n\t<meta property=\"og:image:height\" content=\"804\" \/>\n\t<meta property=\"og:image:type\" content=\"image\/jpeg\" \/>\n<meta name=\"twitter:card\" content=\"summary_large_image\" \/>\n<meta name=\"twitter:label1\" content=\"Est. reading time\" \/>\n\t<meta name=\"twitter:data1\" content=\"2 minutes\" \/>\n<script type=\"application\/ld+json\" class=\"yoast-schema-graph\">{\"@context\":\"https:\\\/\\\/schema.org\",\"@graph\":[{\"@type\":\"WebPage\",\"@id\":\"https:\\\/\\\/lemaraichermoderne.com\\\/en\\\/produit\\\/smart-pot\\\/\",\"url\":\"https:\\\/\\\/lemaraichermoderne.com\\\/en\\\/produit\\\/smart-pot\\\/\",\"name\":\"Smart pot #20 - Le Mara\u00eecher Moderne\",\"isPartOf\":{\"@id\":\"https:\\\/\\\/lemaraichermoderne.com\\\/en\\\/#website\"},\"primaryImageOfPage\":{\"@id\":\"https:\\\/\\\/lemaraichermoderne.com\\\/en\\\/produit\\\/smart-pot\\\/#primaryimage\"},\"image\":{\"@id\":\"https:\\\/\\\/lemaraichermoderne.com\\\/en\\\/produit\\\/smart-pot\\\/#primaryimage\"},\"thumbnailUrl\":\"https:\\\/\\\/lemaraichermoderne.com\\\/wp-content\\\/uploads\\\/2023\\\/05\\\/smartpot-poignee-nylon.jpg\",\"datePublished\":\"2023-05-25T18:40:15+00:00\",\"dateModified\":\"2025-09-19T16:10:35+00:00\",\"breadcrumb\":{\"@id\":\"https:\\\/\\\/lemaraichermoderne.com\\\/en\\\/produit\\\/smart-pot\\\/#breadcrumb\"},\"inLanguage\":\"en-US\",\"potentialAction\":[{\"@type\":\"ReadAction\",\"target\":[\"https:\\\/\\\/lemaraichermoderne.com\\\/en\\\/produit\\\/smart-pot\\\/\"]}]},{\"@type\":\"ImageObject\",\"inLanguage\":\"en-US\",\"@id\":\"https:\\\/\\\/lemaraichermoderne.com\\\/en\\\/produit\\\/smart-pot\\\/#primaryimage\",\"url\":\"https:\\\/\\\/lemaraichermoderne.com\\\/wp-content\\\/uploads\\\/2023\\\/05\\\/smartpot-poignee-nylon.jpg\",\"contentUrl\":\"https:\\\/\\\/lemaraichermoderne.com\\\/wp-content\\\/uploads\\\/2023\\\/05\\\/smartpot-poignee-nylon.jpg\",\"width\":1079,\"height\":804,\"caption\":\"Smart pot #20\"},{\"@type\":\"BreadcrumbList\",\"@id\":\"https:\\\/\\\/lemaraichermoderne.com\\\/en\\\/produit\\\/smart-pot\\\/#breadcrumb\",\"itemListElement\":[{\"@type\":\"ListItem\",\"position\":1,\"name\":\"Accueil\",\"item\":\"https:\\\/\\\/lemaraichermoderne.com\\\/en\\\/\"},{\"@type\":\"ListItem\",\"position\":2,\"name\":\"Boutique\",\"item\":\"https:\\\/\\\/lemaraichermoderne.com\\\/boutique\\\/\"},{\"@type\":\"ListItem\",\"position\":3,\"name\":\"Smart pot #20\"}]},{\"@type\":\"WebSite\",\"@id\":\"https:\\\/\\\/lemaraichermoderne.com\\\/en\\\/#website\",\"url\":\"https:\\\/\\\/lemaraichermoderne.com\\\/en\\\/\",\"name\":\"Le Mara\u00eecher Moderne\",\"description\":\"R\u00e9f\u00e9rence en hydroponie \u00e0 Qu\u00e9bec\",\"publisher\":{\"@id\":\"https:\\\/\\\/lemaraichermoderne.com\\\/en\\\/#organization\"},\"potentialAction\":[{\"@type\":\"SearchAction\",\"target\":{\"@type\":\"EntryPoint\",\"urlTemplate\":\"https:\\\/\\\/lemaraichermoderne.com\\\/en\\\/?s={search_term_string}\"},\"query-input\":{\"@type\":\"PropertyValueSpecification\",\"valueRequired\":true,\"valueName\":\"search_term_string\"}}],\"inLanguage\":\"en-US\"},{\"@type\":\"Organization\",\"@id\":\"https:\\\/\\\/lemaraichermoderne.com\\\/en\\\/#organization\",\"name\":\"Le Mara\u00eecher Moderne\",\"url\":\"https:\\\/\\\/lemaraichermoderne.com\\\/en\\\/\",\"logo\":{\"@type\":\"ImageObject\",\"inLanguage\":\"en-US\",\"@id\":\"https:\\\/\\\/lemaraichermoderne.com\\\/en\\\/#\\\/schema\\\/logo\\\/image\\\/\",\"url\":\"https:\\\/\\\/lemaraichermoderne.com\\\/wp-content\\\/uploads\\\/2023\\\/03\\\/logo_mm1.png\",\"contentUrl\":\"https:\\\/\\\/lemaraichermoderne.com\\\/wp-content\\\/uploads\\\/2023\\\/03\\\/logo_mm1.png\",\"width\":500,\"height\":222,\"caption\":\"Le Mara\u00eecher Moderne\"},\"image\":{\"@id\":\"https:\\\/\\\/lemaraichermoderne.com\\\/en\\\/#\\\/schema\\\/logo\\\/image\\\/\"},\"sameAs\":[\"https:\\\/\\\/www.facebook.com\\\/lemaraichermoderne\",\"https:\\\/\\\/www.instagram.com\\\/lemaraichermoderne\"]}]}<\/script>\n<!-- \/ Yoast SEO plugin. -->","yoast_head_json":{"title":"Smart pot #20 - Le Mara\u00eecher Moderne","robots":{"index":"index","follow":"follow","max-snippet":"max-snippet:-1","max-image-preview":"max-image-preview:large","max-video-preview":"max-video-preview:-1"},"canonical":"https:\/\/lemaraichermoderne.com\/en\/produit\/smart-pot\/","og_locale":"en_US","og_type":"article","og_title":"Smart pot #20 - Le Mara\u00eecher Moderne","og_description":"Smart pot 20 Gallons 75.7 Litres &nbsp; Description La technologie Smart Pots r\u00e9side dans la porosit\u00e9 du mat\u00e9riau, un g\u00e9otextile \u00e9pais qui assure un d\u00e9veloppement optimal des racines et donc des plants. Les Smart Pots permettent un excellent d\u00e9veloppement racinaire car le tissu permet l\u2019a\u00e9ration du terreau et du syst\u00e8me racinaire, un des principes de [&hellip;]","og_url":"https:\/\/lemaraichermoderne.com\/en\/produit\/smart-pot\/","og_site_name":"Le Mara\u00eecher Moderne","article_publisher":"https:\/\/www.facebook.com\/lemaraichermoderne","article_modified_time":"2025-09-19T16:10:35+00:00","og_image":[{"width":1079,"height":804,"url":"https:\/\/lemaraichermoderne.com\/wp-content\/uploads\/2023\/05\/smartpot-poignee-nylon.jpg","type":"image\/jpeg"}],"twitter_card":"summary_large_image","twitter_misc":{"Est. reading time":"2 minutes"},"schema":{"@context":"https:\/\/schema.org","@graph":[{"@type":"WebPage","@id":"https:\/\/lemaraichermoderne.com\/en\/produit\/smart-pot\/","url":"https:\/\/lemaraichermoderne.com\/en\/produit\/smart-pot\/","name":"Smart pot #20 - Le Mara\u00eecher Moderne","isPartOf":{"@id":"https:\/\/lemaraichermoderne.com\/en\/#website"},"primaryImageOfPage":{"@id":"https:\/\/lemaraichermoderne.com\/en\/produit\/smart-pot\/#primaryimage"},"image":{"@id":"https:\/\/lemaraichermoderne.com\/en\/produit\/smart-pot\/#primaryimage"},"thumbnailUrl":"https:\/\/lemaraichermoderne.com\/wp-content\/uploads\/2023\/05\/smartpot-poignee-nylon.jpg","datePublished":"2023-05-25T18:40:15+00:00","dateModified":"2025-09-19T16:10:35+00:00","breadcrumb":{"@id":"https:\/\/lemaraichermoderne.com\/en\/produit\/smart-pot\/#breadcrumb"},"inLanguage":"en-US","potentialAction":[{"@type":"ReadAction","target":["https:\/\/lemaraichermoderne.com\/en\/produit\/smart-pot\/"]}]},{"@type":"ImageObject","inLanguage":"en-US","@id":"https:\/\/lemaraichermoderne.com\/en\/produit\/smart-pot\/#primaryimage","url":"https:\/\/lemaraichermoderne.com\/wp-content\/uploads\/2023\/05\/smartpot-poignee-nylon.jpg","contentUrl":"https:\/\/lemaraichermoderne.com\/wp-content\/uploads\/2023\/05\/smartpot-poignee-nylon.jpg","width":1079,"height":804,"caption":"Smart pot #20"},{"@type":"BreadcrumbList","@id":"https:\/\/lemaraichermoderne.com\/en\/produit\/smart-pot\/#breadcrumb","itemListElement":[{"@type":"ListItem","position":1,"name":"Accueil","item":"https:\/\/lemaraichermoderne.com\/en\/"},{"@type":"ListItem","position":2,"name":"Boutique","item":"https:\/\/lemaraichermoderne.com\/boutique\/"},{"@type":"ListItem","position":3,"name":"Smart pot #20"}]},{"@type":"WebSite","@id":"https:\/\/lemaraichermoderne.com\/en\/#website","url":"https:\/\/lemaraichermoderne.com\/en\/","name":"Le Mara\u00eecher Moderne","description":"R\u00e9f\u00e9rence en hydroponie \u00e0 Qu\u00e9bec","publisher":{"@id":"https:\/\/lemaraichermoderne.com\/en\/#organization"},"potentialAction":[{"@type":"SearchAction","target":{"@type":"EntryPoint","urlTemplate":"https:\/\/lemaraichermoderne.com\/en\/?s={search_term_string}"},"query-input":{"@type":"PropertyValueSpecification","valueRequired":true,"valueName":"search_term_string"}}],"inLanguage":"en-US"},{"@type":"Organization","@id":"https:\/\/lemaraichermoderne.com\/en\/#organization","name":"Le Mara\u00eecher Moderne","url":"https:\/\/lemaraichermoderne.com\/en\/","logo":{"@type":"ImageObject","inLanguage":"en-US","@id":"https:\/\/lemaraichermoderne.com\/en\/#\/schema\/logo\/image\/","url":"https:\/\/lemaraichermoderne.com\/wp-content\/uploads\/2023\/03\/logo_mm1.png","contentUrl":"https:\/\/lemaraichermoderne.com\/wp-content\/uploads\/2023\/03\/logo_mm1.png","width":500,"height":222,"caption":"Le Mara\u00eecher Moderne"},"image":{"@id":"https:\/\/lemaraichermoderne.com\/en\/#\/schema\/logo\/image\/"},"sameAs":["https:\/\/www.facebook.com\/lemaraichermoderne","https:\/\/www.instagram.com\/lemaraichermoderne"]}]}},"_links":{"self":[{"href":"https:\/\/lemaraichermoderne.com\/en\/wp-json\/wp\/v2\/product\/997","targetHints":{"allow":["GET"]}}],"collection":[{"href":"https:\/\/lemaraichermoderne.com\/en\/wp-json\/wp\/v2\/product"}],"about":[{"href":"https:\/\/lemaraichermoderne.com\/en\/wp-json\/wp\/v2\/types\/product"}],"wp:featuredmedia":[{"embeddable":true,"href":"https:\/\/lemaraichermoderne.com\/en\/wp-json\/wp\/v2\/media\/998"}],"wp:attachment":[{"href":"https:\/\/lemaraichermoderne.com\/en\/wp-json\/wp\/v2\/media?parent=997"}],"wp:term":[{"taxonomy":"product_brand","embeddable":true,"href":"https:\/\/lemaraichermoderne.com\/en\/wp-json\/wp\/v2\/product_brand?post=997"},{"taxonomy":"product_cat","embeddable":true,"href":"https:\/\/lemaraichermoderne.com\/en\/wp-json\/wp\/v2\/product_cat?post=997"},{"taxonomy":"product_tag","embeddable":true,"href":"https:\/\/lemaraichermoderne.com\/en\/wp-json\/wp\/v2\/product_tag?post=997"}],"curies":[{"name":"wp","href":"https:\/\/api.w.org\/{rel}","templated":true}]}}